{"id":1685,"date":"2019-10-03T11:47:47","date_gmt":"2019-10-03T09:47:47","guid":{"rendered":"http:\/\/www.uhu.es\/rensma\/?page_id=1685"},"modified":"2025-06-10T08:40:08","modified_gmt":"2025-06-10T06:40:08","slug":"presentacion-aca","status":"publish","type":"page","link":"https:\/\/www.uhu.es\/rensma\/presentacion-aca\/","title":{"rendered":"Presentaci\u00f3n"},"content":{"rendered":"\n<div class=\"wp-block-cover alignfull is-light\"><span aria-hidden=\"true\" class=\"wp-block-cover__background has-background-dim\"><\/span><img decoding=\"async\" loading=\"lazy\" width=\"940\" height=\"300\" class=\"wp-block-cover__image-background wp-image-806\" alt=\"\" src=\"https:\/\/www.uhu.es\/rensma\/wp-content\/uploads\/2019\/06\/Slider.jpg\" data-object-fit=\"cover\" srcset=\"https:\/\/www.uhu.es\/rensma\/wp-content\/uploads\/2019\/06\/Slider.jpg 940w, https:\/\/www.uhu.es\/rensma\/wp-content\/uploads\/2019\/06\/Slider-300x96.jpg 300w, https:\/\/www.uhu.es\/rensma\/wp-content\/uploads\/2019\/06\/Slider-768x245.jpg 768w\" sizes=\"(max-width: 940px) 100vw, 940px\" \/><div class=\"wp-block-cover__inner-container is-layout-constrained wp-block-cover-is-layout-constrained\">\n<p class=\"has-text-align-center has-large-font-size\"><\/p>\n\n\n\n<div style=\"height:100px\" aria-hidden=\"true\" class=\"wp-block-spacer\"><\/div>\n<\/div><\/div>\n\n\n\n<h1 class=\"wp-block-heading has-text-align-center\" style=\"margin-top:var(--wp--preset--spacing--70)\"><strong>UNIDAD DE BIOLOG\u00cdA Y AN\u00c1LISIS MEDIOAMBIENTAL<\/strong><\/h1>\n\n\n\n<div class=\"wp-block-columns is-layout-flex wp-container-6 wp-block-columns-is-layout-flex\">\n<div class=\"wp-block-column is-layout-flow wp-block-column-is-layout-flow\" style=\"flex-basis:33.33%\">\n<p class=\"has-ast-global-color-5-color has-ast-global-color-0-background-color has-text-color has-background\">Men\u00fa laboratorio<\/p>\n\n\n<nav class=\" is-vertical wp-block-navigation is-layout-flex wp-container-3 wp-block-navigation-is-layout-flex\" aria-label=\"Menu ACA\"><ul class=\"wp-block-navigation__container  is-vertical wp-block-navigation\"><li class=\" wp-block-navigation-item wp-block-navigation-link\"><a class=\"wp-block-navigation-item__content\"  href=\"https:\/\/www.uhu.es\/rensma\/presentacion-aca\/\"><span class=\"wp-block-navigation-item__label\">Presentaci\u00f3n<\/span><\/a><\/li><li class=\" wp-block-navigation-item wp-block-navigation-link\"><a class=\"wp-block-navigation-item__content\"  href=\"https:\/\/www.uhu.es\/rensma\/lineas-de-investigacion-aca\/\"><span class=\"wp-block-navigation-item__label\">L\u00edneas de Investigaci\u00f3n<\/span><\/a><\/li><li class=\" wp-block-navigation-item wp-block-navigation-link\"><a class=\"wp-block-navigation-item__content\"  href=\"https:\/\/www.uhu.es\/rensma\/miembros-aca\/\"><span class=\"wp-block-navigation-item__label\">Miembros<\/span><\/a><\/li><li class=\" wp-block-navigation-item wp-block-navigation-link\"><a class=\"wp-block-navigation-item__content\"  href=\"https:\/\/www.uhu.es\/rensma\/proyectos-aca\/\"><span class=\"wp-block-navigation-item__label\">Proyectos<\/span><\/a><\/li><li class=\" wp-block-navigation-item wp-block-navigation-link\"><a class=\"wp-block-navigation-item__content\"  href=\"https:\/\/www.uhu.es\/rensma\/publicaciones-aca\/\"><span class=\"wp-block-navigation-item__label\">Publicaciones<\/span><\/a><\/li><li class=\" wp-block-navigation-item wp-block-navigation-link\"><a class=\"wp-block-navigation-item__content\"  href=\"https:\/\/www.uhu.es\/rensma\/infraestructuras-aca\/\"><span class=\"wp-block-navigation-item__label\">Infraestructuras<\/span><\/a><\/li><li class=\" wp-block-navigation-item wp-block-navigation-link\"><a class=\"wp-block-navigation-item__content\"  href=\"https:\/\/www.uhu.es\/rensma\/colaboraciones-aca\/\"><span class=\"wp-block-navigation-item__label\">Colaboraciones<\/span><\/a><\/li><li class=\" wp-block-navigation-item wp-block-navigation-link\"><a class=\"wp-block-navigation-item__content\"  href=\"https:\/\/www.uhu.es\/rensma\"><span class=\"wp-block-navigation-item__label\">\u226a Volver &#8230;<\/span><\/a><\/li><\/ul><\/nav><\/div>\n\n\n\n<div class=\"wp-block-column is-layout-flow wp-block-column-is-layout-flow\" style=\"flex-basis:66.66%\">\n<h2 class=\"wp-block-heading\">Presentaci\u00f3n<\/h2>\n\n\n\n<p>En el Grupo de Investigaci\u00f3n de\u00a0\u201c<strong>Respuestas y Adaptaciones Celulares frente al Estr\u00e9s Ambienta<\/strong>l<strong>\u201d,<\/strong>\u00a0grupo BIO-282 de la Junta de Andaluc\u00eda que constituye esta Unidad de Investigaci\u00f3n, nos hemos especializado en el estudio de aspectos celulares y moleculares involucrados en los mecanismos de defensa frente al estr\u00e9s oxidativo inducido por metales, especialmente en los sistemas enzim\u00e1ticos del ciclo ascorbato-glutati\u00f3n implicados en esta defensa frente a xenobi\u00f3ticos met\u00e1licos y la importancia de estos sistemas enzim\u00e1ticos como biomarcadores de la presencia de contaminantes en el medio.\u00a0Otras l\u00edneas de investigaci\u00f3n de miembros de la Unidad de Investigaci\u00f3n y del Grupo de Investigaci\u00f3n son:<\/p>\n\n\n\n<ol>\n<li>Estudios de vegetaci\u00f3n y modelos de nicho ecol\u00f3gico e impacto del cambio clim\u00e1tico en la distribuci\u00f3n de especies y h\u00e1bitats.<\/li>\n\n\n\n<li>Estudios de fragmentaci\u00f3n y conectividad de h\u00e1bitats y de restauraci\u00f3n ambiental post-incendio y seguimiento de la regeneraci\u00f3n natural.<\/li>\n\n\n\n<li>Muestreo de polen y part\u00edculas con sistemas autom\u00e1ticos y escenarios de cambio clim\u00e1tico. <\/li>\n\n\n\n<li>Cartograf\u00eda de la vegetaci\u00f3n y fotogrametr\u00eda (LiDar, Multiespectral y alta resoluci\u00f3n) mediante vuelos con dron.<\/li>\n<\/ol>\n\n\n\n<p>Se han desarrollado estudios de los mecanismos de defensa frente al estr\u00e9s oxidativo analizando tanto los ciclos del \u00e1cido asc\u00f3rbico, glutati\u00f3n y enzimas relacionadas, como otros marcadores no enzim\u00e1ticos (peroxidaci\u00f3n lip\u00eddica, per\u00f3xido de hidr\u00f3geno, etc.) y se ha analizado principalmente los efectos delet\u00e9reos de las especies reactivas de ox\u00edgeno (EROs) en plantas (Erica andevalensis, Spartina densiflora), y en animales (peces: goldfish, lubina, dorada, etc.).<\/p>\n\n\n\n<p>Nuestro inter\u00e9s se ha centrado en las respuestas antioxidantes de modelos vegetales y animales expuestos a metales, dado que en la provincia de Huelva se generan en grand\u00edsimas cantidades debido a la presencia de la faja pir\u00edtica y a la actividad minera.<\/p>\n\n\n\n<p>En particular, hemos investigado los mecanismos de estr\u00e9s oxidativo en un endemismo de la faja pir\u00edtica, Erica andevalensis, una planta singular que crece normalmente en suelos \u00e1cidos (pH 2-4) con elevadas concentraciones de metales contaminantes. Tambi\u00e9n se ha investigado la respuesta antioxidante de Spartina densiflora, una planta invasora de la marisma sobre la que hemos demostrado que su \u00e9xito adaptativo se puede explicar por su extraordinaria capacidad de modulaci\u00f3n de los sistemas enzim\u00e1ticos ligados a las respuestas antioxidativas.<\/p>\n\n\n\n<p>Finalmente, desde hace a\u00f1os iniciamos la colaboraci\u00f3n con distintos grupos de investigaci\u00f3n de Huelva y de la Universidad de C\u00e1diz (Grupo RNM-236, dirigido por la Dra. Galindo Ria\u00f1o), uniendo nuestra experiencia en el an\u00e1lisis del estr\u00e9s oxidativo con su experiencia en el an\u00e1lisis de metales en peces de inter\u00e9s comercial (dorada, lubina, lenguado).<\/p>\n<\/div>\n<\/div>\n","protected":false},"excerpt":{"rendered":"<p>UNIDAD DE BIOLOG\u00cdA Y AN\u00c1LISIS MEDIOAMBIENTAL Presentaci\u00f3n En el Grupo de Investigaci\u00f3n de\u00a0\u201cRespuestas y Adaptaciones Celulares frente al Estr\u00e9s Ambiental\u201d,\u00a0grupo BIO-282 de la Junta de Andaluc\u00eda que constituye esta Unidad de Investigaci\u00f3n, nos hemos especializado en el estudio de aspectos celulares y moleculares involucrados en los mecanismos de defensa frente al estr\u00e9s oxidativo inducido por &hellip;<\/p>\n<p class=\"read-more\"> <a class=\"\" href=\"https:\/\/www.uhu.es\/rensma\/presentacion-aca\/\"> <span class=\"screen-reader-text\">Presentaci\u00f3n<\/span> Leer m\u00e1s &raquo;<\/a><\/p>\n","protected":false},"author":2,"featured_media":0,"parent":0,"menu_order":0,"comment_status":"closed","ping_status":"closed","template":"","meta":{"site-sidebar-layout":"default","site-content-layout":"","ast-site-content-layout":"","site-content-style":"default","site-sidebar-style":"default","ast-global-header-display":"","ast-banner-title-visibility":"","ast-main-header-display":"","ast-hfb-above-header-display":"","ast-hfb-below-header-display":"","ast-hfb-mobile-header-display":"","site-post-title":"","ast-breadcrumbs-content":"","ast-featured-img":"","footer-sml-layout":"","theme-transparent-header-meta":"","adv-header-id-meta":"","stick-header-meta":"","header-above-stick-meta":"","header-main-stick-meta":"","header-below-stick-meta":"","astra-migrate-meta-layouts":"","footnotes":""},"_links":{"self":[{"href":"https:\/\/www.uhu.es\/rensma\/wp-json\/wp\/v2\/pages\/1685"}],"collection":[{"href":"https:\/\/www.uhu.es\/rensma\/wp-json\/wp\/v2\/pages"}],"about":[{"href":"https:\/\/www.uhu.es\/rensma\/wp-json\/wp\/v2\/types\/page"}],"author":[{"embeddable":true,"href":"https:\/\/www.uhu.es\/rensma\/wp-json\/wp\/v2\/users\/2"}],"replies":[{"embeddable":true,"href":"https:\/\/www.uhu.es\/rensma\/wp-json\/wp\/v2\/comments?post=1685"}],"version-history":[{"count":8,"href":"https:\/\/www.uhu.es\/rensma\/wp-json\/wp\/v2\/pages\/1685\/revisions"}],"predecessor-version":[{"id":6067,"href":"https:\/\/www.uhu.es\/rensma\/wp-json\/wp\/v2\/pages\/1685\/revisions\/6067"}],"wp:attachment":[{"href":"https:\/\/www.uhu.es\/rensma\/wp-json\/wp\/v2\/media?parent=1685"}],"curies":[{"name":"wp","href":"https:\/\/api.w.org\/{rel}","templated":true}]}}