{"id":171,"date":"2019-04-03T17:51:20","date_gmt":"2019-04-03T15:51:20","guid":{"rendered":"http:\/\/www.uhu.es\/rensma\/?page_id=171"},"modified":"2024-08-29T16:44:51","modified_gmt":"2024-08-29T14:44:51","slug":"que-es-rensma","status":"publish","type":"page","link":"https:\/\/www.uhu.es\/rensma\/que-es-rensma\/","title":{"rendered":"\u00bfQU\u00c9 ES EL RENSMA?"},"content":{"rendered":"\n<div class=\"wp-block-cover alignfull is-light\"><span aria-hidden=\"true\" class=\"wp-block-cover__background has-background-dim\"><\/span><img decoding=\"async\" loading=\"lazy\" width=\"940\" height=\"300\" class=\"wp-block-cover__image-background wp-image-806\" alt=\"\" src=\"https:\/\/www.uhu.es\/rensma\/wp-content\/uploads\/2019\/06\/Slider.jpg\" data-object-fit=\"cover\" srcset=\"https:\/\/www.uhu.es\/rensma\/wp-content\/uploads\/2019\/06\/Slider.jpg 940w, https:\/\/www.uhu.es\/rensma\/wp-content\/uploads\/2019\/06\/Slider-300x96.jpg 300w, https:\/\/www.uhu.es\/rensma\/wp-content\/uploads\/2019\/06\/Slider-768x245.jpg 768w\" sizes=\"(max-width: 940px) 100vw, 940px\" \/><div class=\"wp-block-cover__inner-container is-layout-constrained wp-block-cover-is-layout-constrained\">\n<p class=\"has-text-align-center has-large-font-size\"><\/p>\n\n\n\n<div style=\"height:100px\" aria-hidden=\"true\" class=\"wp-block-spacer\"><\/div>\n<\/div><\/div>\n\n\n\n<div style=\"height:100px\" aria-hidden=\"true\" class=\"wp-block-spacer\"><\/div>\n\n\n\n<h1 class=\"wp-block-heading has-text-align-center\">\u00bfQU\u00c9 ES EL RENSMA?<\/h1>\n\n\n\n<p>El Centro de Investigaci\u00f3n en \u00ab<strong>Recursos Naturales, Salud y Medioambiente<\/strong>\u00bb es una entidad perteneciente a la Universidad de Huelva dedicada a la investigaci\u00f3n, desarrollo y transferencia tecnol\u00f3gicos formada por diez unidades con un eje medioambiental com\u00fan, pero con aproximaciones a las cuestiones relacionadas con el beneficio de los recursos naturales y la salud de nuestra poblaci\u00f3n. Estas diez unidades del Centro de Investigaci\u00f3n de \u00abRecursos Naturales, Salud y Medioambiente\u00bb, Donde cada Unidad traza unas l\u00edneas de investigaci\u00f3n tem\u00e1ticas que se complementan dentro de los objetivos y estrategias del Centro.<\/p>\n\n\n\n<div class=\"wp-block-columns is-layout-flex wp-container-4 wp-block-columns-is-layout-flex\">\n<div class=\"wp-block-column is-layout-flow wp-block-column-is-layout-flow\">\n<figure class=\"wp-block-image aligncenter size-full\"><a href=\"https:\/\/www.uhu.es\/rensma\/actualidad-rensma\/\"><img decoding=\"async\" loading=\"lazy\" width=\"263\" height=\"234\" src=\"https:\/\/www.uhu.es\/rensma\/wp-content\/uploads\/2019\/06\/Actualidad.jpg\" alt=\"\" class=\"wp-image-984\"\/><\/a><\/figure>\n<\/div>\n\n\n\n<div class=\"wp-block-column is-layout-flow wp-block-column-is-layout-flow\">\n<figure class=\"wp-block-image aligncenter size-full\"><a href=\"https:\/\/www.uhu.es\/rensma\/proximos-eventos\/\"><img decoding=\"async\" loading=\"lazy\" width=\"263\" height=\"234\" src=\"https:\/\/www.uhu.es\/rensma\/wp-content\/uploads\/2019\/06\/Nuevos-Eventos.jpg\" alt=\"\" class=\"wp-image-989\"\/><\/a><\/figure>\n<\/div>\n<\/div>\n\n\n\n<h2 class=\"wp-block-heading\"><strong>Centro de Recursos Naturales, Salud y Medio Ambiente compuesto por:<\/strong><\/h2>\n\n\n\n<p><\/p>\n\n\n\n<p>&nbsp; &nbsp; &nbsp; &nbsp; &nbsp; &nbsp; &nbsp; &nbsp;1. <a href=\"https:\/\/www.uhu.es\/rensma\/presentacion-acae\/\">Unidad de Alteraciones Celulares por Agentes Ex\u00f3genos<\/a><\/p>\n\n\n\n<p>&nbsp; &nbsp; &nbsp; &nbsp; &nbsp; &nbsp; &nbsp; &nbsp;2. <a href=\"https:\/\/www.uhu.es\/rensma\/presentacion-amabb\/\">Unidad de An\u00e1lisis Medioambiental y Bioan\u00e1lisis<\/a><\/p>\n\n\n\n<p>&nbsp; &nbsp; &nbsp; &nbsp; &nbsp; &nbsp; &nbsp; &nbsp;3. <a data-wplink-edit=\"true\" href=\"https:\/\/www.uhu.es\/rensma\/presentacion-aca\/\">Unidad de Biolog\u00eda y An\u00e1lisis Medioambiental<\/a><\/p>\n\n\n\n<p>\u00a0 \u00a0 \u00a0 \u00a0 \u00a0 \u00a0 \u00a0 \u00a04. <a href=\"https:\/\/www.uhu.es\/rensma\/presentacion-bio-microalgas\/\">Unidad de Biotecnolog\u00eda de Microalgas<\/a><\/p>\n\n\n\n<p>\u00a0 \u00a0 \u00a0 \u00a0 \u00a0 \u00a0 \u00a0 \u00a05. <a href=\"https:\/\/www.uhu.es\/rensma\/presentacion-mgm\/\">Unidad de Mejora gen\u00e9tica de organismos fotosint\u00e9ticos<\/a><\/p>\n\n\n\n<p>\u00a0 \u00a0 \u00a0 \u00a0 \u00a0 \u00a0 \u00a0 \u00a06. <a href=\"https:\/\/www.uhu.es\/rensma\/presentacion-lcvr\/\">Unidad de Valorizaci\u00f3n de Residuos Inorg\u00e1nicos y Radiactividad Ambiental<\/a><\/p>\n\n\n\n<p>\u00a0 \u00a0 \u00a0 \u00a0 \u00a0 \u00a0 \u00a0 \u00a07. <a href=\"https:\/\/www.uhu.es\/rensma\/presentacion-ldps\/\">Unidad de Salud mental y consumo de drogas: Determinantes y medici\u00f3n Psicol\u00f3gica <\/a><\/p>\n\n\n\n<p>\u00a0 \u00a0 \u00a0 \u00a0 \u00a0 \u00a0 \u00a0 \u00a08. <a href=\"https:\/\/www.uhu.es\/rensma\/presentacion-mga\/\">Unidad de Mineralog\u00eda y Geoqu\u00edmica Ambiental<\/a><\/p>\n\n\n\n<p>\u00a0 \u00a0 \u00a0 \u00a0 \u00a0 \u00a0 \u00a0 \u00a09. <a href=\"https:\/\/www.uhu.es\/rensma\/presentacion-ymac\/\">Unidad de Recursos Minerales<\/a><\/p>\n\n\n\n<p>\u00a0 \u00a0 \u00a0 \u00a0 \u00a0 \u00a0 \u00a0 \u00a010. <a href=\"https:\/\/www.uhu.es\/rensma\/presentacion-neuro\/\">Unidad de Epidemiolog\u00eda cl\u00ednica, ambiental y transformaci\u00f3n social<\/a><\/p>\n\n\n\n<p>En ellos se toma como base la interacci\u00f3n del hombre con el entorno y las consecuencias de esta relaci\u00f3n. Por ello, el Centro, a trav\u00e9s de sus Unidades de Investigaci\u00f3n, busca la forma de alcanzar un conocimiento que profundice en los procesos que gobiernan dicha interacci\u00f3n, con objeto de influir sobre ellos en beneficio del hombre y la sociedad, sobre un principio de econom\u00eda sostenible, de respecto a la naturaleza, de transferencia del conocimiento y de mejora de la calidad de vida y la salud de la poblaci\u00f3n. &nbsp;<\/p>\n\n\n\n<p>Este es el principio director del RENSMA , as\u00ed como de las estrategias que derivan del mismo, las cuales se construyen sobre una base multidisciplinar, que da uni\u00f3n a las unidades de investigaci\u00f3n que lo integran, con l\u00edneas de trabajo complementarias, que permitan pasar del conocimiento particular al general, en un esfuerzo com\u00fan que favorezca el avance de nuestra sociedad y su proyecci\u00f3n hacia el futuro.<\/p>\n\n\n\n<p>En los \u00faltimos a\u00f1os se ha producido una orientaci\u00f3n m\u00e1s aplicada de las disciplinas relacionadas con los sistemas terrestres geol\u00f3gicos, biol\u00f3gicos, medioambientales, y sobre todo la salud y la calidad de vida de los ciudadanos. La respuesta a las grandes cuestiones relacionadas con las necesidades sociales es el principio que motiva al RENSMA, cuya estrategia se dirige en esta direcci\u00f3n trabajando siempre sobre una base multidisciplinar.<\/p>\n\n\n\n<p>Desde su creaci\u00f3n el RENSMA pretende dar respuesta a las demandas de nuestra sociedad, sobre la base de la colaboraci\u00f3n multidisciplinar citada, aunando para ello los recursos materiales y humanos disponibles de las Unidades de Investigaci\u00f3n que integran el Centro, fundamentalmente, en la Facultad de Ciencias Experimentales de la Universidad de Huelva.<\/p>\n","protected":false},"excerpt":{"rendered":"<p>\u00bfQU\u00c9 ES EL RENSMA? El Centro de Investigaci\u00f3n en \u00abRecursos Naturales, Salud y Medioambiente\u00bb es una entidad perteneciente a la Universidad de Huelva dedicada a la investigaci\u00f3n, desarrollo y transferencia tecnol\u00f3gicos formada por diez unidades con un eje medioambiental com\u00fan, pero con aproximaciones a las cuestiones relacionadas con el beneficio de los recursos naturales y &hellip;<\/p>\n<p class=\"read-more\"> <a class=\"\" href=\"https:\/\/www.uhu.es\/rensma\/que-es-rensma\/\"> <span class=\"screen-reader-text\">\u00bfQU\u00c9 ES EL RENSMA?<\/span> Leer m\u00e1s &raquo;<\/a><\/p>\n","protected":false},"author":2,"featured_media":0,"parent":0,"menu_order":0,"comment_status":"closed","ping_status":"closed","template":"","meta":{"site-sidebar-layout":"default","site-content-layout":"","ast-site-content-layout":"","site-content-style":"default","site-sidebar-style":"default","ast-global-header-display":"","ast-banner-title-visibility":"","ast-main-header-display":"","ast-hfb-above-header-display":"","ast-hfb-below-header-display":"","ast-hfb-mobile-header-display":"","site-post-title":"","ast-breadcrumbs-content":"","ast-featured-img":"","footer-sml-layout":"","theme-transparent-header-meta":"","adv-header-id-meta":"","stick-header-meta":"","header-above-stick-meta":"","header-main-stick-meta":"","header-below-stick-meta":"","astra-migrate-meta-layouts":"","footnotes":""},"_links":{"self":[{"href":"https:\/\/www.uhu.es\/rensma\/wp-json\/wp\/v2\/pages\/171"}],"collection":[{"href":"https:\/\/www.uhu.es\/rensma\/wp-json\/wp\/v2\/pages"}],"about":[{"href":"https:\/\/www.uhu.es\/rensma\/wp-json\/wp\/v2\/types\/page"}],"author":[{"embeddable":true,"href":"https:\/\/www.uhu.es\/rensma\/wp-json\/wp\/v2\/users\/2"}],"replies":[{"embeddable":true,"href":"https:\/\/www.uhu.es\/rensma\/wp-json\/wp\/v2\/comments?post=171"}],"version-history":[{"count":28,"href":"https:\/\/www.uhu.es\/rensma\/wp-json\/wp\/v2\/pages\/171\/revisions"}],"predecessor-version":[{"id":5641,"href":"https:\/\/www.uhu.es\/rensma\/wp-json\/wp\/v2\/pages\/171\/revisions\/5641"}],"wp:attachment":[{"href":"https:\/\/www.uhu.es\/rensma\/wp-json\/wp\/v2\/media?parent=171"}],"curies":[{"name":"wp","href":"https:\/\/api.w.org\/{rel}","templated":true}]}}