{"id":178,"date":"2019-04-04T08:23:12","date_gmt":"2019-04-04T06:23:12","guid":{"rendered":"http:\/\/www.uhu.es\/rensma\/?page_id=178"},"modified":"2025-06-10T08:51:55","modified_gmt":"2025-06-10T06:51:55","slug":"presentacion-neuro","status":"publish","type":"page","link":"https:\/\/www.uhu.es\/rensma\/presentacion-neuro\/","title":{"rendered":"Presentaci\u00f3n"},"content":{"rendered":"\n<div class=\"wp-block-cover alignfull is-light\"><span aria-hidden=\"true\" class=\"wp-block-cover__background has-background-dim\"><\/span><img decoding=\"async\" loading=\"lazy\" width=\"940\" height=\"300\" class=\"wp-block-cover__image-background wp-image-806\" alt=\"\" src=\"https:\/\/www.uhu.es\/rensma\/wp-content\/uploads\/2019\/06\/Slider.jpg\" data-object-fit=\"cover\" srcset=\"https:\/\/www.uhu.es\/rensma\/wp-content\/uploads\/2019\/06\/Slider.jpg 940w, https:\/\/www.uhu.es\/rensma\/wp-content\/uploads\/2019\/06\/Slider-300x96.jpg 300w, https:\/\/www.uhu.es\/rensma\/wp-content\/uploads\/2019\/06\/Slider-768x245.jpg 768w\" sizes=\"(max-width: 940px) 100vw, 940px\" \/><div class=\"wp-block-cover__inner-container is-layout-constrained wp-block-cover-is-layout-constrained\">\n<p class=\"has-text-align-center has-large-font-size\"><\/p>\n\n\n\n<div style=\"height:100px\" aria-hidden=\"true\" class=\"wp-block-spacer\"><\/div>\n<\/div><\/div>\n\n\n\n<h1 class=\"wp-block-heading has-text-align-center\" style=\"margin-top:var(--wp--preset--spacing--70)\"><strong>Unidad de Epidemiolog\u00eda Cl\u00ednica, Ambiental y Transformaci\u00f3n Social<\/strong><\/h1>\n\n\n\n<div class=\"wp-block-columns is-layout-flex wp-container-6 wp-block-columns-is-layout-flex\">\n<div class=\"wp-block-column is-layout-flow wp-block-column-is-layout-flow\" style=\"flex-basis:33.33%\">\n<p class=\"has-ast-global-color-5-color has-ast-global-color-0-background-color has-text-color has-background\">Men\u00fa laboratorio<\/p>\n\n\n<nav class=\" is-vertical wp-block-navigation is-layout-flex wp-container-3 wp-block-navigation-is-layout-flex\" aria-label=\"Menu NEURO\"><ul class=\"wp-block-navigation__container  is-vertical wp-block-navigation\"><li class=\" wp-block-navigation-item wp-block-navigation-link\"><a class=\"wp-block-navigation-item__content\"  href=\"https:\/\/www.uhu.es\/rensma\/presentacion-neuro\/\"><span class=\"wp-block-navigation-item__label\">Presentaci\u00f3n<\/span><\/a><\/li><li class=\" wp-block-navigation-item wp-block-navigation-link\"><a class=\"wp-block-navigation-item__content\"  href=\"https:\/\/www.uhu.es\/rensma\/lineas-de-investigacion-neuro\/\"><span class=\"wp-block-navigation-item__label\">L\u00edneas de Investigaci\u00f3n<\/span><\/a><\/li><li class=\" wp-block-navigation-item wp-block-navigation-link\"><a class=\"wp-block-navigation-item__content\"  href=\"https:\/\/www.uhu.es\/rensma\/miembros-neuro\/\"><span class=\"wp-block-navigation-item__label\">Miembros<\/span><\/a><\/li><li class=\" wp-block-navigation-item wp-block-navigation-link\"><a class=\"wp-block-navigation-item__content\"  href=\"https:\/\/www.uhu.es\/rensma\/proyectos-neuro\/\"><span class=\"wp-block-navigation-item__label\">Proyectos<\/span><\/a><\/li><li class=\" wp-block-navigation-item wp-block-navigation-link\"><a class=\"wp-block-navigation-item__content\"  href=\"https:\/\/www.uhu.es\/rensma\/publicaciones-neuro\/\"><span class=\"wp-block-navigation-item__label\">Publicaciones<\/span><\/a><\/li><li class=\" wp-block-navigation-item wp-block-navigation-link\"><a class=\"wp-block-navigation-item__content\"  href=\"https:\/\/www.uhu.es\/rensma\/infraestructuras-neuro\/\"><span class=\"wp-block-navigation-item__label\">Infraestructuras<\/span><\/a><\/li><li class=\" wp-block-navigation-item wp-block-navigation-link\"><a class=\"wp-block-navigation-item__content\"  href=\"https:\/\/www.uhu.es\/rensma\/colaboraciones-neuro\/\"><span class=\"wp-block-navigation-item__label\">Colaboraciones<\/span><\/a><\/li><li class=\" wp-block-navigation-item wp-block-navigation-link\"><a class=\"wp-block-navigation-item__content\"  href=\"https:\/\/www.uhu.es\/rensma\"><span class=\"wp-block-navigation-item__label\">\u226a Volver &#8230;<\/span><\/a><\/li><\/ul><\/nav><\/div>\n\n\n\n<div class=\"wp-block-column is-layout-flow wp-block-column-is-layout-flow\" style=\"flex-basis:66.66%\">\n<h3 class=\"wp-block-heading\">Presentaci\u00f3n<\/h3>\n\n\n\n<p>El laboratorio tiene como base un conjunto de investigadores integrados en un grupo de Investigaci\u00f3n \u00abCTS-997\u00bb con intereses comunes, pero con disciplinas heterog\u00e9neas e inter y multidisplinares. Todos sus integrantes est\u00e1n especialmente interesados en la relaci\u00f3n de factores ambientales y la salud p\u00fablica. Los objetivos generales de las investigaciones se enmarcan en el desarrollo y aplicaciones de evaluaci\u00f3n en diversos campos de la salud, y su aplicaci\u00f3n en diversos t\u00f3picos epidemiol\u00f3gicas y de cuestiones relacionadas con la salud p\u00fablica. De esta manera, la experiencia y actividades del grupo han estado fundamentalmente centradas en la relaci\u00f3n de diversos factores ambientales con el desarrollo de tipos de c\u00e1ncer y\/o de afectaciones neuropsicol\u00f3gicas por exposici\u00f3n ambiental a neurot\u00f3xicos (organofosforados, metales pesados, hidrocarburos arom\u00e1ticos, consumo de drogas, etc.).<\/p>\n\n\n\n<p>El grupo se conforma inicialmente en el a\u00f1o 2014 despu\u00e9s de un prolongado proceso de actividad laboral e investigadora de sus integrantes, tanto nacional como internacionalmente. La afinidad entre sus l\u00edneas de investigaci\u00f3n, espacios de trabajo y objetivos de investigaci\u00f3n sirvi\u00f3 de catalizador para la conformaci\u00f3n como grupo propio de investigaci\u00f3n y, a su vez, hizo posible su inclusi\u00f3n final en el Centro de Investigaci\u00f3n en Recursos Naturales, Salud y Medio Ambiente (RENSMA).<\/p>\n\n\n\n<p>El grupo trata de dise\u00f1ar y aplicar procedimientos de evaluaciones cl\u00ednicas y su aplicaci\u00f3n en diferentes campos de la salud. Algunos de los integrantes del grupo desarrollan diferentes soluciones t\u00e9cnicas y procedimentales en el estudio de variables neurocognitivas y neurocomportamentales en el campo de la neuropsicolog\u00eda. Estos desarrollos han sido aplicados en estudios de cohorte y grupo controles, en diferentes t\u00f3picos epidemiol\u00f3gicos como en el caso de la neurotoxicidad infantil y laboral, en el da\u00f1o cerebral sobrevenido, en el abuso de drogas, la utilizaci\u00f3n y de las adicciones. Adem\u00e1s, el inter\u00e9s se extiende a otros campos epidemiol\u00f3gicos del c\u00e1ncer, y de otros h\u00e1bitos del campo de la salud en j\u00f3venes y universitarios. Estas l\u00edneas generales de investigaci\u00f3n se complementan con el desarrollo de test y tareas espec\u00edficas desde dise\u00f1os experimentales, tratando de dise\u00f1ar nuevos protocolos de evaluaci\u00f3n y an\u00e1lisis estad\u00edsticos.<\/p>\n\n\n\n<p>Son m\u00faltiples y variadas las colaboraciones y producci\u00f3n cient\u00edfica en estos campos, donde el desarrollo de la actividad investigadora del grupo, el cual se sustenta a trav\u00e9s de proyectos coordinados con otras entidades y financiados a trav\u00e9s de proyectos de investigaci\u00f3n competitivos de car\u00e1cter auton\u00f3mico y nacional.<\/p>\n<\/div>\n<\/div>\n","protected":false},"excerpt":{"rendered":"<p>Unidad de Epidemiolog\u00eda Cl\u00ednica, Ambiental y Transformaci\u00f3n Social Presentaci\u00f3n El laboratorio tiene como base un conjunto de investigadores integrados en un grupo de Investigaci\u00f3n \u00abCTS-997\u00bb con intereses comunes, pero con disciplinas heterog\u00e9neas e inter y multidisplinares. Todos sus integrantes est\u00e1n especialmente interesados en la relaci\u00f3n de factores ambientales y la salud p\u00fablica. Los objetivos generales &hellip;<\/p>\n<p class=\"read-more\"> <a class=\"\" href=\"https:\/\/www.uhu.es\/rensma\/presentacion-neuro\/\"> <span class=\"screen-reader-text\">Presentaci\u00f3n<\/span> Leer m\u00e1s &raquo;<\/a><\/p>\n","protected":false},"author":2,"featured_media":0,"parent":0,"menu_order":0,"comment_status":"closed","ping_status":"closed","template":"","meta":{"site-sidebar-layout":"default","site-content-layout":"","ast-site-content-layout":"","site-content-style":"default","site-sidebar-style":"default","ast-global-header-display":"","ast-banner-title-visibility":"","ast-main-header-display":"","ast-hfb-above-header-display":"","ast-hfb-below-header-display":"","ast-hfb-mobile-header-display":"","site-post-title":"","ast-breadcrumbs-content":"","ast-featured-img":"","footer-sml-layout":"","theme-transparent-header-meta":"","adv-header-id-meta":"","stick-header-meta":"","header-above-stick-meta":"","header-main-stick-meta":"","header-below-stick-meta":"","astra-migrate-meta-layouts":"","footnotes":""},"_links":{"self":[{"href":"https:\/\/www.uhu.es\/rensma\/wp-json\/wp\/v2\/pages\/178"}],"collection":[{"href":"https:\/\/www.uhu.es\/rensma\/wp-json\/wp\/v2\/pages"}],"about":[{"href":"https:\/\/www.uhu.es\/rensma\/wp-json\/wp\/v2\/types\/page"}],"author":[{"embeddable":true,"href":"https:\/\/www.uhu.es\/rensma\/wp-json\/wp\/v2\/users\/2"}],"replies":[{"embeddable":true,"href":"https:\/\/www.uhu.es\/rensma\/wp-json\/wp\/v2\/comments?post=178"}],"version-history":[{"count":6,"href":"https:\/\/www.uhu.es\/rensma\/wp-json\/wp\/v2\/pages\/178\/revisions"}],"predecessor-version":[{"id":6102,"href":"https:\/\/www.uhu.es\/rensma\/wp-json\/wp\/v2\/pages\/178\/revisions\/6102"}],"wp:attachment":[{"href":"https:\/\/www.uhu.es\/rensma\/wp-json\/wp\/v2\/media?parent=178"}],"curies":[{"name":"wp","href":"https:\/\/api.w.org\/{rel}","templated":true}]}}