{"id":180,"date":"2019-04-04T08:24:30","date_gmt":"2019-04-04T06:24:30","guid":{"rendered":"http:\/\/www.uhu.es\/rensma\/?page_id=180"},"modified":"2025-06-10T08:56:02","modified_gmt":"2025-06-10T06:56:02","slug":"presentacion-ldps","status":"publish","type":"page","link":"https:\/\/www.uhu.es\/rensma\/presentacion-ldps\/","title":{"rendered":"Presentaci\u00f3n"},"content":{"rendered":"\n<div class=\"wp-block-cover alignfull is-light\"><span aria-hidden=\"true\" class=\"wp-block-cover__background has-background-dim\"><\/span><img decoding=\"async\" loading=\"lazy\" width=\"940\" height=\"300\" class=\"wp-block-cover__image-background wp-image-806\" alt=\"\" src=\"https:\/\/www.uhu.es\/rensma\/wp-content\/uploads\/2019\/06\/Slider.jpg\" data-object-fit=\"cover\" srcset=\"https:\/\/www.uhu.es\/rensma\/wp-content\/uploads\/2019\/06\/Slider.jpg 940w, https:\/\/www.uhu.es\/rensma\/wp-content\/uploads\/2019\/06\/Slider-300x96.jpg 300w, https:\/\/www.uhu.es\/rensma\/wp-content\/uploads\/2019\/06\/Slider-768x245.jpg 768w\" sizes=\"(max-width: 940px) 100vw, 940px\" \/><div class=\"wp-block-cover__inner-container is-layout-constrained wp-block-cover-is-layout-constrained\">\n<p class=\"has-text-align-center has-large-font-size\"><\/p>\n\n\n\n<div style=\"height:100px\" aria-hidden=\"true\" class=\"wp-block-spacer\"><\/div>\n<\/div><\/div>\n\n\n\n<h1 class=\"wp-block-heading has-text-align-center\" style=\"margin-top:var(--wp--preset--spacing--70);text-transform:uppercase\"><strong>Salud mental y consumo de drogas: Determinantes y medici\u00f3n psicol\u00f3gica<\/strong><\/h1>\n\n\n\n<div class=\"wp-block-columns is-layout-flex wp-container-6 wp-block-columns-is-layout-flex\">\n<div class=\"wp-block-column is-layout-flow wp-block-column-is-layout-flow\" style=\"flex-basis:33.33%\">\n<p class=\"has-ast-global-color-5-color has-ast-global-color-0-background-color has-text-color has-background\">Men\u00fa laboratorio<\/p>\n\n\n<nav class=\" is-vertical wp-block-navigation is-layout-flex wp-container-3 wp-block-navigation-is-layout-flex\" aria-label=\"Menu LDPS\"><ul class=\"wp-block-navigation__container  is-vertical wp-block-navigation\"><li class=\" wp-block-navigation-item wp-block-navigation-link\"><a class=\"wp-block-navigation-item__content\"  href=\"https:\/\/www.uhu.es\/rensma\/presentacion-ldps\/\"><span class=\"wp-block-navigation-item__label\">Presentaci\u00f3n<\/span><\/a><\/li><li class=\" wp-block-navigation-item wp-block-navigation-link\"><a class=\"wp-block-navigation-item__content\"  href=\"https:\/\/www.uhu.es\/rensma\/lineas-de-investigacion-ldps\/\"><span class=\"wp-block-navigation-item__label\">L\u00edneas de Investigaci\u00f3n<\/span><\/a><\/li><li class=\" wp-block-navigation-item wp-block-navigation-link\"><a class=\"wp-block-navigation-item__content\"  href=\"https:\/\/www.uhu.es\/rensma\/miembros-ldps\/\"><span class=\"wp-block-navigation-item__label\">Miembros<\/span><\/a><\/li><li class=\" wp-block-navigation-item wp-block-navigation-link\"><a class=\"wp-block-navigation-item__content\"  href=\"https:\/\/www.uhu.es\/rensma\/proyectos-ldps\/\"><span class=\"wp-block-navigation-item__label\">Proyectos<\/span><\/a><\/li><li class=\" wp-block-navigation-item wp-block-navigation-link\"><a class=\"wp-block-navigation-item__content\"  href=\"https:\/\/www.uhu.es\/rensma\/publicaciones-ldps\/\"><span class=\"wp-block-navigation-item__label\">Publicaciones<\/span><\/a><\/li><li class=\" wp-block-navigation-item wp-block-navigation-link\"><a class=\"wp-block-navigation-item__content\"  href=\"https:\/\/www.uhu.es\/rensma\/tesis-doctorales-ldps\/\"><span class=\"wp-block-navigation-item__label\">Tesis Doctorales<\/span><\/a><\/li><li class=\" wp-block-navigation-item wp-block-navigation-link\"><a class=\"wp-block-navigation-item__content\"  href=\"https:\/\/www.uhu.es\/rensma\/tests-psicometricos\/\"><span class=\"wp-block-navigation-item__label\">Tests psicom\u00e9tricos<\/span><\/a><\/li><li class=\" wp-block-navigation-item wp-block-navigation-link\"><a class=\"wp-block-navigation-item__content\"  href=\"https:\/\/www.uhu.es\/rensma\/infraestructuras-ldps\/\"><span class=\"wp-block-navigation-item__label\">Infraestructuras<\/span><\/a><\/li><li class=\" wp-block-navigation-item wp-block-navigation-link\"><a class=\"wp-block-navigation-item__content\"  href=\"https:\/\/www.uhu.es\/rensma\/colaboraciones-ldps\/\"><span class=\"wp-block-navigation-item__label\">Colaboraciones<\/span><\/a><\/li><li class=\" wp-block-navigation-item wp-block-navigation-link\"><a class=\"wp-block-navigation-item__content\"  href=\"https:\/\/www.uhu.es\/rensma\"><span class=\"wp-block-navigation-item__label\">\u226a Volver &#8230;<\/span><\/a><\/li><\/ul><\/nav><\/div>\n\n\n\n<div class=\"wp-block-column is-layout-flow wp-block-column-is-layout-flow\" style=\"flex-basis:66.66%\">\n<h2 class=\"wp-block-heading\">Presentaci\u00f3n<\/h2>\n\n\n\n<p>El presente laboratorio tiene su base en integrantes del grupo de investigaci\u00f3n \u201cSEJ-053\u201d, dedicado al desarrollo de aplicaciones metodol\u00f3gicas, fundamentalmente dise\u00f1o de tests y aplicaciones de nuevas t\u00e9cnicas estad\u00edsticas, a la medici\u00f3n de constructos psicol\u00f3gicos relacionados con la salud mental y el consumo de drogas.<\/p>\n\n\n\n<p>La integraci\u00f3n de sus miembros se produce en el a\u00f1o 2015, despu\u00e9s que sus integrantes desarrollaran su trayectoria investigadora en otros centros de investigaci\u00f3n y universidades. El eje vertebrador del grupo surgi\u00f3 de la b\u00fasqueda de soluciones metodol\u00f3gicas para la investigaci\u00f3n en salud. As\u00ed, sus integrantes abarcan desde las fases preliminares de cualquier estudio\/investigaci\u00f3n (determinaci\u00f3n del dise\u00f1o metodol\u00f3gico), hasta el an\u00e1lisis estad\u00edstico de datos mediante t\u00e9cnicas avanzadas (Structural Equation Model, Network Analysis), pasando por el desarrollo de cuestionarios y tests (aplicando modelos de Item Response Theory o Classical Test Theory). Con el paso de los a\u00f1os, este eje vertebrador est\u00e1 desplaz\u00e1ndose hacia la medida, aplicaciones e interpretaci\u00f3n de datos procedentes de la medici\u00f3n de constructos psicol\u00f3gicos en el \u00e1mbito de la salud mental y el consumo de drogas.<\/p>\n\n\n\n<p>En este contexto es en el que deben entenderse las l\u00edneas de investigaci\u00f3n en las que se desarrolla la actividad del grupo, avaladas por la financiaci\u00f3n a trav\u00e9s de proyectos de investigaci\u00f3n competitivos de car\u00e1cter auton\u00f3mico y nacionales, as\u00ed como por sus numerosas publicaciones en revistas internacionales de prestigios y otras actividades de investigaci\u00f3n.<\/p>\n\n\n\n<p>Los integrantes de la unidad presentan una amplia trayectoria internacional, reflejada a trav\u00e9s de sus colaboraciones con investigadores internacionales pertenecientes a instituciones de prestigio (University of New South Wales, New York University, Monash University, Cambridge University, etc.). Tambi\u00e9n los integrantes de este grupo participan en la codirecci\u00f3n de tesis doctorales, estancias de investigaci\u00f3n y becas postdoctorales internacionales.<\/p>\n<\/div>\n<\/div>\n","protected":false},"excerpt":{"rendered":"<p>Salud mental y consumo de drogas: Determinantes y medici\u00f3n psicol\u00f3gica Presentaci\u00f3n El presente laboratorio tiene su base en integrantes del grupo de investigaci\u00f3n \u201cSEJ-053\u201d, dedicado al desarrollo de aplicaciones metodol\u00f3gicas, fundamentalmente dise\u00f1o de tests y aplicaciones de nuevas t\u00e9cnicas estad\u00edsticas, a la medici\u00f3n de constructos psicol\u00f3gicos relacionados con la salud mental y el consumo de &hellip;<\/p>\n<p class=\"read-more\"> <a class=\"\" href=\"https:\/\/www.uhu.es\/rensma\/presentacion-ldps\/\"> <span class=\"screen-reader-text\">Presentaci\u00f3n<\/span> Leer m\u00e1s &raquo;<\/a><\/p>\n","protected":false},"author":2,"featured_media":0,"parent":0,"menu_order":0,"comment_status":"closed","ping_status":"closed","template":"","meta":{"site-sidebar-layout":"default","site-content-layout":"","ast-site-content-layout":"","site-content-style":"default","site-sidebar-style":"default","ast-global-header-display":"","ast-banner-title-visibility":"","ast-main-header-display":"","ast-hfb-above-header-display":"","ast-hfb-below-header-display":"","ast-hfb-mobile-header-display":"","site-post-title":"","ast-breadcrumbs-content":"","ast-featured-img":"","footer-sml-layout":"","theme-transparent-header-meta":"","adv-header-id-meta":"","stick-header-meta":"","header-above-stick-meta":"","header-main-stick-meta":"","header-below-stick-meta":"","astra-migrate-meta-layouts":"","footnotes":""},"_links":{"self":[{"href":"https:\/\/www.uhu.es\/rensma\/wp-json\/wp\/v2\/pages\/180"}],"collection":[{"href":"https:\/\/www.uhu.es\/rensma\/wp-json\/wp\/v2\/pages"}],"about":[{"href":"https:\/\/www.uhu.es\/rensma\/wp-json\/wp\/v2\/types\/page"}],"author":[{"embeddable":true,"href":"https:\/\/www.uhu.es\/rensma\/wp-json\/wp\/v2\/users\/2"}],"replies":[{"embeddable":true,"href":"https:\/\/www.uhu.es\/rensma\/wp-json\/wp\/v2\/comments?post=180"}],"version-history":[{"count":15,"href":"https:\/\/www.uhu.es\/rensma\/wp-json\/wp\/v2\/pages\/180\/revisions"}],"predecessor-version":[{"id":6126,"href":"https:\/\/www.uhu.es\/rensma\/wp-json\/wp\/v2\/pages\/180\/revisions\/6126"}],"wp:attachment":[{"href":"https:\/\/www.uhu.es\/rensma\/wp-json\/wp\/v2\/media?parent=180"}],"curies":[{"name":"wp","href":"https:\/\/api.w.org\/{rel}","templated":true}]}}