{"id":184,"date":"2019-04-04T08:26:23","date_gmt":"2019-04-04T06:26:23","guid":{"rendered":"http:\/\/www.uhu.es\/rensma\/?page_id=184"},"modified":"2024-08-29T17:49:48","modified_gmt":"2024-08-29T15:49:48","slug":"masteres","status":"publish","type":"page","link":"https:\/\/www.uhu.es\/rensma\/masteres\/","title":{"rendered":"M\u00e1steres"},"content":{"rendered":"\n<div class=\"wp-block-cover alignfull is-light\"><span aria-hidden=\"true\" class=\"wp-block-cover__background has-background-dim\"><\/span><img decoding=\"async\" loading=\"lazy\" width=\"940\" height=\"300\" class=\"wp-block-cover__image-background wp-image-806\" alt=\"\" src=\"https:\/\/www.uhu.es\/rensma\/wp-content\/uploads\/2019\/06\/Slider.jpg\" data-object-fit=\"cover\" srcset=\"https:\/\/www.uhu.es\/rensma\/wp-content\/uploads\/2019\/06\/Slider.jpg 940w, https:\/\/www.uhu.es\/rensma\/wp-content\/uploads\/2019\/06\/Slider-300x96.jpg 300w, https:\/\/www.uhu.es\/rensma\/wp-content\/uploads\/2019\/06\/Slider-768x245.jpg 768w\" sizes=\"(max-width: 940px) 100vw, 940px\" \/><div class=\"wp-block-cover__inner-container is-layout-constrained wp-block-cover-is-layout-constrained\">\n<p class=\"has-text-align-center has-large-font-size\"><\/p>\n\n\n\n<div style=\"height:100px\" aria-hidden=\"true\" class=\"wp-block-spacer\"><\/div>\n<\/div><\/div>\n\n\n\n<div style=\"height:100px\" aria-hidden=\"true\" class=\"wp-block-spacer\"><\/div>\n\n\n\n<div class=\"wp-block-columns is-layout-flex wp-container-5 wp-block-columns-is-layout-flex\">\n<div class=\"wp-block-column is-layout-flow wp-block-column-is-layout-flow\" style=\"flex-basis:66.66%\">\n<h1 class=\"wp-block-heading has-text-align-center\">M\u00e1steres<\/h1>\n\n\n\n<p class=\"has-text-align-center\"><strong>Oferta Oficial de M\u00e1steres para el Curso Acad\u00e9mico 2019\/2020<\/strong><\/p>\n\n\n\n<p class=\"has-text-align-center\"><em>Ciencias Experimentales<\/em><\/p>\n\n\n\n<p class=\"has-text-align-center\"><b>M\u00e1ster Oficial en Qu\u00edmica Aplicada<\/b><\/p>\n\n\n\n<figure class=\"wp-block-image aligncenter\"><a href=\"https:\/\/www.uhu.es\/rensma\/master-oficial-en-quimica-aplicada\/\"><img decoding=\"async\" loading=\"lazy\" width=\"958\" height=\"174\" src=\"https:\/\/www.uhu.es\/rensma\/wp-content\/uploads\/2020\/01\/cab_10.jpg\" alt=\"\" class=\"wp-image-2126\" srcset=\"https:\/\/www.uhu.es\/rensma\/wp-content\/uploads\/2020\/01\/cab_10.jpg 958w, https:\/\/www.uhu.es\/rensma\/wp-content\/uploads\/2020\/01\/cab_10-300x54.jpg 300w, https:\/\/www.uhu.es\/rensma\/wp-content\/uploads\/2020\/01\/cab_10-768x139.jpg 768w\" sizes=\"(max-width: 958px) 100vw, 958px\" \/><\/a><\/figure>\n\n\n\n<div style=\"height:30px\" aria-hidden=\"true\" class=\"wp-block-spacer\"><\/div>\n\n\n\n<p class=\"has-text-align-center\"><b>M\u00e1ster Oficial en Geolog\u00eda y Gestion Ambiental de los Recursos Minerales<\/b><\/p>\n\n\n\n<figure class=\"wp-block-image aligncenter\"><a href=\"https:\/\/www.uhu.es\/rensma\/master-oficial-en-geologia-y-gestion-ambiental-de-los-recursos-minerales\/\"><img decoding=\"async\" src=\"https:\/\/www.uhu.es\/rensma\/wp-content\/uploads\/2020\/01\/cab_09.jpg\" alt=\"\" class=\"wp-image-2126\"\/><\/a><\/figure>\n\n\n\n<div style=\"height:30px\" aria-hidden=\"true\" class=\"wp-block-spacer\"><\/div>\n\n\n\n<p class=\"has-text-align-center\"><b>M\u00e1ster Oficial en Tecnolog\u00eda Ambiental<\/b><\/p>\n\n\n\n<figure class=\"wp-block-image aligncenter\"><a href=\"https:\/\/www.uhu.es\/rensma\/master-oficial-en-tecnologia-ambiental\/\"><img decoding=\"async\" src=\"https:\/\/www.uhu.es\/rensma\/wp-content\/uploads\/2020\/01\/cab_11.jpg\" alt=\"\" class=\"wp-image-2126\"\/><\/a><\/figure>\n\n\n\n<div style=\"height:30px\" aria-hidden=\"true\" class=\"wp-block-spacer\"><\/div>\n\n\n\n<p class=\"has-text-align-center\"><strong>M\u00e1ster Oficial en Conservaci\u00f3n de la Biodiversidad<\/strong><\/p>\n\n\n\n<figure class=\"wp-block-image aligncenter\"><a href=\"https:\/\/www.uhu.es\/rensma\/master-oficial-en-conservacion-de-la-biodiversidad\/\" rel=\"noopener\"><img decoding=\"async\" loading=\"lazy\" width=\"958\" height=\"174\" src=\"https:\/\/www.uhu.es\/rensma\/wp-content\/uploads\/2020\/01\/biodiversidad.jpg\" alt=\"\" class=\"wp-image-2162\" srcset=\"https:\/\/www.uhu.es\/rensma\/wp-content\/uploads\/2020\/01\/biodiversidad.jpg 958w, https:\/\/www.uhu.es\/rensma\/wp-content\/uploads\/2020\/01\/biodiversidad-300x54.jpg 300w, https:\/\/www.uhu.es\/rensma\/wp-content\/uploads\/2020\/01\/biodiversidad-768x139.jpg 768w\" sizes=\"(max-width: 958px) 100vw, 958px\" \/><\/a><\/figure>\n\n\n\n<div style=\"height:30px\" aria-hidden=\"true\" class=\"wp-block-spacer\"><\/div>\n\n\n\n<p class=\"has-text-align-center\"><strong>M\u00e1ster Oficial en Conservaci\u00f3n de la Biodiversidad<\/strong><\/p>\n\n\n\n<figure class=\"wp-block-image aligncenter size-large\"><a href=\"https:\/\/www.uhu.es\/rensma\/master-universitario-en-proteccion-radiologica-ambiental\/\" rel=\"noopener\"><img decoding=\"async\" loading=\"lazy\" width=\"1024\" height=\"427\" src=\"https:\/\/www.uhu.es\/rensma\/wp-content\/uploads\/2024\/08\/032-largue-2-1024x427.jpg\" alt=\"\" class=\"wp-image-5664\" srcset=\"https:\/\/www.uhu.es\/rensma\/wp-content\/uploads\/2024\/08\/032-largue-2-1024x427.jpg 1024w, https:\/\/www.uhu.es\/rensma\/wp-content\/uploads\/2024\/08\/032-largue-2-300x125.jpg 300w, https:\/\/www.uhu.es\/rensma\/wp-content\/uploads\/2024\/08\/032-largue-2-768x320.jpg 768w, https:\/\/www.uhu.es\/rensma\/wp-content\/uploads\/2024\/08\/032-largue-2-50x21.jpg 50w, https:\/\/www.uhu.es\/rensma\/wp-content\/uploads\/2024\/08\/032-largue-2.jpg 1200w\" sizes=\"(max-width: 1024px) 100vw, 1024px\" \/><\/a><\/figure>\n<\/div>\n\n\n\n<div class=\"wp-block-column is-layout-flow wp-block-column-is-layout-flow\" style=\"flex-basis:33.33%\">\n<div class=\"wp-block-buttons is-vertical is-content-justification-center is-layout-flex wp-container-3 wp-block-buttons-is-layout-flex\">\n<div class=\"wp-block-button is-style-fill\"><a class=\"wp-block-button__link wp-element-button\" href=\"https:\/\/www.uhu.es\/rensma\/seminario-conferencias\/\" style=\"border-radius:0px\">Seminarios, Cursos y Conferencias<\/a><\/div>\n\n\n\n<div class=\"wp-block-button\"><a class=\"wp-block-button__link wp-element-button\" href=\"https:\/\/www.uhu.es\/rensma\/masteres\/\" style=\"border-radius:0px\">M\u00e1steres<\/a><\/div>\n\n\n\n<div class=\"wp-block-button\"><a class=\"wp-block-button__link wp-element-button\" href=\"https:\/\/www.uhu.es\/rensma\/defensa-tesis-doctorales\/\" style=\"border-radius:0px\">Doctorado<\/a><\/div>\n<\/div>\n<\/div>\n<\/div>\n","protected":false},"excerpt":{"rendered":"<p>M\u00e1steres Oferta Oficial de M\u00e1steres para el Curso Acad\u00e9mico 2019\/2020 Ciencias Experimentales M\u00e1ster Oficial en Qu\u00edmica Aplicada M\u00e1ster Oficial en Geolog\u00eda y Gestion Ambiental de los Recursos Minerales M\u00e1ster Oficial en Tecnolog\u00eda Ambiental M\u00e1ster Oficial en Conservaci\u00f3n de la Biodiversidad M\u00e1ster Oficial en Conservaci\u00f3n de la Biodiversidad<\/p>\n","protected":false},"author":2,"featured_media":0,"parent":0,"menu_order":0,"comment_status":"closed","ping_status":"closed","template":"","meta":{"site-sidebar-layout":"default","site-content-layout":"","ast-site-content-layout":"","site-content-style":"default","site-sidebar-style":"default","ast-global-header-display":"","ast-banner-title-visibility":"","ast-main-header-display":"","ast-hfb-above-header-display":"","ast-hfb-below-header-display":"","ast-hfb-mobile-header-display":"","site-post-title":"","ast-breadcrumbs-content":"","ast-featured-img":"","footer-sml-layout":"","theme-transparent-header-meta":"","adv-header-id-meta":"","stick-header-meta":"","header-above-stick-meta":"","header-main-stick-meta":"","header-below-stick-meta":"","astra-migrate-meta-layouts":"","footnotes":""},"_links":{"self":[{"href":"https:\/\/www.uhu.es\/rensma\/wp-json\/wp\/v2\/pages\/184"}],"collection":[{"href":"https:\/\/www.uhu.es\/rensma\/wp-json\/wp\/v2\/pages"}],"about":[{"href":"https:\/\/www.uhu.es\/rensma\/wp-json\/wp\/v2\/types\/page"}],"author":[{"embeddable":true,"href":"https:\/\/www.uhu.es\/rensma\/wp-json\/wp\/v2\/users\/2"}],"replies":[{"embeddable":true,"href":"https:\/\/www.uhu.es\/rensma\/wp-json\/wp\/v2\/comments?post=184"}],"version-history":[{"count":18,"href":"https:\/\/www.uhu.es\/rensma\/wp-json\/wp\/v2\/pages\/184\/revisions"}],"predecessor-version":[{"id":5669,"href":"https:\/\/www.uhu.es\/rensma\/wp-json\/wp\/v2\/pages\/184\/revisions\/5669"}],"wp:attachment":[{"href":"https:\/\/www.uhu.es\/rensma\/wp-json\/wp\/v2\/media?parent=184"}],"curies":[{"name":"wp","href":"https:\/\/api.w.org\/{rel}","templated":true}]}}