{"id":1842,"date":"2019-10-16T11:12:39","date_gmt":"2019-10-16T09:12:39","guid":{"rendered":"http:\/\/www.uhu.es\/rensma\/?page_id=1842"},"modified":"2025-06-10T08:32:43","modified_gmt":"2025-06-10T06:32:43","slug":"proyectos-acae","status":"publish","type":"page","link":"https:\/\/www.uhu.es\/rensma\/proyectos-acae\/","title":{"rendered":"Proyectos acae"},"content":{"rendered":"\n<div class=\"wp-block-cover alignfull is-light\"><span aria-hidden=\"true\" class=\"wp-block-cover__background has-background-dim\"><\/span><img decoding=\"async\" loading=\"lazy\" width=\"940\" height=\"300\" class=\"wp-block-cover__image-background wp-image-806\" alt=\"\" src=\"https:\/\/www.uhu.es\/rensma\/wp-content\/uploads\/2019\/06\/Slider.jpg\" data-object-fit=\"cover\" srcset=\"https:\/\/www.uhu.es\/rensma\/wp-content\/uploads\/2019\/06\/Slider.jpg 940w, https:\/\/www.uhu.es\/rensma\/wp-content\/uploads\/2019\/06\/Slider-300x96.jpg 300w, https:\/\/www.uhu.es\/rensma\/wp-content\/uploads\/2019\/06\/Slider-768x245.jpg 768w\" sizes=\"(max-width: 940px) 100vw, 940px\" \/><div class=\"wp-block-cover__inner-container is-layout-constrained wp-block-cover-is-layout-constrained\">\n<p class=\"has-text-align-center has-large-font-size\"><\/p>\n\n\n\n<div style=\"height:100px\" aria-hidden=\"true\" class=\"wp-block-spacer\"><\/div>\n<\/div><\/div>\n\n\n\n<h2 class=\"wp-block-heading has-text-align-center\" style=\"margin-top:var(--wp--preset--spacing--70);margin-bottom:var(--wp--preset--spacing--30)\">PROYECTOS<\/h2>\n\n\n\n<h3 class=\"wp-block-heading has-text-align-center\"><strong>UNIDAD DE ALTERACIONES CELULARES POR AGENTES EX\u00d3GENOS<\/strong><\/h3>\n\n\n\n<div class=\"wp-block-columns is-layout-flex wp-container-6 wp-block-columns-is-layout-flex\">\n<div class=\"wp-block-column is-layout-flow wp-block-column-is-layout-flow\" style=\"flex-basis:33.33%\">\n<p class=\"has-ast-global-color-5-color has-ast-global-color-0-background-color has-text-color has-background\">Men\u00fa laboratorio<\/p>\n\n\n<nav class=\" is-vertical wp-block-navigation is-layout-flex wp-container-3 wp-block-navigation-is-layout-flex\" aria-label=\"Menu ACAE\"><ul class=\"wp-block-navigation__container  is-vertical wp-block-navigation\"><li class=\" wp-block-navigation-item wp-block-navigation-link\"><a class=\"wp-block-navigation-item__content\"  href=\"https:\/\/www.uhu.es\/rensma\/presentacion-acae\/\"><span class=\"wp-block-navigation-item__label\">Presentaci\u00f3n<\/span><\/a><\/li><li class=\" wp-block-navigation-item wp-block-navigation-link\"><a class=\"wp-block-navigation-item__content\"  href=\"https:\/\/www.uhu.es\/rensma\/lineas-de-investigacion-acae\/\"><span class=\"wp-block-navigation-item__label\">L\u00edneas de Investigaci\u00f3n<\/span><\/a><\/li><li class=\" wp-block-navigation-item wp-block-navigation-link\"><a class=\"wp-block-navigation-item__content\"  href=\"https:\/\/www.uhu.es\/rensma\/miembros-acae\/\"><span class=\"wp-block-navigation-item__label\">Miembros<\/span><\/a><\/li><li class=\" wp-block-navigation-item wp-block-navigation-link\"><a class=\"wp-block-navigation-item__content\"  href=\"https:\/\/www.uhu.es\/rensma\/proyectos-acae\/\"><span class=\"wp-block-navigation-item__label\">Proyectos<\/span><\/a><\/li><li class=\" wp-block-navigation-item wp-block-navigation-link\"><a class=\"wp-block-navigation-item__content\"  href=\"https:\/\/www.uhu.es\/rensma\/publicaciones-acae\/\"><span class=\"wp-block-navigation-item__label\">Publicaciones<\/span><\/a><\/li><li class=\" wp-block-navigation-item wp-block-navigation-link\"><a class=\"wp-block-navigation-item__content\"  href=\"https:\/\/www.uhu.es\/rensma\/infraestructuras-acae\/\"><span class=\"wp-block-navigation-item__label\">Infraestructuras<\/span><\/a><\/li><li class=\" wp-block-navigation-item wp-block-navigation-link\"><a class=\"wp-block-navigation-item__content\"  href=\"https:\/\/www.uhu.es\/rensma\/colaboraciones-acae\/\"><span class=\"wp-block-navigation-item__label\">Colaboraciones<\/span><\/a><\/li><li class=\" wp-block-navigation-item wp-block-navigation-link\"><a class=\"wp-block-navigation-item__content\"  href=\"https:\/\/www.uhu.es\/rensma\"><span class=\"wp-block-navigation-item__label\">\u226a Volver &#8230;<\/span><\/a><\/li><\/ul><\/nav><\/div>\n\n\n\n<div class=\"wp-block-column is-layout-flow wp-block-column-is-layout-flow\" style=\"flex-basis:66.66%\">\n<h2 class=\"wp-block-heading\">Proyectos competitivos<\/h2>\n\n\n\n<div class=\"wp-block-pb-accordion-item c-accordion__item js-accordion-item no-js\" data-initially-open=\"false\" data-click-to-close=\"true\" data-auto-close=\"true\" data-scroll=\"false\" data-scroll-offset=\"0\"><h3 id=\"at-18420\" class=\"c-accordion__title js-accordion-controller\" role=\"button\">1. Aalpha. Acidophile Algae: Leading a Pathway For Health-Related Bioactivities<\/h3><div id=\"ac-18420\" class=\"c-accordion__content\">\n<p><strong>IP del proyecto:<\/strong>&nbsp;Carlos V\u00edlchez Lobato<br><strong>Entidad financiadora:<\/strong>&nbsp;Consejer\u00eda de Transformaci\u00f3n Econ\u00f3mica, Industria, Conocimiento y Universidades (Junta de Andaluc\u00eda)<br><strong>\u00c1mbito:<\/strong>&nbsp;Proyecto de Excelencia<br><strong>C\u00f3digo referencia:<\/strong>&nbsp;PY20_00930<br><strong>Modalidad:<\/strong>&nbsp;Frontera<br><strong>Vigencia:<\/strong>&nbsp;06\/2021-31\/12\/2022<br><strong>Financiaci\u00f3n concedida:<\/strong>&nbsp;87.290,00 \u20ac<\/p>\n<\/div><\/div>\n\n\n\n<div class=\"wp-block-pb-accordion-item c-accordion__item js-accordion-item no-js\" data-initially-open=\"false\" data-click-to-close=\"true\" data-auto-close=\"true\" data-scroll=\"false\" data-scroll-offset=\"0\"><h3 id=\"at-18421\" class=\"c-accordion__title js-accordion-controller\" role=\"button\">2. Prote\u00f3mica guiada por heteroelemento y metabol\u00f3mica en el estudio del c\u00e1ncer de pulm\u00f3n. Influencia de la microbiota intestinal (Predican-Predicci\u00f3n del C\u00e1ncer de Pulm\u00f3n).<\/h3><div id=\"ac-18421\" class=\"c-accordion__content\">\n<p><strong>IP del proyecto:<\/strong>&nbsp;Tamara Garc\u00eda Barrera<br><strong>Entidad financiadora:<\/strong>&nbsp;Consejer\u00eda de Transformaci\u00f3n Econ\u00f3mica, Industria, Conocimiento y Universidades (Junta de Andaluc\u00eda)<br><strong>\u00c1mbito:<\/strong>&nbsp;Proyecto de Excelencia<br><strong>C\u00f3digo referencia:<\/strong>&nbsp;PY20_00366<br><strong>Modalidad:<\/strong>&nbsp;Frontera<br><strong>Vigencia:<\/strong>&nbsp;06\/2021-31\/12\/2022<br><strong>Financiaci\u00f3n concedida:<\/strong>&nbsp;75.400,00 \u20ac<\/p>\n<\/div><\/div>\n\n\n\n<div class=\"wp-block-pb-accordion-item c-accordion__item js-accordion-item no-js\" data-initially-open=\"false\" data-click-to-close=\"true\" data-auto-close=\"true\" data-scroll=\"false\" data-scroll-offset=\"0\"><h3 id=\"at-18422\" class=\"c-accordion__title js-accordion-controller\" role=\"button\">3. Especiaci\u00f3n qu\u00edmica, metabol\u00f3mica y microbiota para el estudio de la transferencia materno-infantil a trav\u00e9s de la leche materna y otras muestras biol\u00f3gicas.<\/h3><div id=\"ac-18422\" class=\"c-accordion__content\">\n<p><strong>IP del proyecto:<\/strong>&nbsp;Tamara Garc\u00eda Barrera<br><strong>CO-IP del proyecto:<\/strong>&nbsp;Francisco Navarro Rold\u00e1n<br><strong>Nombre del Programa:<\/strong>&nbsp;Operativo FEDER Andaluc\u00eda 2014-2020<br><strong>C\u00f3digo referencia:<\/strong>&nbsp;UHU-1256905<br><strong>Duraci\u00f3n:<\/strong>&nbsp;01\/01\/2020, 24 meses<br><strong>Cuant\u00eda de la subvenci\u00f3n(en Euros):<\/strong>&nbsp;35510.20 \u20ac<\/p>\n<\/div><\/div>\n\n\n\n<div class=\"wp-block-pb-accordion-item c-accordion__item js-accordion-item no-js\" data-initially-open=\"false\" data-click-to-close=\"true\" data-auto-close=\"true\" data-scroll=\"false\" data-scroll-offset=\"0\"><h3 id=\"at-18423\" class=\"c-accordion__title js-accordion-controller\" role=\"button\">4. Estudio \u00f3mico y meta\u00f3mico del efecto de los contaminantes a trav\u00e9s del eje microbiota intestinal-cerebro. Del modelo animal al celular (MAMOMICS).<\/h3><div id=\"ac-18423\" class=\"c-accordion__content\">\n<p><strong>IP del proyecto:<\/strong>&nbsp;Tamara Garc\u00eda Barrera y Nieves Abril D\u00edaz<br><strong>Entidad financiadora:<\/strong>&nbsp;Ministerio de Ciencia Innovaci\u00f3n y Universidades<br><strong>\u00c1mbito:<\/strong>&nbsp;Nacional<br><strong>C\u00f3digo referencia:<\/strong>&nbsp;PGC2018-096608-B-C21<br><strong>Numero de Investigadores Participantes:<\/strong>&nbsp;3<br><strong>Vigencia:<\/strong>&nbsp;2018, tres a\u00f1os<br><strong>Financiaci\u00f3n concedida:<\/strong>&nbsp;223.850 \u20ac<\/p>\n<\/div><\/div>\n\n\n\n<div class=\"wp-block-pb-accordion-item c-accordion__item js-accordion-item no-js\" data-initially-open=\"false\" data-click-to-close=\"true\" data-auto-close=\"true\" data-scroll=\"false\" data-scroll-offset=\"0\"><h3 id=\"at-18424\" class=\"c-accordion__title js-accordion-controller\" role=\"button\">5. Integraci\u00f3n de \u00f3micas en estudios de bioindicadores medioambientales de contaminaci\u00f3n, modelos de laboratorio y l\u00edneas celulares. Bioaccesibilidad de contaminantes.<\/h3><div id=\"ac-18424\" class=\"c-accordion__content\">\n<p><strong>IP del proyecto:<\/strong>&nbsp;Jos\u00e9 Luis G\u00f3mez Ariza y Tamara Garc\u00eda Barrera<br><strong>Entidad financiadora:<\/strong>&nbsp;Ministerio de Econom\u00eda y Competitividad<br><strong>\u00c1mbito:<\/strong>&nbsp;Nacional<br><strong>C\u00f3digo referencia:<\/strong>&nbsp;CTM2015-67902-C2-1-P<br><strong>Numero de Investigadores Participantes:<\/strong>&nbsp;10<br><strong>Fecha Inicio:<\/strong>&nbsp;01\/01\/2016<br><strong>Fecha Fin:<\/strong>&nbsp;31\/12\/2018<br><strong>Financiaci\u00f3n concedida:<\/strong>&nbsp;177.870 \u20ac<\/p>\n<\/div><\/div>\n\n\n\n<div class=\"wp-block-pb-accordion-item c-accordion__item js-accordion-item no-js\" data-initially-open=\"false\" data-click-to-close=\"true\" data-auto-close=\"true\" data-scroll=\"false\" data-scroll-offset=\"0\"><h3 id=\"at-18425\" class=\"c-accordion__title js-accordion-controller\" role=\"button\">6. Aplicaci\u00f3n de t\u00e9cnicas metal\u00f3micas, metabol\u00f3micas y m\u00e9todos anal\u00edticos innovadores en ensayos de exposici\u00f3n de organismos a contaminantes. Validaci\u00f3n en ecosistemas estu\u00e1ricos.<\/h3><div id=\"ac-18425\" class=\"c-accordion__content\">\n<p><strong>IP del proyecto:<\/strong>&nbsp;Jos\u00e9 Luis G\u00f3mez Ariza<br><strong>Entidad financiadora:<\/strong>&nbsp;Ministerio de Econom\u00eda y Competitividad<br><strong>\u00c1mbito:<\/strong>&nbsp;Nacional<br><strong>C\u00f3digo referencia:<\/strong>&nbsp;CTM2012-38720-C03-01<br><strong>Numero de Investigadores Participantes:<\/strong>&nbsp;15<br><strong>Fecha Inicio:<\/strong>&nbsp;10\/06\/2013<br><strong>Fecha Fin:<\/strong>&nbsp;31\/12\/2015<br><strong>Financiaci\u00f3n concedida:<\/strong>&nbsp;99.450 \u20ac<\/p>\n<\/div><\/div>\n\n\n\n<div class=\"wp-block-pb-accordion-item c-accordion__item js-accordion-item no-js\" data-initially-open=\"false\" data-click-to-close=\"true\" data-auto-close=\"true\" data-scroll=\"false\" data-scroll-offset=\"0\"><h3 id=\"at-18426\" class=\"c-accordion__title js-accordion-controller\" role=\"button\">7. Aproximaci\u00f3n hol\u00edstica de t\u00e9cnicas \u00f3micas en estudios de contaminantes emergentes y regulados y su biodisponibilidad \/ bioaccesibilidad: De l\u00edneas celulares a estudios de campo.<\/h3><div id=\"ac-18426\" class=\"c-accordion__content\">\n<p><strong>IP del proyecto:<\/strong>&nbsp;Jose Luis G\u00f3mez Ariza (Universidad de Huelva).<br><strong>Entidad financiadora:<\/strong>&nbsp;Ministerio de Econom\u00eda y Competitividad<br><strong>Nombre del programa:<\/strong>&nbsp;VII programa Marco, KBBE<br><strong>C\u00f3digo referencia:<\/strong>&nbsp;CTM2015-67902-C2-1-P<br><strong>Duraci\u00f3n:<\/strong>&nbsp;01\/01\/2016 \u2013 31\/10\/2018<br><strong>Entidad beneficiadora:<\/strong>&nbsp;UHU<br><strong>Cuant\u00eda de la subvenci\u00f3n (en Euro):<\/strong>&nbsp;147.000\u20ac<\/p>\n<\/div><\/div>\n\n\n\n<div class=\"wp-block-pb-accordion-item c-accordion__item js-accordion-item no-js\" data-initially-open=\"false\" data-click-to-close=\"true\" data-auto-close=\"true\" data-scroll=\"false\" data-scroll-offset=\"0\"><h3 id=\"at-18427\" class=\"c-accordion__title js-accordion-controller\" role=\"button\">8. Multi-product Integrated bioRefinery of Algae: from Carbon dioxide and Light Energy to high-value Specialties (MIRACLES).<\/h3><div id=\"ac-18427\" class=\"c-accordion__content\">\n<p><strong>IP del proyecto:<\/strong>&nbsp;Hans Reith (Wageningen University, IP de la RED); Carlos V\u00edlchez Lobato (coordinador en Universidad de Huelva)<br><strong>Entidad financiadora:<\/strong>&nbsp;Uni\u00f3n Europea<br><strong>Nombre del programa:<\/strong>&nbsp;VII programa Marco, KBBE<br><strong>C\u00f3digo referencia:<\/strong>&nbsp;KBBE.2013.3.2-02 \u2013 G.A. 613588<br><strong>Duraci\u00f3n:<\/strong>&nbsp;01\/11\/2013 \u2013 30\/10\/2017<br><strong>Entidad beneficiadora:<\/strong>&nbsp;UHU + Socios Europeos.<br><strong>Cuant\u00eda de la subvenci\u00f3n (en Euro):<\/strong>&nbsp;12.144.416\u20ac<\/p>\n<\/div><\/div>\n\n\n\n<div style=\"height:100px\" aria-hidden=\"true\" class=\"wp-block-spacer\"><\/div>\n\n\n\n<h2 class=\"wp-block-heading\">Proyectos de transferencia tecnol\u00f3gica<\/h2>\n\n\n\n<div class=\"wp-block-pb-accordion-item c-accordion__item js-accordion-item no-js\" data-initially-open=\"false\" data-click-to-close=\"true\" data-auto-close=\"true\" data-scroll=\"false\" data-scroll-offset=\"0\"><h3 id=\"at-18428\" class=\"c-accordion__title js-accordion-controller\" role=\"button\">1. Estudio de la eficacia biocida de productos de la empresa BIOPLAGEN S.L.<\/h3><div id=\"ac-18428\" class=\"c-accordion__content\">\n<p><strong>IP del proyecto:<\/strong>&nbsp;Carlos V\u00edlchez Lobato<br><strong>Entidad financiadora:<\/strong>&nbsp;Consejer\u00eda de Transformaci\u00f3n Econ\u00f3mica, Industria, Conocimiento y Universidades (Junta de Andaluc\u00eda)<br><strong>\u00c1mbito:<\/strong>&nbsp;Proyecto de Excelencia<br><strong>C\u00f3digo referencia:<\/strong>&nbsp;PY20_00930<br><strong>Modalidad:<\/strong>&nbsp;Frontera<br><strong>Vigencia:<\/strong>&nbsp;06\/2021-31\/12\/2022<br><strong>Entidad concedida:<\/strong>&nbsp;87.290,00 \u20ac<\/p>\n<\/div><\/div>\n<\/div>\n<\/div>\n\n\n\n<div style=\"height:100px\" aria-hidden=\"true\" class=\"wp-block-spacer\"><\/div>\n","protected":false},"excerpt":{"rendered":"<p>PROYECTOS UNIDAD DE ALTERACIONES CELULARES POR AGENTES EX\u00d3GENOS Proyectos competitivos Proyectos de transferencia tecnol\u00f3gica<\/p>\n","protected":false},"author":2,"featured_media":0,"parent":0,"menu_order":0,"comment_status":"closed","ping_status":"closed","template":"","meta":{"site-sidebar-layout":"default","site-content-layout":"","ast-site-content-layout":"","site-content-style":"default","site-sidebar-style":"default","ast-global-header-display":"","ast-banner-title-visibility":"","ast-main-header-display":"","ast-hfb-above-header-display":"","ast-hfb-below-header-display":"","ast-hfb-mobile-header-display":"","site-post-title":"","ast-breadcrumbs-content":"","ast-featured-img":"","footer-sml-layout":"","theme-transparent-header-meta":"","adv-header-id-meta":"","stick-header-meta":"","header-above-stick-meta":"","header-main-stick-meta":"","header-below-stick-meta":"","astra-migrate-meta-layouts":"","footnotes":""},"_links":{"self":[{"href":"https:\/\/www.uhu.es\/rensma\/wp-json\/wp\/v2\/pages\/1842"}],"collection":[{"href":"https:\/\/www.uhu.es\/rensma\/wp-json\/wp\/v2\/pages"}],"about":[{"href":"https:\/\/www.uhu.es\/rensma\/wp-json\/wp\/v2\/types\/page"}],"author":[{"embeddable":true,"href":"https:\/\/www.uhu.es\/rensma\/wp-json\/wp\/v2\/users\/2"}],"replies":[{"embeddable":true,"href":"https:\/\/www.uhu.es\/rensma\/wp-json\/wp\/v2\/comments?post=1842"}],"version-history":[{"count":15,"href":"https:\/\/www.uhu.es\/rensma\/wp-json\/wp\/v2\/pages\/1842\/revisions"}],"predecessor-version":[{"id":6040,"href":"https:\/\/www.uhu.es\/rensma\/wp-json\/wp\/v2\/pages\/1842\/revisions\/6040"}],"wp:attachment":[{"href":"https:\/\/www.uhu.es\/rensma\/wp-json\/wp\/v2\/media?parent=1842"}],"curies":[{"name":"wp","href":"https:\/\/api.w.org\/{rel}","templated":true}]}}