{"id":1846,"date":"2019-10-16T11:16:55","date_gmt":"2019-10-16T09:16:55","guid":{"rendered":"http:\/\/www.uhu.es\/rensma\/?page_id=1846"},"modified":"2025-06-10T08:32:59","modified_gmt":"2025-06-10T06:32:59","slug":"publicaciones-acae","status":"publish","type":"page","link":"https:\/\/www.uhu.es\/rensma\/publicaciones-acae\/","title":{"rendered":"Publicaciones"},"content":{"rendered":"\n<div class=\"wp-block-cover alignfull is-light\"><span aria-hidden=\"true\" class=\"wp-block-cover__background has-background-dim\"><\/span><img decoding=\"async\" loading=\"lazy\" width=\"940\" height=\"300\" class=\"wp-block-cover__image-background wp-image-806\" alt=\"\" src=\"https:\/\/www.uhu.es\/rensma\/wp-content\/uploads\/2019\/06\/Slider.jpg\" data-object-fit=\"cover\" srcset=\"https:\/\/www.uhu.es\/rensma\/wp-content\/uploads\/2019\/06\/Slider.jpg 940w, https:\/\/www.uhu.es\/rensma\/wp-content\/uploads\/2019\/06\/Slider-300x96.jpg 300w, https:\/\/www.uhu.es\/rensma\/wp-content\/uploads\/2019\/06\/Slider-768x245.jpg 768w\" sizes=\"(max-width: 940px) 100vw, 940px\" \/><div class=\"wp-block-cover__inner-container is-layout-constrained wp-block-cover-is-layout-constrained\">\n<p class=\"has-text-align-center has-large-font-size\"><\/p>\n\n\n\n<div style=\"height:100px\" aria-hidden=\"true\" class=\"wp-block-spacer\"><\/div>\n<\/div><\/div>\n\n\n\n<h1 class=\"wp-block-heading has-text-align-center\" style=\"margin-top:var(--wp--preset--spacing--70)\">Publicaciones<\/h1>\n\n\n\n<h3 class=\"wp-block-heading has-text-align-center\"><strong>UNIDAD DE ALTERACIONES CELULARES POR AGENTES EX\u00d3GENOS<\/strong><\/h3>\n\n\n\n<div class=\"wp-block-columns is-layout-flex wp-container-6 wp-block-columns-is-layout-flex\">\n<div class=\"wp-block-column is-layout-flow wp-block-column-is-layout-flow\" style=\"flex-basis:33.33%\">\n<p class=\"has-ast-global-color-5-color has-ast-global-color-0-background-color has-text-color has-background\">Men\u00fa laboratorio<\/p>\n\n\n<nav class=\" is-vertical wp-block-navigation is-layout-flex wp-container-3 wp-block-navigation-is-layout-flex\" aria-label=\"Menu ACAE\"><ul class=\"wp-block-navigation__container  is-vertical wp-block-navigation\"><li class=\" wp-block-navigation-item wp-block-navigation-link\"><a class=\"wp-block-navigation-item__content\"  href=\"https:\/\/www.uhu.es\/rensma\/presentacion-acae\/\"><span class=\"wp-block-navigation-item__label\">Presentaci\u00f3n<\/span><\/a><\/li><li class=\" wp-block-navigation-item wp-block-navigation-link\"><a class=\"wp-block-navigation-item__content\"  href=\"https:\/\/www.uhu.es\/rensma\/lineas-de-investigacion-acae\/\"><span class=\"wp-block-navigation-item__label\">L\u00edneas de Investigaci\u00f3n<\/span><\/a><\/li><li class=\" wp-block-navigation-item wp-block-navigation-link\"><a class=\"wp-block-navigation-item__content\"  href=\"https:\/\/www.uhu.es\/rensma\/miembros-acae\/\"><span class=\"wp-block-navigation-item__label\">Miembros<\/span><\/a><\/li><li class=\" wp-block-navigation-item wp-block-navigation-link\"><a class=\"wp-block-navigation-item__content\"  href=\"https:\/\/www.uhu.es\/rensma\/proyectos-acae\/\"><span class=\"wp-block-navigation-item__label\">Proyectos<\/span><\/a><\/li><li class=\" wp-block-navigation-item wp-block-navigation-link\"><a class=\"wp-block-navigation-item__content\"  href=\"https:\/\/www.uhu.es\/rensma\/publicaciones-acae\/\"><span class=\"wp-block-navigation-item__label\">Publicaciones<\/span><\/a><\/li><li class=\" wp-block-navigation-item wp-block-navigation-link\"><a class=\"wp-block-navigation-item__content\"  href=\"https:\/\/www.uhu.es\/rensma\/infraestructuras-acae\/\"><span class=\"wp-block-navigation-item__label\">Infraestructuras<\/span><\/a><\/li><li class=\" wp-block-navigation-item wp-block-navigation-link\"><a class=\"wp-block-navigation-item__content\"  href=\"https:\/\/www.uhu.es\/rensma\/colaboraciones-acae\/\"><span class=\"wp-block-navigation-item__label\">Colaboraciones<\/span><\/a><\/li><li class=\" wp-block-navigation-item wp-block-navigation-link\"><a class=\"wp-block-navigation-item__content\"  href=\"https:\/\/www.uhu.es\/rensma\"><span class=\"wp-block-navigation-item__label\">\u226a Volver &#8230;<\/span><\/a><\/li><\/ul><\/nav><\/div>\n\n\n\n<div class=\"wp-block-column is-layout-flow wp-block-column-is-layout-flow\" style=\"flex-basis:66.66%\">\n<h2 class=\"wp-block-heading has-text-align-center has-medium-font-size\"><strong>202<\/strong>3<\/h2>\n\n\n\n<hr class=\"wp-block-separator has-alpha-channel-opacity\"\/>\n\n\n\n<p>1. Fern\u00e1ndez Soto, J., Romero-Jim\u00e9nez, M.J., Alarc\u00f3n Garc\u00eda, J.C. et al.. Predictors of subclinical atherosclerosis in HIV. BMC Infect Dis 23, 17. DOI: <a rel=\"noreferrer noopener\" href=\"https:\/\/doi.org\/10.1186\/s12879-022-07976-1\" target=\"_blank\">https:\/\/doi.org\/10.1186\/s12879-022-07976-1<\/a><\/p>\n\n\n\n<p>2. Ruiz-Dom\u00ednguez MC, Robles M, Mart\u00edn L, Beltr\u00e1n \u00c1, Gava R, Cuaresma M, Navarro F, V\u00edlchez C. Ultrasound-Based Recovery of Anti-Inflammatory and Antimi-crobial Extracts of the Acidophilic Microalga Coccomyxa onubensis. Marine Drugs 21: 471DOI: <a rel=\"noreferrer noopener\" href=\"https:\/\/doi.org\/10.3390\/md21090471\" target=\"_blank\">https:\/\/doi.org\/10.3390\/md21090471<\/a><\/p>\n\n\n\n<p>3. Robles, Mar\u00eda, Rafael Torronteras, Carol Ostojic, Cinta Oria, Mar\u00eda Cuaresma, In\u00e9s Garbayo, Francisco Navarro, and Carlos V\u00edlchez. Fe (III)-Mediated Antioxidant Response of the Acidotolerant Mi-croalga Coccomyxa onubensis. Antioxidants 12, no. 3: 610DOI: <a rel=\"noreferrer noopener\" href=\"https:\/\/doi.org\/10.3390\/antiox12030610\" target=\"_blank\">https:\/\/doi.org\/10.3390\/antiox12030610<\/a> <\/p>\n\n\n\n<p><a href=\"https:\/\/doi.org\/10.3390\/antiox12051080\" rel=\"noreferrer noopener\" target=\"_blank\"><\/a><a href=\"https:\/\/doi.org\/10.1016\/j.algal.2023.103181\" rel=\"noreferrer noopener\" target=\"_blank\"><\/a><a href=\"https:\/\/doi.org\/10.1186\/s12879-022-07976-1\" rel=\"noreferrer noopener\" target=\"_blank\"><\/a><a href=\"https:\/\/doi.org\/10.3390\/md21090471\" rel=\"noreferrer noopener\" target=\"_blank\"><\/a><a href=\"https:\/\/doi.org\/10.3390\/antiox12030610\" rel=\"noreferrer noopener\" target=\"_blank\"><\/a><\/p>\n\n\n\n<h2 class=\"wp-block-heading has-text-align-center has-medium-font-size\"><strong>2022<\/strong><\/h2>\n\n\n\n<hr class=\"wp-block-separator has-alpha-channel-opacity\"\/>\n\n\n\n<p>1. Sanjos\u00e9, I., Mu\u00f1oz-Rodr\u00edguez, A. F., Ruiz, F., Navarro, F., S\u00e1nchez- Gull\u00f3n, E., Nieva, F. J., \u2026 &amp; Castillo, J. M. Metal effects on germination and seedling development in closely related halophyte species inhabiting different elevations along the intertidal gradient. Marine Pollution Bulletin, 175, 113375. DOI: <a href=\"https:\/\/doi.org\/10.1016\/j.marpolbul.2022.113375\">https:\/\/doi.org\/10.1016\/j.marpolbul.2022.113375<\/a><\/p>\n\n\n\n<p>2. Juan Bayo Calero,corresponding author ,Miguel Angel Casta\u00f1o L\u00f3pez, Pedro Germ\u00e1n Casado Monge, Jacobo D\u00edaz Portillo, Ana Bejarano Garc\u00eda, and Francisco Navarro Rold\u00e1n. Analysis of blood markers for early colorectal cancer diagnosis. Journal Gastrointest Oncol. 2022 Oct; 13(5): 2259\u20132268. DOI: <a href=\"https:\/\/doi.org\/10.21037\/jgo-21-747\">https:\/\/doi.org\/10.21037\/jgo-21-747<\/a><\/p>\n\n\n\n<p>3. S. Ram\u00edrez-Acosta, R. Uhl\u00edrov\u00e1, F. Navarro, J. L. G\u00f3mez-Ariza and T. Garc\u00eda-Barrera. Antagonistic Interaction of Selenium and Cadmium in Human Hepatic Cells Through Selenoproteins. Analytical Chemistry. Volume 10. DOI: <a href=\"https:\/\/doi.org\/10.3389\/fchem.2022.891933\">https:\/\/doi.org\/10.3389\/fchem.2022.891933<\/a><\/p>\n\n\n\n<p>4. Mu\u00f1oz, A. F., Ruiz, F., Campos, J. M., Bermejo, J., Fern\u00e1ndez, L., Berrmejo, A., \u2026 &amp; Romero, V. Late Holocene archaeobotanical evolution of the Canale di Imbocco (Roman imperial port of Portus, Central Italy). Review of Palaeobotany and Palynology, 302, 104670 DOI: <a href=\"https:\/\/doi.org\/10.1016\/j.revpalbo.2022.104670\">https:\/\/doi.org\/10.1016\/j.revpalbo.2022.104670<\/a><\/p>\n\n\n\n<p>5. Nieva, F. J. J., Gago, R., Infante-Izquierdo, M. D., Polo, A., Hermoso, V., &amp; Mu\u00f1oz-Rodr\u00edguez, A. F. Factors that determine the occurrence of native and introduced Spergularia species in Mediterranean coastal ecosystems. Plant Ecology &amp; Diversity, 15(1-2), 51-65. DOI: <a href=\"https:\/\/doi.org\/10.1080\/17550874.2022.2078243\">https:\/\/doi.org\/10.1080\/17550874.2022.2078243<\/a><\/p>\n\n\n\n<p>6. Sanjos\u00e9, I., Navarro-Rold\u00e1n, F., Montero, Y., Ram\u00edrez-Acosta, S., Jim\u00e9nez-Nieva, F. J., Infante-Izquierdo, M. D., \u2026 &amp; Mu\u00f1oz-Rodr\u00edguez, A. F. The Bioconcentration and the Translocation of Heavy Metals in Recently Consumed Salicornia ramosissima J. Woods in Highly Contaminated Estuary Marshes and Its Food Risk REVISTA: Diversity, 14(6), 452. DOI: <a href=\"https:\/\/doi.org\/10.3390\/d14060452\">https:\/\/doi.org\/10.3390\/d14060452<\/a><\/p>\n\n\n\n<p>7. Polo-\u00c1vila, A., Infante-Izquierdo, M. D., S\u00e1nchez-Gull\u00f3n, E., Castillo, J. M., &amp; Mu\u00f1oz-Rodr\u00edguez, A. F.  Population Dynamic of the Annual Halophyte Salicornia ramosissima in Salt Pans: Towards a Sustainable Exploitation of Its Wild Populations. Plants, 11(13), 1676. DOI: <a href=\"https:\/\/doi.org\/10.3390\/plants11131676\">https:\/\/doi.org\/10.3390\/plants11131676<\/a><\/p>\n\n\n\n<p>8. Castillo, J. M., Curado, G., Mu\u00f1oz-Rodr\u00edguez, A. F., &amp; Infante-Izquierdo, M. D. Salt tolerance during germination identifies native intertidal plant species at risk under increasing salinity with sea level rise. Marine Ecology Progress Series, 684, 57-68 DOI: <a href=\"https:\/\/doi.org\/10.3354\/meps13961\">https:\/\/doi.org\/10.3354\/meps13961<\/a><\/p>\n\n\n\n<p>9. Sanjos\u00e9, I., Nieva, F. J., Infante-Izquierdo, M. D., Polo-\u00c1vila, A., S\u00e1nchez-Gull\u00f3n, E., Martinez-Sagarra, G., \u2026 &amp; Castillo, J. M. Temporal and spatial patterns of airborne pollen dispersal in six salt marsh halophytes. Review of Palaeobotany and Palynology, 302, 104662. DOI: <a href=\"https:\/\/doi.org\/10.1016\/j.revpalbo.2022.104662\">https:\/\/doi.org\/10.1016\/j.revpalbo.2022.104662<\/a><\/p>\n\n\n\n<hr class=\"wp-block-separator has-alpha-channel-opacity\"\/>\n\n\n\n<h2 class=\"wp-block-heading has-text-align-center has-medium-font-size\"><strong>2021<\/strong><\/h2>\n\n\n\n<ol>\n<li>Accumulation and Effect of Heavy Metals on the Germination and Growth of Salsola vermiculata L. Seedlings. Israel Sanjos\u00e9, Francisco Navarro-Rold\u00e1n, Mar\u00eda Dolores Infante-Izquierdo, Gloria Mart\u00ednez-Sagarra, Juan Antonio Devesa, Alejandro Polo, Sara Ram\u00edrez-Acosta, Enrique S\u00e1nchez-Gull\u00f3n, Francisco Javier Jim\u00e9nez-Nieva and Adolfo Francisco Mu\u00f1oz-Rodr\u00edguez. DOI: <a href=\"https:\/\/doi.org\/10.3390\/d13110539\">https:\/\/doi.org\/10.3390\/d13110539<\/a><\/li>\n\n\n\n<li>Selenium Supplementation Influences Mice Testicular Selenoproteins Driven By Gut Microbiota. Sara Ram\u00edrez-Acosta, Marta Selma-Royo, M Carmen Collado, Francisco Navarro, Nieves Abril and Tamara Garc\u00eda Barrera. DOI: <a href=\"https:\/\/doi.org\/10.21203\/rs.3.rs-923352\/v1\">https:\/\/doi.org\/10.21203\/rs.3.rs-923352\/v1<\/a><\/li>\n\n\n\n<li>Omic methodologies for assessing metal(-loid)s-host-microbiota interplay: A review. Ram\u00edrez-Acosta, A. Arias-Borrego, F. Navarro-Rold\u00e1n, M. Selma-Royo, M. Calatayud, M.C. Collado, P.V. Huertas-Abril, N. Abril, T. Garc\u00eda-Barrera. DOI: <a href=\"https:\/\/doi.org\/10.1016\/j.aca.2021.338620\">https:\/\/doi.org\/10.1016\/j.aca.2021.338620<\/a><\/li>\n\n\n\n<li>Advances in lung cancer biomarkers: The role of (metal-) metabolites and selenoproteins. Callej\u00f3n-Leblic, B., Arias-Borrego, A., Rodr\u00edguez-Moro, G., Navarro Rold\u00e1n, F., Pereira-Vega, A., G\u00f3mez-Ariza, J.L., Garc\u00eda-Barrera, T. DOI: <a href=\"https:\/\/doi.org\/10.1016\/bs.acc.2020.04.003\">https:\/\/doi.org\/10.1016\/bs.acc.2020.04.003<\/a><\/li>\n<\/ol>\n\n\n\n<hr class=\"wp-block-separator has-alpha-channel-opacity\"\/>\n\n\n\n<h2 class=\"wp-block-heading has-text-align-center has-medium-font-size\"><strong>2020<\/strong><\/h2>\n\n\n\n<ol>\n<li>The acidophilic microalga Coccomyxa onubensis and atorvastatin equally improve antihyperglycemic and antihyperlipidemic protective effects on rats fed on high-fat diets. Francisco Navarro, Alberto Toimil, Sara Ram\u00edrez, Yina Montero, Juan Luis Fuentes, Javier S. Perona, Miguel \u00c1ngel Casta\u00f1o, Rosario P\u00e1saro, Jos\u00e9 M. Vega and Carlos V\u00edlchez. DOI: <a href=\"https:\/\/doi.org\/10.1007\/s10811-020-02280-4\">https:\/\/doi.org\/10.1007\/s10811-020-02280-4<\/a><\/li>\n<\/ol>\n\n\n\n<hr class=\"wp-block-separator has-alpha-channel-opacity\"\/>\n\n\n\n<h2 class=\"wp-block-heading has-text-align-center has-medium-font-size\"><strong>2019<\/strong><\/h2>\n\n\n\n<ol>\n<li>Metabolic Impairments Caused by Pesticides in Mammals and Their Interactions with Other Pollutants. G Rodr\u00edguez-Moro, A Arias-Borrego, S Ram\u00edrez-Acosta, F Navarro-Rold\u00e1n, N Abril-D\u00edaz, R Fern\u00e1ndez-Torre, MA Bello-L\u00f3pez, JL G\u00f3mez-Ariza and T Garc\u00eda-Barrera. DOI: <a href=\"https:\/\/doi.org\/10.5772\/intechopen.84966\">10.5772\/intechopen.84966<\/a><\/li>\n<\/ol>\n\n\n\n<hr class=\"wp-block-separator has-alpha-channel-opacity\"\/>\n\n\n\n<h2 class=\"wp-block-heading has-text-align-center has-medium-font-size\"><strong>2018<\/strong><\/h2>\n\n\n\n<ol>\n<li>Chemically-Induced Production of Anti-Inflammatory Molecules in Microalgae. Z Montero-Lobato, M V\u00e1zquez, F Navarro, J Fuentes, E Bermejo, Garbayo I, V\u00edlchez C, Cuaresma M. Marine drugs 16 (12), 478. DOI: <a href=\"https:\/\/doi.org\/10.3390\/md16120478\">https:\/\/doi.org\/10.3390\/md16120478<\/a><\/li>\n\n\n\n<li>Metabolomic alterations and oxidative stress are associated with environmental pollution in Procambarus clarkii. R Fern\u00e1ndez-Cisnal, MA Garc\u00eda-Sevillano, T Garc\u00eda-Barrera, JL G\u00f3mez-Ariza, N Abril. Aquatic Toxicology 205, 76-88. DOI: <a href=\"https:\/\/doi.org\/10.1016\/j.aquatox.2018.10.005\">https:\/\/doi.org\/10.1016\/j.aquatox.2018.10.005<\/a><\/li>\n<\/ol>\n\n\n\n<hr class=\"wp-block-separator has-alpha-channel-opacity\"\/>\n\n\n\n<h2 class=\"wp-block-heading has-text-align-center has-medium-font-size\"><strong>2017<\/strong><\/h2>\n\n\n\n<ol>\n<li>Analysis of blood markers for early breast cancer diagnosis. J Bayo, MA Casta\u00f1o, F Rivera, F Navarro. Clinical and Translational Oncology 20 (4), 467-475. DOI: <a href=\"https:\/\/doi.org\/10.1007\/s12094-017-1731-1\">https:\/\/doi.org\/10.1007\/s12094-017-1731-1<\/a><\/li>\n<\/ol>\n\n\n\n<hr class=\"wp-block-separator has-alpha-channel-opacity\"\/>\n\n\n\n<h2 class=\"wp-block-heading has-text-align-center has-medium-font-size\"><strong>2016<\/strong><\/h2>\n\n\n\n<ol>\n<li>Antimicrobial activity of the acidophilic eukaryotic microalga Coccomyxa onubensis. F Navarro, E Forj\u00e1n, M V\u00e1zquez, A Toimil, Z Montero, Mar\u00eda Ruiz\u2010Dom\u00ednguez, I Garbayo, M \u00c1. Casta\u00f1o, C V\u00edlchez, Jos\u00e9 M. Vega. Phycological research 65 (1), 38-43. DOI: <a href=\"https:\/\/doi.org\/10.1111\/pre.12158\">https:\/\/doi.org\/10.1111\/pre.12158<\/a><\/li>\n\n\n\n<li>Microalgae as a safe food source for animals: nutritional characteristics of the acidophilic microalga Coccomyxa onubensis. F Navarro, E Forj\u00e1n, M V\u00e1zquez, Z Montero, E Bermejo, M\u00c1 Casta\u00f1o, A Toimil, E Chag\u00fcaceda, M. \u00c1ngel Garc\u00eda-Sevillano, M S\u00e1nchez, M. Jos\u00e9 Dom\u00ednguez, R P\u00e1saro, I Garbayo, C V\u00edlchez, J. Mar\u00eda Vega. Food and nutrition research 60 (1), 30472. DOI: <a href=\"https:\/\/doi.org\/10.3402\/fnr.v60.30472\">https:\/\/doi.org\/10.3402\/fnr.v60.30472<\/a><\/li>\n\n\n\n<li>Estudio sobre la utilizaci\u00f3n inapropiada de medicamentos en pacientes de edad avanzada hospitalizados en el servicio de medicina interna de un hospital privado. L Dom\u00ednguez Sen\u00edn. Universidad de Huelva.<\/li>\n<\/ol>\n\n\n\n<hr class=\"wp-block-separator has-alpha-channel-opacity\"\/>\n\n\n\n<h2 class=\"wp-block-heading has-text-align-center has-medium-font-size\"><strong>2015<\/strong><\/h2>\n\n\n\n<ol>\n<li>Gesti\u00f3n de riesgos laborales en las pr\u00e1cticas de la responsabilidad social corporativa en Ecuador. LP Pinos Mora. Universidad de Huelva<\/li>\n\n\n\n<li>Microalgae: fast-growth sustainable green factories. E Forj\u00e1n, F Navarro, M Cuaresma, I Vaquero, MC Ru\u00edz-Dom\u00ednguez, \u017divan Gojkovic, M V\u00e1zquez, M M\u00e1rquez, B Mogedas, E Bermejo, S Girlich, Mar\u00eda J. Dom\u00ednguez, C V\u00edlchez, Jos\u00e9 M. Vega, I Garbayo. Critical Reviews in Environmental Science and Technology 45 (16), 1705-1755. DOI: <a href=\"https:\/\/doi.org\/10.1080\/10643389.2014.966426\">https:\/\/doi.org\/10.1080\/10643389.2014.966426<\/a><\/li>\n\n\n\n<li>Shotgun metabolomic approach based on mass spectrometry for hepatic mitochondria of mice under arsenic exposure. M. A. Garc\u00eda-Sevillano, T. Garc\u00eda-Barrera, F. Navarro, Z. Montero-Lobato, J. L. G\u00f3mez-Ariza. Biometals 28 (2), 341-351. DOI: <a href=\"https:\/\/doi.org\/10.1007\/s10534-015-9837-9\">https:\/\/doi.org\/10.1007\/s10534-015-9837-9<\/a><\/li>\n\n\n\n<li>Combination of direct infusion mass spectrometry and gas chromatography mass spectrometry for toxicometabolomic study of red blood cells and serum of mice Mus musculus after mercury exposure. M.A.Garc\u00eda-Sevillano, T.Garc\u00eda-Barrera, F.Navarro, N.Abril, C.Pueyo, J.L\u00f3pez-Bareace, J.L.G\u00f3mez-Ariza. Journal of Chromatography B 985, 75-84. DOI: <a href=\"https:\/\/doi.org\/10.1016\/j.jchromb.2015.01.029\">https:\/\/doi.org\/10.1016\/j.jchromb.2015.01.029<\/a><\/li>\n\n\n\n<li>Biological interactions between mercury and selenium in distribution and detoxification processes in mice under controlled exposure. Effects on selenoprotein. M.A.Garc\u00eda-Sevillano, G.Rodr\u00edguez-Moro, T.Garc\u00eda-Barrera, F.Navarro, J.L.G\u00f3mez-Ariza. Chemico-biological interactions 229, 82-90. DOI: <a href=\"https:\/\/doi.org\/10.1016\/j.cbi.2015.02.001\">https:\/\/doi.org\/10.1016\/j.cbi.2015.02.001<\/a><\/li>\n\n\n\n<li>Diabetes gestacional: obtenci\u00f3n de un protocolo de actuaci\u00f3n que permita realizar un mejor diagn\u00f3stico de la enfermedad. M. \u00c1ngel Casta\u00f1o L\u00f3pez. Universidad de Huelva<\/li>\n\n\n\n<li>Estudio de casos y controles de marcadores sangu\u00edneos para el diagn\u00f3stico precoz de c\u00e1ncer de mama. B Calero, J Lucas. Universidad de Huelva.<\/li>\n<\/ol>\n\n\n\n<hr class=\"wp-block-separator has-alpha-channel-opacity\"\/>\n\n\n\n<h2 class=\"wp-block-heading has-text-align-center has-medium-font-size\"><strong>2014<\/strong><\/h2>\n\n\n\n<ol>\n<li>Absolute quantification of superoxide dismutase in cytosol and mitochondria of mice hepatic cells exposed to mercury by a novel metallomic approach. MA Garcia-Sevillano, T Garc\u00eda-Barrera, F Navarro, JL G\u00f3mez-Ariza. Analytica chimica acta 842, 42-50. DOI: <a href=\"https:\/\/doi.org\/10.1016\/j.aca.2014.07.014\">https:\/\/doi.org\/10.1016\/j.aca.2014.07.014<\/a><\/li>\n\n\n\n<li>Use of elemental and molecular-mass spectrometry to assess the toxicological effects of inorganic mercury in the mouse Mus musculus. MA. Garc\u00eda-Sevillano, T. Garc\u00eda-Barrera, F Navarro, J\u00fcrgen Gailer, J. Luiz G\u00f3mez-Ariza. Analytical and bioanalytical chemistry 406 (24), 5853-5865. DOI: <a href=\"https:\/\/doi.org\/10.1007\/s00216-014-8010-6\">https:\/\/doi.org\/10.1007\/s00216-014-8010-6<\/a><\/li>\n\n\n\n<li>Use of Metallomics and Metabolomics to Assess Metal Pollution in Do\u00f1ana National Park (SW Spain). M. A. Garc\u00eda-Sevillano, T. Garc\u00eda-Barrera, F. Navarro, N. Abril, C. Pueyo, J. L\u00f3pez-Barea, J. L. G\u00f3mez-Ariza. Environmental science &amp; technology 48 (14), 7747-7755. DOI: <a href=\"https:\/\/pubs.acs.org\/doi\/full\/10.1021\/es4057938\">https:\/\/pubs.acs.org\/doi\/full\/10.1021\/es4057938<\/a><\/li>\n\n\n\n<li>A combination of metallomics and metabolomics studies to evaluate the effects of metal interactions in mammals. Application to Mus musculus mice under arsenic\/cadmium exposure. Garc\u00eda-Sevillano M\u00c1, Garc\u00eda-Barrera T, Navarro-Rold\u00e1n F, Montero-Lobato Z, G\u00f3mez-Ariza JL. Journal of Proteomics 104, 66-79. DOI: <a href=\"https:\/\/doi.org\/10.1016\/j.jprot.2014.02.011\">https:\/\/doi.org\/10.1016\/j.jprot.2014.02.011<\/a><\/li>\n\n\n\n<li>Metabolomic study in plasma, liver and kidney of mice exposed to inorganic arsenic based on mass spectrometry. MA Garcia-Sevillano, M Contreras-Acuna, T Garc\u00eda-Barrera, F Navarro, J. L. G\u00f3mez-Ariza. Analytical and bioanalytical chemistry 406 (5), 1455-1469. DOI: <a href=\"https:\/\/doi.org\/10.1007\/s00216-013-7564-z\">https:\/\/doi.org\/10.1007\/s00216-013-7564-z<\/a><\/li>\n\n\n\n<li>Application of metallomic and metabolomic approaches in exposure experiments on laboratory mice for environmental metal toxicity assessment. MA Garc\u00eda-Sevillano, T Garc\u00eda-Barrera, JL G\u00f3mez-Ariza. Metallomics 6 (2), 237-248. DOI: <a href=\"https:\/\/doi.org\/10.1039\/C3MT00302G\">https:\/\/doi.org\/10.1039\/C3MT00302G<\/a><\/li>\n\n\n\n<li>Cadmium toxicity in Mus musculus mice based on a metallomic study. Antagonistic interaction between Se and Cd in the bloodstream. MA Garc\u00eda-Sevillano, T Garc\u00eda-Barrera, F Navarro, JL G\u00f3mez-Ariza. Metallomics 6 (3), 672-681. DOI: <a href=\"https:\/\/doi.org\/10.1039\/c3mt00350g\">https:\/\/doi.org\/10.1039\/c3mt00350g<\/a><\/li>\n<\/ol>\n<\/div>\n<\/div>\n","protected":false},"excerpt":{"rendered":"<p>Publicaciones UNIDAD DE ALTERACIONES CELULARES POR AGENTES EX\u00d3GENOS 2023 1. Fern\u00e1ndez Soto, J., Romero-Jim\u00e9nez, M.J., Alarc\u00f3n Garc\u00eda, J.C. et al.. Predictors of subclinical atherosclerosis in HIV. BMC Infect Dis 23, 17. DOI: https:\/\/doi.org\/10.1186\/s12879-022-07976-1 2. Ruiz-Dom\u00ednguez MC, Robles M, Mart\u00edn L, Beltr\u00e1n \u00c1, Gava R, Cuaresma M, Navarro F, V\u00edlchez C. Ultrasound-Based Recovery of Anti-Inflammatory and &hellip;<\/p>\n<p class=\"read-more\"> <a class=\"\" href=\"https:\/\/www.uhu.es\/rensma\/publicaciones-acae\/\"> <span class=\"screen-reader-text\">Publicaciones<\/span> Leer m\u00e1s &raquo;<\/a><\/p>\n","protected":false},"author":2,"featured_media":0,"parent":0,"menu_order":0,"comment_status":"closed","ping_status":"closed","template":"","meta":{"site-sidebar-layout":"default","site-content-layout":"","ast-site-content-layout":"","site-content-style":"default","site-sidebar-style":"default","ast-global-header-display":"","ast-banner-title-visibility":"","ast-main-header-display":"","ast-hfb-above-header-display":"","ast-hfb-below-header-display":"","ast-hfb-mobile-header-display":"","site-post-title":"","ast-breadcrumbs-content":"","ast-featured-img":"","footer-sml-layout":"","theme-transparent-header-meta":"","adv-header-id-meta":"","stick-header-meta":"","header-above-stick-meta":"","header-main-stick-meta":"","header-below-stick-meta":"","astra-migrate-meta-layouts":"","footnotes":""},"_links":{"self":[{"href":"https:\/\/www.uhu.es\/rensma\/wp-json\/wp\/v2\/pages\/1846"}],"collection":[{"href":"https:\/\/www.uhu.es\/rensma\/wp-json\/wp\/v2\/pages"}],"about":[{"href":"https:\/\/www.uhu.es\/rensma\/wp-json\/wp\/v2\/types\/page"}],"author":[{"embeddable":true,"href":"https:\/\/www.uhu.es\/rensma\/wp-json\/wp\/v2\/users\/2"}],"replies":[{"embeddable":true,"href":"https:\/\/www.uhu.es\/rensma\/wp-json\/wp\/v2\/comments?post=1846"}],"version-history":[{"count":19,"href":"https:\/\/www.uhu.es\/rensma\/wp-json\/wp\/v2\/pages\/1846\/revisions"}],"predecessor-version":[{"id":6041,"href":"https:\/\/www.uhu.es\/rensma\/wp-json\/wp\/v2\/pages\/1846\/revisions\/6041"}],"wp:attachment":[{"href":"https:\/\/www.uhu.es\/rensma\/wp-json\/wp\/v2\/media?parent=1846"}],"curies":[{"name":"wp","href":"https:\/\/api.w.org\/{rel}","templated":true}]}}