{"id":1854,"date":"2019-10-16T11:31:18","date_gmt":"2019-10-16T09:31:18","guid":{"rendered":"http:\/\/www.uhu.es\/rensma\/?page_id=1854"},"modified":"2025-06-10T08:33:29","modified_gmt":"2025-06-10T06:33:29","slug":"infraestructuras-acae","status":"publish","type":"page","link":"https:\/\/www.uhu.es\/rensma\/infraestructuras-acae\/","title":{"rendered":"Infraestructuras"},"content":{"rendered":"\n<div class=\"wp-block-cover alignfull is-light\"><span aria-hidden=\"true\" class=\"wp-block-cover__background has-background-dim\"><\/span><img decoding=\"async\" loading=\"lazy\" width=\"940\" height=\"300\" class=\"wp-block-cover__image-background wp-image-806\" alt=\"\" src=\"https:\/\/www.uhu.es\/rensma\/wp-content\/uploads\/2019\/06\/Slider.jpg\" data-object-fit=\"cover\" srcset=\"https:\/\/www.uhu.es\/rensma\/wp-content\/uploads\/2019\/06\/Slider.jpg 940w, https:\/\/www.uhu.es\/rensma\/wp-content\/uploads\/2019\/06\/Slider-300x96.jpg 300w, https:\/\/www.uhu.es\/rensma\/wp-content\/uploads\/2019\/06\/Slider-768x245.jpg 768w\" sizes=\"(max-width: 940px) 100vw, 940px\" \/><div class=\"wp-block-cover__inner-container is-layout-constrained wp-block-cover-is-layout-constrained\">\n<p class=\"has-text-align-center has-large-font-size\"><\/p>\n\n\n\n<div style=\"height:100px\" aria-hidden=\"true\" class=\"wp-block-spacer\"><\/div>\n<\/div><\/div>\n\n\n\n<h1 class=\"wp-block-heading has-text-align-center\" style=\"margin-top:var(--wp--preset--spacing--70)\">Equipamiento disponible<\/h1>\n\n\n\n<h3 class=\"wp-block-heading has-text-align-center\"><strong>UNIDAD DE ALTERACIONES CELULARES POR AGENTES EX\u00d3GENOS<\/strong><\/h3>\n\n\n\n<div class=\"wp-block-columns is-layout-flex wp-container-6 wp-block-columns-is-layout-flex\">\n<div class=\"wp-block-column is-layout-flow wp-block-column-is-layout-flow\" style=\"flex-basis:33.33%\">\n<p class=\"has-ast-global-color-5-color has-ast-global-color-0-background-color has-text-color has-background\">Men\u00fa laboratorio<\/p>\n\n\n<nav class=\" is-vertical wp-block-navigation is-layout-flex wp-container-3 wp-block-navigation-is-layout-flex\" aria-label=\"Menu ACAE\"><ul class=\"wp-block-navigation__container  is-vertical wp-block-navigation\"><li class=\" wp-block-navigation-item wp-block-navigation-link\"><a class=\"wp-block-navigation-item__content\"  href=\"https:\/\/www.uhu.es\/rensma\/presentacion-acae\/\"><span class=\"wp-block-navigation-item__label\">Presentaci\u00f3n<\/span><\/a><\/li><li class=\" wp-block-navigation-item wp-block-navigation-link\"><a class=\"wp-block-navigation-item__content\"  href=\"https:\/\/www.uhu.es\/rensma\/lineas-de-investigacion-acae\/\"><span class=\"wp-block-navigation-item__label\">L\u00edneas de Investigaci\u00f3n<\/span><\/a><\/li><li class=\" wp-block-navigation-item wp-block-navigation-link\"><a class=\"wp-block-navigation-item__content\"  href=\"https:\/\/www.uhu.es\/rensma\/miembros-acae\/\"><span class=\"wp-block-navigation-item__label\">Miembros<\/span><\/a><\/li><li class=\" wp-block-navigation-item wp-block-navigation-link\"><a class=\"wp-block-navigation-item__content\"  href=\"https:\/\/www.uhu.es\/rensma\/proyectos-acae\/\"><span class=\"wp-block-navigation-item__label\">Proyectos<\/span><\/a><\/li><li class=\" wp-block-navigation-item wp-block-navigation-link\"><a class=\"wp-block-navigation-item__content\"  href=\"https:\/\/www.uhu.es\/rensma\/publicaciones-acae\/\"><span class=\"wp-block-navigation-item__label\">Publicaciones<\/span><\/a><\/li><li class=\" wp-block-navigation-item wp-block-navigation-link\"><a class=\"wp-block-navigation-item__content\"  href=\"https:\/\/www.uhu.es\/rensma\/infraestructuras-acae\/\"><span class=\"wp-block-navigation-item__label\">Infraestructuras<\/span><\/a><\/li><li class=\" wp-block-navigation-item wp-block-navigation-link\"><a class=\"wp-block-navigation-item__content\"  href=\"https:\/\/www.uhu.es\/rensma\/colaboraciones-acae\/\"><span class=\"wp-block-navigation-item__label\">Colaboraciones<\/span><\/a><\/li><li class=\" wp-block-navigation-item wp-block-navigation-link\"><a class=\"wp-block-navigation-item__content\"  href=\"https:\/\/www.uhu.es\/rensma\"><span class=\"wp-block-navigation-item__label\">\u226a Volver &#8230;<\/span><\/a><\/li><\/ul><\/nav><\/div>\n\n\n\n<div class=\"wp-block-column is-layout-flow wp-block-column-is-layout-flow\" style=\"flex-basis:66.66%\">\n<p><strong>Equipamiento disponible<\/strong><\/p>\n\n\n\n<ul>\n<li>Cultivo Celular Eucariota (Estufa de CO2, C\u00e1mara de flujo laminar, Tanque de N2, etc.)<\/li>\n\n\n\n<li>Equipo para est\u00fadios histopatol\u00f3gicas (Estufa de parafina, micr\u00f3tomo, plancha para muestras, etc.)<\/li>\n\n\n\n<li>Microscopios invertido y directo acoplados a c\u00e1mara digital para toma de microfotograf\u00edas a color.<\/li>\n\n\n\n<li>Equipo para PCR (Termociclador, Cubeta de electroforesis, Fuente, Transiluminador UV, etc.)<\/li>\n\n\n\n<li>Espectrofot\u00f3metro EVOLUTION 201 PC de doble haz con l\u00e1mpara de Xenon, termoestatizaci\u00f3n doble (Peltier + Recirculador Chill\/Hot) y agitaci\u00f3n magn\u00e9tica en cada cubeta.<\/li>\n<\/ul>\n<\/div>\n<\/div>\n","protected":false},"excerpt":{"rendered":"<p>Equipamiento disponible UNIDAD DE ALTERACIONES CELULARES POR AGENTES EX\u00d3GENOS Equipamiento disponible<\/p>\n","protected":false},"author":2,"featured_media":0,"parent":0,"menu_order":0,"comment_status":"closed","ping_status":"closed","template":"","meta":{"site-sidebar-layout":"default","site-content-layout":"","ast-site-content-layout":"","site-content-style":"default","site-sidebar-style":"default","ast-global-header-display":"","ast-banner-title-visibility":"","ast-main-header-display":"","ast-hfb-above-header-display":"","ast-hfb-below-header-display":"","ast-hfb-mobile-header-display":"","site-post-title":"","ast-breadcrumbs-content":"","ast-featured-img":"","footer-sml-layout":"","theme-transparent-header-meta":"","adv-header-id-meta":"","stick-header-meta":"","header-above-stick-meta":"","header-main-stick-meta":"","header-below-stick-meta":"","astra-migrate-meta-layouts":"","footnotes":""},"_links":{"self":[{"href":"https:\/\/www.uhu.es\/rensma\/wp-json\/wp\/v2\/pages\/1854"}],"collection":[{"href":"https:\/\/www.uhu.es\/rensma\/wp-json\/wp\/v2\/pages"}],"about":[{"href":"https:\/\/www.uhu.es\/rensma\/wp-json\/wp\/v2\/types\/page"}],"author":[{"embeddable":true,"href":"https:\/\/www.uhu.es\/rensma\/wp-json\/wp\/v2\/users\/2"}],"replies":[{"embeddable":true,"href":"https:\/\/www.uhu.es\/rensma\/wp-json\/wp\/v2\/comments?post=1854"}],"version-history":[{"count":8,"href":"https:\/\/www.uhu.es\/rensma\/wp-json\/wp\/v2\/pages\/1854\/revisions"}],"predecessor-version":[{"id":6044,"href":"https:\/\/www.uhu.es\/rensma\/wp-json\/wp\/v2\/pages\/1854\/revisions\/6044"}],"wp:attachment":[{"href":"https:\/\/www.uhu.es\/rensma\/wp-json\/wp\/v2\/media?parent=1854"}],"curies":[{"name":"wp","href":"https:\/\/api.w.org\/{rel}","templated":true}]}}