{"id":201,"date":"2019-04-04T08:33:53","date_gmt":"2019-04-04T06:33:53","guid":{"rendered":"http:\/\/www.uhu.es\/rensma\/?page_id=201"},"modified":"2024-08-29T17:33:26","modified_gmt":"2024-08-29T15:33:26","slug":"defensa-tesis-doctorales","status":"publish","type":"page","link":"https:\/\/www.uhu.es\/rensma\/defensa-tesis-doctorales\/","title":{"rendered":"Defensa de Tesis Doctorales"},"content":{"rendered":"\n<div class=\"wp-block-cover alignfull is-light\"><span aria-hidden=\"true\" class=\"wp-block-cover__background has-background-dim\"><\/span><img decoding=\"async\" loading=\"lazy\" width=\"940\" height=\"300\" class=\"wp-block-cover__image-background wp-image-806\" alt=\"\" src=\"https:\/\/www.uhu.es\/rensma\/wp-content\/uploads\/2019\/06\/Slider.jpg\" data-object-fit=\"cover\" srcset=\"https:\/\/www.uhu.es\/rensma\/wp-content\/uploads\/2019\/06\/Slider.jpg 940w, https:\/\/www.uhu.es\/rensma\/wp-content\/uploads\/2019\/06\/Slider-300x96.jpg 300w, https:\/\/www.uhu.es\/rensma\/wp-content\/uploads\/2019\/06\/Slider-768x245.jpg 768w\" sizes=\"(max-width: 940px) 100vw, 940px\" \/><div class=\"wp-block-cover__inner-container is-layout-constrained wp-block-cover-is-layout-constrained\">\n<p class=\"has-text-align-center has-large-font-size\"><\/p>\n\n\n\n<div style=\"height:100px\" aria-hidden=\"true\" class=\"wp-block-spacer\"><\/div>\n<\/div><\/div>\n\n\n\n<div style=\"height:100px\" aria-hidden=\"true\" class=\"wp-block-spacer\"><\/div>\n\n\n\n<h1 class=\"wp-block-heading has-text-align-center\">Doctorado<\/h1>\n\n\n\n<div class=\"wp-block-columns is-layout-flex wp-container-5 wp-block-columns-is-layout-flex\">\n<div class=\"wp-block-column is-layout-flow wp-block-column-is-layout-flow\" style=\"flex-basis:66.66%\">\n<figure class=\"wp-block-image size-full\"><a href=\"https:\/\/www.uhu.es\/escuela-doctorado\/\"><img decoding=\"async\" loading=\"lazy\" width=\"184\" height=\"224\" src=\"https:\/\/www.uhu.es\/rensma\/wp-content\/uploads\/2024\/08\/logochico_escuela.png\" alt=\"\" class=\"wp-image-5656\" srcset=\"https:\/\/www.uhu.es\/rensma\/wp-content\/uploads\/2024\/08\/logochico_escuela.png 184w, https:\/\/www.uhu.es\/rensma\/wp-content\/uploads\/2024\/08\/logochico_escuela-50x61.png 50w\" sizes=\"(max-width: 184px) 100vw, 184px\" \/><\/a><\/figure>\n\n\n\n<p><\/p>\n\n\n\n<p><strong><a href=\"https:\/\/www.uhu.es\/pd_cienciaindustrialambiental\/\">DOCTORADO EN CIENCIA Y TECNOLOG\u00cdA INDUSTRIAL Y AMBIENTAL<\/a><\/strong><\/p>\n\n\n\n<p>El perfil de ingreso que debe poseer el alumnado para ingresar en el Programa de Doctorado en Ciencia y Tecnolog\u00eda) es relativamente sencillo, y en general ser\u00e1 alumnado que haya cursado un:<\/p>\n\n\n\n<p>1. Grado en las ramas de las Ciencias Experimentales y\/o Ingenier\u00eda.<\/p>\n\n\n\n<p>2. M\u00e1ster Universitario en las ramas de las Ciencias Experimentales y\/o Ingenier\u00eda.<\/p>\n\n\n\n<p>Por otro lado, seg\u00fan la l\u00ednea de investigaci\u00f3n y los estudios previos realizados por el alumnado, cada alumno deber\u00e1 cursar complementos de formaci\u00f3n en funci\u00f3n de la l\u00ednea de investigaci\u00f3n en que se matricule.<\/p>\n<\/div>\n\n\n\n<div class=\"wp-block-column is-layout-flow wp-block-column-is-layout-flow\" style=\"flex-basis:33.33%\">\n<div class=\"wp-block-buttons is-vertical is-content-justification-center is-layout-flex wp-container-3 wp-block-buttons-is-layout-flex\">\n<div class=\"wp-block-button is-style-fill\"><a class=\"wp-block-button__link wp-element-button\" href=\"https:\/\/www.uhu.es\/rensma\/seminario-conferencias\/\" style=\"border-radius:0px\">Seminarios, Cursos y Conferencias<\/a><\/div>\n\n\n\n<div class=\"wp-block-button\"><a class=\"wp-block-button__link wp-element-button\" href=\"https:\/\/www.uhu.es\/rensma\/masteres\/\" style=\"border-radius:0px\">M\u00e1steres<\/a><\/div>\n\n\n\n<div class=\"wp-block-button\"><a class=\"wp-block-button__link wp-element-button\" href=\"https:\/\/www.uhu.es\/rensma\/defensa-tesis-doctorales\/\" style=\"border-radius:0px\">Doctorado<\/a><\/div>\n<\/div>\n\n\n\n<figure class=\"wp-block-embed is-type-rich is-provider-twitter wp-block-embed-twitter\"><div class=\"wp-block-embed__wrapper\">\n<a class=\"twitter-timeline\" data-width=\"500\" data-height=\"750\" data-dnt=\"true\" href=\"https:\/\/twitter.com\/RensmaUHU?ref_src=twsrc%5Etfw\">Tweets by RensmaUHU<\/a><script async src=\"https:\/\/platform.twitter.com\/widgets.js\" charset=\"utf-8\"><\/script>\n<\/div><\/figure>\n<\/div>\n<\/div>\n","protected":false},"excerpt":{"rendered":"<p>Doctorado DOCTORADO EN CIENCIA Y TECNOLOG\u00cdA INDUSTRIAL Y AMBIENTAL El perfil de ingreso que debe poseer el alumnado para ingresar en el Programa de Doctorado en Ciencia y Tecnolog\u00eda) es relativamente sencillo, y en general ser\u00e1 alumnado que haya cursado un: 1. Grado en las ramas de las Ciencias Experimentales y\/o Ingenier\u00eda. 2. M\u00e1ster Universitario &hellip;<\/p>\n<p class=\"read-more\"> <a class=\"\" href=\"https:\/\/www.uhu.es\/rensma\/defensa-tesis-doctorales\/\"> <span class=\"screen-reader-text\">Defensa de Tesis Doctorales<\/span> Leer m\u00e1s &raquo;<\/a><\/p>\n","protected":false},"author":2,"featured_media":0,"parent":0,"menu_order":0,"comment_status":"closed","ping_status":"closed","template":"","meta":{"site-sidebar-layout":"default","site-content-layout":"","ast-site-content-layout":"","site-content-style":"default","site-sidebar-style":"default","ast-global-header-display":"","ast-banner-title-visibility":"","ast-main-header-display":"","ast-hfb-above-header-display":"","ast-hfb-below-header-display":"","ast-hfb-mobile-header-display":"","site-post-title":"","ast-breadcrumbs-content":"","ast-featured-img":"","footer-sml-layout":"","theme-transparent-header-meta":"","adv-header-id-meta":"","stick-header-meta":"","header-above-stick-meta":"","header-main-stick-meta":"","header-below-stick-meta":"","astra-migrate-meta-layouts":"","footnotes":""},"_links":{"self":[{"href":"https:\/\/www.uhu.es\/rensma\/wp-json\/wp\/v2\/pages\/201"}],"collection":[{"href":"https:\/\/www.uhu.es\/rensma\/wp-json\/wp\/v2\/pages"}],"about":[{"href":"https:\/\/www.uhu.es\/rensma\/wp-json\/wp\/v2\/types\/page"}],"author":[{"embeddable":true,"href":"https:\/\/www.uhu.es\/rensma\/wp-json\/wp\/v2\/users\/2"}],"replies":[{"embeddable":true,"href":"https:\/\/www.uhu.es\/rensma\/wp-json\/wp\/v2\/comments?post=201"}],"version-history":[{"count":9,"href":"https:\/\/www.uhu.es\/rensma\/wp-json\/wp\/v2\/pages\/201\/revisions"}],"predecessor-version":[{"id":5657,"href":"https:\/\/www.uhu.es\/rensma\/wp-json\/wp\/v2\/pages\/201\/revisions\/5657"}],"wp:attachment":[{"href":"https:\/\/www.uhu.es\/rensma\/wp-json\/wp\/v2\/media?parent=201"}],"curies":[{"name":"wp","href":"https:\/\/api.w.org\/{rel}","templated":true}]}}