{"id":206,"date":"2019-04-04T08:36:12","date_gmt":"2019-04-04T06:36:12","guid":{"rendered":"http:\/\/www.uhu.es\/rensma\/?page_id=206"},"modified":"2025-04-23T10:55:01","modified_gmt":"2025-04-23T08:55:01","slug":"seminario-conferencias","status":"publish","type":"page","link":"https:\/\/www.uhu.es\/rensma\/seminario-conferencias\/","title":{"rendered":"Seminario\/Conferencias"},"content":{"rendered":"\n<div class=\"wp-block-cover alignfull is-light\"><span aria-hidden=\"true\" class=\"wp-block-cover__background has-background-dim\"><\/span><img decoding=\"async\" loading=\"lazy\" width=\"940\" height=\"300\" class=\"wp-block-cover__image-background wp-image-806\" alt=\"\" src=\"https:\/\/www.uhu.es\/rensma\/wp-content\/uploads\/2019\/06\/Slider.jpg\" data-object-fit=\"cover\" srcset=\"https:\/\/www.uhu.es\/rensma\/wp-content\/uploads\/2019\/06\/Slider.jpg 940w, https:\/\/www.uhu.es\/rensma\/wp-content\/uploads\/2019\/06\/Slider-300x96.jpg 300w, https:\/\/www.uhu.es\/rensma\/wp-content\/uploads\/2019\/06\/Slider-768x245.jpg 768w\" sizes=\"(max-width: 940px) 100vw, 940px\" \/><div class=\"wp-block-cover__inner-container is-layout-constrained wp-block-cover-is-layout-constrained\">\n<p class=\"has-text-align-center has-large-font-size\"><\/p>\n\n\n\n<div style=\"height:100px\" aria-hidden=\"true\" class=\"wp-block-spacer\"><\/div>\n<\/div><\/div>\n\n\n\n<div style=\"height:100px\" aria-hidden=\"true\" class=\"wp-block-spacer\"><\/div>\n\n\n\n<h1 class=\"wp-block-heading has-text-align-center\">Seminario, Cursos y Conferencias<\/h1>\n\n\n\n<div class=\"wp-block-columns is-layout-flex wp-container-30 wp-block-columns-is-layout-flex\">\n<div class=\"wp-block-column is-layout-flow wp-block-column-is-layout-flow\" style=\"flex-basis:66.66%\">\n<p class=\"has-text-align-center has-large-font-size\"><strong>2025<\/strong><\/p>\n\n\n\n<div class=\"wp-block-query is-layout-flow wp-block-query-is-layout-flow\"><ul class=\"wp-block-post-template is-layout-flow wp-block-post-template-is-layout-flow\"><li class=\"wp-block-post post-5967 post type-post status-publish format-standard has-post-thumbnail hentry category-proximos-eventos-es category-seminarios-conferencias-es tag-201\">\n\n<div class=\"wp-block-columns are-vertically-aligned-center is-layout-flex wp-container-4 wp-block-columns-is-layout-flex\" id=\"listadohome\">\n<div class=\"wp-block-column is-vertically-aligned-center is-layout-flow wp-block-column-is-layout-flow\" style=\"flex-basis:25%\"><figure class=\"wp-block-post-featured-image\"><a href=\"https:\/\/www.uhu.es\/rensma\/ponencia-exploracion-y-produccion-de-petroleo-en-campos-convencionales-y-no-convencionales\/\" target=\"_self\"  ><img loading=\"lazy\" width=\"1280\" height=\"720\" src=\"https:\/\/www.uhu.es\/rensma\/wp-content\/uploads\/2025\/04\/imagen-por-defecto.png\" class=\"attachment-post-thumbnail size-post-thumbnail wp-post-image\" alt=\"Ponencia: Exploraci\u00f3n y producci\u00f3n de petr\u00f3leo en campos convencionales y no convencionales\" decoding=\"async\" style=\"object-fit:cover;\" srcset=\"https:\/\/www.uhu.es\/rensma\/wp-content\/uploads\/2025\/04\/imagen-por-defecto.png 1280w, https:\/\/www.uhu.es\/rensma\/wp-content\/uploads\/2025\/04\/imagen-por-defecto-300x169.png 300w, https:\/\/www.uhu.es\/rensma\/wp-content\/uploads\/2025\/04\/imagen-por-defecto-1024x576.png 1024w, https:\/\/www.uhu.es\/rensma\/wp-content\/uploads\/2025\/04\/imagen-por-defecto-768x432.png 768w, https:\/\/www.uhu.es\/rensma\/wp-content\/uploads\/2025\/04\/imagen-por-defecto-50x28.png 50w\" sizes=\"(max-width: 1280px) 100vw, 1280px\" \/><\/a><\/figure><\/div>\n\n\n\n<div class=\"wp-block-column is-vertically-aligned-center is-layout-flow wp-block-column-is-layout-flow\" style=\"flex-basis:75%\"><h2 class=\"wp-block-post-title\"><a href=\"https:\/\/www.uhu.es\/rensma\/ponencia-exploracion-y-produccion-de-petroleo-en-campos-convencionales-y-no-convencionales\/\" target=\"_self\" >Ponencia: Exploraci\u00f3n y producci\u00f3n de petr\u00f3leo en campos convencionales y no convencionales<\/a><\/h2>\n\n<div class=\"wp-block-post-excerpt\"><p class=\"wp-block-post-excerpt__excerpt\">Ponente:&nbsp;Dra. Cristina Solla Hach &nbsp;Cargo:&nbsp;Petroleum Geologist, Equinor &nbsp;T\u00edtulo:&nbsp;Exploraci\u00f3n y producci\u00f3n de petr\u00f3leo en campos convencionales y no convencionales &nbsp;D\u00eda\/hora:&nbsp;lunes, 28 de abril de 2025, a las 12:00 h. &nbsp;Lugar:&nbsp;Sal\u00f3n de Actos de la Facultad de Ciencias Experimentales. Campus de El Carmen. Universidad de Huelva Resumen:&nbsp;Las cuencas petroleras del Mar del Norte y Neuquina representan dos&hellip; <\/p><\/div><\/div>\n<\/div>\n\n<\/li><li class=\"wp-block-post post-5960 post type-post status-publish format-standard has-post-thumbnail hentry category-seminarios-conferencias-es tag-201\">\n\n<div class=\"wp-block-columns are-vertically-aligned-center is-layout-flex wp-container-7 wp-block-columns-is-layout-flex\" id=\"listadohome\">\n<div class=\"wp-block-column is-vertically-aligned-center is-layout-flow wp-block-column-is-layout-flow\" style=\"flex-basis:25%\"><figure class=\"wp-block-post-featured-image\"><a href=\"https:\/\/www.uhu.es\/rensma\/ponencia-la-biodiversidad-vegetal-su-estudio-y-valoracion-un-ejemplo-en-un-parque-nacional\/\" target=\"_self\"  ><img loading=\"lazy\" width=\"1280\" height=\"720\" src=\"https:\/\/www.uhu.es\/rensma\/wp-content\/uploads\/2025\/04\/imagen-por-defecto.png\" class=\"attachment-post-thumbnail size-post-thumbnail wp-post-image\" alt=\"Ponencia: La Biodiversidad Vegetal: su estudio y valoraci\u00f3n. Un ejemplo en un Parque Nacional\" decoding=\"async\" style=\"object-fit:cover;\" srcset=\"https:\/\/www.uhu.es\/rensma\/wp-content\/uploads\/2025\/04\/imagen-por-defecto.png 1280w, https:\/\/www.uhu.es\/rensma\/wp-content\/uploads\/2025\/04\/imagen-por-defecto-300x169.png 300w, https:\/\/www.uhu.es\/rensma\/wp-content\/uploads\/2025\/04\/imagen-por-defecto-1024x576.png 1024w, https:\/\/www.uhu.es\/rensma\/wp-content\/uploads\/2025\/04\/imagen-por-defecto-768x432.png 768w, https:\/\/www.uhu.es\/rensma\/wp-content\/uploads\/2025\/04\/imagen-por-defecto-50x28.png 50w\" sizes=\"(max-width: 1280px) 100vw, 1280px\" \/><\/a><\/figure><\/div>\n\n\n\n<div class=\"wp-block-column is-vertically-aligned-center is-layout-flow wp-block-column-is-layout-flow\" style=\"flex-basis:75%\"><h2 class=\"wp-block-post-title\"><a href=\"https:\/\/www.uhu.es\/rensma\/ponencia-la-biodiversidad-vegetal-su-estudio-y-valoracion-un-ejemplo-en-un-parque-nacional\/\" target=\"_self\" >Ponencia: La Biodiversidad Vegetal: su estudio y valoraci\u00f3n. Un ejemplo en un Parque Nacional<\/a><\/h2>\n\n<div class=\"wp-block-post-excerpt\"><p class=\"wp-block-post-excerpt__excerpt\">La Direcci\u00f3n del\u00a0M\u00e1ster en Oficial en Conservaci\u00f3n de la Biodiversidad\u00a0invita al siguiente seminario, financiado por el\u00a0Centro de Investigaci\u00f3n en Recursos Naturales, Salud y Medio Ambiente\u00a0(RENSMA): Ponente:&nbsp;D. Andr\u00e9s Vicente P\u00e9rez Latorre. Profesor Titular de Universidad. \u00c1rea de Bot\u00e1nica.&nbsp; Departamento de Bot\u00e1nica y Fisiolog\u00eda Vegetal. Universidad de M\u00e1laga T\u00edtulo: \u00abLa Biodiversidad Vegetal: su estudio y valoraci\u00f3n. Un&hellip; <\/p><\/div><\/div>\n<\/div>\n\n<\/li><\/ul><\/div>\n\n\n\n<p class=\"has-text-align-center has-large-font-size\"><strong>2024<\/strong><\/p>\n\n\n\n<div class=\"wp-block-query is-layout-flow wp-block-query-is-layout-flow\"><ul class=\"wp-block-post-template is-layout-flow wp-block-post-template-is-layout-flow\"><li class=\"wp-block-post post-5829 post type-post status-publish format-standard has-post-thumbnail hentry category-actualidad-es category-proximos-eventos-es category-seminarios-conferencias-es tag-203\">\n\n<div class=\"wp-block-columns are-vertically-aligned-center is-layout-flex wp-container-12 wp-block-columns-is-layout-flex\" id=\"listadohome\">\n<div class=\"wp-block-column is-vertically-aligned-center is-layout-flow wp-block-column-is-layout-flow\" style=\"flex-basis:25%\"><figure class=\"wp-block-post-featured-image\"><a href=\"https:\/\/www.uhu.es\/rensma\/bosques-suribericos-clasificacion-fitoecologiacaracteres-funcionales-y-biogeografia\/\" target=\"_self\"  ><img loading=\"lazy\" width=\"1755\" height=\"1241\" src=\"https:\/\/www.uhu.es\/rensma\/wp-content\/uploads\/2024\/09\/cartel-Antonia-Garcia.docx_page-0001.jpg\" class=\"attachment-post-thumbnail size-post-thumbnail wp-post-image\" alt=\"Bosques surib\u00e9ricos: clasificaci\u00f3n, fitoecolog\u00eda,caracteres funcionales y biogeograf\u00eda\" decoding=\"async\" style=\"object-fit:cover;\" srcset=\"https:\/\/www.uhu.es\/rensma\/wp-content\/uploads\/2024\/09\/cartel-Antonia-Garcia.docx_page-0001.jpg 1755w, https:\/\/www.uhu.es\/rensma\/wp-content\/uploads\/2024\/09\/cartel-Antonia-Garcia.docx_page-0001-300x212.jpg 300w, https:\/\/www.uhu.es\/rensma\/wp-content\/uploads\/2024\/09\/cartel-Antonia-Garcia.docx_page-0001-1024x724.jpg 1024w, https:\/\/www.uhu.es\/rensma\/wp-content\/uploads\/2024\/09\/cartel-Antonia-Garcia.docx_page-0001-768x543.jpg 768w, https:\/\/www.uhu.es\/rensma\/wp-content\/uploads\/2024\/09\/cartel-Antonia-Garcia.docx_page-0001-50x35.jpg 50w, https:\/\/www.uhu.es\/rensma\/wp-content\/uploads\/2024\/09\/cartel-Antonia-Garcia.docx_page-0001-1600x1131.jpg 1600w, https:\/\/www.uhu.es\/rensma\/wp-content\/uploads\/2024\/09\/cartel-Antonia-Garcia.docx_page-0001-1536x1086.jpg 1536w\" sizes=\"(max-width: 1755px) 100vw, 1755px\" \/><\/a><\/figure><\/div>\n\n\n\n<div class=\"wp-block-column is-vertically-aligned-center is-layout-flow wp-block-column-is-layout-flow\" style=\"flex-basis:75%\"><h2 class=\"wp-block-post-title\"><a href=\"https:\/\/www.uhu.es\/rensma\/bosques-suribericos-clasificacion-fitoecologiacaracteres-funcionales-y-biogeografia\/\" target=\"_self\" >Bosques surib\u00e9ricos: clasificaci\u00f3n, fitoecolog\u00eda,caracteres funcionales y biogeograf\u00eda<\/a><\/h2>\n\n<div class=\"wp-block-post-excerpt\"><p class=\"wp-block-post-excerpt__excerpt\">Organizado por el Centro de Investigaci\u00f3n en Recursos Naturales, Salud y Medio Ambiente (RENSMA), dentro del Plan de acci\u00f3n Conferenciante: Prof. Andr\u00e9s Vicente P\u00e9rez Latorre Seminario: Bosques surib\u00e9ricos: clasificaci\u00f3n, fitoecolog\u00eda, caracteres funcionales y biogeograf\u00eda Fecha y lugar: Viernes, 24 de Mayo de 2024, a las 12:00h. Aula de Grados de la Facultad de Ciencias Experimentales&hellip; <\/p><\/div><\/div>\n<\/div>\n\n<\/li><li class=\"wp-block-post post-5826 post type-post status-publish format-standard has-post-thumbnail hentry category-actualidad-es category-seminarios-conferencias-es tag-203\">\n\n<div class=\"wp-block-columns are-vertically-aligned-center is-layout-flex wp-container-15 wp-block-columns-is-layout-flex\" id=\"listadohome\">\n<div class=\"wp-block-column is-vertically-aligned-center is-layout-flow wp-block-column-is-layout-flow\" style=\"flex-basis:25%\"><figure class=\"wp-block-post-featured-image\"><a href=\"https:\/\/www.uhu.es\/rensma\/chemical-metabolomics-unique-chemical-biology-tools-to-explore-gut-microbiome-metabolism\/\" target=\"_self\"  ><img loading=\"lazy\" width=\"1755\" height=\"1241\" src=\"https:\/\/www.uhu.es\/rensma\/wp-content\/uploads\/2024\/09\/Cartel-Daniel-Globisch_page-0001.jpg\" class=\"attachment-post-thumbnail size-post-thumbnail wp-post-image\" alt=\"Chemical Metabolomics &#8211; Unique Chemical Biology Tools to Explore Gut Microbiome Metabolism\" decoding=\"async\" style=\"object-fit:cover;\" srcset=\"https:\/\/www.uhu.es\/rensma\/wp-content\/uploads\/2024\/09\/Cartel-Daniel-Globisch_page-0001.jpg 1755w, https:\/\/www.uhu.es\/rensma\/wp-content\/uploads\/2024\/09\/Cartel-Daniel-Globisch_page-0001-300x212.jpg 300w, https:\/\/www.uhu.es\/rensma\/wp-content\/uploads\/2024\/09\/Cartel-Daniel-Globisch_page-0001-1024x724.jpg 1024w, https:\/\/www.uhu.es\/rensma\/wp-content\/uploads\/2024\/09\/Cartel-Daniel-Globisch_page-0001-768x543.jpg 768w, https:\/\/www.uhu.es\/rensma\/wp-content\/uploads\/2024\/09\/Cartel-Daniel-Globisch_page-0001-50x35.jpg 50w, https:\/\/www.uhu.es\/rensma\/wp-content\/uploads\/2024\/09\/Cartel-Daniel-Globisch_page-0001-1600x1131.jpg 1600w, https:\/\/www.uhu.es\/rensma\/wp-content\/uploads\/2024\/09\/Cartel-Daniel-Globisch_page-0001-1536x1086.jpg 1536w\" sizes=\"(max-width: 1755px) 100vw, 1755px\" \/><\/a><\/figure><\/div>\n\n\n\n<div class=\"wp-block-column is-vertically-aligned-center is-layout-flow wp-block-column-is-layout-flow\" style=\"flex-basis:75%\"><h2 class=\"wp-block-post-title\"><a href=\"https:\/\/www.uhu.es\/rensma\/chemical-metabolomics-unique-chemical-biology-tools-to-explore-gut-microbiome-metabolism\/\" target=\"_self\" >Chemical Metabolomics &#8211; Unique Chemical Biology Tools to Explore Gut Microbiome Metabolism<\/a><\/h2>\n\n<div class=\"wp-block-post-excerpt\"><p class=\"wp-block-post-excerpt__excerpt\">Organizado por el Centro de Investigaci\u00f3n en Recursos Naturales, Salud y Medio Ambiente (RENSMA) dentro de su Plan de acci\u00f3n del a\u00f1o 2024 Conferenciante: D. Daniel Globisch Seminario: Chemical Metabolomics &#8211; Unique Chemical Biology Tools to Explore Gut Microbiome Metabolism Fecha y lugar: Martes, 07 de Mayo de 2024, a las 12:00h. Aula de Grados&hellip; <\/p><\/div><\/div>\n<\/div>\n\n<\/li><li class=\"wp-block-post post-5832 post type-post status-publish format-standard has-post-thumbnail hentry category-actualidad-es category-seminarios-conferencias-es tag-203\">\n\n<div class=\"wp-block-columns are-vertically-aligned-center is-layout-flex wp-container-18 wp-block-columns-is-layout-flex\" id=\"listadohome\">\n<div class=\"wp-block-column is-vertically-aligned-center is-layout-flow wp-block-column-is-layout-flow\" style=\"flex-basis:25%\"><figure class=\"wp-block-post-featured-image\"><a href=\"https:\/\/www.uhu.es\/rensma\/la-medida-de-c-14-con-aceleradores-y-su-aplicacion-a-la-datacion-datacion-por-c14-arqueologia-y-mas\/\" target=\"_self\"  ><img loading=\"lazy\" width=\"1755\" height=\"1241\" src=\"https:\/\/www.uhu.es\/rensma\/wp-content\/uploads\/2024\/09\/cartel-F.J.-SANTOS-2024_page-0001.jpg\" class=\"attachment-post-thumbnail size-post-thumbnail wp-post-image\" alt=\"La medida de C-14 con aceleradores y su aplicaci\u00f3n a la dataci\u00f3n (Dataci\u00f3n por C14: arqueolog\u00eda y m\u00e1s)\" decoding=\"async\" style=\"object-fit:cover;\" srcset=\"https:\/\/www.uhu.es\/rensma\/wp-content\/uploads\/2024\/09\/cartel-F.J.-SANTOS-2024_page-0001.jpg 1755w, https:\/\/www.uhu.es\/rensma\/wp-content\/uploads\/2024\/09\/cartel-F.J.-SANTOS-2024_page-0001-300x212.jpg 300w, https:\/\/www.uhu.es\/rensma\/wp-content\/uploads\/2024\/09\/cartel-F.J.-SANTOS-2024_page-0001-1024x724.jpg 1024w, https:\/\/www.uhu.es\/rensma\/wp-content\/uploads\/2024\/09\/cartel-F.J.-SANTOS-2024_page-0001-768x543.jpg 768w, https:\/\/www.uhu.es\/rensma\/wp-content\/uploads\/2024\/09\/cartel-F.J.-SANTOS-2024_page-0001-50x35.jpg 50w, https:\/\/www.uhu.es\/rensma\/wp-content\/uploads\/2024\/09\/cartel-F.J.-SANTOS-2024_page-0001-1600x1131.jpg 1600w, https:\/\/www.uhu.es\/rensma\/wp-content\/uploads\/2024\/09\/cartel-F.J.-SANTOS-2024_page-0001-1536x1086.jpg 1536w\" sizes=\"(max-width: 1755px) 100vw, 1755px\" \/><\/a><\/figure><\/div>\n\n\n\n<div class=\"wp-block-column is-vertically-aligned-center is-layout-flow wp-block-column-is-layout-flow\" style=\"flex-basis:75%\"><h2 class=\"wp-block-post-title\"><a href=\"https:\/\/www.uhu.es\/rensma\/la-medida-de-c-14-con-aceleradores-y-su-aplicacion-a-la-datacion-datacion-por-c14-arqueologia-y-mas\/\" target=\"_self\" >La medida de C-14 con aceleradores y su aplicaci\u00f3n a la dataci\u00f3n (Dataci\u00f3n por C14: arqueolog\u00eda y m\u00e1s)<\/a><\/h2>\n\n<div class=\"wp-block-post-excerpt\"><p class=\"wp-block-post-excerpt__excerpt\">Organizado por el Centro de Investigaci\u00f3n en Recursos Naturales, Salud y Medio Ambiente (RENSMA), dentro del Plan de Acci\u00f3n Conferenciante: Prof. Francisco Javier Santos Ar\u00e9valo Seminario: La medida de C-14 con aceleradores y su aplicaci\u00f3n a la dataci\u00f3n (Dataci\u00f3n por C14: arqueolog\u00eda y m\u00e1s) Fecha y lugar: Viernes, 26 de Abril de 2024, a las&hellip; <\/p><\/div><\/div>\n<\/div>\n\n<\/li><li class=\"wp-block-post post-5275 post type-post status-publish format-standard has-post-thumbnail hentry category-actualidad-es category-seminarios-conferencias-es tag-203\">\n\n<div class=\"wp-block-columns are-vertically-aligned-center is-layout-flex wp-container-21 wp-block-columns-is-layout-flex\" id=\"listadohome\">\n<div class=\"wp-block-column is-vertically-aligned-center is-layout-flow wp-block-column-is-layout-flow\" style=\"flex-basis:25%\"><figure class=\"wp-block-post-featured-image\"><a href=\"https:\/\/www.uhu.es\/rensma\/controles-ambientales-previstos-para-evitar-problemas-de-contaminacion-del-agua-en-minera-los-frailes-aznalcollar\/\" target=\"_self\"  ><img loading=\"lazy\" width=\"1755\" height=\"1241\" src=\"https:\/\/www.uhu.es\/rensma\/wp-content\/uploads\/2024\/04\/cartel-Enrique_page-0001.jpg\" class=\"attachment-post-thumbnail size-post-thumbnail wp-post-image\" alt=\"Controles ambientales previstos para evitar problemas de contaminaci\u00f3n del agua en Minera Los Frailes (Aznalc\u00f3llar)\" decoding=\"async\" style=\"object-fit:cover;\" srcset=\"https:\/\/www.uhu.es\/rensma\/wp-content\/uploads\/2024\/04\/cartel-Enrique_page-0001.jpg 1755w, https:\/\/www.uhu.es\/rensma\/wp-content\/uploads\/2024\/04\/cartel-Enrique_page-0001-300x212.jpg 300w, https:\/\/www.uhu.es\/rensma\/wp-content\/uploads\/2024\/04\/cartel-Enrique_page-0001-1024x724.jpg 1024w, https:\/\/www.uhu.es\/rensma\/wp-content\/uploads\/2024\/04\/cartel-Enrique_page-0001-768x543.jpg 768w, https:\/\/www.uhu.es\/rensma\/wp-content\/uploads\/2024\/04\/cartel-Enrique_page-0001-50x35.jpg 50w, https:\/\/www.uhu.es\/rensma\/wp-content\/uploads\/2024\/04\/cartel-Enrique_page-0001-1600x1131.jpg 1600w, https:\/\/www.uhu.es\/rensma\/wp-content\/uploads\/2024\/04\/cartel-Enrique_page-0001-1536x1086.jpg 1536w\" sizes=\"(max-width: 1755px) 100vw, 1755px\" \/><\/a><\/figure><\/div>\n\n\n\n<div class=\"wp-block-column is-vertically-aligned-center is-layout-flow wp-block-column-is-layout-flow\" style=\"flex-basis:75%\"><h2 class=\"wp-block-post-title\"><a href=\"https:\/\/www.uhu.es\/rensma\/controles-ambientales-previstos-para-evitar-problemas-de-contaminacion-del-agua-en-minera-los-frailes-aznalcollar\/\" target=\"_self\" >Controles ambientales previstos para evitar problemas de contaminaci\u00f3n del agua en Minera Los Frailes (Aznalc\u00f3llar)<\/a><\/h2>\n\n<div class=\"wp-block-post-excerpt\"><p class=\"wp-block-post-excerpt__excerpt\">Organizado por el Centro de Investigaci\u00f3n en Recursos Naturales, Salud y Medio Ambiente (RENSMA). Conferenciante: D. Enrique Olivas M\u00e9ndez Seminario: Controles ambientales previstos para evitar problemas de contaminaci\u00f3n del agua en Minera Los Frailes (Aznalc\u00f3llar) Fecha y lugar: Lunes, 22 de Abril de 2024, a las 12:00h. Aula de Grados de la Facultad de Ciencias&hellip; <\/p><\/div><\/div>\n<\/div>\n\n<\/li><li class=\"wp-block-post post-5835 post type-post status-publish format-standard has-post-thumbnail hentry category-actualidad-es category-seminarios-conferencias-es tag-203\">\n\n<div class=\"wp-block-columns are-vertically-aligned-center is-layout-flex wp-container-24 wp-block-columns-is-layout-flex\" id=\"listadohome\">\n<div class=\"wp-block-column is-vertically-aligned-center is-layout-flow wp-block-column-is-layout-flow\" style=\"flex-basis:25%\"><figure class=\"wp-block-post-featured-image\"><a href=\"https:\/\/www.uhu.es\/rensma\/los-residuos-electronicos-en-el-siglo-xxi\/\" target=\"_self\"  ><img loading=\"lazy\" width=\"1755\" height=\"1241\" src=\"https:\/\/www.uhu.es\/rensma\/wp-content\/uploads\/2024\/09\/cartel-Alexis-landero_page-0001.jpg\" class=\"attachment-post-thumbnail size-post-thumbnail wp-post-image\" alt=\"Los residuos electr\u00f3nicos en el siglo XXI\" decoding=\"async\" style=\"object-fit:cover;\" srcset=\"https:\/\/www.uhu.es\/rensma\/wp-content\/uploads\/2024\/09\/cartel-Alexis-landero_page-0001.jpg 1755w, https:\/\/www.uhu.es\/rensma\/wp-content\/uploads\/2024\/09\/cartel-Alexis-landero_page-0001-300x212.jpg 300w, https:\/\/www.uhu.es\/rensma\/wp-content\/uploads\/2024\/09\/cartel-Alexis-landero_page-0001-1024x724.jpg 1024w, https:\/\/www.uhu.es\/rensma\/wp-content\/uploads\/2024\/09\/cartel-Alexis-landero_page-0001-768x543.jpg 768w, https:\/\/www.uhu.es\/rensma\/wp-content\/uploads\/2024\/09\/cartel-Alexis-landero_page-0001-50x35.jpg 50w, https:\/\/www.uhu.es\/rensma\/wp-content\/uploads\/2024\/09\/cartel-Alexis-landero_page-0001-1600x1131.jpg 1600w, https:\/\/www.uhu.es\/rensma\/wp-content\/uploads\/2024\/09\/cartel-Alexis-landero_page-0001-1536x1086.jpg 1536w\" sizes=\"(max-width: 1755px) 100vw, 1755px\" \/><\/a><\/figure><\/div>\n\n\n\n<div class=\"wp-block-column is-vertically-aligned-center is-layout-flow wp-block-column-is-layout-flow\" style=\"flex-basis:75%\"><h2 class=\"wp-block-post-title\"><a href=\"https:\/\/www.uhu.es\/rensma\/los-residuos-electronicos-en-el-siglo-xxi\/\" target=\"_self\" >Los residuos electr\u00f3nicos en el siglo XXI<\/a><\/h2>\n\n<div class=\"wp-block-post-excerpt\"><p class=\"wp-block-post-excerpt__excerpt\">Organizado por el Centro de Investigaci\u00f3n en Recursos Naturales, Salud y Medio Ambiente (RENSMA), dentro del Plan de Acci\u00f3n Conferenciante: D. Alexis landero Madro\u00f1al Seminario: Los residuos electr\u00f3nicos en el siglo XXI Fecha y lugar: Martes, 09 de Enero de 2024, a las 12:00h. Aula de Grados de la Facultad de Ciencias Experimentales \u00a1Os esperamos! <\/p><\/div><\/div>\n<\/div>\n\n<\/li><\/ul><\/div>\n<\/div>\n\n\n\n<div class=\"wp-block-column is-layout-flow wp-block-column-is-layout-flow\" style=\"flex-basis:33.33%\">\n<div class=\"wp-block-buttons is-vertical is-content-justification-center is-layout-flex wp-container-28 wp-block-buttons-is-layout-flex\">\n<div class=\"wp-block-button is-style-fill\"><a class=\"wp-block-button__link wp-element-button\" href=\"https:\/\/www.uhu.es\/rensma\/seminario-conferencias\/\" style=\"border-radius:0px\">Seminarios, Cursos y Conferencias<\/a><\/div>\n\n\n\n<div class=\"wp-block-button\"><a class=\"wp-block-button__link wp-element-button\" href=\"https:\/\/www.uhu.es\/rensma\/masteres\/\" style=\"border-radius:0px\">M\u00e1steres<\/a><\/div>\n\n\n\n<div class=\"wp-block-button\"><a class=\"wp-block-button__link wp-element-button\" href=\"https:\/\/www.uhu.es\/rensma\/defensa-tesis-doctorales\/\" style=\"border-radius:0px\">Doctorado<\/a><\/div>\n<\/div>\n\n\n\n<div style=\"height:50px\" aria-hidden=\"true\" class=\"wp-block-spacer\"><\/div>\n<\/div>\n<\/div>\n","protected":false},"excerpt":{"rendered":"<p>Seminario, Cursos y Conferencias 2025 2024<\/p>\n","protected":false},"author":2,"featured_media":0,"parent":0,"menu_order":0,"comment_status":"closed","ping_status":"closed","template":"","meta":{"site-sidebar-layout":"default","site-content-layout":"","ast-site-content-layout":"","site-content-style":"default","site-sidebar-style":"default","ast-global-header-display":"","ast-banner-title-visibility":"","ast-main-header-display":"","ast-hfb-above-header-display":"","ast-hfb-below-header-display":"","ast-hfb-mobile-header-display":"","site-post-title":"","ast-breadcrumbs-content":"","ast-featured-img":"","footer-sml-layout":"","theme-transparent-header-meta":"","adv-header-id-meta":"","stick-header-meta":"","header-above-stick-meta":"","header-main-stick-meta":"","header-below-stick-meta":"","astra-migrate-meta-layouts":"","footnotes":""},"_links":{"self":[{"href":"https:\/\/www.uhu.es\/rensma\/wp-json\/wp\/v2\/pages\/206"}],"collection":[{"href":"https:\/\/www.uhu.es\/rensma\/wp-json\/wp\/v2\/pages"}],"about":[{"href":"https:\/\/www.uhu.es\/rensma\/wp-json\/wp\/v2\/types\/page"}],"author":[{"embeddable":true,"href":"https:\/\/www.uhu.es\/rensma\/wp-json\/wp\/v2\/users\/2"}],"replies":[{"embeddable":true,"href":"https:\/\/www.uhu.es\/rensma\/wp-json\/wp\/v2\/comments?post=206"}],"version-history":[{"count":15,"href":"https:\/\/www.uhu.es\/rensma\/wp-json\/wp\/v2\/pages\/206\/revisions"}],"predecessor-version":[{"id":5966,"href":"https:\/\/www.uhu.es\/rensma\/wp-json\/wp\/v2\/pages\/206\/revisions\/5966"}],"wp:attachment":[{"href":"https:\/\/www.uhu.es\/rensma\/wp-json\/wp\/v2\/media?parent=206"}],"curies":[{"name":"wp","href":"https:\/\/api.w.org\/{rel}","templated":true}]}}