{"id":2077,"date":"2020-01-25T18:01:35","date_gmt":"2020-01-25T17:01:35","guid":{"rendered":"http:\/\/www.uhu.es\/rensma\/?page_id=2077"},"modified":"2024-02-22T11:31:32","modified_gmt":"2024-02-22T10:31:32","slug":"master-oficial-en-geologia-y-gestion-ambiental-de-los-recursos-minerales","status":"publish","type":"page","link":"https:\/\/www.uhu.es\/rensma\/master-oficial-en-geologia-y-gestion-ambiental-de-los-recursos-minerales\/","title":{"rendered":"M\u00e1ster Oficial en Geolog\u00eda y Gestion Ambiental de los Recursos Minerales"},"content":{"rendered":"\n<figure class=\"wp-block-image\"><img decoding=\"async\" loading=\"lazy\" width=\"958\" height=\"174\" src=\"https:\/\/www.uhu.es\/rensma\/wp-content\/uploads\/2020\/01\/cab_09.jpg\" alt=\"\" class=\"wp-image-2111\" srcset=\"https:\/\/www.uhu.es\/rensma\/wp-content\/uploads\/2020\/01\/cab_09.jpg 958w, https:\/\/www.uhu.es\/rensma\/wp-content\/uploads\/2020\/01\/cab_09-300x54.jpg 300w, https:\/\/www.uhu.es\/rensma\/wp-content\/uploads\/2020\/01\/cab_09-768x139.jpg 768w\" sizes=\"(max-width: 958px) 100vw, 958px\" \/><\/figure>\n\n\n\n<figure class=\"wp-block-image aligncenter\"><a href=\"https:\/\/www.uhu.es\/rensma\/wp-content\/uploads\/2020\/01\/Geologia.pdf\" target=\"_blank\" rel=\"noreferrer noopener\"><img decoding=\"async\" loading=\"lazy\" width=\"632\" height=\"114\" src=\"https:\/\/www.uhu.es\/rensma\/wp-content\/uploads\/2020\/01\/MEMORIA.png\" alt=\"\" class=\"wp-image-2089\" srcset=\"https:\/\/www.uhu.es\/rensma\/wp-content\/uploads\/2020\/01\/MEMORIA.png 632w, https:\/\/www.uhu.es\/rensma\/wp-content\/uploads\/2020\/01\/MEMORIA-300x54.png 300w\" sizes=\"(max-width: 632px) 100vw, 632px\" \/><\/a><\/figure>\n\n\n\n<figure class=\"wp-block-image alignright\"><img decoding=\"async\" src=\"blob:http:\/\/www.uhu.es\/555f0a22-1019-4b05-b7b1-87a7fde9fafd\" alt=\"\"\/><\/figure>\n\n\n<ul>\n<li><strong>M\u00e1ster interuniversitario:<\/strong> Universidad de Huelva (UHU) y Universidad Internacional de Andaluc\u00eda (UNIA)<\/li>\n<li><strong>Duraci\u00f3n del m\u00e1ster:<\/strong> 60 cr\u00e9ditos ECTS<\/li>\n<li><strong>Modalidad de ense\u00f1anza:<\/strong> Presencial<\/li>\n<li><strong>Lugar donde se imparte:<\/strong> La R\u00e1bida (sede Iberoamericana de la UNIA)<\/li>\n<li><strong>Idioma en que se imparte: <\/strong>Castellano<\/li>\n<li><strong>N\u00famero de plazas de nuevo ingreso<\/strong>: 30 plazas (15 UHU y 15 UNIA)<\/li>\n<\/ul>\n<p>Su objetivo principal es proporcionar una ense\u00f1anza integradora de las ciencias de la tierra y del medio ambiente en la investigaci\u00f3n y gesti\u00f3n de los recursos minerales de una forma sostenible. El M\u00e1ster aporta una especializaci\u00f3n en la metodolog\u00eda y t\u00e9cnicas aplicadas al estudio de los yacimientos minerales, y al an\u00e1lisis, control y remediaci\u00f3n de la contaminaci\u00f3n relacionada con miner\u00eda activa y abandonada, mediante numerosas pr\u00e1cticas de campo y en empresas del sector minero.<\/p>\n<p>Los alumnos que accedan al M\u00e1ster deber\u00e1n de tener una formaci\u00f3n b\u00e1sica en los aspectos geol\u00f3gicos y ambientales relacionados con los recursos minerales. Los titulados que se adecuan a esa formaci\u00f3n son los licenciados y graduados en Geolog\u00eda, Ingenieros ge\u00f3logos e ingenieros de minas. Otros alumnos con titulaciones afines en ciencias ambientales, qu\u00edmica, f\u00edsica, farmacia, ciencias del mar, y otras ingenier\u00edas.<\/p>\n<p>Salidas Profesionales: Todas las relacionadas con investigaci\u00f3n y exploraci\u00f3n minera, geolog\u00eda de explotaci\u00f3n de recursos minerales, como t\u00e9cnico en exploraci\u00f3n minera y en explotaci\u00f3n de mina. T\u00e9cnico en la gesti\u00f3n y el an\u00e1lisis ambiental de proyectos mineros activos y en regiones con miner\u00eda antigua. Como investigador en el campo de la geolog\u00eda de yacimientos minerales, y en el del an\u00e1lisis ambiental en zonas contaminadas.<\/p>\n<p><strong>Centro responsable: <\/strong>Facultad de Ciencias Experimentales \/ Tel\u00e9fono: 959 21 94 63<br \/><strong>Director del M\u00e1ster:<\/strong> Dr. Gabriel Ruiz de Almod\u00f3var \/ Email: almodovar@uhu.es<\/p>\n<p>Para m\u00e1s informaci\u00f3n sobre m\u00e1steres oficiales, planes de estudio, requisitos acad\u00e9micos, reconocimiento de cr\u00e9ditos&#8230;<\/p>\n<p><strong>E-mail: <\/strong>info.masteres@uhu.es<\/p>\n\n\n<figure class=\"wp-block-image alignright\"><a href=\"https:\/\/www.uhu.es\/rensma\/wp-content\/uploads\/2020\/01\/MOF-161816-Geologa-y-Gestin-Ambiental-de-los-Recursos-Minerales.pdf\" target=\"_blank\" rel=\"noreferrer noopener\"><img decoding=\"async\" loading=\"lazy\" width=\"210\" height=\"94\" src=\"https:\/\/www.uhu.es\/rensma\/wp-content\/uploads\/2020\/01\/ASIGNATURASROJO-1.jpg\" alt=\"\" class=\"wp-image-2101\"\/><\/a><\/figure>\n\n\n\n<figure class=\"wp-block-image alignright\"><a href=\"http:\/\/uhu.es\/recursosminerales\/index.html\" target=\"_blank\" rel=\"noreferrer noopener\"><img decoding=\"async\" loading=\"lazy\" width=\"210\" height=\"94\" src=\"https:\/\/www.uhu.es\/rensma\/wp-content\/uploads\/2020\/01\/web-1.jpg\" alt=\"\" class=\"wp-image-2100\"\/><\/a><\/figure>\n\n\n\n<p><\/p>\n\n\n\n<p><\/p>\n","protected":false},"excerpt":{"rendered":"<p>M\u00e1ster interuniversitario: Universidad de Huelva (UHU) y Universidad Internacional de Andaluc\u00eda (UNIA) Duraci\u00f3n del m\u00e1ster: 60 cr\u00e9ditos ECTS Modalidad de ense\u00f1anza: Presencial Lugar donde se imparte: La R\u00e1bida (sede Iberoamericana de la UNIA) Idioma en que se imparte: Castellano N\u00famero de plazas de nuevo ingreso: 30 plazas (15 UHU y 15 UNIA) Su objetivo principal &hellip;<\/p>\n<p class=\"read-more\"> <a class=\"\" href=\"https:\/\/www.uhu.es\/rensma\/master-oficial-en-geologia-y-gestion-ambiental-de-los-recursos-minerales\/\"> <span class=\"screen-reader-text\">M\u00e1ster Oficial en Geolog\u00eda y Gestion Ambiental de los Recursos Minerales<\/span> Leer m\u00e1s &raquo;<\/a><\/p>\n","protected":false},"author":2,"featured_media":0,"parent":0,"menu_order":0,"comment_status":"closed","ping_status":"closed","template":"","meta":{"site-sidebar-layout":"default","site-content-layout":"","ast-site-content-layout":"","site-content-style":"default","site-sidebar-style":"default","ast-global-header-display":"","ast-banner-title-visibility":"","ast-main-header-display":"","ast-hfb-above-header-display":"","ast-hfb-below-header-display":"","ast-hfb-mobile-header-display":"","site-post-title":"","ast-breadcrumbs-content":"","ast-featured-img":"","footer-sml-layout":"","theme-transparent-header-meta":"","adv-header-id-meta":"","stick-header-meta":"","header-above-stick-meta":"","header-main-stick-meta":"","header-below-stick-meta":"","astra-migrate-meta-layouts":"","footnotes":""},"_links":{"self":[{"href":"https:\/\/www.uhu.es\/rensma\/wp-json\/wp\/v2\/pages\/2077"}],"collection":[{"href":"https:\/\/www.uhu.es\/rensma\/wp-json\/wp\/v2\/pages"}],"about":[{"href":"https:\/\/www.uhu.es\/rensma\/wp-json\/wp\/v2\/types\/page"}],"author":[{"embeddable":true,"href":"https:\/\/www.uhu.es\/rensma\/wp-json\/wp\/v2\/users\/2"}],"replies":[{"embeddable":true,"href":"https:\/\/www.uhu.es\/rensma\/wp-json\/wp\/v2\/comments?post=2077"}],"version-history":[{"count":28,"href":"https:\/\/www.uhu.es\/rensma\/wp-json\/wp\/v2\/pages\/2077\/revisions"}],"predecessor-version":[{"id":4991,"href":"https:\/\/www.uhu.es\/rensma\/wp-json\/wp\/v2\/pages\/2077\/revisions\/4991"}],"wp:attachment":[{"href":"https:\/\/www.uhu.es\/rensma\/wp-json\/wp\/v2\/media?parent=2077"}],"curies":[{"name":"wp","href":"https:\/\/api.w.org\/{rel}","templated":true}]}}