{"id":2125,"date":"2020-01-25T19:53:24","date_gmt":"2020-01-25T18:53:24","guid":{"rendered":"http:\/\/www.uhu.es\/rensma\/?page_id=2125"},"modified":"2024-02-22T11:27:57","modified_gmt":"2024-02-22T10:27:57","slug":"master-oficial-en-quimica-aplicada","status":"publish","type":"page","link":"https:\/\/www.uhu.es\/rensma\/master-oficial-en-quimica-aplicada\/","title":{"rendered":"M\u00e1ster Oficial en Qu\u00edmica Aplicada"},"content":{"rendered":"\n<figure class=\"wp-block-image\"><img decoding=\"async\" loading=\"lazy\" width=\"958\" height=\"174\" src=\"https:\/\/www.uhu.es\/rensma\/wp-content\/uploads\/2020\/01\/cab_10.jpg\" alt=\"\" class=\"wp-image-2126\" srcset=\"https:\/\/www.uhu.es\/rensma\/wp-content\/uploads\/2020\/01\/cab_10.jpg 958w, https:\/\/www.uhu.es\/rensma\/wp-content\/uploads\/2020\/01\/cab_10-300x54.jpg 300w, https:\/\/www.uhu.es\/rensma\/wp-content\/uploads\/2020\/01\/cab_10-768x139.jpg 768w\" sizes=\"(max-width: 958px) 100vw, 958px\" \/><\/figure>\n\n\n<ul>\n<li><b>Duraci\u00f3n del m\u00e1ster:<\/b> 60 cr\u00e9ditos ECTS<\/li>\n<li><b>Modalidad de ense\u00f1anza:<\/b> Presencial<\/li>\n<li><b>Lugar donde se imparte:<\/b> Facultad de Ciencias Experimentales<\/li>\n<li><b>Idioma en que se imparte:<\/b> Castellano<\/li>\n<li><b>N\u00famero de plazas de nuevo ingreso:<\/b> (por UHU) 30<\/li>\n<\/ul>\n<p>T\u00edtulo en el que participan cuatro universidades andaluzas (C\u00f3rdoba, Ja\u00e9n, Huelva y M\u00e1laga) cuya interacci\u00f3n genera sinergias que proporcionan un espacio acad\u00e9mico \u00fanico para la formaci\u00f3n a nivel de posgrado en Qu\u00edmica. Asimismo la formaci\u00f3n que se propone permite atender a la demanda social requerida por los profesionales de este campo, planteada por el entorno productivo, industrial y empresarial relacionado con la Qu\u00edmica.<\/p>\n<p>El M\u00e1ster est\u00e1 dirigido a graduados en Qu\u00edmica o en otras titulaciones relacionadas con las Ciencias y las Ingenier\u00edas como Farmacia, Biolog\u00eda, Biotecnologia, bioqu\u00edmica, Ingenier\u00eda Qu\u00edmica, Enolog\u00eda, Ciencia y Tecnolog\u00eda de los Alimentos, Ciencias Ambientales, Ciencias del Mar, y otras an\u00e1logas.<\/p>\n<p>Salidas Profesionales: Aunque el M\u00e1ster tiene un perfil investigador adecuado para la etapa formativa previa al doctorado, tambi\u00e9n contempla la formaci\u00f3n necesaria para la proyecci\u00f3n al entorno social de los egresados basada en la realizaci\u00f3n de pr\u00e1cticas en empresas tanto en el campo industrial como docente y de gesti\u00f3n. Sobre la base del car\u00e1cter especializado y multidisciplinar del m\u00e1ster faculta para la incorporaci\u00f3n al mercado laboral especialmente en relaci\u00f3n con los diversos sectores aplicados de la Qu\u00edmica.<\/p>\n<p><b>Centro responsable:<\/b> Facultad de Ciencias Experimentales \/ <b>Tel\u00e9fono:<\/b> 959219464\/66 <br \/><b>Director\/a del M\u00e1ster:<\/b> Dr. D. Jes\u00fas Fern\u00e1ndez Arteaga \/ <b>Email:<\/b> jesus.fernandez@diq.uhu.es<\/p>\n<p>Para m\u00e1s informaci\u00f3n sobre m\u00e1steres oficiales, planes de estudio, requisitos acad\u00e9micos, reconocimiento de cr\u00e9ditos&#8230; <br \/><b>E-mail:<\/b> info.masteres@uhu.es<\/p>\n<figure class=\"wp-block-image\"><a href=\"https:\/\/www.uhu.es\/rensma\/wp-content\/uploads\/2020\/01\/plan_de_estudios_quimica_aplicada.pdf\" target=\"_blank\" rel=\"noopener noreferrer\"><img decoding=\"async\" loading=\"lazy\" class=\"alignright wp-image-2095\" src=\"https:\/\/www.uhu.es\/rensma\/wp-content\/uploads\/2020\/01\/ASIGNATURASROJO-1.jpg\" alt=\"\" width=\"210\" height=\"94\" \/><\/a><a href=\"https:\/\/www.uco.es\/estudios\/idep\/master-quimica-aplicada-interuniversitario-uco-uhu-uja-uma#inicio\" target=\"_blank\" rel=\"noopener noreferrer\"><img decoding=\"async\" loading=\"lazy\" class=\"alignright wp-image-2095\" src=\"https:\/\/www.uhu.es\/rensma\/wp-content\/uploads\/2020\/01\/web.jpg\" alt=\"\" width=\"210\" height=\"94\" \/><\/a><\/figure>","protected":false},"excerpt":{"rendered":"<p>Duraci\u00f3n del m\u00e1ster: 60 cr\u00e9ditos ECTS Modalidad de ense\u00f1anza: Presencial Lugar donde se imparte: Facultad de Ciencias Experimentales Idioma en que se imparte: Castellano N\u00famero de plazas de nuevo ingreso: (por UHU) 30 T\u00edtulo en el que participan cuatro universidades andaluzas (C\u00f3rdoba, Ja\u00e9n, Huelva y M\u00e1laga) cuya interacci\u00f3n genera sinergias que proporcionan un espacio acad\u00e9mico &hellip;<\/p>\n<p class=\"read-more\"> <a class=\"\" href=\"https:\/\/www.uhu.es\/rensma\/master-oficial-en-quimica-aplicada\/\"> <span class=\"screen-reader-text\">M\u00e1ster Oficial en Qu\u00edmica Aplicada<\/span> Leer m\u00e1s &raquo;<\/a><\/p>\n","protected":false},"author":2,"featured_media":0,"parent":0,"menu_order":0,"comment_status":"closed","ping_status":"closed","template":"","meta":{"site-sidebar-layout":"default","site-content-layout":"","ast-site-content-layout":"","site-content-style":"default","site-sidebar-style":"default","ast-global-header-display":"","ast-banner-title-visibility":"","ast-main-header-display":"","ast-hfb-above-header-display":"","ast-hfb-below-header-display":"","ast-hfb-mobile-header-display":"","site-post-title":"","ast-breadcrumbs-content":"","ast-featured-img":"","footer-sml-layout":"","theme-transparent-header-meta":"","adv-header-id-meta":"","stick-header-meta":"","header-above-stick-meta":"","header-main-stick-meta":"","header-below-stick-meta":"","astra-migrate-meta-layouts":"","footnotes":""},"_links":{"self":[{"href":"https:\/\/www.uhu.es\/rensma\/wp-json\/wp\/v2\/pages\/2125"}],"collection":[{"href":"https:\/\/www.uhu.es\/rensma\/wp-json\/wp\/v2\/pages"}],"about":[{"href":"https:\/\/www.uhu.es\/rensma\/wp-json\/wp\/v2\/types\/page"}],"author":[{"embeddable":true,"href":"https:\/\/www.uhu.es\/rensma\/wp-json\/wp\/v2\/users\/2"}],"replies":[{"embeddable":true,"href":"https:\/\/www.uhu.es\/rensma\/wp-json\/wp\/v2\/comments?post=2125"}],"version-history":[{"count":2,"href":"https:\/\/www.uhu.es\/rensma\/wp-json\/wp\/v2\/pages\/2125\/revisions"}],"predecessor-version":[{"id":4988,"href":"https:\/\/www.uhu.es\/rensma\/wp-json\/wp\/v2\/pages\/2125\/revisions\/4988"}],"wp:attachment":[{"href":"https:\/\/www.uhu.es\/rensma\/wp-json\/wp\/v2\/media?parent=2125"}],"curies":[{"name":"wp","href":"https:\/\/api.w.org\/{rel}","templated":true}]}}