{"id":275,"date":"2019-04-04T10:13:37","date_gmt":"2019-04-04T08:13:37","guid":{"rendered":"http:\/\/www.uhu.es\/rensma\/?page_id=275"},"modified":"2025-06-10T08:53:11","modified_gmt":"2025-06-10T06:53:11","slug":"presentacion-ymac","status":"publish","type":"page","link":"https:\/\/www.uhu.es\/rensma\/presentacion-ymac\/","title":{"rendered":"Presentaci\u00f3n"},"content":{"rendered":"\n<div class=\"wp-block-cover alignfull is-light\"><span aria-hidden=\"true\" class=\"wp-block-cover__background has-background-dim\"><\/span><img decoding=\"async\" loading=\"lazy\" width=\"940\" height=\"300\" class=\"wp-block-cover__image-background wp-image-806\" alt=\"\" src=\"https:\/\/www.uhu.es\/rensma\/wp-content\/uploads\/2019\/06\/Slider.jpg\" data-object-fit=\"cover\" srcset=\"https:\/\/www.uhu.es\/rensma\/wp-content\/uploads\/2019\/06\/Slider.jpg 940w, https:\/\/www.uhu.es\/rensma\/wp-content\/uploads\/2019\/06\/Slider-300x96.jpg 300w, https:\/\/www.uhu.es\/rensma\/wp-content\/uploads\/2019\/06\/Slider-768x245.jpg 768w\" sizes=\"(max-width: 940px) 100vw, 940px\" \/><div class=\"wp-block-cover__inner-container is-layout-constrained wp-block-cover-is-layout-constrained\">\n<p class=\"has-text-align-center has-large-font-size\"><\/p>\n\n\n\n<div style=\"height:100px\" aria-hidden=\"true\" class=\"wp-block-spacer\"><\/div>\n<\/div><\/div>\n\n\n\n<h1 class=\"wp-block-heading has-text-align-center\" style=\"margin-top:var(--wp--preset--spacing--70)\"><strong>Unidad de Recursos Minerales<\/strong><\/h1>\n\n\n\n<div class=\"wp-block-columns is-layout-flex wp-container-6 wp-block-columns-is-layout-flex\">\n<div class=\"wp-block-column is-layout-flow wp-block-column-is-layout-flow\" style=\"flex-basis:33.33%\">\n<p class=\"has-ast-global-color-5-color has-ast-global-color-0-background-color has-text-color has-background\">Men\u00fa laboratorio<\/p>\n\n\n<nav class=\" is-vertical wp-block-navigation is-layout-flex wp-container-3 wp-block-navigation-is-layout-flex\" aria-label=\"Menu YMAC\"><ul class=\"wp-block-navigation__container  is-vertical wp-block-navigation\"><li class=\" wp-block-navigation-item wp-block-navigation-link\"><a class=\"wp-block-navigation-item__content\"  href=\"https:\/\/www.uhu.es\/rensma\/presentacion-ymac\/\"><span class=\"wp-block-navigation-item__label\">Presentaci\u00f3n<\/span><\/a><\/li><li class=\" wp-block-navigation-item wp-block-navigation-link\"><a class=\"wp-block-navigation-item__content\"  href=\"https:\/\/www.uhu.es\/rensma\/lineas-de-investigacion-ymac\/\"><span class=\"wp-block-navigation-item__label\">L\u00edneas de Investigaci\u00f3n<\/span><\/a><\/li><li class=\" wp-block-navigation-item wp-block-navigation-link\"><a class=\"wp-block-navigation-item__content\"  href=\"https:\/\/www.uhu.es\/rensma\/miembros-ymac\/\"><span class=\"wp-block-navigation-item__label\">Miembros<\/span><\/a><\/li><li class=\" wp-block-navigation-item wp-block-navigation-link\"><a class=\"wp-block-navigation-item__content\"  href=\"https:\/\/www.uhu.es\/rensma\/proyectos-ymac\/\"><span class=\"wp-block-navigation-item__label\">Proyectos<\/span><\/a><\/li><li class=\" wp-block-navigation-item wp-block-navigation-link\"><a class=\"wp-block-navigation-item__content\"  href=\"https:\/\/www.uhu.es\/rensma\/publicaciones-ymac\/\"><span class=\"wp-block-navigation-item__label\">Publicaciones<\/span><\/a><\/li><li class=\" wp-block-navigation-item wp-block-navigation-link\"><a class=\"wp-block-navigation-item__content\"  href=\"https:\/\/www.uhu.es\/rensma\/infraestructuras-ymac\/\"><span class=\"wp-block-navigation-item__label\">Infraestructuras<\/span><\/a><\/li><li class=\" wp-block-navigation-item wp-block-navigation-link\"><a class=\"wp-block-navigation-item__content\"  href=\"https:\/\/www.uhu.es\/rensma\"><span class=\"wp-block-navigation-item__label\">\u226a Volver &#8230;<\/span><\/a><\/li><\/ul><\/nav><\/div>\n\n\n\n<div class=\"wp-block-column is-layout-flow wp-block-column-is-layout-flow\" style=\"flex-basis:66.66%\">\n<h2 class=\"wp-block-heading\"><strong>Presentaci\u00f3n<\/strong><\/h2>\n\n\n\n<p>La Unidad de Recursos Minerales parte de lo que fue el germen de la actual Universidad de Huelva en la Secci\u00f3n de Geolog\u00eda de la R\u00e1bida. Se constituye sobre un equipo multidisciplinar que abarca todos los aspectos de la Geolog\u00eda que afectan a la g\u00e9nesis, distribuci\u00f3n espacio-temporal y aprovechamiento de los Recursos Minerales. La financiaci\u00f3n de la investigaci\u00f3n se ha conseguido en todo momento mediante proyectos obtenidos en convocatorias competitivas del Ministerio correspondiente y de la UE. Al mismo tiempo, se ha desarrollado una intensa colaboraci\u00f3n con las empresas mineras que operan tanto en Espa\u00f1a como en el Exterior. La localizaci\u00f3n del Centro de Investigaci\u00f3n en una de las regiones mineras m\u00e1s importantes de Europa, la Faja Pir\u00edtica Ib\u00e9rica, ha facilitado esta colaboraci\u00f3n.<br><br class=\"\">La trayectoria del grupo sobre el que se funda la Unidad est\u00e1 marcada por publicaciones que son referencia para la g\u00e9nesis de los dep\u00f3sitos de sulfuros masivos asociados a terrenos volc\u00e1nicos y al an\u00e1lisis de las cuencas sedimentarias en las que se generan. Algunas de las publicaciones son referencia a nivel internacional para este tipo de dep\u00f3sitos. Las metodolog\u00edas aplicadas incluyen an\u00e1lisis mineral\u00f3gico, petrogr\u00e1fico y geoqu\u00edmico de los yacimientos y de las rocas encajantes utilizando t\u00e9cnicas diversas desde el trabajo sobre el terreno hasta t\u00e9cnicas microsc\u00f3picas y geoqu\u00edmicas de alta resoluci\u00f3n.<\/p>\n\n\n\n<h2 class=\"wp-block-heading\"><strong>Colaboraciones<\/strong><\/h2>\n\n\n\n<p>El grupo de investigaci\u00f3n mantiene una colaboraci\u00f3n activa con universidades y grupos de investigaci\u00f3n tanto nacionales (por ejemplo, UAB, UGR, UPV, UB, UCM) como internacionales (por ejemplo, U. Orleans, U. Clermont-Ferrand, U. Gotenbourg, SUERC, U. Queensland, Centros UERJ, U. Lisboa, U. R\u00edo Cuarto, ICRAG). Es para destacar tambi\u00e9n la colaboraci\u00f3n activa con la industria minera a trav\u00e9s del arte LRU. 68-83 contratos (por ejemplo, MATSA, Grupo M\u00e9xico, Valorizaci\u00f3n Miner\u00eda, First Quantum, Cobre las Cruces, Iberian Resources Spain).<\/p>\n<\/div>\n<\/div>\n","protected":false},"excerpt":{"rendered":"<p>Unidad de Recursos Minerales Presentaci\u00f3n La Unidad de Recursos Minerales parte de lo que fue el germen de la actual Universidad de Huelva en la Secci\u00f3n de Geolog\u00eda de la R\u00e1bida. Se constituye sobre un equipo multidisciplinar que abarca todos los aspectos de la Geolog\u00eda que afectan a la g\u00e9nesis, distribuci\u00f3n espacio-temporal y aprovechamiento de &hellip;<\/p>\n<p class=\"read-more\"> <a class=\"\" href=\"https:\/\/www.uhu.es\/rensma\/presentacion-ymac\/\"> <span class=\"screen-reader-text\">Presentaci\u00f3n<\/span> Leer m\u00e1s &raquo;<\/a><\/p>\n","protected":false},"author":2,"featured_media":0,"parent":0,"menu_order":0,"comment_status":"closed","ping_status":"closed","template":"","meta":{"site-sidebar-layout":"default","site-content-layout":"","ast-site-content-layout":"","site-content-style":"default","site-sidebar-style":"default","ast-global-header-display":"","ast-banner-title-visibility":"","ast-main-header-display":"","ast-hfb-above-header-display":"","ast-hfb-below-header-display":"","ast-hfb-mobile-header-display":"","site-post-title":"","ast-breadcrumbs-content":"","ast-featured-img":"","footer-sml-layout":"","theme-transparent-header-meta":"","adv-header-id-meta":"","stick-header-meta":"","header-above-stick-meta":"","header-main-stick-meta":"","header-below-stick-meta":"","astra-migrate-meta-layouts":"","footnotes":""},"_links":{"self":[{"href":"https:\/\/www.uhu.es\/rensma\/wp-json\/wp\/v2\/pages\/275"}],"collection":[{"href":"https:\/\/www.uhu.es\/rensma\/wp-json\/wp\/v2\/pages"}],"about":[{"href":"https:\/\/www.uhu.es\/rensma\/wp-json\/wp\/v2\/types\/page"}],"author":[{"embeddable":true,"href":"https:\/\/www.uhu.es\/rensma\/wp-json\/wp\/v2\/users\/2"}],"replies":[{"embeddable":true,"href":"https:\/\/www.uhu.es\/rensma\/wp-json\/wp\/v2\/comments?post=275"}],"version-history":[{"count":9,"href":"https:\/\/www.uhu.es\/rensma\/wp-json\/wp\/v2\/pages\/275\/revisions"}],"predecessor-version":[{"id":6108,"href":"https:\/\/www.uhu.es\/rensma\/wp-json\/wp\/v2\/pages\/275\/revisions\/6108"}],"wp:attachment":[{"href":"https:\/\/www.uhu.es\/rensma\/wp-json\/wp\/v2\/media?parent=275"}],"curies":[{"name":"wp","href":"https:\/\/api.w.org\/{rel}","templated":true}]}}