{"id":332,"date":"2019-04-05T13:01:01","date_gmt":"2019-04-05T11:01:01","guid":{"rendered":"http:\/\/www.uhu.es\/rensma\/?page_id=332"},"modified":"2024-08-29T16:48:42","modified_gmt":"2024-08-29T14:48:42","slug":"comision-permanente","status":"publish","type":"page","link":"https:\/\/www.uhu.es\/rensma\/comision-permanente\/","title":{"rendered":"Comisi\u00f3n Permanente"},"content":{"rendered":"\n<div style=\"height:100px\" aria-hidden=\"true\" class=\"wp-block-spacer\"><\/div>\n\n\n\n<h2 class=\"wp-block-heading has-text-align-center\">Comisi\u00f3n Permanente<\/h2>\n\n\n\n<div class=\"wp-block-columns is-layout-flex wp-container-4 wp-block-columns-is-layout-flex\">\n<div class=\"wp-block-column is-layout-flow wp-block-column-is-layout-flow\">\n<figure class=\"wp-block-image aligncenter size-medium\"><img decoding=\"async\" loading=\"lazy\" width=\"279\" height=\"300\" src=\"https:\/\/www.uhu.es\/rensma\/wp-content\/uploads\/2019\/06\/subdirector-279x300.jpg\" alt=\"\" class=\"wp-image-759\" style=\"aspect-ratio:1;object-fit:contain\" srcset=\"https:\/\/www.uhu.es\/rensma\/wp-content\/uploads\/2019\/06\/subdirector-279x300.jpg 279w, https:\/\/www.uhu.es\/rensma\/wp-content\/uploads\/2019\/06\/subdirector-768x827.jpg 768w, https:\/\/www.uhu.es\/rensma\/wp-content\/uploads\/2019\/06\/subdirector-951x1024.jpg 951w, https:\/\/www.uhu.es\/rensma\/wp-content\/uploads\/2019\/06\/subdirector.jpg 1162w\" sizes=\"(max-width: 279px) 100vw, 279px\" \/><\/figure>\n\n\n\n<p class=\"has-text-align-center\"><strong>Director:<\/strong><br>Juan Pedro Bol\u00edvar Raya<br>Email: bolivar@uhu.es<br>Tlfno: 959 21 97 93<\/p>\n<\/div>\n\n\n\n<div class=\"wp-block-column is-layout-flow wp-block-column-is-layout-flow\">\n<figure class=\"wp-block-image aligncenter size-thumbnail is-resized\"><img decoding=\"async\" loading=\"lazy\" src=\"https:\/\/www.uhu.es\/rensma\/wp-content\/uploads\/2019\/09\/Oscar-150x150.jpg\" alt=\"\" class=\"wp-image-1439\" style=\"object-fit:cover;width:276px;height:276px\" width=\"276\" height=\"276\" srcset=\"https:\/\/www.uhu.es\/rensma\/wp-content\/uploads\/2019\/09\/Oscar-150x150.jpg 150w, https:\/\/www.uhu.es\/rensma\/wp-content\/uploads\/2019\/09\/Oscar.jpg 166w\" sizes=\"(max-width: 276px) 100vw, 276px\" \/><\/figure>\n\n\n\n<p class=\"has-text-align-center\"><strong>Vicedirector:<\/strong><br>\u00d3scar Mart\u00edn Lozano Rojas<br>Email: Oscar.lozano@dpsi.uhu.es<br>Tlfno: 959 21 84 38<\/p>\n<\/div>\n\n\n\n<div class=\"wp-block-column is-layout-flow wp-block-column-is-layout-flow\">\n<figure class=\"wp-block-image aligncenter size-full is-resized\"><img decoding=\"async\" loading=\"lazy\" src=\"https:\/\/www.uhu.es\/rensma\/wp-content\/uploads\/2019\/09\/Rosa_Leon.jpg\" alt=\"\" class=\"wp-image-1402\" style=\"width:216px;height:278px\" width=\"216\" height=\"278\"\/><\/figure>\n\n\n\n<p class=\"has-text-align-center\"><strong>Secretaria:<\/strong><br>Rosa Le\u00f3n Ba\u00f1ares<br>Email: rleon@pas.uhu.es<br>Tlfno: 959 21 99 51<\/p>\n<\/div>\n<\/div>\n\n\n\n<div class=\"wp-block-columns is-layout-flex wp-container-8 wp-block-columns-is-layout-flex\">\n<div class=\"wp-block-column is-layout-flow wp-block-column-is-layout-flow\">\n<figure class=\"wp-block-image aligncenter size-full is-resized\"><img decoding=\"async\" loading=\"lazy\" src=\"https:\/\/www.uhu.es\/rensma\/wp-content\/uploads\/2019\/09\/Carlos_Vilchez.jpg\" alt=\"\" class=\"wp-image-1410\" style=\"object-fit:contain;width:278px;height:278px\" width=\"278\" height=\"278\" srcset=\"https:\/\/www.uhu.es\/rensma\/wp-content\/uploads\/2019\/09\/Carlos_Vilchez.jpg 166w, https:\/\/www.uhu.es\/rensma\/wp-content\/uploads\/2019\/09\/Carlos_Vilchez-150x150.jpg 150w\" sizes=\"(max-width: 278px) 100vw, 278px\" \/><\/figure>\n\n\n\n<p class=\"has-text-align-center\"><strong>Representante Unidad de Biotecnolog\u00eda de Microalgas:<\/strong><br>Carlos V\u00edlchez Lobato<br>Email: cvilchez@uhu.es<br>Tlfno: 959 21 99 47<\/p>\n<\/div>\n\n\n\n<div class=\"wp-block-column is-layout-flow wp-block-column-is-layout-flow\">\n<figure class=\"wp-block-image aligncenter size-full is-resized\"><img decoding=\"async\" loading=\"lazy\" src=\"https:\/\/www.uhu.es\/rensma\/wp-content\/uploads\/2019\/07\/Nieto.jpg\" alt=\"\" class=\"wp-image-1142\" style=\"object-fit:cover;width:276px;height:276px\" width=\"276\" height=\"276\"\/><\/figure>\n\n\n\n<p class=\"has-text-align-center\"><strong>Representante Unidad de Mineralog\u00eda y Geoqu\u00edmica Ambiental:<\/strong><br>Jose Miguel Nieto Li\u00f1\u00e1n<br>Email: jmnieto@uhu.es<br>Tlfno: 959 21 98 11<\/p>\n<\/div>\n\n\n\n<div class=\"wp-block-column is-layout-flow wp-block-column-is-layout-flow\">\n<figure class=\"wp-block-image aligncenter size-large is-resized\"><img decoding=\"async\" loading=\"lazy\" src=\"https:\/\/www.uhu.es\/rensma\/wp-content\/uploads\/2019\/09\/IMG_9130-1024x922.jpg\" alt=\"\" class=\"wp-image-3724\" style=\"object-fit:cover;width:276px;height:276px\" width=\"276\" height=\"276\"\/><\/figure>\n\n\n\n<p class=\"has-text-align-center\"><strong>Representante Unidad de Salud Mental y Consumo de Drogas: Determinantes y Medici\u00f3n Psicol\u00f3gica:<\/strong><br>M\u00aa del Carmen D\u00edaz Batanero<br>Email: carmen.diaz@dpsi.uhu.es<br>Tlfno: 959 21 84 28<\/p>\n<\/div>\n<\/div>\n\n\n\n<div class=\"wp-block-columns is-layout-flex wp-container-12 wp-block-columns-is-layout-flex\">\n<div class=\"wp-block-column is-layout-flow wp-block-column-is-layout-flow\">\n<figure class=\"wp-block-image aligncenter size-full is-resized\"><img decoding=\"async\" loading=\"lazy\" src=\"https:\/\/www.uhu.es\/rensma\/wp-content\/uploads\/2019\/09\/Juan_Alguacil.jpg\" alt=\"\" class=\"wp-image-1483\" style=\"object-fit:contain;width:278px;height:278px\" width=\"278\" height=\"278\" srcset=\"https:\/\/www.uhu.es\/rensma\/wp-content\/uploads\/2019\/09\/Juan_Alguacil.jpg 166w, https:\/\/www.uhu.es\/rensma\/wp-content\/uploads\/2019\/09\/Juan_Alguacil-150x150.jpg 150w\" sizes=\"(max-width: 278px) 100vw, 278px\" \/><\/figure>\n\n\n\n<p class=\"has-text-align-center\"><strong>Representante Unidad de Neurociencias:<\/strong><br>Juan Alguacil Ojeda<br>Email: alguacil@dbasp.uhu.es<br>Tlfno: 959 21 98 90<\/p>\n<\/div>\n\n\n\n<div class=\"wp-block-column is-layout-flow wp-block-column-is-layout-flow\">\n<figure class=\"wp-block-image aligncenter size-full is-resized\"><img decoding=\"async\" loading=\"lazy\" src=\"https:\/\/www.uhu.es\/rensma\/wp-content\/uploads\/2021\/11\/jose-prenda.jpeg\" alt=\"\" class=\"wp-image-3224\" style=\"object-fit:cover;width:276px;height:276px\" width=\"276\" height=\"276\"\/><\/figure>\n\n\n\n<p class=\"has-text-align-center\"><strong>Representante Unidad de Caracterizaci\u00f3n y Valoraci\u00f3n de residuos:<\/strong><br>Jos\u00e9 Prenda Mar\u00edn<br>Email: jprenda@uhu.es<br>Tlfno: 959 21 98 88<\/p>\n<\/div>\n\n\n\n<div class=\"wp-block-column is-layout-flow wp-block-column-is-layout-flow\">\n<figure class=\"wp-block-image aligncenter size-large is-resized\"><img decoding=\"async\" loading=\"lazy\" src=\"https:\/\/www.uhu.es\/rensma\/wp-content\/uploads\/2020\/04\/Rsaez-768x1024.jpg\" alt=\"\" class=\"wp-image-2465\" style=\"width:216px;height:278px\" width=\"216\" height=\"278\"\/><\/figure>\n\n\n\n<p class=\"has-text-align-center\"><strong>Representante Unidad de Recursos Minerales:<\/strong><br>Reinaldo S\u00e1ez Ramos<br>Email: saez@uhu.es<br>Tlfno: 959 21 98 22<\/p>\n<\/div>\n<\/div>\n\n\n\n<div class=\"wp-block-columns is-layout-flex wp-container-16 wp-block-columns-is-layout-flex\">\n<div class=\"wp-block-column is-layout-flow wp-block-column-is-layout-flow\">\n<figure class=\"wp-block-image aligncenter size-full is-resized\"><img decoding=\"async\" loading=\"lazy\" src=\"https:\/\/www.uhu.es\/rensma\/wp-content\/uploads\/2019\/09\/Javier_Vigara.jpg\" alt=\"\" class=\"wp-image-1407\" style=\"object-fit:contain;width:278px;height:278px\" width=\"278\" height=\"278\" srcset=\"https:\/\/www.uhu.es\/rensma\/wp-content\/uploads\/2019\/09\/Javier_Vigara.jpg 332w, https:\/\/www.uhu.es\/rensma\/wp-content\/uploads\/2019\/09\/Javier_Vigara-150x150.jpg 150w, https:\/\/www.uhu.es\/rensma\/wp-content\/uploads\/2019\/09\/Javier_Vigara-300x300.jpg 300w\" sizes=\"(max-width: 278px) 100vw, 278px\" \/><\/figure>\n\n\n\n<p class=\"has-text-align-center\"><strong>Representante Unidad de<\/strong> <strong>Mejora Gen\u00e9tica de Organismos Fotosint\u00e9ticos:<\/strong><br>Javier Vigara Fern\u00e1ndez<br>Email: vigara@uhu.es<br>Tlfno: 959 21 99 49<\/p>\n<\/div>\n\n\n\n<div class=\"wp-block-column is-layout-flow wp-block-column-is-layout-flow\">\n<figure class=\"wp-block-image aligncenter size-full is-resized\"><img decoding=\"async\" loading=\"lazy\" src=\"https:\/\/www.uhu.es\/rensma\/wp-content\/uploads\/2019\/09\/Rafael_Torrontera.jpg\" alt=\"\" class=\"wp-image-1533\" style=\"object-fit:cover;width:276px;height:276px\" width=\"276\" height=\"276\"\/><\/figure>\n\n\n\n<p class=\"has-text-align-center\"><strong>Representante Unidad de Biolog\u00eda y An\u00e1lisis Medioambiental:<\/strong><br>Rafael Torronteras Santiago<br>Email: torronte@dcaf.uhu.es<br>Tlfno: 959 21 98 88<\/p>\n<\/div>\n\n\n\n<div class=\"wp-block-column is-layout-flow wp-block-column-is-layout-flow\">\n<figure class=\"wp-block-image aligncenter size-full is-resized\"><img decoding=\"async\" loading=\"lazy\" src=\"https:\/\/www.uhu.es\/rensma\/wp-content\/uploads\/2019\/06\/secretaria.jpg\" alt=\"\" class=\"wp-image-866\" style=\"width:216px;height:278px\" width=\"216\" height=\"278\"\/><\/figure>\n\n\n\n<p class=\"has-text-align-center\"><strong>Representante Unidad de An\u00e1lisis Medioambiental y Bioan\u00e1lisis:<\/strong><br>Tamara Garc\u00eda Barrera<br>Email: Tamara@uhu.es<br>Tlfno: 959 21 99 62<\/p>\n<\/div>\n<\/div>\n\n\n\n<div class=\"wp-block-columns is-layout-flex wp-container-18 wp-block-columns-is-layout-flex\">\n<div class=\"wp-block-column is-layout-flow wp-block-column-is-layout-flow\">\n<figure class=\"wp-block-image aligncenter size-full is-resized\"><img decoding=\"async\" loading=\"lazy\" src=\"https:\/\/www.uhu.es\/rensma\/wp-content\/uploads\/2019\/09\/Francisco_Navarro.jpg\" alt=\"\" class=\"wp-image-1408\" style=\"object-fit:cover;width:276px;height:276px\" width=\"276\" height=\"276\" srcset=\"https:\/\/www.uhu.es\/rensma\/wp-content\/uploads\/2019\/09\/Francisco_Navarro.jpg 166w, https:\/\/www.uhu.es\/rensma\/wp-content\/uploads\/2019\/09\/Francisco_Navarro-150x150.jpg 150w\" sizes=\"(max-width: 276px) 100vw, 276px\" \/><\/figure>\n\n\n\n<p class=\"has-text-align-center\"><strong>Representante Unidad de Alteraciones Celulares por Agentes Ex\u00f3genos:<\/strong><br>Francisco Navarro Rold\u00e1n<br>Email: fnavarro@dbasp.uhu.es<br>Tlfno: 959 21 98 80<\/p>\n<\/div>\n<\/div>\n","protected":false},"excerpt":{"rendered":"<p>Comisi\u00f3n Permanente Director:Juan Pedro Bol\u00edvar RayaEmail: bolivar@uhu.esTlfno: 959 21 97 93 Vicedirector:\u00d3scar Mart\u00edn Lozano RojasEmail: Oscar.lozano@dpsi.uhu.esTlfno: 959 21 84 38 Secretaria:Rosa Le\u00f3n Ba\u00f1aresEmail: rleon@pas.uhu.esTlfno: 959 21 99 51 Representante Unidad de Biotecnolog\u00eda de Microalgas:Carlos V\u00edlchez LobatoEmail: cvilchez@uhu.esTlfno: 959 21 99 47 Representante Unidad de Mineralog\u00eda y Geoqu\u00edmica Ambiental:Jose Miguel Nieto Li\u00f1\u00e1nEmail: jmnieto@uhu.esTlfno: 959 21 98 &hellip;<\/p>\n<p class=\"read-more\"> <a class=\"\" href=\"https:\/\/www.uhu.es\/rensma\/comision-permanente\/\"> <span class=\"screen-reader-text\">Comisi\u00f3n Permanente<\/span> Leer m\u00e1s &raquo;<\/a><\/p>\n","protected":false},"author":2,"featured_media":0,"parent":0,"menu_order":0,"comment_status":"closed","ping_status":"closed","template":"","meta":{"site-sidebar-layout":"default","site-content-layout":"","ast-site-content-layout":"","site-content-style":"default","site-sidebar-style":"default","ast-global-header-display":"","ast-banner-title-visibility":"","ast-main-header-display":"","ast-hfb-above-header-display":"","ast-hfb-below-header-display":"","ast-hfb-mobile-header-display":"","site-post-title":"","ast-breadcrumbs-content":"","ast-featured-img":"","footer-sml-layout":"","theme-transparent-header-meta":"","adv-header-id-meta":"","stick-header-meta":"","header-above-stick-meta":"","header-main-stick-meta":"","header-below-stick-meta":"","astra-migrate-meta-layouts":"","footnotes":""},"_links":{"self":[{"href":"https:\/\/www.uhu.es\/rensma\/wp-json\/wp\/v2\/pages\/332"}],"collection":[{"href":"https:\/\/www.uhu.es\/rensma\/wp-json\/wp\/v2\/pages"}],"about":[{"href":"https:\/\/www.uhu.es\/rensma\/wp-json\/wp\/v2\/types\/page"}],"author":[{"embeddable":true,"href":"https:\/\/www.uhu.es\/rensma\/wp-json\/wp\/v2\/users\/2"}],"replies":[{"embeddable":true,"href":"https:\/\/www.uhu.es\/rensma\/wp-json\/wp\/v2\/comments?post=332"}],"version-history":[{"count":81,"href":"https:\/\/www.uhu.es\/rensma\/wp-json\/wp\/v2\/pages\/332\/revisions"}],"predecessor-version":[{"id":5645,"href":"https:\/\/www.uhu.es\/rensma\/wp-json\/wp\/v2\/pages\/332\/revisions\/5645"}],"wp:attachment":[{"href":"https:\/\/www.uhu.es\/rensma\/wp-json\/wp\/v2\/media?parent=332"}],"curies":[{"name":"wp","href":"https:\/\/api.w.org\/{rel}","templated":true}]}}