{"id":3551,"date":"2022-02-03T16:51:55","date_gmt":"2022-02-03T15:51:55","guid":{"rendered":"http:\/\/www.uhu.es\/rensma\/?page_id=3551"},"modified":"2025-06-10T08:55:14","modified_gmt":"2025-06-10T06:55:14","slug":"tesis-doctorales-ldps","status":"publish","type":"page","link":"https:\/\/www.uhu.es\/rensma\/tesis-doctorales-ldps\/","title":{"rendered":"Tesis Doctorales"},"content":{"rendered":"\n<div class=\"wp-block-cover alignfull is-light\"><span aria-hidden=\"true\" class=\"wp-block-cover__background has-background-dim\"><\/span><img decoding=\"async\" loading=\"lazy\" width=\"940\" height=\"300\" class=\"wp-block-cover__image-background wp-image-806\" alt=\"\" src=\"https:\/\/www.uhu.es\/rensma\/wp-content\/uploads\/2019\/06\/Slider.jpg\" data-object-fit=\"cover\" srcset=\"https:\/\/www.uhu.es\/rensma\/wp-content\/uploads\/2019\/06\/Slider.jpg 940w, https:\/\/www.uhu.es\/rensma\/wp-content\/uploads\/2019\/06\/Slider-300x96.jpg 300w, https:\/\/www.uhu.es\/rensma\/wp-content\/uploads\/2019\/06\/Slider-768x245.jpg 768w\" sizes=\"(max-width: 940px) 100vw, 940px\" \/><div class=\"wp-block-cover__inner-container is-layout-constrained wp-block-cover-is-layout-constrained\">\n<p class=\"has-text-align-center has-large-font-size\"><\/p>\n\n\n\n<div style=\"height:100px\" aria-hidden=\"true\" class=\"wp-block-spacer\"><\/div>\n<\/div><\/div>\n\n\n\n<h1 class=\"wp-block-heading has-text-align-center\" style=\"margin-top:var(--wp--preset--spacing--70)\">Tesis Doctorales<\/h1>\n\n\n\n<h3 class=\"wp-block-heading has-text-align-center\" style=\"text-transform:uppercase\"><strong>Salud mental y consumo de drogas: Determinantes y medici\u00f3n psicol\u00f3gica<\/strong><\/h3>\n\n\n\n<div class=\"wp-block-columns is-layout-flex wp-container-6 wp-block-columns-is-layout-flex\">\n<div class=\"wp-block-column is-layout-flow wp-block-column-is-layout-flow\" style=\"flex-basis:33.33%\">\n<p class=\"has-ast-global-color-5-color has-ast-global-color-0-background-color has-text-color has-background\">Men\u00fa laboratorio<\/p>\n\n\n<nav class=\" is-vertical wp-block-navigation is-layout-flex wp-container-3 wp-block-navigation-is-layout-flex\" aria-label=\"Menu LDPS\"><ul class=\"wp-block-navigation__container  is-vertical wp-block-navigation\"><li class=\" wp-block-navigation-item wp-block-navigation-link\"><a class=\"wp-block-navigation-item__content\"  href=\"https:\/\/www.uhu.es\/rensma\/presentacion-ldps\/\"><span class=\"wp-block-navigation-item__label\">Presentaci\u00f3n<\/span><\/a><\/li><li class=\" wp-block-navigation-item wp-block-navigation-link\"><a class=\"wp-block-navigation-item__content\"  href=\"https:\/\/www.uhu.es\/rensma\/lineas-de-investigacion-ldps\/\"><span class=\"wp-block-navigation-item__label\">L\u00edneas de Investigaci\u00f3n<\/span><\/a><\/li><li class=\" wp-block-navigation-item wp-block-navigation-link\"><a class=\"wp-block-navigation-item__content\"  href=\"https:\/\/www.uhu.es\/rensma\/miembros-ldps\/\"><span class=\"wp-block-navigation-item__label\">Miembros<\/span><\/a><\/li><li class=\" wp-block-navigation-item wp-block-navigation-link\"><a class=\"wp-block-navigation-item__content\"  href=\"https:\/\/www.uhu.es\/rensma\/proyectos-ldps\/\"><span class=\"wp-block-navigation-item__label\">Proyectos<\/span><\/a><\/li><li class=\" wp-block-navigation-item wp-block-navigation-link\"><a class=\"wp-block-navigation-item__content\"  href=\"https:\/\/www.uhu.es\/rensma\/publicaciones-ldps\/\"><span class=\"wp-block-navigation-item__label\">Publicaciones<\/span><\/a><\/li><li class=\" wp-block-navigation-item wp-block-navigation-link\"><a class=\"wp-block-navigation-item__content\"  href=\"https:\/\/www.uhu.es\/rensma\/tesis-doctorales-ldps\/\"><span class=\"wp-block-navigation-item__label\">Tesis Doctorales<\/span><\/a><\/li><li class=\" wp-block-navigation-item wp-block-navigation-link\"><a class=\"wp-block-navigation-item__content\"  href=\"https:\/\/www.uhu.es\/rensma\/tests-psicometricos\/\"><span class=\"wp-block-navigation-item__label\">Tests psicom\u00e9tricos<\/span><\/a><\/li><li class=\" wp-block-navigation-item wp-block-navigation-link\"><a class=\"wp-block-navigation-item__content\"  href=\"https:\/\/www.uhu.es\/rensma\/infraestructuras-ldps\/\"><span class=\"wp-block-navigation-item__label\">Infraestructuras<\/span><\/a><\/li><li class=\" wp-block-navigation-item wp-block-navigation-link\"><a class=\"wp-block-navigation-item__content\"  href=\"https:\/\/www.uhu.es\/rensma\/colaboraciones-ldps\/\"><span class=\"wp-block-navigation-item__label\">Colaboraciones<\/span><\/a><\/li><li class=\" wp-block-navigation-item wp-block-navigation-link\"><a class=\"wp-block-navigation-item__content\"  href=\"https:\/\/www.uhu.es\/rensma\"><span class=\"wp-block-navigation-item__label\">\u226a Volver &#8230;<\/span><\/a><\/li><\/ul><\/nav><\/div>\n\n\n\n<div class=\"wp-block-column is-layout-flow wp-block-column-is-layout-flow\" style=\"flex-basis:66.66%\">\n<h3 class=\"wp-block-heading\">Tesis Doctorales defendidas:<\/h3>\n\n\n\n<p><strong>1. T\u00edtulo<\/strong>: Evaluaci\u00f3n de resultados e impacto cl\u00ednico de los modelos de intervenci\u00f3n en pacientes con patolog\u00eda dual<\/p>\n\n\n\n<p><strong>Doctorando<\/strong>: Juan Jos\u00e9 Manche\u00f1o Barba<\/p>\n\n\n\n<p><strong>Fecha y lugar defensa<\/strong>: 02\/06\/2020, Universidad de Huelva<\/p>\n\n\n\n<p><strong>Directores<\/strong>: \u00d3scar M. Lozano, Ferm\u00edn Fern\u00e1ndez y Jos\u00e9 Andr\u00e9s Lorca<\/p>\n\n\n\n<p><strong>Calificaci\u00f3n<\/strong>: Sobresaliente Cum Laude<\/p>\n\n\n\n<p><strong>Premios obtenidos<\/strong>: XIV Edici\u00f3n de los Premios FEAFES Andaluc\u00eda Salud Mental; XXVIII Premios Maese Alonso -2020 del Ilustre Colegio Oficial de M\u00e9dicos- Huelva<\/p>\n\n\n\n<p><strong>Desarrollo cient\u00edfico y profesional<\/strong>: Coordinador de las Unidades de Salud Mental Comunitaria del Hospital Universitario Juan Ram\u00f3n Jim\u00e9nez de Huelva<\/p>\n\n\n\n<p><strong>2. T\u00edtulo:&nbsp;<\/strong>Trastornos de la personalidad y trastorno por consumo de sustancias: an\u00e1lisis desde la perspectiva dimensional de la Secci\u00f3n III del DSM-5<\/p>\n\n\n\n<p><strong>Doctorando<\/strong>: Juan Ram\u00edrez L\u00f3pez<\/p>\n\n\n\n<p><strong>Fecha y lugar defensa<\/strong>: 13\/03\/2020, Universidad de Huelva<\/p>\n\n\n\n<p><strong>Directores<\/strong>: Carmen D\u00edaz Batanero, \u00d3scar M. Lozano y Ferm\u00edn Fern\u00e1ndez<\/p>\n\n\n\n<p><strong>Calificaci\u00f3n<\/strong>: Sobresaliente Cum Laude<\/p>\n\n\n\n<p><strong>Desarrollo cient\u00edfico y profesional<\/strong>: Coordinador Asistencial del Servicio Provincial de Drogodependencias de Huelva<\/p>\n\n\n\n<p><strong>3. T\u00edtulo<\/strong>: Dise\u00f1o, estudio de precisi\u00f3n y evidencias de validez de una nueva bater\u00eda neuropsicol\u00f3gica para la prevenci\u00f3n de reca\u00eddas en pacientes con trastorno por consumo de sustancias<\/p>\n\n\n\n<p><strong>Doctoranda<\/strong>: Sara Dom\u00ednguez Salas<\/p>\n\n\n\n<p><strong>Fecha y Lugar defensa<\/strong>: 15\/03\/2019, Universidad de Huelva<\/p>\n\n\n\n<p><strong>Directores<\/strong>: \u00d3scar M. Lozano, Carmen D\u00edaz Batanero y Ferm\u00edn Fern\u00e1ndez<\/p>\n\n\n\n<p><strong>Calificaci\u00f3n<\/strong>: Sobresaliente Cum Laude<\/p>\n\n\n\n<p><strong>Premio<\/strong>s&nbsp;<strong>obtenidos<\/strong>: Premio extraordinario de doctorado en Ciencias de la Salud<\/p>\n\n\n\n<p><strong>Desarrollo cient\u00edfico y profesional<\/strong>: Profesora Ayudante Doctor en el \u00e1rea de Metodolog\u00eda de las Ciencias del Comportamiento de la Universidad Loyola.<\/p>\n\n\n\n<p><strong>4. T\u00edtulo<\/strong>: Adaptaci\u00f3n y evidencias de validez de la Susbtance Dependence Severity Scale (SDSS)<\/p>\n\n\n\n<p><strong>Doctorando<\/strong>: Antonio V\u00e9lez Moreno<\/p>\n\n\n\n<p><strong>Fecha y lugar defensa<\/strong>: 06\/07\/2017, Universidad de Huelva<\/p>\n\n\n\n<p><strong>Directores<\/strong>: \u00d3scar M. Lozano, Francisco Gonz\u00e1lez Saiz, Esperanza Torrico<\/p>\n\n\n\n<p><strong>Calificaci\u00f3n<\/strong>: Sobresaliente Cum Laude<\/p>\n\n\n\n<p><strong>Premios obtenidos<\/strong>: Premio extraordinario de doctorado en Ciencias de la Salud<\/p>\n\n\n\n<p><strong>Desarrollo cient\u00edfico y profesional:&nbsp;<\/strong>Consulta privada de psicolog\u00eda<\/p>\n\n\n\n<p><strong>5. T\u00edtulo<\/strong>: Justifica organizacional, calidad de vida laboral y salud de los trabajadores<\/p>\n\n\n\n<p><strong>Doctoranda<\/strong>: Manuela Gonz\u00e1lez Ruiz<\/p>\n\n\n\n<p><strong>Fecha y lugar defensa<\/strong>: 14\/09\/2017, Universidad de Huelva<\/p>\n\n\n\n<p><strong>Directores<\/strong>: Jos\u00e9 Carlos Le\u00f3n y \u00d3scar M. Lozano<\/p>\n\n\n\n<p><strong>Calificaci\u00f3n<\/strong>: Sobresaliente<\/p>\n\n\n\n<p><strong>6. T\u00edtulo<\/strong>: Mindfulness en estudiantes universitarios y su relaci\u00f3n con el estr\u00e9s, ansiedad, depresi\u00f3n, resiliencia y satisfacci\u00f3n con la vida<\/p>\n\n\n\n<p><strong>Doctoranda<\/strong>: Josefa \u00c1lvarez Cruzado<\/p>\n\n\n\n<p><strong>Fecha y lugar defensa<\/strong>: 17\/07\/2017, Universidad de Huelva<\/p>\n\n\n\n<p><strong>Directores<\/strong>: Manuel S\u00e1nchez Garc\u00eda, Ana M\u00aa Carrasco y Ana M\u00aa Abreu<\/p>\n\n\n\n<p><strong>Calificaci\u00f3n<\/strong>: Sobresaliente Cum Laude<\/p>\n\n\n\n<p><strong>7. T\u00edtulo<\/strong>: Funcionamiento familiar y ajuste psicol\u00f3gico de ni\u00f1os y adolescentes con Trastorno por D\u00e9ficit de Atenci\u00f3n e Hiperactividad<\/p>\n\n\n\n<p><strong>Doctoranda<\/strong>: Roc\u00edo Lago Urbano<\/p>\n\n\n\n<p><strong>Fecha y lugar defensa<\/strong>: 06\/07\/2017, Universidad de Huelva<\/p>\n\n\n\n<p><strong>Directores<\/strong>: Manuel S\u00e1nchez Garc\u00eda y Alicia Mu\u00f1oz Silva<\/p>\n\n\n\n<p><strong>Calificaci\u00f3n<\/strong>: Sobresaliente Cum Laude<\/p>\n\n\n\n<p><strong>8. T\u00edtulo<\/strong>: Relaci\u00f3n entre iguales, personalidad y problemas de ajuste en escolares de primaria de Huelva<\/p>\n\n\n\n<p><strong>Doctoranda<\/strong>: Cecilia Mar\u00eda de la Corte de la Corte<\/p>\n\n\n\n<p><strong>Fecha y lugar defensa<\/strong>: 10\/07\/2017<\/p>\n\n\n\n<p><strong>Directores<\/strong>: Manuel S\u00e1nchez Garc\u00eda y Alicia Mu\u00f1oz Silva<\/p>\n\n\n\n<p><strong>Calificaci\u00f3n<\/strong>: Sobresaliente Cum Laude<\/p>\n\n\n\n<h2 class=\"wp-block-heading\">Tesis doctorales en curso:<\/h2>\n\n\n\n<p><strong>1. T\u00edtulo<\/strong>: Estudio de la sintomatolog\u00eda disociativa y la funci\u00f3n eejecutiva en pacientes con trastorno mental<\/p>\n\n\n\n<p><strong>Doctoranda<\/strong>: M\u00f3nica Rosu Stancly&nbsp;<\/p>\n\n\n\n<p><strong>Programa de doctorado<\/strong>: Ciencias de la Salud (Universidad de Huelva)<\/p>\n\n\n\n<p><strong>Directores<\/strong>: Jos\u00e9 Carmona M\u00e1rquez y Modesto Romero<\/p>\n\n\n\n<p><strong>Fecha prevista lectura<\/strong>: Septiembre 2022<\/p>\n\n\n\n<p><strong>Desarrollo profesional y cient\u00edfico<\/strong>: Profesora Sustituta Interina de la Universidad de Huelva<\/p>\n\n\n\n<p><strong>2. T\u00edtulo<\/strong>: Factores psicosociales asociados a los juegos de apuesta en adolescentes<\/p>\n\n\n\n<p><strong>Doctoranda<\/strong>: Alberto Parrado Gonz\u00e1lez<\/p>\n\n\n\n<p><strong>Programa de doctorado<\/strong>: Ciencias de la Salud (Universidad de Huelva)<\/p>\n\n\n\n<p><strong>Directores<\/strong>: Ferm\u00edn Fern\u00e1ndez y Jose Carlos Le\u00f3n<\/p>\n\n\n\n<p><strong>Fecha prevista lectura<\/strong>: diciembre 2022<\/p>\n\n\n\n<p><strong>3. T\u00edtulo<\/strong>: Modelizaci\u00f3n de los procesos cl\u00ednicos del tratamiento con pacients con trastornos por consumo de sustancias y su relaci\u00f3n con la adherencia terap\u00e9utica y la reca\u00edda: aplicaci\u00f3n del TCU model.<\/p>\n\n\n\n<p><strong>Doctorando<\/strong>: Daniel Dacosta S\u00e1nchez<\/p>\n\n\n\n<p><strong>Programa de doctorado<\/strong>: Ciencias de la Salud (Universidad de Huelva)<\/p>\n\n\n\n<p><strong>Directores<\/strong>: \u00d3scar M. Lozano, Ferm\u00edn Fern\u00e1ndez y Carmen D\u00edaz<\/p>\n\n\n\n<p><strong>Fecha prevista lectura<\/strong>: Septiembre 2023<\/p>\n\n\n\n<p><strong>Desarrollo cient\u00edfico<\/strong>: Becaria FPU (convocatoria 2018 del Ministerio de Universidades)<\/p>\n\n\n\n<p><strong>4. T\u00edtulo<\/strong>: Conductas de protecci\u00f3n en consumidores de drogas: factores predictores e impacto en las consecuencias para la salud<\/p>\n\n\n\n<p><strong>Doctoranda<\/strong>: Bella Mar\u00eda Gonz\u00e1lez Ponce<\/p>\n\n\n\n<p><strong>Programa de doctorado<\/strong>: Ciencias de la Salud (Universidad de Huelva)<\/p>\n\n\n\n<p><strong>Directores<\/strong>: Ferm\u00edn Fern\u00e1ndez Calder\u00f3n, Jos\u00e9 Carmona y Carmen D\u00edaz<\/p>\n\n\n\n<p><strong>Fecha prevista lectura<\/strong>: Octubre 2024<\/p>\n\n\n\n<p><strong>Desarrollo profesional y cient\u00edfico<\/strong>: Becaria FPU (convocatoria 2019 del Ministerio de Universidades)<\/p>\n\n\n\n<p><strong>5. T\u00edtulo<\/strong>: Cambio fiable y cl\u00ednicamente significativo de la Inventory of Depression and Anxiety II \u2013IDAS-II: un estudio longitudinal sobre su utilidad cl\u00ednica<\/p>\n\n\n\n<p><strong>Doctoranda<\/strong>: Ana de la Rosa C\u00e1ceres<\/p>\n\n\n\n<p><strong>Programa de doctorado<\/strong>: Ciencias de la Salud (Universidad de Huelva)<\/p>\n\n\n\n<p><strong>Directores<\/strong>: Carmen D\u00edaz, Ferm\u00edn Fern\u00e1ndez Calder\u00f3n y \u00d3scar M. Lozano<\/p>\n\n\n\n<p><strong>Fecha prevista lectura<\/strong>: Octubre 2024<\/p>\n\n\n\n<p><strong>Desarrollo profesional y cient\u00edfico<\/strong>: Becaria FPU (convocatoria 2019 del Ministerio de Universidades)<\/p>\n\n\n\n<p><strong>6. T\u00edtulo<\/strong>: Conductas del espectro externalizante en el modelo HiTOP: construcci\u00f3n y evidencias de fiabilidad y validez de una Escala de Problemas de Conductas Externalizantes (EPCE)<\/p>\n\n\n\n<p><strong>Doctoranda<\/strong>: Lidia Torres Rosado<\/p>\n\n\n\n<p><strong>Programa de doctorado<\/strong>: Ciencias de la Salud (Universidad de Huelva)<\/p>\n\n\n\n<p><strong>Directores<\/strong>: Manuel S\u00e1nchez Garc\u00eda y \u00d3scar M. Lozano<\/p>\n\n\n\n<p><strong>Fecha prevista lectura<\/strong>: diciembre 2025<\/p>\n\n\n\n<p><strong>Desarrollo profesional y cient\u00edfico<\/strong>: Becaria FPU (convocatoria 2020 del Ministerio de Universidades)<\/p>\n<\/div>\n<\/div>\n","protected":false},"excerpt":{"rendered":"<p>Tesis Doctorales Salud mental y consumo de drogas: Determinantes y medici\u00f3n psicol\u00f3gica Tesis Doctorales defendidas: 1. T\u00edtulo: Evaluaci\u00f3n de resultados e impacto cl\u00ednico de los modelos de intervenci\u00f3n en pacientes con patolog\u00eda dual Doctorando: Juan Jos\u00e9 Manche\u00f1o Barba Fecha y lugar defensa: 02\/06\/2020, Universidad de Huelva Directores: \u00d3scar M. Lozano, Ferm\u00edn Fern\u00e1ndez y Jos\u00e9 Andr\u00e9s &hellip;<\/p>\n<p class=\"read-more\"> <a class=\"\" href=\"https:\/\/www.uhu.es\/rensma\/tesis-doctorales-ldps\/\"> <span class=\"screen-reader-text\">Tesis Doctorales<\/span> Leer m\u00e1s &raquo;<\/a><\/p>\n","protected":false},"author":2,"featured_media":0,"parent":0,"menu_order":0,"comment_status":"closed","ping_status":"closed","template":"","meta":{"site-sidebar-layout":"default","site-content-layout":"","ast-site-content-layout":"","site-content-style":"default","site-sidebar-style":"default","ast-global-header-display":"","ast-banner-title-visibility":"","ast-main-header-display":"","ast-hfb-above-header-display":"","ast-hfb-below-header-display":"","ast-hfb-mobile-header-display":"","site-post-title":"","ast-breadcrumbs-content":"","ast-featured-img":"","footer-sml-layout":"","theme-transparent-header-meta":"","adv-header-id-meta":"","stick-header-meta":"","header-above-stick-meta":"","header-main-stick-meta":"","header-below-stick-meta":"","astra-migrate-meta-layouts":"","footnotes":""},"_links":{"self":[{"href":"https:\/\/www.uhu.es\/rensma\/wp-json\/wp\/v2\/pages\/3551"}],"collection":[{"href":"https:\/\/www.uhu.es\/rensma\/wp-json\/wp\/v2\/pages"}],"about":[{"href":"https:\/\/www.uhu.es\/rensma\/wp-json\/wp\/v2\/types\/page"}],"author":[{"embeddable":true,"href":"https:\/\/www.uhu.es\/rensma\/wp-json\/wp\/v2\/users\/2"}],"replies":[{"embeddable":true,"href":"https:\/\/www.uhu.es\/rensma\/wp-json\/wp\/v2\/comments?post=3551"}],"version-history":[{"count":12,"href":"https:\/\/www.uhu.es\/rensma\/wp-json\/wp\/v2\/pages\/3551\/revisions"}],"predecessor-version":[{"id":6121,"href":"https:\/\/www.uhu.es\/rensma\/wp-json\/wp\/v2\/pages\/3551\/revisions\/6121"}],"wp:attachment":[{"href":"https:\/\/www.uhu.es\/rensma\/wp-json\/wp\/v2\/media?parent=3551"}],"curies":[{"name":"wp","href":"https:\/\/api.w.org\/{rel}","templated":true}]}}