{"id":3725,"date":"2022-03-01T13:19:54","date_gmt":"2022-03-01T12:19:54","guid":{"rendered":"http:\/\/www.uhu.es\/rensma\/?page_id=3725"},"modified":"2026-04-10T12:24:12","modified_gmt":"2026-04-10T10:24:12","slug":"convocatorias","status":"publish","type":"page","link":"https:\/\/www.uhu.es\/rensma\/convocatorias\/","title":{"rendered":"Convocatorias"},"content":{"rendered":"\n<div class=\"wp-block-cover alignfull is-light\"><span aria-hidden=\"true\" class=\"wp-block-cover__background has-background-dim\"><\/span><img decoding=\"async\" loading=\"lazy\" width=\"940\" height=\"300\" class=\"wp-block-cover__image-background wp-image-806\" alt=\"\" src=\"https:\/\/www.uhu.es\/rensma\/wp-content\/uploads\/2019\/06\/Slider.jpg\" data-object-fit=\"cover\" srcset=\"https:\/\/www.uhu.es\/rensma\/wp-content\/uploads\/2019\/06\/Slider.jpg 940w, https:\/\/www.uhu.es\/rensma\/wp-content\/uploads\/2019\/06\/Slider-300x96.jpg 300w, https:\/\/www.uhu.es\/rensma\/wp-content\/uploads\/2019\/06\/Slider-768x245.jpg 768w\" sizes=\"(max-width: 940px) 100vw, 940px\" \/><div class=\"wp-block-cover__inner-container is-layout-constrained wp-block-cover-is-layout-constrained\">\n<p class=\"has-text-align-center has-large-font-size\"><\/p>\n\n\n\n<div style=\"height:100px\" aria-hidden=\"true\" class=\"wp-block-spacer\"><\/div>\n<\/div><\/div>\n\n\n\n<div style=\"height:100px\" aria-hidden=\"true\" class=\"wp-block-spacer\"><\/div>\n\n\n\n<h1 class=\"wp-block-heading has-text-align-center\">Convocatorias<\/h1>\n\n\n\n<p><strong>Nombre Convocatoria<\/strong>: Iniciaci\u00f3n a la Investigaci\u00f3n de estudiantes de M\u00e1ster y Grado en el Centro de Investigaci\u00f3n en Recursos Naturales, Salud y Medio Ambiente (A\u00f1o 2026)<\/p>\n\n\n\n<p><strong>Fecha<\/strong>: 6 de Abril de 2026<\/p>\n\n\n\n<p><strong>Fecha m\u00e1xima presentaci\u00f3n Solicitud<\/strong>: 20 d\u00edas tras la publicaci\u00f3n en BOJA. (\u00daltimo d\u00eda 5 de mayo)<\/p>\n\n\n\n<ul>\n<li><a href=\"https:\/\/www.uhu.es\/rensma\/wp-content\/uploads\/2023\/07\/BOJA-Bases-Inicio-Investigacion.pdf\">Bases Reguladoras<\/a><\/li>\n\n\n\n<li><a rel=\"noreferrer noopener\" href=\"https:\/\/www.uhu.es\/rensma\/wp-content\/uploads\/2026\/04\/BOJA26-064-00002-4340-01_00335575.pdf\" target=\"_blank\">Convocatoria en BOJA<\/a><\/li>\n\n\n\n<li><a rel=\"noreferrer noopener\" href=\"https:\/\/www.uhu.es\/rensma\/wp-content\/uploads\/2024\/04\/Formulario-Solicitud-Ayudas-Iniciacion1.pdf\" target=\"_blank\">Solicitud<\/a><\/li>\n<\/ul>\n\n\n\n<hr class=\"wp-block-separator has-alpha-channel-opacity\"\/>\n\n\n\n<p><strong>Nombre Convocatoria<\/strong>: Iniciaci\u00f3n a la Investigaci\u00f3n de estudiantes de M\u00e1ster y Grado en el Centro de Investigaci\u00f3n en Recursos Naturales, Salud y Medio Ambiente (A\u00f1o 2025)<\/p>\n\n\n\n<p><strong>Fecha<\/strong>: 24 de Abril de 2025<\/p>\n\n\n\n<p><strong>Fecha m\u00e1xima presentaci\u00f3n Solicitud<\/strong>: 20 d\u00edas tras la publicaci\u00f3n en BOJA<\/p>\n\n\n\n<ul>\n<li><a href=\"https:\/\/www.uhu.es\/rensma\/wp-content\/uploads\/2023\/07\/BOJA-Bases-Inicio-Investigacion.pdf\">Bases Reguladoras<\/a><\/li>\n\n\n\n<li><a href=\"https:\/\/www.uhu.es\/rensma\/wp-content\/uploads\/2025\/04\/Convocatoria-en-BOJA.pdf\" target=\"_blank\" rel=\"noreferrer noopener\">Convocatoria en BOJA (resumen)<\/a><\/li>\n\n\n\n<li><a href=\"https:\/\/www.uhu.es\/rensma\/wp-content\/uploads\/2025\/04\/2025-convocatoria-de-ayudas-Firmada.pdf\">Convocatoria completa<\/a><\/li>\n\n\n\n<li><a rel=\"noreferrer noopener\" href=\"https:\/\/www.uhu.es\/rensma\/wp-content\/uploads\/2024\/04\/Formulario-Solicitud-Ayudas-Iniciacion1.pdf\" target=\"_blank\">Solicitud<\/a><\/li>\n\n\n\n<li><a href=\"https:\/\/www.uhu.es\/rensma\/wp-content\/uploads\/2025\/06\/Resolucion-Provisional-Ayudas-Inicio-TFM-2025.pdf\" data-type=\"link\" data-id=\"https:\/\/www.uhu.es\/rensma\/wp-content\/uploads\/2025\/06\/Resolucion-Provisional-Ayudas-Inicio-TFM-2025.pdf\">Resoluci\u00f3n provisional<\/a><\/li>\n\n\n\n<li><a href=\"https:\/\/www.uhu.es\/rensma\/wp-content\/uploads\/2025\/07\/Resolucion-Definitiva-Ayudas-Inicio-TFM-2025.pdf\" data-type=\"link\" data-id=\"https:\/\/www.uhu.es\/rensma\/wp-content\/uploads\/2025\/07\/Resolucion-Definitiva-Ayudas-Inicio-TFM-2025.pdf\">Resoluci\u00f3n Definitiva<\/a><\/li>\n<\/ul>\n\n\n\n<hr class=\"wp-block-separator has-alpha-channel-opacity\"\/>\n\n\n\n<p><strong>Nombre Convocatoria<\/strong>: Iniciaci\u00f3n a la Investigaci\u00f3n de estudiantes de M\u00e1ster y Grado en el Centro de Investigaci\u00f3n en Recursos Naturales, Salud y Medio Ambiente (A\u00f1o 2024)<\/p>\n\n\n\n<p><strong>Fecha<\/strong>: 19 de Abril de 2024<\/p>\n\n\n\n<p><strong>Fecha m\u00e1xima presentaci\u00f3n Solicitud<\/strong>: 20 de Mayo de 2024<\/p>\n\n\n\n<ul>\n<li><a href=\"https:\/\/www.uhu.es\/rensma\/wp-content\/uploads\/2023\/07\/BOJA-Bases-Inicio-Investigacion.pdf\">Bases Reguladoras<\/a><\/li>\n\n\n\n<li><a href=\"https:\/\/www.uhu.es\/rensma\/wp-content\/uploads\/2024\/04\/BOJA24-076-00002-43334-01_00300281.pdf\" target=\"_blank\" rel=\"noreferrer noopener\">Convocatoria<\/a><\/li>\n\n\n\n<li><a rel=\"noreferrer noopener\" href=\"https:\/\/www.uhu.es\/rensma\/wp-content\/uploads\/2024\/04\/Formulario-Solicitud-Ayudas-Iniciacion1.pdf\" target=\"_blank\">Solicitud<\/a><\/li>\n\n\n\n<li><a href=\"https:\/\/www.uhu.es\/rensma\/wp-content\/uploads\/2024\/06\/Resolucion-Provisional-Ayudas-Inicio-TFM-2024.pdf\">Resoluci\u00f3n <\/a><a href=\"https:\/\/www.uhu.es\/rensma\/wp-content\/uploads\/2024\/06\/Resolucion-Provisional-Ayudas-Inicio-TFM-2024.pdf\" target=\"_blank\" rel=\"noreferrer noopener\">Provisional<\/a><\/li>\n\n\n\n<li><a href=\"https:\/\/www.uhu.es\/rensma\/wp-content\/uploads\/2024\/07\/Resolucion-Definitva-Ayudas-Inicio-TFM-2024.pdf\" target=\"_blank\" rel=\"noreferrer noopener\">Resoluci\u00f3n Definitiva<\/a><\/li>\n<\/ul>\n\n\n\n<hr class=\"wp-block-separator has-alpha-channel-opacity\"\/>\n\n\n\n<p><strong>Nombre Convocatoria<\/strong>: Iniciaci\u00f3n a la Investigaci\u00f3n de estudiantes de M\u00e1ster y Grado en el Centro de Investigaci\u00f3n en Recursos Naturales, Salud y Medio Ambiente (A\u00f1o 2023)<\/p>\n\n\n\n<p><strong>Fecha<\/strong>: 10 de Mayo de 2023<\/p>\n\n\n\n<ul>\n<li><a href=\"https:\/\/www.uhu.es\/rensma\/wp-content\/uploads\/2023\/07\/BOJA-Bases-Inicio-Investigacion.pdf\">Bases Reguladoras<\/a><\/li>\n\n\n\n<li><a href=\"https:\/\/www.uhu.es\/rensma\/wp-content\/uploads\/2023\/07\/Convocatoria-BOJA23-111-00002-10181-01_00285203.pdf\">Convocatoria<\/a><\/li>\n\n\n\n<li><a href=\"https:\/\/www.uhu.es\/rensma\/wp-content\/uploads\/2023\/05\/Formulario-Solicitud-Ayudas-Iniciacion.pdf\">Solicitud<\/a><\/li>\n\n\n\n<li><a href=\"https:\/\/www.uhu.es\/rensma\/wp-content\/uploads\/2023\/07\/Resolucion-Provisional-Ayudas-Inicio-TFM-2023-1.pdf\">Resoluci\u00f3n Provisional<\/a><\/li>\n\n\n\n<li><a href=\"https:\/\/www.uhu.es\/rensma\/wp-content\/uploads\/2023\/07\/Resolucion-Definitiva-Ayudas-Inicio-TFM-2023-1.pdf\">Resoluci\u00f3n Definitiva<\/a><\/li>\n<\/ul>\n\n\n\n<hr class=\"wp-block-separator has-alpha-channel-opacity\"\/>\n\n\n\n<p><strong>Nombre Convocatoria<\/strong>: Iniciaci\u00f3n a la Investigaci\u00f3n de estudiantes de M\u00e1ster y Grado en el Centro de Investigaci\u00f3n en Recursos Naturales, Salud y Medio Ambiente (A\u00f1o 2022)<\/p>\n\n\n\n<p><strong>Fecha<\/strong>: 27 de Febrero de 2022<\/p>\n\n\n\n<ul>\n<li><a href=\"https:\/\/www.uhu.es\/rensma\/wp-content\/uploads\/2022\/03\/convocatoria_ayudas_RENSMA_TFM.TFG-2022-Firmada.pdf\">Convocatoria<\/a><\/li>\n\n\n\n<li><a href=\"https:\/\/www.uhu.es\/rensma\/wp-content\/uploads\/2022\/03\/Formulario-Solicitud-Ayudas-Iniciacion.docx\">Solicitud<\/a><\/li>\n\n\n\n<li><a href=\"https:\/\/www.uhu.es\/rensma\/wp-content\/uploads\/2022\/04\/Resolucion-Provisional-Ayudas-Inicio-TFM-2022.pdf\">Resoluci\u00f3n Provisional<\/a><\/li>\n\n\n\n<li><a href=\"https:\/\/www.uhu.es\/rensma\/wp-content\/uploads\/2022\/06\/Resolucion-Definitiva-Ayudas-Inicio-TFM-2022.pdf\">Resoluci\u00f3n Definitiva<\/a><\/li>\n<\/ul>\n\n\n\n<hr class=\"wp-block-separator has-alpha-channel-opacity\"\/>\n\n\n\n<p><strong>Nombre Convocatoria<\/strong>: Ayudas para estancias en centros extranjeros para obtenci\u00f3n de la Menci\u00f3n Internacional del Doctorado del Centro de Investigaci\u00f3n en Recursos Naturales, Salud y Medio Ambiente (A\u00f1o 2022)<\/p>\n\n\n\n<p><strong>Fecha<\/strong>: 27 de Febrero de 2022<\/p>\n\n\n\n<ul>\n<li><a href=\"https:\/\/www.uhu.es\/rensma\/wp-content\/uploads\/2022\/03\/convocatoria_ayudas_RENSMA_Estancias-2022-1.pdf\">Convocatoria<\/a>&nbsp;<\/li>\n\n\n\n<li><a href=\"https:\/\/www.uhu.es\/rensma\/wp-content\/uploads\/2022\/04\/Resolucion-Provisional-Ayudas-Estancias-Extran.-2022.pdf\">Resoluci\u00f3n Provisional<\/a><\/li>\n\n\n\n<li><a href=\"https:\/\/www.uhu.es\/rensma\/wp-content\/uploads\/2022\/06\/Resolucion-Definitiva-Ayudas-Estancias-Extran.-2022.pdf\">Resoluci\u00f3n Definitiva<\/a><\/li>\n<\/ul>\n\n\n\n<hr class=\"wp-block-separator has-alpha-channel-opacity\"\/>\n","protected":false},"excerpt":{"rendered":"<p>Convocatorias Nombre Convocatoria: Iniciaci\u00f3n a la Investigaci\u00f3n de estudiantes de M\u00e1ster y Grado en el Centro de Investigaci\u00f3n en Recursos Naturales, Salud y Medio Ambiente (A\u00f1o 2026) Fecha: 6 de Abril de 2026 Fecha m\u00e1xima presentaci\u00f3n Solicitud: 20 d\u00edas tras la publicaci\u00f3n en BOJA. (\u00daltimo d\u00eda 5 de mayo) Nombre Convocatoria: Iniciaci\u00f3n a la Investigaci\u00f3n &hellip;<\/p>\n<p class=\"read-more\"> <a class=\"\" href=\"https:\/\/www.uhu.es\/rensma\/convocatorias\/\"> <span class=\"screen-reader-text\">Convocatorias<\/span> Leer m\u00e1s &raquo;<\/a><\/p>\n","protected":false},"author":2,"featured_media":0,"parent":0,"menu_order":0,"comment_status":"closed","ping_status":"closed","template":"","meta":{"site-sidebar-layout":"default","site-content-layout":"","ast-site-content-layout":"","site-content-style":"default","site-sidebar-style":"default","ast-global-header-display":"","ast-banner-title-visibility":"","ast-main-header-display":"","ast-hfb-above-header-display":"","ast-hfb-below-header-display":"","ast-hfb-mobile-header-display":"","site-post-title":"","ast-breadcrumbs-content":"","ast-featured-img":"","footer-sml-layout":"","theme-transparent-header-meta":"","adv-header-id-meta":"","stick-header-meta":"","header-above-stick-meta":"","header-main-stick-meta":"","header-below-stick-meta":"","astra-migrate-meta-layouts":"","footnotes":""},"_links":{"self":[{"href":"https:\/\/www.uhu.es\/rensma\/wp-json\/wp\/v2\/pages\/3725"}],"collection":[{"href":"https:\/\/www.uhu.es\/rensma\/wp-json\/wp\/v2\/pages"}],"about":[{"href":"https:\/\/www.uhu.es\/rensma\/wp-json\/wp\/v2\/types\/page"}],"author":[{"embeddable":true,"href":"https:\/\/www.uhu.es\/rensma\/wp-json\/wp\/v2\/users\/2"}],"replies":[{"embeddable":true,"href":"https:\/\/www.uhu.es\/rensma\/wp-json\/wp\/v2\/comments?post=3725"}],"version-history":[{"count":30,"href":"https:\/\/www.uhu.es\/rensma\/wp-json\/wp\/v2\/pages\/3725\/revisions"}],"predecessor-version":[{"id":6270,"href":"https:\/\/www.uhu.es\/rensma\/wp-json\/wp\/v2\/pages\/3725\/revisions\/6270"}],"wp:attachment":[{"href":"https:\/\/www.uhu.es\/rensma\/wp-json\/wp\/v2\/media?parent=3725"}],"curies":[{"name":"wp","href":"https:\/\/api.w.org\/{rel}","templated":true}]}}