{"id":4215,"date":"2023-07-04T20:10:24","date_gmt":"2023-07-04T18:10:24","guid":{"rendered":"http:\/\/www.uhu.es\/rensma\/?page_id=4215"},"modified":"2024-03-14T12:38:20","modified_gmt":"2024-03-14T11:38:20","slug":"exhalacion-de-radon-de-materiales-de-construccion-impacto-radiologico-y-medidas-correctoras","status":"publish","type":"page","link":"https:\/\/www.uhu.es\/rensma\/exhalacion-de-radon-de-materiales-de-construccion-impacto-radiologico-y-medidas-correctoras\/","title":{"rendered":"EXHALACI\u00d3N DE RAD\u00d3N DE MATERIALES DE CONSTRUCCI\u00d3N; IMPACTO RADIOL\u00d3GICO Y MEDIDAS CORRECTORAS"},"content":{"rendered":"\n<div style=\"height:35px\" aria-hidden=\"true\" class=\"wp-block-spacer\"><\/div>\n\n\n\n<p><strong>T\u00cdTULO DEL PROYECTO: <\/strong>EXHALACI\u00d3N DE RAD\u00d3N DE MATERIALES DE CONSTRUCCI\u00d3N; IMPACTO RADIOL\u00d3GICO Y MEDIDAS CORRECTORAS.<\/p>\n\n\n\n<p><strong>ENTIDAD SOLICITANTE: <\/strong>UNIVERSIDAD DE HUELVA<\/p>\n\n\n\n<p><strong>L\u00cdNEA ESTRAT\u00c9GICA DE LA CONVOCATORIA EN QUE SE ENCUADRA: <\/strong>L\u00cdNEA 2: EXHALACI\u00d3N DE RAD\u00d3N DE MATERIALES DE CONSTRUCCI\u00d3N. IMPACTO RADIOL\u00d3GICO Y MEDIDAS CORRECTORAS.<\/p>\n\n\n\n<p><strong>1. Resumen <\/strong><\/p>\n\n\n\n<p>El rad\u00f3n es un gas declarado como\ncarcin\u00f3geno de primera categor\u00eda por la Agencia Internacional para la\nInvestigaci\u00f3n del C\u00e1ncer (IARC) desde 1998, estim\u00e1ndose que es responsable de\nun 9 % de las muertes por este tipo de c\u00e1ncer en Europa. En Espa\u00f1a es la\nsegunda causa de c\u00e1ncer de pulm\u00f3n, despu\u00e9s del tabaco, responsable de unas 1500\nmuertes al a\u00f1o. Por ello, la Directiva 2013\/59\/Euratom sobre protecci\u00f3n\nsanitaria frente a las radiaciones ionizantes, tanto en entornos laborales como\ndom\u00e9sticos, trata de controlar la exposici\u00f3n al rad\u00f3n, estableciendo el nivel\nde referencia para la exposici\u00f3n ocupacional en 300 Bq m<sup>-3<\/sup>, y para\nviviendas la Gu\u00eda de Seguridad GS 11-02 del CSN tambi\u00e9n recomienda dicho valor,\npero con medidas de remedio sencillas por encima de los 100 Bq\/m<sup>3<\/sup>.<\/p>\n\n\n\n<p>La Directiva europea anterior\nrequiere que los Estados miembros pongan en marcha planes nacionales contra el\nrad\u00f3n, cuyo objetivo central es reducir el n\u00famero de c\u00e1nceres en la poblaci\u00f3n\ndebidos a este gas. Para ello, es necesario un enfoque integral que incluya las\nviviendas, los lugares de trabajo y los edificios de uso p\u00fablico, tanto sus\nmateriales como las posibles v\u00edas de entrada de rad\u00f3n. Para alcanzar los\nobjetivos del Plan es necesario garantizar la fiabilidad de las mediciones de\nla concentraci\u00f3n de rad\u00f3n en aire y de la tasa de exhalaci\u00f3n, tanto en el suelo\ncomo en materiales de construcci\u00f3n. En este sentido, la norma ISO 11665-9:2016\n(<em>Measurement of radioactivity in the environment &#8211; Air: Radon-222 &#8211; Part 9:\nTest methods for exhalation rate of building materials<\/em>), recientemente\nmodificada en la ISO\/FDIS 11665-9: 2019, con el mismo nombre, presenta algunos\nproblemas de aplicabilidad, siendo de gran importancia analizar c\u00f3mo\nimplementar estas normas en los laboratorios espa\u00f1oles, y, si fuera necesario,\nproponer su adaptaci\u00f3n y\/o simplificaci\u00f3n.<\/p>\n\n\n\n<p>Con el objetivo de controlar el\nnivel de referencia de concentraci\u00f3n de <sup>222<\/sup>Rn en aire establecido a\nnivel nacional para recintos cerrados (viviendas o lugares de trabajo), es\nnecesario establecer una metodolog\u00eda robusta para la determinaci\u00f3n de tasas de\nexhalaci\u00f3n en materiales de construcci\u00f3n, a partir de las cuales, y mediante el\nempleo de programas de c\u00e1lculo adecuados, poder estimar las concentraciones de <sup>222<\/sup>Rn\nen el interior de recintos cerrados en funci\u00f3n de sus caracter\u00edsticas y medio\nambiente, lo que podr\u00eda derivar en la proposici\u00f3n de ciertas restricciones en\nestos.<\/p>\n\n\n\n<p>Teniendo\nen cuenta la problem\u00e1tica anterior, en este proyecto se plantea como OBJETIVO\nGENERAL <em>desarrollar una metodolog\u00eda\nrobusta y fiable para medida de la tasa de exhalaci\u00f3n de rad\u00f3n (in situ y en\nlaboratorio), para materiales de construcci\u00f3n y desarrollar un inventario de los\nm\u00e1s usados en Espa\u00f1a<\/em>. Los datos que se obtengan con esta metodolog\u00eda se\nusar\u00e1n en viviendas y\/o instalaciones construidas con dichos materiales, <em>evalu\u00e1ndose en ambos casos la necesidad o no\nde establecer restricciones en alg\u00fan par\u00e1metro o \u00edndice<\/em>.<\/p>\n\n\n\n<p><strong>2. Objetivos<\/strong><\/p>\n\n\n\n<p><em>Enumerar brevemente y\ndescribir con claridad, precisi\u00f3n y de manera realista los objetivos concretos\nque se persiguen, los cuales deben adecuarse a alguna de las l\u00edneas tem\u00e1ticas\ndel CSN que se incluyen en la convocatoria.<\/em><em><\/em><\/p>\n\n\n\n<p>El grupo de investigaci\u00f3n de \u201c<strong>F\u00edsica de Radiaciones y Medio Ambiente<\/strong>\u201d\n(en adelante FRyMA), de la Universidad de Huelva, posee una dilatada\nexperiencia en estudios sobre medida y comportamiento del rad\u00f3n, y en concreto\nsobre la medida de su emanaci\u00f3n y exhalaci\u00f3n en diversos tipos de materiales y\nelementos constructivos. Por ello, el grupo FRyMA propone al Consejo de\nSeguridad Nuclear un proyecto cuyo OBJETIVO GENERAL es <strong>desarrollar una metodolog\u00eda robusta y fiable para medida de la tasa de\nexhalaci\u00f3n de rad\u00f3n (in situ y en laboratorio) y de caracterizaci\u00f3n radiactiva para\nmateriales de construcci\u00f3n, y su aplicaci\u00f3n en la confecci\u00f3n de un inventario\nnacional de materiales en relaci\u00f3n a sus propiedades sobre el rad\u00f3n\n(exhalaci\u00f3n, permeabilidad, etc.), us\u00e1ndose estos datos para evaluar sus\nimplicaciones radiol\u00f3gicas en viviendas y lugares de trabajo.<\/strong><\/p>\n\n\n\n<p>Para la consecuci\u00f3n de dicho objetivo general, es condici\u00f3n\nnecesaria la realizaci\u00f3n de los siguientes <strong>objetivos\nespec\u00edficos<\/strong>:<\/p>\n\n\n\n<ol>\n<li>Poner al d\u00eda al equipo de\ninvestigaci\u00f3n en la tem\u00e1tica del proyecto a trav\u00e9s de la realizaci\u00f3n de una\nbase de datos sobre las diferentes t\u00e9cnicas de medida de tasas de exhalaci\u00f3n, de\npermeabilidad del rad\u00f3n, tanto en materiales constructivos ya conformados\n(ladrillos, losetas, muros prefabricados, etc.), como granulados. <\/li>\n\n\n\n<li>Desarrollar una metodolog\u00eda robusta, y lo m\u00e1s simple posible, para la\nmedida de la exhalaci\u00f3n de rad\u00f3n en materiales de construcci\u00f3n, conformados o\ngranulados, tanto \u201c<em>in situ<\/em>\u201d como en\nlaboratorio, basada en las ISO 11665-9:2016\ny la ISO\/FDIS 11665-9:\n2019 (Measurement of radioactivity in the environment \u2014 Air: Radon-222 &#8211; Part\n9: Test methods for exhalation rate of building materials). Se evaluar\u00e1 c\u00f3mo\ninfluyen las condiciones bajo las que se realiza la medici\u00f3n, tales como, por\nejemplo, variaciones de presi\u00f3n o temperatura, entre otras.<\/li>\n<\/ol>\n\n\n\n<ol>\n<li>Desarrollar una metodolog\u00eda robusta, y lo m\u00e1s simple posible, para la\n     medida de la permeabilidad del rad\u00f3n en materiales de construcci\u00f3n y\n     membranas, evalu\u00e1ndose c\u00f3mo influyen las condiciones bajo las que se\n     realiza la medici\u00f3n. Esta metodolog\u00eda se basar\u00e1 en la\n     ISO 11599:1997 (Determination of gas porosity and gas permeability of\n     hydraulic binders containing embedded radioactive waste), y en la ISO\n     7229:2015 (Rubber &#8211; or plastics-coated fabrics &#8211; Measurement of gas\n     permeability).<\/li>\n\n\n\n<li>Realizar una caracterizaci\u00f3n radiactiva para evaluar la\n     fuente de rad\u00f3n \u2013 concentraciones de radionucleidos naturales, tasa de\n     exhalaci\u00f3n, y permeabilidad \u2013 de los materiales y elementos constructivos\n     m\u00e1s utilizados en Espa\u00f1a, o elementos constructivos fabricados con\n     materiales\/residuos NORM en diversas proporciones\n     y con distintas t\u00e9cnicas, y, como consecuencia, elaborar un inventario de\n     materiales de construcci\u00f3n con sus propiedades radiol\u00f3gicas relativas al\n     rad\u00f3n. <\/li>\n\n\n\n<li>Desarrollar y aplicar una metodolog\u00eda predictiva que permita cuantificar\n     las concentraciones de rad\u00f3n en interiores de lugares cerrados. Esta metodolog\u00eda se\n     desarrollar\u00e1 combinando estudios de laboratorio con modelos de simulaci\u00f3n.\n     Para ello se construir\u00e1 una sala a escala piloto con tasas de exhalaci\u00f3n de\n     rad\u00f3n y ventilaci\u00f3n conocidas, cuyas medidas podr\u00e1n usarse para calibrar programas\n     de modelizaci\u00f3n con los que obtener la evoluci\u00f3n de la concentraci\u00f3n de\n     rad\u00f3n en funci\u00f3n de la exhalaci\u00f3n de los materiales de construcci\u00f3n y de\n     otros p\u00e1rametros ambientales como la tasa de renovaci\u00f3n del aire interior.\n     <\/li>\n\n\n\n<li>Analizar la viabilidad de la imposici\u00f3n de restricciones\n     sobre los par\u00e1metros que regulan la exhalaci\u00f3n de rad\u00f3n de los materiales\n     de construcci\u00f3n de forma directa, o de forma indirecta, proponiendo, por\n     ejemplo, valores de referencia sobre la permeabilidad del material o sobre\n     el contenido de <sup>226<\/sup>Ra, m\u00e1s all\u00e1 del criterio establecido en el\n     \u00edndice de concentraci\u00f3n de actividad gamma descrito en el Anexo VIII de la\n     Directiva 59\/2013.<\/li>\n\n\n\n<li>Elaborar los informes parciales, finales, y las\n     conclusiones que se desprendan del estudio realizado.<\/li>\n<\/ol>\n\n\n\n<p><strong>3. Metodolog\u00eda <\/strong><\/p>\n\n\n\n<p><em>Se debe detallar y\njustificar con precisi\u00f3n la metodolog\u00eda y el plan de trabajo que se propone, y\nel plan de trabajo debe desglosarse en actividades o tareas, fijando los hitos\nque se prev\u00e9 alcanzar en cada una de ellas.<\/em><\/p>\n\n\n\n<p>Para describir la metodolog\u00eda y plan de trabajo que se aplicar\u00e1 durante la\nejecuci\u00f3n del proyecto, se procede al desglose de actividades, defini\u00e9ndose\npara cada una de ellas las tareas que se realizar\u00e1n.<\/p>\n\n\n\n<p><strong><em>Actividad 1.<\/em><\/strong><em> Puesta al d\u00eda del equipo de investigaci\u00f3n en la tem\u00e1tica del proyecto. <\/em><\/p>\n\n\n\n<p><strong><em>Actividad 2.<\/em><\/strong><em> Desarrollo y adaptaci\u00f3n de una metodolog\u00eda para medida de tasas de exhalaci\u00f3n\nde rad\u00f3n en materiales de construcci\u00f3n basada en las normas ISO existentes<\/em>.<\/p>\n\n\n\n<p><strong><em>Actividad 3<\/em><\/strong><em>. Desarrollar una metodolog\u00eda estandarizada y simple para medida de la\npermeabilidad al rad\u00f3n en materiales de construcci\u00f3n basada en las normas ISO<\/em>.<\/p>\n\n\n\n<p><strong><em>Actividad 4<\/em><\/strong><em>. Caracterizaci\u00f3n radiol\u00f3gica (tasas de exhalaci\u00f3n, permeabilidad y\nconcentraciones de radionucleidos naturales) de los materiales de construcci\u00f3n\nm\u00e1s comunes usados en Espa\u00f1a, y elaboraci\u00f3n de un inventario.<\/em><\/p>\n\n\n\n<p><em>Actividad 4.1<\/em><em>. Caracterizaci\u00f3n radiol\u00f3gica de\nmateriales de construcci\u00f3n.<\/em><\/p>\n\n\n\n<p><em>Actividad 4.2<\/em><em>. Realizaci\u00f3n de inventario de\nmateriales de construcci\u00f3n seg\u00fan sus propiedades de Rn.<\/em><\/p>\n\n\n\n<p><strong><em>Actividad 5.<\/em><\/strong><em> Desarrollo y aplicaci\u00f3n de un modelo predictivo para cuantificar las\nconcentraciones de rad\u00f3n en interiores de construcciones realizadas con materiales\nNORM y potenciales restricciones.<\/em><\/p>\n\n\n\n<p><em>Actividad 5.1<\/em><em>. Desarrollo y aplicaci\u00f3n de un\nmodelo predictivo para cuantificar las concentraciones de rad\u00f3n en interiores.<\/em><\/p>\n\n\n\n<p><em>Actividad 5.2<\/em><em>. Evaluar la posible imposici\u00f3n de\nrestricciones sobre los par\u00e1metros que regulan la exhalaci\u00f3n de rad\u00f3n de los\nmateriales de construcci\u00f3n. <\/em><\/p>\n\n\n\n<p><strong><em>Actividad 6<\/em><\/strong><em>. Plan de difusi\u00f3n<\/em>.<\/p>\n\n\n\n<p><em>Actividad 6.1<\/em><em>. Desarrollo de un curso\/taller de\nformaci\u00f3n y unas jornadas de discusi\u00f3n<\/em><\/p>\n\n\n\n<p><em>Actividad 6.2<\/em><em>. P\u00e1gina WEB<\/em><\/p>\n\n\n\n<p><em>Actividad 6.3<\/em><em>. Elaboraci\u00f3n de informes y\npublicaci\u00f3n de resultados<\/em><\/p>\n\n\n\n<p><strong>4. Beneficios del proyecto<\/strong><\/p>\n\n\n\n<p><em>Se destacar\u00e1n los\nproductos cient\u00edfico-t\u00e9cnicos que cabe esperar del proyecto, en particular los\navances en el conocimiento y las aplicaciones potenciales a corto y medio\nplazo. <\/em><\/p>\n\n\n\n<p><em>Se describir\u00e1n los\nplanes para la difusi\u00f3n y, en su caso, explotaci\u00f3n, de los resultados\nobtenidos.<\/em><\/p>\n\n\n\n<ul>\n<li><strong>Beneficios del proyecto <\/strong><\/li>\n\n\n\n<li>Profundizar\nen el conocimiento radiol\u00f3gico de los materiales de construcci\u00f3n espa\u00f1oles.<\/li>\n\n\n\n<li>Mejorar\nlos modelos de evaluaci\u00f3n de riesgos radiol\u00f3gicos generados por acumulaci\u00f3n de\nrad\u00f3n en edificios y viviendas.<\/li>\n\n\n\n<li>Las herramientas\nque se van a desarrollar e implantar ser\u00e1n de gran utilidad, tanto para el\nConsejo de Seguridad Nuclear como para las empresas que trabajen en la tem\u00e1tica\nNORM, mejorando el servicio que presten a las empresas involucradas en la\nproblem\u00e1tica de la radiaci\u00f3n natural.<\/li>\n\n\n\n<li>La\nmetodolog\u00eda estandarizada para medida de tasas de exhalaci\u00f3n y permeabilidad de\nrad\u00f3n en materiales de construcci\u00f3n y\/o residuos NORM podr\u00e1 ser utilizada por\ntodas las partes involucradas en la construcci\u00f3n de viviendas.<\/li>\n\n\n\n<li>Obtenci\u00f3n\nde m\u00e9todos para establecer las mejores tecnolog\u00edas para la reducci\u00f3n de las\nemisiones de rad\u00f3n en la restauraci\u00f3n de dep\u00f3sitos de residuos NORM, los cuales\nser\u00e1n de gran ayuda a las empresas encargadas de su restauraci\u00f3n y gesti\u00f3n, as\u00ed\ncomo a las autoridades responsables de su control.<\/li>\n\n\n\n<li>Consolidaci\u00f3n\nde un equipo de investigaci\u00f3n multidisciplinar espa\u00f1ol dedicado a estudios de\nmodelizaci\u00f3n de la emisi\u00f3n de contaminantes radiactivos en vertederos de\nresiduos, y su diseminaci\u00f3n en el medio ambiente, con una masa cr\u00edtica e\ninstrumentaci\u00f3n que permitir\u00e1 ser un n\u00facleo para la posible incorporaci\u00f3n de\notros grupos y generar nuevos proyectos de investigaci\u00f3n.<\/li>\n\n\n\n<li>La investigaci\u00f3n\nque se desarrollar\u00e1 en el marco de este proyecto tiene un car\u00e1cter\neminentemente multidisciplinar, por lo que incentivar\u00e1 flujos de conocimiento\ncomplementarios entre diversos campos, que enriquecer\u00e1 el \u201c<em>background<\/em>\u201d cient\u00edfico de los diferentes grupos interesados.<\/li>\n<\/ul>\n\n\n\n<ul>\n<li><strong>Planes de difusi\u00f3n<\/strong><\/li>\n\n\n\n<li>Desarrollo\nde una tesis doctoral en la tem\u00e1tica del proyecto<\/li>\n\n\n\n<li>Escritura\nde al menos 3-4 art\u00edculos, al menos dos de ellos en revistas de impacto\ninternacional.<\/li>\n\n\n\n<li>Participaci\u00f3n\nen al menos 5 congresos, dos de ellos internacionales.<\/li>\n\n\n\n<li>Elaboraci\u00f3n\nde una p\u00e1giuna web del proyecto, con un plan de actualizaci\u00f3n mensual.<\/li>\n\n\n\n<li>Desarrollo\nde una jornada t\u00e9cnica con las partes involucradas (\u201cstakeholders\u201d) en el\nproyecto, especialmente empresas e instituciones.<\/li>\n\n\n\n<li>Publicaci\u00f3n\nde una gu\u00eda t\u00e9cnica pr\u00e1ctica para evaluaci\u00f3n de riesgos al rad\u00f3n en viviendas y\nlugares de trabajo en funci\u00f3n de los materiales de construcci\u00f3n utilizados y la\ngesti\u00f3n de dichos espacios.<\/li>\n\n\n\n<li>Emitir un\ninforme Layman, el cual es un resumen divulgativo que recopila toda la informaci\u00f3n\nrelativa al proyecto, resultados conseguidos, debilidades y problemas que hayan\nsurgido durante la ejecuci\u00f3n del mismo.<\/li>\n\n\n\n<li>Elaboraci\u00f3n\nde recomendaciones de las condiciones radiol\u00f3gicas exigibles a los materiales y\nelementos constructivos para que los riesgos radiol\u00f3gicos por exposici\u00f3n a\nrad\u00f3n est\u00e1n en acuerdo con los criterios radiol\u00f3gicos establecidos por la\nnormativa eurpea y espa\u00f1ola.<\/li>\n<\/ul>\n\n\n\n<p><strong>5. Resultados del Proyecto <\/strong><\/p>\n\n\n\n<p><em>PENDIENTE<\/em><\/p>\n","protected":false},"excerpt":{"rendered":"<p>T\u00cdTULO DEL PROYECTO: EXHALACI\u00d3N DE RAD\u00d3N DE MATERIALES DE CONSTRUCCI\u00d3N; IMPACTO RADIOL\u00d3GICO Y MEDIDAS CORRECTORAS. ENTIDAD SOLICITANTE: UNIVERSIDAD DE HUELVA L\u00cdNEA ESTRAT\u00c9GICA DE LA CONVOCATORIA EN QUE SE ENCUADRA: L\u00cdNEA 2: EXHALACI\u00d3N DE RAD\u00d3N DE MATERIALES DE CONSTRUCCI\u00d3N. IMPACTO RADIOL\u00d3GICO Y MEDIDAS CORRECTORAS. 1. Resumen El rad\u00f3n es un gas declarado como carcin\u00f3geno de primera &hellip;<\/p>\n<p class=\"read-more\"> <a class=\"\" href=\"https:\/\/www.uhu.es\/rensma\/exhalacion-de-radon-de-materiales-de-construccion-impacto-radiologico-y-medidas-correctoras\/\"> <span class=\"screen-reader-text\">EXHALACI\u00d3N DE RAD\u00d3N DE MATERIALES DE CONSTRUCCI\u00d3N; IMPACTO RADIOL\u00d3GICO Y MEDIDAS CORRECTORAS<\/span> Leer m\u00e1s &raquo;<\/a><\/p>\n","protected":false},"author":2,"featured_media":0,"parent":0,"menu_order":0,"comment_status":"closed","ping_status":"closed","template":"","meta":{"site-sidebar-layout":"default","site-content-layout":"","ast-site-content-layout":"","site-content-style":"default","site-sidebar-style":"default","ast-global-header-display":"","ast-banner-title-visibility":"","ast-main-header-display":"","ast-hfb-above-header-display":"","ast-hfb-below-header-display":"","ast-hfb-mobile-header-display":"","site-post-title":"","ast-breadcrumbs-content":"","ast-featured-img":"","footer-sml-layout":"","theme-transparent-header-meta":"","adv-header-id-meta":"","stick-header-meta":"","header-above-stick-meta":"","header-main-stick-meta":"","header-below-stick-meta":"","astra-migrate-meta-layouts":"","footnotes":""},"_links":{"self":[{"href":"https:\/\/www.uhu.es\/rensma\/wp-json\/wp\/v2\/pages\/4215"}],"collection":[{"href":"https:\/\/www.uhu.es\/rensma\/wp-json\/wp\/v2\/pages"}],"about":[{"href":"https:\/\/www.uhu.es\/rensma\/wp-json\/wp\/v2\/types\/page"}],"author":[{"embeddable":true,"href":"https:\/\/www.uhu.es\/rensma\/wp-json\/wp\/v2\/users\/2"}],"replies":[{"embeddable":true,"href":"https:\/\/www.uhu.es\/rensma\/wp-json\/wp\/v2\/comments?post=4215"}],"version-history":[{"count":6,"href":"https:\/\/www.uhu.es\/rensma\/wp-json\/wp\/v2\/pages\/4215\/revisions"}],"predecessor-version":[{"id":5188,"href":"https:\/\/www.uhu.es\/rensma\/wp-json\/wp\/v2\/pages\/4215\/revisions\/5188"}],"wp:attachment":[{"href":"https:\/\/www.uhu.es\/rensma\/wp-json\/wp\/v2\/media?parent=4215"}],"curies":[{"name":"wp","href":"https:\/\/api.w.org\/{rel}","templated":true}]}}