{"id":4785,"date":"2024-08-29T14:59:56","date_gmt":"2024-08-29T12:59:56","guid":{"rendered":"https:\/\/www.uhu.es\/rensma\/?page_id=4785"},"modified":"2024-08-29T14:59:57","modified_gmt":"2024-08-29T12:59:57","slug":"presentacion-bio-microalgas","status":"publish","type":"page","link":"https:\/\/www.uhu.es\/rensma\/presentacion-bio-microalgas\/","title":{"rendered":"Presentaci\u00f3n ENFGH"},"content":{"rendered":"\n<div class=\"wp-block-cover alignfull\"><span aria-hidden=\"true\" class=\"wp-block-cover__background has-background-dim\"><\/span><img decoding=\"async\" loading=\"lazy\" width=\"940\" height=\"300\" class=\"wp-block-cover__image-background wp-image-1755\" alt=\"\" src=\"https:\/\/www.uhu.es\/rensma\/wp-content\/uploads\/2019\/10\/7.jpg\" style=\"object-position:50% 13%\" data-object-fit=\"cover\" data-object-position=\"50% 13%\" srcset=\"https:\/\/www.uhu.es\/rensma\/wp-content\/uploads\/2019\/10\/7.jpg 940w, https:\/\/www.uhu.es\/rensma\/wp-content\/uploads\/2019\/10\/7-300x96.jpg 300w, https:\/\/www.uhu.es\/rensma\/wp-content\/uploads\/2019\/10\/7-768x245.jpg 768w\" sizes=\"(max-width: 940px) 100vw, 940px\" \/><div class=\"wp-block-cover__inner-container is-layout-constrained wp-block-cover-is-layout-constrained\">\n<p class=\"has-text-align-center has-large-font-size\"><\/p>\n<\/div><\/div>\n\n\n\n<div style=\"height:100px\" aria-hidden=\"true\" class=\"wp-block-spacer\"><\/div>\n\n\n\n<h1 class=\"wp-block-heading has-text-align-center\"><strong>UNIDAD EN BIOTECNOLOG\u00cdA DE MICROALGAS<\/strong><\/h1>\n\n\n\n<div class=\"wp-block-columns is-layout-flex wp-container-6 wp-block-columns-is-layout-flex\">\n<div class=\"wp-block-column is-layout-flow wp-block-column-is-layout-flow\" style=\"flex-basis:33.33%\">\n<p class=\"has-ast-global-color-5-color has-ast-global-color-0-background-color has-text-color has-background\">Men\u00fa laboratorio<\/p>\n\n\n<nav class=\" is-vertical wp-block-navigation is-layout-flex wp-container-3 wp-block-navigation-is-layout-flex\" aria-label=\"Menu ALGAS\"><ul class=\"wp-block-navigation__container  is-vertical wp-block-navigation\"><li class=\" wp-block-navigation-item wp-block-navigation-link\"><a class=\"wp-block-navigation-item__content\"  href=\"https:\/\/www.uhu.es\/rensma\"><span class=\"wp-block-navigation-item__label\">\u226a Volver &#8230;<\/span><\/a><\/li><\/ul><\/nav><\/div>\n\n\n\n<div class=\"wp-block-column is-layout-flow wp-block-column-is-layout-flow\" style=\"flex-basis:66.66%\">\n<h2 class=\"wp-block-heading\">Presentaci\u00f3n<\/h2>\n\n\n\n<p>La l\u00ednea tem\u00e1tica \u201cBiotecnolog\u00eda de microalgas\u201d se centra en el estudio y desarrollo de aplicaciones biotecnol\u00f3gicas, hasta escala piloto, de nuevas especies de microalgas, particularmente aquellas que proceden de ambientes extremos. La l\u00ednea de investigaci\u00f3n incluye el aislamiento de microorganismos de ambientes extremos, la identificaci\u00f3n y aproximaci\u00f3n filogen\u00e9tica mediante t\u00e9cnicas de biolog\u00eda molecular, el an\u00e1lisis del potencial biotecnol\u00f3gico, la estimulaci\u00f3n de la acumulaci\u00f3n de metabolitos y pol\u00edmeros de alto valor en nutrici\u00f3n y salud humana y animal, el dise\u00f1o y construcci\u00f3n de fotobiorreactores para la producci\u00f3n de las microalgas enriquecidas en dichas mol\u00e9culas de valor y, finalmente, el desarrollo de procesos productivos a escala piloto.<\/p>\n\n\n\n<p>La l\u00ednea se financia con los fondos de 6 proyectos de investigaci\u00f3n actualmente vigentes. La investigaci\u00f3n se desarrolla en CIDERTA (Centro para el Desarrollo de Recursos y Tecnolog\u00edas Agroalimentarias de la Universidad de Huelva). La Universidad de Huelva cuenta en este Centro con una de las principales plantas piloto para la investigaci\u00f3n en producci\u00f3n de microalgas, existentes en Centros de Investigaci\u00f3n de Andaluc\u00eda.<\/p>\n\n\n\n<p>CIDERTA cuenta, adem\u00e1s, con personal t\u00e9cnico altamente cualificado responsable de la prestaci\u00f3n de servicios centralizados a la comunidad cient\u00edfica y al entorno productivo.<\/p>\n<\/div>\n<\/div>\n","protected":false},"excerpt":{"rendered":"<p>UNIDAD EN BIOTECNOLOG\u00cdA DE MICROALGAS Presentaci\u00f3n La l\u00ednea tem\u00e1tica \u201cBiotecnolog\u00eda de microalgas\u201d se centra en el estudio y desarrollo de aplicaciones biotecnol\u00f3gicas, hasta escala piloto, de nuevas especies de microalgas, particularmente aquellas que proceden de ambientes extremos. La l\u00ednea de investigaci\u00f3n incluye el aislamiento de microorganismos de ambientes extremos, la identificaci\u00f3n y aproximaci\u00f3n filogen\u00e9tica mediante &hellip;<\/p>\n<p class=\"read-more\"> <a class=\"\" href=\"https:\/\/www.uhu.es\/rensma\/presentacion-bio-microalgas\/\"> <span class=\"screen-reader-text\">Presentaci\u00f3n ENFGH<\/span> Leer m\u00e1s &raquo;<\/a><\/p>\n","protected":false},"author":2,"featured_media":0,"parent":0,"menu_order":0,"comment_status":"closed","ping_status":"closed","template":"","meta":{"site-sidebar-layout":"default","site-content-layout":"","ast-site-content-layout":"","site-content-style":"default","site-sidebar-style":"default","ast-global-header-display":"","ast-banner-title-visibility":"","ast-main-header-display":"","ast-hfb-above-header-display":"","ast-hfb-below-header-display":"","ast-hfb-mobile-header-display":"","site-post-title":"","ast-breadcrumbs-content":"","ast-featured-img":"","footer-sml-layout":"","theme-transparent-header-meta":"","adv-header-id-meta":"","stick-header-meta":"","header-above-stick-meta":"","header-main-stick-meta":"","header-below-stick-meta":"","astra-migrate-meta-layouts":"","footnotes":""},"_links":{"self":[{"href":"https:\/\/www.uhu.es\/rensma\/wp-json\/wp\/v2\/pages\/4785"}],"collection":[{"href":"https:\/\/www.uhu.es\/rensma\/wp-json\/wp\/v2\/pages"}],"about":[{"href":"https:\/\/www.uhu.es\/rensma\/wp-json\/wp\/v2\/types\/page"}],"author":[{"embeddable":true,"href":"https:\/\/www.uhu.es\/rensma\/wp-json\/wp\/v2\/users\/2"}],"replies":[{"embeddable":true,"href":"https:\/\/www.uhu.es\/rensma\/wp-json\/wp\/v2\/comments?post=4785"}],"version-history":[{"count":1,"href":"https:\/\/www.uhu.es\/rensma\/wp-json\/wp\/v2\/pages\/4785\/revisions"}],"predecessor-version":[{"id":4786,"href":"https:\/\/www.uhu.es\/rensma\/wp-json\/wp\/v2\/pages\/4785\/revisions\/4786"}],"wp:attachment":[{"href":"https:\/\/www.uhu.es\/rensma\/wp-json\/wp\/v2\/media?parent=4785"}],"curies":[{"name":"wp","href":"https:\/\/api.w.org\/{rel}","templated":true}]}}