{"id":485,"date":"2019-04-09T14:08:32","date_gmt":"2019-04-09T12:08:32","guid":{"rendered":"http:\/\/www.uhu.es\/rensma\/?page_id=485"},"modified":"2025-06-10T08:52:32","modified_gmt":"2025-06-10T06:52:32","slug":"proyectos-ymac","status":"publish","type":"page","link":"https:\/\/www.uhu.es\/rensma\/proyectos-ymac\/","title":{"rendered":"Proyectos"},"content":{"rendered":"\n<div class=\"wp-block-cover alignfull is-light\"><span aria-hidden=\"true\" class=\"wp-block-cover__background has-background-dim\"><\/span><img decoding=\"async\" loading=\"lazy\" width=\"940\" height=\"300\" class=\"wp-block-cover__image-background wp-image-806\" alt=\"\" src=\"https:\/\/www.uhu.es\/rensma\/wp-content\/uploads\/2019\/06\/Slider.jpg\" data-object-fit=\"cover\" srcset=\"https:\/\/www.uhu.es\/rensma\/wp-content\/uploads\/2019\/06\/Slider.jpg 940w, https:\/\/www.uhu.es\/rensma\/wp-content\/uploads\/2019\/06\/Slider-300x96.jpg 300w, https:\/\/www.uhu.es\/rensma\/wp-content\/uploads\/2019\/06\/Slider-768x245.jpg 768w\" sizes=\"(max-width: 940px) 100vw, 940px\" \/><div class=\"wp-block-cover__inner-container is-layout-constrained wp-block-cover-is-layout-constrained\">\n<p class=\"has-text-align-center has-large-font-size\"><\/p>\n\n\n\n<div style=\"height:100px\" aria-hidden=\"true\" class=\"wp-block-spacer\"><\/div>\n<\/div><\/div>\n\n\n\n<h1 class=\"wp-block-heading has-text-align-center\" style=\"margin-top:var(--wp--preset--spacing--70)\">Proyectos<\/h1>\n\n\n\n<h3 class=\"wp-block-heading has-text-align-center\" style=\"text-transform:uppercase\"><strong>Unidad de Recursos Minerales<\/strong><\/h3>\n\n\n\n<div class=\"wp-block-columns is-layout-flex wp-container-6 wp-block-columns-is-layout-flex\">\n<div class=\"wp-block-column is-layout-flow wp-block-column-is-layout-flow\" style=\"flex-basis:33.33%\">\n<p class=\"has-ast-global-color-5-color has-ast-global-color-0-background-color has-text-color has-background\">Men\u00fa laboratorio<\/p>\n\n\n<nav class=\" is-vertical wp-block-navigation is-layout-flex wp-container-3 wp-block-navigation-is-layout-flex\" aria-label=\"Menu YMAC\"><ul class=\"wp-block-navigation__container  is-vertical wp-block-navigation\"><li class=\" wp-block-navigation-item wp-block-navigation-link\"><a class=\"wp-block-navigation-item__content\"  href=\"https:\/\/www.uhu.es\/rensma\/presentacion-ymac\/\"><span class=\"wp-block-navigation-item__label\">Presentaci\u00f3n<\/span><\/a><\/li><li class=\" wp-block-navigation-item wp-block-navigation-link\"><a class=\"wp-block-navigation-item__content\"  href=\"https:\/\/www.uhu.es\/rensma\/lineas-de-investigacion-ymac\/\"><span class=\"wp-block-navigation-item__label\">L\u00edneas de Investigaci\u00f3n<\/span><\/a><\/li><li class=\" wp-block-navigation-item wp-block-navigation-link\"><a class=\"wp-block-navigation-item__content\"  href=\"https:\/\/www.uhu.es\/rensma\/miembros-ymac\/\"><span class=\"wp-block-navigation-item__label\">Miembros<\/span><\/a><\/li><li class=\" wp-block-navigation-item wp-block-navigation-link\"><a class=\"wp-block-navigation-item__content\"  href=\"https:\/\/www.uhu.es\/rensma\/proyectos-ymac\/\"><span class=\"wp-block-navigation-item__label\">Proyectos<\/span><\/a><\/li><li class=\" wp-block-navigation-item wp-block-navigation-link\"><a class=\"wp-block-navigation-item__content\"  href=\"https:\/\/www.uhu.es\/rensma\/publicaciones-ymac\/\"><span class=\"wp-block-navigation-item__label\">Publicaciones<\/span><\/a><\/li><li class=\" wp-block-navigation-item wp-block-navigation-link\"><a class=\"wp-block-navigation-item__content\"  href=\"https:\/\/www.uhu.es\/rensma\/infraestructuras-ymac\/\"><span class=\"wp-block-navigation-item__label\">Infraestructuras<\/span><\/a><\/li><li class=\" wp-block-navigation-item wp-block-navigation-link\"><a class=\"wp-block-navigation-item__content\"  href=\"https:\/\/www.uhu.es\/rensma\"><span class=\"wp-block-navigation-item__label\">\u226a Volver &#8230;<\/span><\/a><\/li><\/ul><\/nav><\/div>\n\n\n\n<div class=\"wp-block-column is-layout-flow wp-block-column-is-layout-flow\" style=\"flex-basis:66.66%\">\n<div class=\"wp-block-pb-accordion-item c-accordion__item js-accordion-item no-js\" data-initially-open=\"false\" data-click-to-close=\"true\" data-auto-close=\"true\" data-scroll=\"false\" data-scroll-offset=\"0\"><h3 id=\"at-4850\" class=\"c-accordion__title js-accordion-controller\" role=\"button\">1. Geolog\u00eda y Geocronolog\u00eda de rocas \u00edgneas b\u00e1sicas asociadas a mineralizaciones con elementos de inter\u00e9s estrat\u00e9gico (Co y Sb), Faja Pir\u00edtica Ib\u00e9rica<\/h3><div id=\"ac-4850\" class=\"c-accordion__content\">\n<p><strong>N\u00ba de Investigadores:<\/strong>&nbsp;5<br><strong>Entidad financiadora:<\/strong>&nbsp;Universidad de Huelva<br><strong>Investigador principal:<\/strong>&nbsp;Reinaldo S\u00e1ez<br><strong>Fecha inicio:<\/strong>&nbsp;01\/01\/2022 ;&nbsp;<strong>Fecha fin:<\/strong>&nbsp;31\/12\/2022<br><strong>Cuant\u00eda total:<\/strong>&nbsp;7.500,00 \u20ac<\/p>\n<\/div><\/div>\n\n\n\n<div class=\"wp-block-pb-accordion-item c-accordion__item js-accordion-item no-js\" data-initially-open=\"false\" data-click-to-close=\"true\" data-auto-close=\"true\" data-scroll=\"false\" data-scroll-offset=\"0\"><h3 id=\"at-4851\" class=\"c-accordion__title js-accordion-controller\" role=\"button\">2. MEGA-HUELVA. Catalogaci\u00f3n de los monumentos megal\u00edticos de la provincia de Huelva<\/h3><div id=\"ac-4851\" class=\"c-accordion__content\">\n<p><strong>N\u00ba de Investigadores:<\/strong>&nbsp;3<br><strong>Entidad financiadora:<\/strong>&nbsp;Vicerrectorado de Innovaci\u00f3n y Empleabilidad de la Universidad de Huelva<br><strong>Fecha inicio:<\/strong>&nbsp;17\/11\/2020 ;&nbsp;<strong>Fecha fin:<\/strong>&nbsp;17\/11\/2021<br><strong>Cuant\u00eda total:<\/strong>&nbsp;4.100,00 \u20ac<\/p>\n<\/div><\/div>\n\n\n\n<div class=\"wp-block-pb-accordion-item c-accordion__item js-accordion-item no-js\" data-initially-open=\"false\" data-click-to-close=\"true\" data-auto-close=\"true\" data-scroll=\"false\" data-scroll-offset=\"0\"><h3 id=\"at-4852\" class=\"c-accordion__title js-accordion-controller\" role=\"button\">3. Arqueometr\u00eda de indicadores arqueol\u00f3gicos procedentes del yacimiento ciudad hispanorromana de Arucci (Huelva)<\/h3><div id=\"ac-4852\" class=\"c-accordion__content\">\n<p><strong>C\u00f3digo:<\/strong>&nbsp;UHUPJ00011<br><strong>N\u00ba de Investigadores:<\/strong>&nbsp;9<br><strong>Entidad financiadora:<\/strong>&nbsp;Universidad de Huelva<br><strong>Investigador principal:<\/strong>&nbsp;Nuria De la O Vidal Teruel<br><strong>Fecha de Inicio:<\/strong>&nbsp;27\/07\/2020<\/p>\n<\/div><\/div>\n\n\n\n<div class=\"wp-block-pb-accordion-item c-accordion__item js-accordion-item no-js\" data-initially-open=\"false\" data-click-to-close=\"true\" data-auto-close=\"true\" data-scroll=\"false\" data-scroll-offset=\"0\"><h3 id=\"at-4853\" class=\"c-accordion__title js-accordion-controller\" role=\"button\">4. MEGA-LITHOS. M\u00e9todos de estudio geo-arqueol\u00f3gicos para la investigaci\u00f3n de los megalitismos de Huelva<\/h3><div id=\"ac-4853\" class=\"c-accordion__content\">\n<p><strong>C\u00f3digo:<\/strong>&nbsp;UHU-1263153<br><strong>N\u00ba de Investigadores:<\/strong>&nbsp;3<br><strong>Entidad financiadora:<\/strong>&nbsp;Consejer\u00eda de Econom\u00eda y Conocimiento de la Junta de Andaluc\u00eda. Universidad de Huelva<br><strong>Fecha inicio:<\/strong>&nbsp;01\/02\/2020 ;&nbsp;<strong>Fecha fin:<\/strong>&nbsp;01\/02\/2022<br><strong>Cuant\u00eda total:<\/strong>&nbsp;75.000,00 \u20ac<\/p>\n<\/div><\/div>\n\n\n\n<div class=\"wp-block-pb-accordion-item c-accordion__item js-accordion-item no-js\" data-initially-open=\"false\" data-click-to-close=\"true\" data-auto-close=\"true\" data-scroll=\"false\" data-scroll-offset=\"0\"><h3 id=\"at-4854\" class=\"c-accordion__title js-accordion-controller\" role=\"button\">5. Obtener y poner a disposici\u00f3n de la empresa la informaci\u00f3n geol\u00f3gica necesaria para elaboraci\u00f3n de una gu\u00eda de campo y atender a la infograf\u00eda necesaria para ilustraci\u00f3n de carteler\u00eda informativa sobre el terreno y la musealizaci\u00f3n de la \u201cCasa de los Volcanes\u201d del Geoparque de El Cabo de Gata<\/h3><div id=\"ac-4854\" class=\"c-accordion__content\">\n<p><strong>Tipo contrato:<\/strong>&nbsp;Contrato 68\/83<br><strong>C\u00f3digo:<\/strong>&nbsp;70-2021<br><strong>N\u00ba de Investigadores:<\/strong>&nbsp;2<br><strong>Entidad financiadora:<\/strong>&nbsp;Calares Obras, Servicios y Medio Ambiente, S.L<br><strong>Investigador principal:<\/strong>&nbsp;Reinaldo S\u00e1ez<br><strong>Fecha inicio:<\/strong>&nbsp;25\/10\/2021 ;&nbsp;<strong>Fecha fin:<\/strong>&nbsp;25\/04\/2022<br><strong>Cuant\u00eda total:<\/strong>&nbsp;36.300,00 \u20ac<\/p>\n<\/div><\/div>\n\n\n\n<div class=\"wp-block-pb-accordion-item c-accordion__item js-accordion-item no-js\" data-initially-open=\"false\" data-click-to-close=\"true\" data-auto-close=\"true\" data-scroll=\"false\" data-scroll-offset=\"0\"><h3 id=\"at-4855\" class=\"c-accordion__title js-accordion-controller\" role=\"button\">6. Financiaci\u00f3n del trabajo de investigaci\u00f3n de Bel\u00e9n Torres Cueva para la realizaci\u00f3n de estudios conducentes a la obtenci\u00f3n del Doctorado en su modalidad industrial<\/h3><div id=\"ac-4855\" class=\"c-accordion__content\">\n<p><strong>Tipo contrato:<\/strong>&nbsp;Contrato 68\/83<br><strong>C\u00f3digo:<\/strong>&nbsp;2-2021<br><strong>N\u00ba de Investigadores:<\/strong>&nbsp;1<br><strong>Entidad financiadora:<\/strong>&nbsp;Iberian Resources Spain, S.L.<br><strong>Investigador principal:<\/strong>&nbsp;Reinaldo S\u00e1ez<br><strong>Cuant\u00eda total:<\/strong>&nbsp;30.250,00 \u20ac<\/p>\n<\/div><\/div>\n\n\n\n<div class=\"wp-block-pb-accordion-item c-accordion__item js-accordion-item no-js\" data-initially-open=\"false\" data-click-to-close=\"true\" data-auto-close=\"true\" data-scroll=\"false\" data-scroll-offset=\"0\"><h3 id=\"at-4856\" class=\"c-accordion__title js-accordion-controller\" role=\"button\">7. Estudio petrogr\u00e1fico de rocas del Complejo Vulcano-Sedimentario en la zona Arroyo Palomino a partir de muestras de sondeos, MATSA<\/h3><div id=\"ac-4856\" class=\"c-accordion__content\">\n<p><strong>Tipo contrato:<\/strong>&nbsp;Contrato 68\/83<br><strong>C\u00f3digo:<\/strong>&nbsp;51-2021<br><strong>N\u00ba de Investigadores:<\/strong>&nbsp;1<br><strong>Entidad financiadora:<\/strong>&nbsp;Angostura Geology and Mining<br><strong>Investigador principal:<\/strong>&nbsp;Teodosio Donaire<br><strong>Fecha inicio:<\/strong>&nbsp;22\/07\/2021 ;&nbsp;<strong>Fecha fin:<\/strong>&nbsp;22\/07\/2022<br><strong>Cuant\u00eda total:<\/strong>&nbsp;2.700,00 \u20ac<\/p>\n<\/div><\/div>\n\n\n\n<div class=\"wp-block-pb-accordion-item c-accordion__item js-accordion-item no-js\" data-initially-open=\"false\" data-click-to-close=\"true\" data-auto-close=\"true\" data-scroll=\"false\" data-scroll-offset=\"0\"><h3 id=\"at-4857\" class=\"c-accordion__title js-accordion-controller\" role=\"button\">8. Estudio petrogr\u00e1fico de rocas asociadas al Complejo Vulcano-Sedimentario del Proyecto Minero Aguas Te\u00f1idas SAU<\/h3><div id=\"ac-4857\" class=\"c-accordion__content\">\n<p><strong>Tipo contrato:<\/strong>&nbsp;Contrato 68\/83<br><strong>C\u00f3digo:<\/strong>&nbsp;25-2021<br><strong>N\u00ba de Investigadores:<\/strong>&nbsp;1<br><strong>Entidad financiadora:<\/strong>&nbsp;Angostura Geology and Mining<br><strong>Investigador principal:<\/strong>&nbsp;Teodosio Donaire<br><strong>Fecha inicio:<\/strong>&nbsp;19\/04\/2021 ;&nbsp;<strong>Fecha fin:<\/strong>&nbsp;19\/04\/2022<br><strong>Cuant\u00eda total:<\/strong>&nbsp;8.240,00 \u20ac<\/p>\n<\/div><\/div>\n\n\n\n<div class=\"wp-block-pb-accordion-item c-accordion__item js-accordion-item no-js\" data-initially-open=\"false\" data-click-to-close=\"true\" data-auto-close=\"true\" data-scroll=\"false\" data-scroll-offset=\"0\"><h3 id=\"at-4858\" class=\"c-accordion__title js-accordion-controller\" role=\"button\">9. Geoqu\u00edmica de metales cr\u00edticos e alto valor tecnol\u00f3gico en zonas de subducci\u00f3n: implicaciones para su exploraci\u00f3n. RTI2018-099157-A-I00<\/h3><div id=\"ac-4858\" class=\"c-accordion__content\">\n<p><strong>Entidad financiadora:<\/strong>&nbsp;Ministerio de Econom\u00eda y Competitividad (MINECO)<br><strong>Investigador principal:<\/strong>&nbsp;Jos\u00e9 Mar\u00eda Gonz\u00e1lez Jim\u00e9nez (UGR). Participaci\u00f3n de Lola Yesares Ortiz<br><strong>Fecha inicio:<\/strong>&nbsp;2019 ;&nbsp;<strong>Fecha fin:<\/strong>&nbsp;2022<br><strong>Cuant\u00eda total:<\/strong>&nbsp;205.700 \u20ac<\/p>\n<\/div><\/div>\n\n\n\n<div class=\"wp-block-pb-accordion-item c-accordion__item js-accordion-item no-js\" data-initially-open=\"false\" data-click-to-close=\"true\" data-auto-close=\"true\" data-scroll=\"false\" data-scroll-offset=\"0\"><h3 id=\"at-4859\" class=\"c-accordion__title js-accordion-controller\" role=\"button\">10. Building the path to circular economy and mining sustainability by mine tailing revalorization. SC\/EES\/EGR\/IGCP\/19\/2386<\/h3><div id=\"ac-4859\" class=\"c-accordion__content\">\n<p><strong>Entidad financiadora:<\/strong>&nbsp;UNESCO. Council of the International Geoscience Programme (IGCP)<br><strong>Investigador principal:<\/strong>&nbsp;Manuel A. Caraballo (UCHILE); Participaci\u00f3n Lola Yesares Ortiz<br><strong>Fecha inicio:<\/strong>&nbsp;01\/01\/2019;&nbsp;<strong>Fecha fin:<\/strong>&nbsp;31\/12\/2020<br><strong>Cuant\u00eda total:<\/strong>&nbsp;7.500 \u20ac<\/p>\n<\/div><\/div>\n\n\n\n<div class=\"wp-block-pb-accordion-item c-accordion__item js-accordion-item no-js\" data-initially-open=\"false\" data-click-to-close=\"true\" data-auto-close=\"true\" data-scroll=\"false\" data-scroll-offset=\"0\"><h3 id=\"at-48510\" class=\"c-accordion__title js-accordion-controller\" role=\"button\">11. Estudio del contenido en oro en la mineralizaci\u00f3n cobriza del dep\u00f3sito de Migollas, Faja Pir\u00edtica Ib\u00e9rica<\/h3><div id=\"ac-48510\" class=\"c-accordion__content\">\n<p><strong>Entidad financiadora:<\/strong>&nbsp;Minas de Aguas Te\u00f1idas SAU (MATSA)<br><strong>Investigador principal:<\/strong>&nbsp;Lola Yesares Ortiz<br><strong>Fecha inicio:<\/strong>&nbsp;09\/2019 ;&nbsp;<strong>Fecha fin:<\/strong>&nbsp;02\/2020<br><strong>Cuant\u00eda total:<\/strong>&nbsp;5.000,00 \u20ac<\/p>\n<\/div><\/div>\n\n\n\n<div class=\"wp-block-pb-accordion-item c-accordion__item js-accordion-item no-js\" data-initially-open=\"false\" data-click-to-close=\"true\" data-auto-close=\"true\" data-scroll=\"false\" data-scroll-offset=\"0\"><h3 id=\"at-48511\" class=\"c-accordion__title js-accordion-controller\" role=\"button\">12. Assessment of mineralization styles in the Thinly Bedded Units at Navan deposit: From textural and chemical evolution to its application as a vectoring tool for exploration of Irish-type Zn-Pb deposits. 18\/IF\/6347<\/h3><div id=\"ac-48511\" class=\"c-accordion__content\">\n<p><strong>Entidad financiadora:<\/strong>&nbsp;Science Fundation Ireland<br><strong>Investigador principal:<\/strong>&nbsp;Lola Yesares Ortiz<br><strong>Fecha inicio:<\/strong>&nbsp;01\/10\/2019;&nbsp;<strong>Fecha fin:<\/strong>&nbsp;31\/09\/2021<br><strong>Cuant\u00eda total:<\/strong>&nbsp;92.340 \u20ac<\/p>\n<\/div><\/div>\n\n\n\n<div class=\"wp-block-pb-accordion-item c-accordion__item js-accordion-item no-js\" data-initially-open=\"false\" data-click-to-close=\"true\" data-auto-close=\"true\" data-scroll=\"false\" data-scroll-offset=\"0\"><h3 id=\"at-48512\" class=\"c-accordion__title js-accordion-controller\" role=\"button\">13. Asesoramiento t\u00e9cnico para elaboraci\u00f3n de propuesta para solicitud del permiso de investigaci\u00f3n Zaid\u00edn. (Ref.: 40-2018)<\/h3><div id=\"ac-48512\" class=\"c-accordion__content\">\n<p><strong>Entidad financiadora:<\/strong>&nbsp;Iberian Resources Spain S.L.<br><strong>Entidades participantes:<\/strong>&nbsp;Universidad de Huelva<br><strong>Investigador principal:<\/strong>&nbsp;Reinaldo S\u00e1ez Ramos<br><strong>Fecha inicio:<\/strong>&nbsp;10\/09\/2018 ;&nbsp;<strong>Fecha fin:<\/strong>&nbsp;31\/09\/2018<br><strong>Cuant\u00eda total:<\/strong>&nbsp;13.310,00 \u20ac<\/p>\n<\/div><\/div>\n\n\n\n<div class=\"wp-block-pb-accordion-item c-accordion__item js-accordion-item no-js\" data-initially-open=\"false\" data-click-to-close=\"true\" data-auto-close=\"true\" data-scroll=\"false\" data-scroll-offset=\"0\"><h3 id=\"at-48513\" class=\"c-accordion__title js-accordion-controller\" role=\"button\">14. El papel de la materia organica en la genesis de yacimientos de sulfuros durante la sedimentacion y la diagenesis (MOS)<\/h3><div id=\"ac-48513\" class=\"c-accordion__content\">\n<p><strong>Ministerio de Econom\u00eda, Industria y Competitividad, CGL2016-79204-R<\/strong><br><strong>Entidades participantes:<\/strong>&nbsp;Universidad de Huelva<br><strong>Investigador principal:<\/strong>&nbsp;Reinaldo S\u00e1ez Ramos<br><strong>Fecha inicio:<\/strong>&nbsp;01\/01\/2017;&nbsp;<strong>Fecha fin:<\/strong>&nbsp;31\/12\/2019<br><strong>Cuant\u00eda total:<\/strong>&nbsp;78.000,00\u20ac<\/p>\n<\/div><\/div>\n\n\n\n<div class=\"wp-block-pb-accordion-item c-accordion__item js-accordion-item no-js\" data-initially-open=\"false\" data-click-to-close=\"true\" data-auto-close=\"true\" data-scroll=\"false\" data-scroll-offset=\"0\"><h3 id=\"at-48514\" class=\"c-accordion__title js-accordion-controller\" role=\"button\">15. Estudio de las mineralizaciones de metales preciosos de los dep\u00f3sitos de Migollas, Elvira, El Calabazar y Aguas Te\u00f1idas (Faja Pir\u00edtica Ib\u00e9rica)<\/h3><div id=\"ac-48514\" class=\"c-accordion__content\">\n<p><strong>Entidad financiadora:<\/strong>&nbsp;Minas de Aguas Te\u00f1idas SAU (MATSA)<br><strong>Investigador principal:<\/strong>&nbsp;Lola Yesares Ortiz<br><strong>Fecha inicio:<\/strong>&nbsp;02\/2017 ;&nbsp;<strong>Fecha fin:<\/strong>&nbsp;08\/2017<br><strong>Cuant\u00eda total:<\/strong>&nbsp;7.500,00 \u20ac<\/p>\n<\/div><\/div>\n\n\n\n<div class=\"wp-block-pb-accordion-item c-accordion__item js-accordion-item no-js\" data-initially-open=\"false\" data-click-to-close=\"true\" data-auto-close=\"true\" data-scroll=\"false\" data-scroll-offset=\"0\"><h3 id=\"at-48515\" class=\"c-accordion__title js-accordion-controller\" role=\"button\">16. Biomarker evidence for bacterial sulphate reduction in the formation of Irish zinc-lead ore deposits. SF1523<\/h3><div id=\"ac-48515\" class=\"c-accordion__content\">\n<p><strong>Entidad financiadora:<\/strong>&nbsp;University College Dublin<br><strong>Investigador principal:<\/strong>&nbsp;Julian Menuge (UCD); Participaci\u00f3n de Lola Yesares Ortiz<br><strong>Fecha inicio:<\/strong>&nbsp;04\/2017;&nbsp;<strong>Fecha fin:<\/strong>&nbsp;09\/2019<br><strong>Cuant\u00eda total:<\/strong>&nbsp;11.680,00\u20ac<\/p>\n<\/div><\/div>\n\n\n\n<div class=\"wp-block-pb-accordion-item c-accordion__item js-accordion-item no-js\" data-initially-open=\"false\" data-click-to-close=\"true\" data-auto-close=\"true\" data-scroll=\"false\" data-scroll-offset=\"0\"><h3 id=\"at-48516\" class=\"c-accordion__title js-accordion-controller\" role=\"button\">17. Estudio mineral\u00f3gico de muestras de concentrados de oro mediante Falcon<\/h3><div id=\"ac-48516\" class=\"c-accordion__content\">\n<p><strong>Entidad financiadora:<\/strong>&nbsp;Minas de Aguas Te\u00f1idas SAU (MATSA)<br><strong>Investigador principal:<\/strong>&nbsp;Lola Yesares Ortiz<br><strong>Fecha inicio:<\/strong>&nbsp;12\/2017 ;&nbsp;<strong>Fecha fin:<\/strong>&nbsp;06\/2018<br><strong>Cuant\u00eda total:<\/strong>&nbsp;7.700,00 \u20ac<\/p>\n<\/div><\/div>\n\n\n\n<div class=\"wp-block-pb-accordion-item c-accordion__item js-accordion-item no-js\" data-initially-open=\"false\" data-click-to-close=\"true\" data-auto-close=\"true\" data-scroll=\"false\" data-scroll-offset=\"0\"><h3 id=\"at-48517\" class=\"c-accordion__title js-accordion-controller\" role=\"button\">18. Origin of SEDEX-Style mineralisation in the UDL (Lucan Formation) hangingwall rocks at Navan \u2013 a new lithogeochemical exploration tool? 13\/RC\/2092 (RM1 .1 PD5)<\/h3><div id=\"ac-48517\" class=\"c-accordion__content\">\n<p><strong>Entidad financiadora:<\/strong>&nbsp;Science Fundation Ireland<br><strong>Investigador principal:<\/strong>&nbsp;Julian Menuge (UCD); Participaci\u00f3n de Lola Yesares Ortiz.<br><strong>Fecha inicio:<\/strong>&nbsp;01\/09\/2016;&nbsp;<strong>Fecha fin:<\/strong>&nbsp;31\/05\/2020<br><strong>Cuant\u00eda total:<\/strong>&nbsp;138.600 \u20ac<\/p>\n<\/div><\/div>\n\n\n\n<div class=\"wp-block-pb-accordion-item c-accordion__item js-accordion-item no-js\" data-initially-open=\"false\" data-click-to-close=\"true\" data-auto-close=\"true\" data-scroll=\"false\" data-scroll-offset=\"0\"><h3 id=\"at-48518\" class=\"c-accordion__title js-accordion-controller\" role=\"button\">19. Estudio mineral\u00f3gico y petrol\u00f3gico del proyecto minero \u201cMina Magdalena\u201d situado en el T\u00e9rmino Municipal de Almonaster la Real, a partir de muestras de sondeos.<\/h3><div id=\"ac-48518\" class=\"c-accordion__content\">\n<p><strong>Entidad financiadora:<\/strong>&nbsp;Minas de Aguas Te\u00f1idas S.A.U. (MATSA)<br><strong>Investigador principal:<\/strong>&nbsp;Reinaldo S\u00e1ez Ramos<br><strong>Fecha inicio:<\/strong>&nbsp;24\/07\/2015;&nbsp;<strong>Fecha fin:<\/strong>&nbsp;04\/01\/2017<br><strong>Cuant\u00eda total:<\/strong>&nbsp;43.967,77 \u20ac<\/p>\n<\/div><\/div>\n\n\n\n<div class=\"wp-block-pb-accordion-item c-accordion__item js-accordion-item no-js\" data-initially-open=\"false\" data-click-to-close=\"true\" data-auto-close=\"true\" data-scroll=\"false\" data-scroll-offset=\"0\"><h3 id=\"at-48519\" class=\"c-accordion__title js-accordion-controller\" role=\"button\">20. Relaciones entre pizarras negras y sulfuros masivos en el registro geol\u00f3gico de eventos an\u00f3xicos (P-S ANOXIA)<\/h3><div id=\"ac-48519\" class=\"c-accordion__content\">\n<p><strong>Ministerio de Educaci\u00f3n, Cultura y Deporte<\/strong><br><strong>Entidades participantes:<\/strong>&nbsp;Universidad de Huelva<br><strong>Investigador principal:<\/strong>&nbsp;Carmen Moreno Garrido<br><strong>Fecha inicio:<\/strong>&nbsp;12\/2012;&nbsp;<strong>Fecha fin:<\/strong>&nbsp;11\/2014<br><strong>Cuant\u00eda total:<\/strong>&nbsp;130.000,00\u20ac<\/p>\n<\/div><\/div>\n\n\n\n<div class=\"wp-block-pb-accordion-item c-accordion__item js-accordion-item no-js\" data-initially-open=\"false\" data-click-to-close=\"true\" data-auto-close=\"true\" data-scroll=\"false\" data-scroll-offset=\"0\"><h3 id=\"at-48520\" class=\"c-accordion__title js-accordion-controller\" role=\"button\">21. Proyecto de Investigaci\u00f3n Geoarqueol\u00f3gico de la Miner\u00eda Antigua Ligado Interregionalmente al Occidente Mediterr\u00e1neo, III milenio a.n.e. (PIGMALIOM IV) El colapso del sistema<\/h3><div id=\"ac-48520\" class=\"c-accordion__content\">\n<p><strong>Ministerio de Ciencia y Tecnolog\u00eda (CICYT-FEDER)<\/strong><br><strong>Entidades participantes:<\/strong>&nbsp;Universidad de Huelva<br><strong>Investigador principal:<\/strong>&nbsp;Francisco Nocete Calvo<br><strong>Fecha inicio:<\/strong>&nbsp;01\/2010;&nbsp;<strong>Fecha fin:<\/strong>&nbsp;12\/2013<br><strong>Cuant\u00eda total:<\/strong>&nbsp;60.000,00\u20ac<\/p>\n<\/div><\/div>\n\n\n\n<div class=\"wp-block-pb-accordion-item c-accordion__item js-accordion-item no-js\" data-initially-open=\"false\" data-click-to-close=\"true\" data-auto-close=\"true\" data-scroll=\"false\" data-scroll-offset=\"0\"><h3 id=\"at-48521\" class=\"c-accordion__title js-accordion-controller\" role=\"button\">22. El l\u00edmite dev\u00f3nico-carbon\u00edfero en el or\u00f3geno varisco. Sedimentaci\u00f3n an\u00f3xica y controles de dep\u00f3sito. D-C anoxia II<\/h3><div id=\"ac-48521\" class=\"c-accordion__content\">\n<p><strong>Ministerio de Ciencia y Tecnolog\u00eda (MCYT y FEDER)<\/strong><br><strong>Entidades participantes:<\/strong>&nbsp;Universidad de Huelva, CSIC<br><strong>Investigadores principales:<\/strong>&nbsp;Carmen Moreno Garrido<br><strong>Fecha inicio:<\/strong>&nbsp;10\/2006;&nbsp;<strong>Fecha fin:<\/strong>&nbsp;06\/2010<br><strong>Cuant\u00eda total:<\/strong>&nbsp;60.500,00\u20ac<\/p>\n<\/div><\/div>\n<\/div>\n<\/div>\n\n\n\n<div style=\"height:100px\" aria-hidden=\"true\" class=\"wp-block-spacer\"><\/div>\n","protected":false},"excerpt":{"rendered":"<p>Proyectos Unidad de Recursos Minerales<\/p>\n","protected":false},"author":2,"featured_media":0,"parent":0,"menu_order":0,"comment_status":"closed","ping_status":"closed","template":"","meta":{"site-sidebar-layout":"default","site-content-layout":"","ast-site-content-layout":"","site-content-style":"default","site-sidebar-style":"default","ast-global-header-display":"","ast-banner-title-visibility":"","ast-main-header-display":"","ast-hfb-above-header-display":"","ast-hfb-below-header-display":"","ast-hfb-mobile-header-display":"","site-post-title":"","ast-breadcrumbs-content":"","ast-featured-img":"","footer-sml-layout":"","theme-transparent-header-meta":"","adv-header-id-meta":"","stick-header-meta":"","header-above-stick-meta":"","header-main-stick-meta":"","header-below-stick-meta":"","astra-migrate-meta-layouts":"","footnotes":""},"_links":{"self":[{"href":"https:\/\/www.uhu.es\/rensma\/wp-json\/wp\/v2\/pages\/485"}],"collection":[{"href":"https:\/\/www.uhu.es\/rensma\/wp-json\/wp\/v2\/pages"}],"about":[{"href":"https:\/\/www.uhu.es\/rensma\/wp-json\/wp\/v2\/types\/page"}],"author":[{"embeddable":true,"href":"https:\/\/www.uhu.es\/rensma\/wp-json\/wp\/v2\/users\/2"}],"replies":[{"embeddable":true,"href":"https:\/\/www.uhu.es\/rensma\/wp-json\/wp\/v2\/comments?post=485"}],"version-history":[{"count":9,"href":"https:\/\/www.uhu.es\/rensma\/wp-json\/wp\/v2\/pages\/485\/revisions"}],"predecessor-version":[{"id":6105,"href":"https:\/\/www.uhu.es\/rensma\/wp-json\/wp\/v2\/pages\/485\/revisions\/6105"}],"wp:attachment":[{"href":"https:\/\/www.uhu.es\/rensma\/wp-json\/wp\/v2\/media?parent=485"}],"curies":[{"name":"wp","href":"https:\/\/api.w.org\/{rel}","templated":true}]}}