{"id":5000,"date":"2024-02-22T11:47:50","date_gmt":"2024-02-22T10:47:50","guid":{"rendered":"https:\/\/www.uhu.es\/rensma\/?page_id=5000"},"modified":"2024-02-22T11:47:50","modified_gmt":"2024-02-22T10:47:50","slug":"official-masters-degree-in-applied-chemistry","status":"publish","type":"page","link":"https:\/\/www.uhu.es\/rensma\/en\/official-masters-degree-in-applied-chemistry\/","title":{"rendered":"Official Master&#8217;s Degree in Applied Chemistry"},"content":{"rendered":"\n<figure class=\"wp-block-image\"><img decoding=\"async\" loading=\"lazy\" width=\"958\" height=\"174\" src=\"https:\/\/www.uhu.es\/rensma\/wp-content\/uploads\/2020\/01\/cab_10.jpg\" alt=\"\" class=\"wp-image-2126\" srcset=\"https:\/\/www.uhu.es\/rensma\/wp-content\/uploads\/2020\/01\/cab_10.jpg 958w, https:\/\/www.uhu.es\/rensma\/wp-content\/uploads\/2020\/01\/cab_10-300x54.jpg 300w, https:\/\/www.uhu.es\/rensma\/wp-content\/uploads\/2020\/01\/cab_10-768x139.jpg 768w\" sizes=\"(max-width: 958px) 100vw, 958px\" \/><\/figure>\n\n\n<ul>\n<li><b>Duration of the master&#8217;s program:<\/b> 60 ECTS credits<\/li>\n<li><b>Teaching modality:<\/b> In-person<\/li>\n<li><b>Location:<\/b> Faculty of Experimental Sciences<\/li>\n<li><b>Language of instruction:<\/b> Spanish<\/li>\n<li><b>Number of new admission slots:<\/b> (by UHU) 30<\/li>\n<\/ul>\n<p>Title in which four Andalusian universities participate (C\u00f3rdoba, Ja\u00e9n, Huelva, and M\u00e1laga) whose interaction generates synergies providing a unique academic space for postgraduate training in Chemistry. The proposed training also addresses the social demand required by professionals in this field, as presented by the productive, industrial, and business environment related to Chemistry.<\/p>\n<p>The Master&#8217;s program is aimed at graduates in Chemistry or other degrees related to Sciences and Engineering, such as Pharmacy, Biology, Biotechnology, Biochemistry, Chemical Engineering, Oenology, Food Science and Technology, Environmental Sciences, Marine Sciences, and others.<\/p>\n<p>Career Opportunities: Although the Master&#8217;s program has a research-oriented profile suitable for the training stage before the doctorate, it also includes the necessary training for the projection of graduates into the social environment based on internships in both industrial and teaching and management fields. Based on the specialized and multidisciplinary nature of the Master&#8217;s program, it enables entry into the job market, especially in relation to various applied sectors of Chemistry.<\/p>\n<p><b>Responsible Center:<\/b> Faculty of Experimental Sciences \/ <b>Phone:<\/b> 959219464\/66 <br \/><b>Master&#8217;s Program Director:<\/b> Dr. D. Jes\u00fas Fern\u00e1ndez Arteaga \/ <b>Email:<\/b> jesus.fernandez@diq.uhu.es<\/p>\n<p>For more information on official master&#8217;s programs, study plans, academic requirements, credit recognition&#8230; <br \/><b>Email:<\/b> info.masteres@uhu.es<\/p>\n<figure class=\"wp-block-image\"><a href=\"https:\/\/www.uhu.es\/rensma\/wp-content\/uploads\/2020\/01\/plan_de_estudios_quimica_aplicada.pdf\" target=\"_blank\" rel=\"noopener noreferrer\"><img decoding=\"async\" loading=\"lazy\" class=\"alignright wp-image-2095\" src=\"https:\/\/www.uhu.es\/rensma\/wp-content\/uploads\/2020\/01\/ASIGNATURASROJO-1.jpg\" alt=\"\" width=\"210\" height=\"94\" \/><\/a><a href=\"https:\/\/www.uco.es\/estudios\/idep\/master-quimica-aplicada-interuniversitario-uco-uhu-uja-uma#inicio\" target=\"_blank\" rel=\"noopener noreferrer\"><img decoding=\"async\" loading=\"lazy\" class=\"alignright wp-image-2095\" src=\"https:\/\/www.uhu.es\/rensma\/wp-content\/uploads\/2020\/01\/web.jpg\" alt=\"\" width=\"210\" height=\"94\" \/><\/a><\/figure>","protected":false},"excerpt":{"rendered":"<p>Duration of the master&#8217;s program: 60 ECTS credits Teaching modality: In-person Location: Faculty of Experimental Sciences Language of instruction: Spanish Number of new admission slots: (by UHU) 30 Title in which four Andalusian universities participate (C\u00f3rdoba, Ja\u00e9n, Huelva, and M\u00e1laga) whose interaction generates synergies providing a unique academic space for postgraduate training in Chemistry. The &hellip;<\/p>\n<p class=\"read-more\"> <a class=\"\" href=\"https:\/\/www.uhu.es\/rensma\/en\/official-masters-degree-in-applied-chemistry\/\"> <span class=\"screen-reader-text\">Official Master&#8217;s Degree in Applied Chemistry<\/span> Leer m\u00e1s &raquo;<\/a><\/p>\n","protected":false},"author":2,"featured_media":0,"parent":0,"menu_order":0,"comment_status":"closed","ping_status":"closed","template":"","meta":{"site-sidebar-layout":"default","site-content-layout":"","ast-site-content-layout":"","site-content-style":"default","site-sidebar-style":"default","ast-global-header-display":"","ast-banner-title-visibility":"","ast-main-header-display":"","ast-hfb-above-header-display":"","ast-hfb-below-header-display":"","ast-hfb-mobile-header-display":"","site-post-title":"","ast-breadcrumbs-content":"","ast-featured-img":"","footer-sml-layout":"","theme-transparent-header-meta":"","adv-header-id-meta":"","stick-header-meta":"","header-above-stick-meta":"","header-main-stick-meta":"","header-below-stick-meta":"","astra-migrate-meta-layouts":"","footnotes":""},"_links":{"self":[{"href":"https:\/\/www.uhu.es\/rensma\/wp-json\/wp\/v2\/pages\/5000"}],"collection":[{"href":"https:\/\/www.uhu.es\/rensma\/wp-json\/wp\/v2\/pages"}],"about":[{"href":"https:\/\/www.uhu.es\/rensma\/wp-json\/wp\/v2\/types\/page"}],"author":[{"embeddable":true,"href":"https:\/\/www.uhu.es\/rensma\/wp-json\/wp\/v2\/users\/2"}],"replies":[{"embeddable":true,"href":"https:\/\/www.uhu.es\/rensma\/wp-json\/wp\/v2\/comments?post=5000"}],"version-history":[{"count":1,"href":"https:\/\/www.uhu.es\/rensma\/wp-json\/wp\/v2\/pages\/5000\/revisions"}],"predecessor-version":[{"id":5001,"href":"https:\/\/www.uhu.es\/rensma\/wp-json\/wp\/v2\/pages\/5000\/revisions\/5001"}],"wp:attachment":[{"href":"https:\/\/www.uhu.es\/rensma\/wp-json\/wp\/v2\/media?parent=5000"}],"curies":[{"name":"wp","href":"https:\/\/api.w.org\/{rel}","templated":true}]}}