{"id":5083,"date":"2024-03-11T12:27:07","date_gmt":"2024-03-11T11:27:07","guid":{"rendered":"https:\/\/www.uhu.es\/rensma\/?page_id=5083"},"modified":"2024-03-12T12:58:56","modified_gmt":"2024-03-12T11:58:56","slug":"normativa","status":"publish","type":"page","link":"https:\/\/www.uhu.es\/rensma\/normativa\/","title":{"rendered":"Normativa"},"content":{"rendered":"\n<div class=\"wp-block-cover alignfull is-light\"><span aria-hidden=\"true\" class=\"wp-block-cover__background has-background-dim\"><\/span><img decoding=\"async\" loading=\"lazy\" width=\"940\" height=\"300\" class=\"wp-block-cover__image-background wp-image-806\" alt=\"\" src=\"https:\/\/www.uhu.es\/rensma\/wp-content\/uploads\/2019\/06\/Slider.jpg\" data-object-fit=\"cover\" srcset=\"https:\/\/www.uhu.es\/rensma\/wp-content\/uploads\/2019\/06\/Slider.jpg 940w, https:\/\/www.uhu.es\/rensma\/wp-content\/uploads\/2019\/06\/Slider-300x96.jpg 300w, https:\/\/www.uhu.es\/rensma\/wp-content\/uploads\/2019\/06\/Slider-768x245.jpg 768w\" sizes=\"(max-width: 940px) 100vw, 940px\" \/><div class=\"wp-block-cover__inner-container is-layout-constrained wp-block-cover-is-layout-constrained\">\n<p class=\"has-text-align-center has-large-font-size\"><\/p>\n\n\n\n<div style=\"height:100px\" aria-hidden=\"true\" class=\"wp-block-spacer\"><\/div>\n<\/div><\/div>\n\n\n\n<div style=\"height:60px\" aria-hidden=\"true\" class=\"wp-block-spacer\"><\/div>\n\n\n\n<h2 class=\"wp-block-heading has-text-align-center has-x-large-font-size\" style=\"font-style:normal;font-weight:700\">Normativa<\/h2>\n\n\n\n<div style=\"height:60px\" aria-hidden=\"true\" class=\"wp-block-spacer\"><\/div>\n\n\n\n<p class=\"has-text-align-center has-large-font-size\"><a href=\"https:\/\/www.uhu.es\/rensma\/wp-content\/uploads\/2024\/03\/Reglamento-RENSMA-Num80-4-5-2022.pdf\" target=\"_blank\" rel=\"noreferrer noopener\">Reglamento  Funcionamiento RENSMA<\/a><\/p>\n\n\n\n<div style=\"height:60px\" aria-hidden=\"true\" class=\"wp-block-spacer\"><\/div>\n\n\n\n<p class=\"has-text-align-center has-large-font-size\"><a rel=\"noreferrer noopener\" href=\"https:\/\/www.uhu.es\/rensma\/wp-content\/uploads\/2024\/03\/Reglamento-General_Centros_Inst_Investig_18_10_30.pdf\" target=\"_blank\">Reglamento <\/a><a rel=\"noreferrer noopener\" href=\"https:\/\/www.uhu.es\/rensma\/wp-content\/uploads\/2024\/03\/Reglamento-General_Centros_Inst_Investig_18_10_30.pdf\" target=\"_blank\">G<\/a><a rel=\"noreferrer noopener\" href=\"https:\/\/www.uhu.es\/rensma\/wp-content\/uploads\/2024\/03\/Reglamento-General_Centros_Inst_Investig_18_10_30.pdf\" target=\"_blank\">e<\/a><a rel=\"noreferrer noopener\" href=\"https:\/\/www.uhu.es\/rensma\/wp-content\/uploads\/2024\/03\/Reglamento-General_Centros_Inst_Investig_18_10_30.pdf\" target=\"_blank\">n<\/a><a rel=\"noreferrer noopener\" href=\"https:\/\/www.uhu.es\/rensma\/wp-content\/uploads\/2024\/03\/Reglamento-General_Centros_Inst_Investig_18_10_30.pdf\" target=\"_blank\">e<\/a><a rel=\"noreferrer noopener\" href=\"https:\/\/www.uhu.es\/rensma\/wp-content\/uploads\/2024\/03\/Reglamento-General_Centros_Inst_Investig_18_10_30.pdf\" target=\"_blank\">r<\/a><a rel=\"noreferrer noopener\" href=\"https:\/\/www.uhu.es\/rensma\/wp-content\/uploads\/2024\/03\/Reglamento-General_Centros_Inst_Investig_18_10_30.pdf\" target=\"_blank\">a<\/a><a rel=\"noreferrer noopener\" href=\"https:\/\/www.uhu.es\/rensma\/wp-content\/uploads\/2024\/03\/Reglamento-General_Centros_Inst_Investig_18_10_30.pdf\" target=\"_blank\">l<\/a><a rel=\"noreferrer noopener\" href=\"https:\/\/www.uhu.es\/rensma\/wp-content\/uploads\/2024\/03\/Reglamento-General_Centros_Inst_Investig_18_10_30.pdf\" target=\"_blank\"> <\/a><a rel=\"noreferrer noopener\" href=\"https:\/\/www.uhu.es\/rensma\/wp-content\/uploads\/2024\/03\/Reglamento-General_Centros_Inst_Investig_18_10_30.pdf\" target=\"_blank\">d<\/a><a rel=\"noreferrer noopener\" href=\"https:\/\/www.uhu.es\/rensma\/wp-content\/uploads\/2024\/03\/Reglamento-General_Centros_Inst_Investig_18_10_30.pdf\" target=\"_blank\">e<\/a><a rel=\"noreferrer noopener\" href=\"https:\/\/www.uhu.es\/rensma\/wp-content\/uploads\/2024\/03\/Reglamento-General_Centros_Inst_Investig_18_10_30.pdf\" target=\"_blank\"> <\/a><a rel=\"noreferrer noopener\" href=\"https:\/\/www.uhu.es\/rensma\/wp-content\/uploads\/2024\/03\/Reglamento-General_Centros_Inst_Investig_18_10_30.pdf\" target=\"_blank\">Funcionamiento de los Centros de Investigaci\u00f3n<\/a><\/p>\n\n\n\n<div style=\"height:60px\" aria-hidden=\"true\" class=\"wp-block-spacer\"><\/div>\n\n\n\n<p class=\"has-text-align-center has-large-font-size\"><a rel=\"noreferrer noopener\" href=\"https:\/\/www.uhu.es\/rensma\/wp-content\/uploads\/2024\/03\/Reglamento_creacion_verif_centros_inst_inv_Modificado_2019_11_05.pdf\" target=\"_blank\">Reglamento Creaci\u00f3n<\/a><a rel=\"noreferrer noopener\" href=\"https:\/\/www.uhu.es\/rensma\/wp-content\/uploads\/2024\/03\/Reglamento_creacion_verif_centros_inst_inv_Modificado_2019_11_05.pdf\" target=\"_blank\"> y Verificaci\u00f3n<\/a><a rel=\"noreferrer noopener\" href=\"https:\/\/www.uhu.es\/rensma\/wp-content\/uploads\/2024\/03\/Reglamento_creacion_verif_centros_inst_inv_Modificado_2019_11_05.pdf\" target=\"_blank\"> de los Centros de Investigaci\u00f3n<\/a><\/p>\n\n\n\n<p><\/p>\n","protected":false},"excerpt":{"rendered":"<p>Normativa Reglamento Funcionamiento RENSMA Reglamento General de Funcionamiento de los Centros de Investigaci\u00f3n Reglamento Creaci\u00f3n y Verificaci\u00f3n de los Centros de Investigaci\u00f3n<\/p>\n","protected":false},"author":2,"featured_media":0,"parent":0,"menu_order":0,"comment_status":"closed","ping_status":"closed","template":"","meta":{"site-sidebar-layout":"default","site-content-layout":"","ast-site-content-layout":"","site-content-style":"default","site-sidebar-style":"default","ast-global-header-display":"","ast-banner-title-visibility":"","ast-main-header-display":"","ast-hfb-above-header-display":"","ast-hfb-below-header-display":"","ast-hfb-mobile-header-display":"","site-post-title":"","ast-breadcrumbs-content":"","ast-featured-img":"","footer-sml-layout":"","theme-transparent-header-meta":"","adv-header-id-meta":"","stick-header-meta":"","header-above-stick-meta":"","header-main-stick-meta":"","header-below-stick-meta":"","astra-migrate-meta-layouts":"","footnotes":""},"_links":{"self":[{"href":"https:\/\/www.uhu.es\/rensma\/wp-json\/wp\/v2\/pages\/5083"}],"collection":[{"href":"https:\/\/www.uhu.es\/rensma\/wp-json\/wp\/v2\/pages"}],"about":[{"href":"https:\/\/www.uhu.es\/rensma\/wp-json\/wp\/v2\/types\/page"}],"author":[{"embeddable":true,"href":"https:\/\/www.uhu.es\/rensma\/wp-json\/wp\/v2\/users\/2"}],"replies":[{"embeddable":true,"href":"https:\/\/www.uhu.es\/rensma\/wp-json\/wp\/v2\/comments?post=5083"}],"version-history":[{"count":18,"href":"https:\/\/www.uhu.es\/rensma\/wp-json\/wp\/v2\/pages\/5083\/revisions"}],"predecessor-version":[{"id":5159,"href":"https:\/\/www.uhu.es\/rensma\/wp-json\/wp\/v2\/pages\/5083\/revisions\/5159"}],"wp:attachment":[{"href":"https:\/\/www.uhu.es\/rensma\/wp-json\/wp\/v2\/media?parent=5083"}],"curies":[{"name":"wp","href":"https:\/\/api.w.org\/{rel}","templated":true}]}}