{"id":5296,"date":"2024-05-14T13:41:47","date_gmt":"2024-05-14T11:41:47","guid":{"rendered":"https:\/\/www.uhu.es\/rensma\/?page_id=5296"},"modified":"2024-08-20T13:57:17","modified_gmt":"2024-08-20T11:57:17","slug":"acae-projects","status":"publish","type":"page","link":"https:\/\/www.uhu.es\/rensma\/en\/acae-projects\/","title":{"rendered":"PROJECTS Cellular Alterations By Exogenous Agents Unit"},"content":{"rendered":"\n<div class=\"wp-block-cover alignfull is-light\"><span aria-hidden=\"true\" class=\"wp-block-cover__background has-background-dim\"><\/span><img decoding=\"async\" loading=\"lazy\" width=\"940\" height=\"300\" class=\"wp-block-cover__image-background wp-image-1307\" alt=\"\" src=\"https:\/\/www.uhu.es\/rensma\/wp-content\/uploads\/2019\/09\/SliderIngles.jpg\" data-object-fit=\"cover\" srcset=\"https:\/\/www.uhu.es\/rensma\/wp-content\/uploads\/2019\/09\/SliderIngles.jpg 940w, https:\/\/www.uhu.es\/rensma\/wp-content\/uploads\/2019\/09\/SliderIngles-300x96.jpg 300w, https:\/\/www.uhu.es\/rensma\/wp-content\/uploads\/2019\/09\/SliderIngles-768x245.jpg 768w\" sizes=\"(max-width: 940px) 100vw, 940px\" \/><div class=\"wp-block-cover__inner-container is-layout-constrained wp-block-cover-is-layout-constrained\">\n<div class=\"wp-block-group is-layout-constrained wp-block-group-is-layout-constrained\"><\/div>\n<\/div><\/div>\n\n\n\n<div style=\"height:100px\" aria-hidden=\"true\" class=\"wp-block-spacer\"><\/div>\n\n\n\n<h2 class=\"wp-block-heading has-text-align-center\">PROJECTS<\/h2>\n\n\n\n<h3 class=\"wp-block-heading has-text-align-center\"><strong><strong>Cellular Alterations By Exogenous Agents Unit<\/strong><\/strong><\/h3>\n\n\n\n<div class=\"wp-block-columns is-layout-flex wp-container-7 wp-block-columns-is-layout-flex\">\n<div class=\"wp-block-column is-layout-flow wp-block-column-is-layout-flow\" style=\"flex-basis:33.33%\">\n<p class=\"has-ast-global-color-5-color has-ast-global-color-0-background-color has-text-color has-background\">Laboratory Menu<\/p>\n\n\n<nav class=\" is-vertical wp-block-navigation is-layout-flex wp-container-4 wp-block-navigation-is-layout-flex\" aria-label=\"Menu Alteraciones Celulares (Ingles)\"><ul class=\"wp-block-navigation__container  is-vertical wp-block-navigation\"><li class=\" wp-block-navigation-item wp-block-navigation-link\"><a class=\"wp-block-navigation-item__content\"  href=\"https:\/\/www.uhu.es\/rensma\/en\/unit-of-cellular-alterations-by-exogenous-agents\/\"><span class=\"wp-block-navigation-item__label\">Presentation<\/span><\/a><\/li><li class=\" wp-block-navigation-item wp-block-navigation-link\"><a class=\"wp-block-navigation-item__content\"  href=\"https:\/\/www.uhu.es\/rensma\/en\/research-lines\/\"><span class=\"wp-block-navigation-item__label\">Research Lines<\/span><\/a><\/li><li class=\" wp-block-navigation-item wp-block-navigation-link\"><a class=\"wp-block-navigation-item__content\"  href=\"https:\/\/www.uhu.es\/rensma\/en\/members\/\"><span class=\"wp-block-navigation-item__label\">Members<\/span><\/a><\/li><li class=\" wp-block-navigation-item wp-block-navigation-link\"><a class=\"wp-block-navigation-item__content\"  href=\"https:\/\/www.uhu.es\/rensma\/en\/acae-projects\/\"><span class=\"wp-block-navigation-item__label\">Projects<\/span><\/a><\/li><li class=\" wp-block-navigation-item wp-block-navigation-link\"><a class=\"wp-block-navigation-item__content\"  href=\"https:\/\/www.uhu.es\/rensma\/en\/publications\/\"><span class=\"wp-block-navigation-item__label\">Publications<\/span><\/a><\/li><li class=\" wp-block-navigation-item wp-block-navigation-link\"><a class=\"wp-block-navigation-item__content\"  href=\"https:\/\/www.uhu.es\/rensma\/en\/infrastructures\/\"><span class=\"wp-block-navigation-item__label\">Infrastructures<\/span><\/a><\/li><li class=\" wp-block-navigation-item wp-block-navigation-link\"><a class=\"wp-block-navigation-item__content\"  href=\"https:\/\/www.uhu.es\/rensma\/en\/5302-2\/\"><span class=\"wp-block-navigation-item__label\">Collaborations<\/span><\/a><\/li><\/ul><\/nav><\/div>\n\n\n\n<div class=\"wp-block-column is-layout-flow wp-block-column-is-layout-flow\" style=\"flex-basis:66.66%\">\n<h2 class=\"wp-block-heading\">Competitive Projects<\/h2>\n\n\n\n<div class=\"wp-block-pb-accordion-item c-accordion__item js-accordion-item no-js\" data-initially-open=\"false\" data-click-to-close=\"true\" data-auto-close=\"true\" data-scroll=\"false\" data-scroll-offset=\"0\"><h3 id=\"at-52960\" class=\"c-accordion__title js-accordion-controller\" role=\"button\">1. Aalpha. Acidophile Algae: Leading a Pathway For Health-Related Bioactivities<\/h3><div id=\"ac-52960\" class=\"c-accordion__content\">\n<p><strong>Project PI:<\/strong>&nbsp;Carlos V\u00edlchez Lobato<br><strong>Funding Entity:<\/strong>&nbsp;Department of Economic Transformation, Industry, Knowledge and Universities (Regional Government of Andalusia)<br><strong>Scope:<\/strong>&nbsp;Excellence Project<br><strong>Reference Code:<\/strong>&nbsp;PY20_00930<br><strong>Modality:<\/strong>&nbsp;Frontier<br><strong>Duration:<\/strong>&nbsp;06\/2021-31\/12\/2022<br><strong>Granted Funding:<\/strong>&nbsp;\u20ac87,290.00<\/p>\n<\/div><\/div>\n\n\n\n<div class=\"wp-block-pb-accordion-item c-accordion__item js-accordion-item no-js\" data-initially-open=\"false\" data-click-to-close=\"true\" data-auto-close=\"true\" data-scroll=\"false\" data-scroll-offset=\"0\"><h3 id=\"at-52961\" class=\"c-accordion__title js-accordion-controller\" role=\"button\">2. Heteroelement-Guided Proteomics and Metabolomics in the Study of Lung Cancer. Influence of Gut Microbiota (Predican-Prediction of Lung Cancer).<\/h3><div id=\"ac-52961\" class=\"c-accordion__content\">\n<p><strong>Project PI:<\/strong>&nbsp;Tamara Garc\u00eda Barrera<br><strong>Funding Entity:<\/strong>&nbsp;Department of Economic Transformation, Industry, Knowledge and Universities (Regional Government of Andalusia)<br><strong>Scope:<\/strong>&nbsp;Excellence Project<br><strong>Reference Code:<\/strong>&nbsp;PY20_00366<br><strong>Modality:<\/strong>&nbsp;Frontier<br><strong>Duration:<\/strong>&nbsp;06\/2021-31\/12\/2022<br><strong>Granted Funding:<\/strong>&nbsp;\u20ac75,400.00<\/p>\n<\/div><\/div>\n\n\n\n<div class=\"wp-block-pb-accordion-item c-accordion__item js-accordion-item no-js\" data-initially-open=\"false\" data-click-to-close=\"true\" data-auto-close=\"true\" data-scroll=\"false\" data-scroll-offset=\"0\"><h3 id=\"at-52962\" class=\"c-accordion__title js-accordion-controller\" role=\"button\">3. Chemical Speciation, Metabolomics, and Microbiota for the Study of Maternal-Infant Transfer through Breast Milk and Other Biological Samples.<\/h3><div id=\"ac-52962\" class=\"c-accordion__content\">\n<p><strong>Project PI:<\/strong>&nbsp;Tamara Garc\u00eda Barrera<br><strong>Co-PI of the Project:<\/strong>&nbsp;Francisco Navarro Rold\u00e1n<br><strong>Program Name:<\/strong>&nbsp;Operational Program FEDER Andalusia 2014-2020<br><strong>Reference Code:<\/strong>&nbsp;UHU-1256905<br><strong>Duration:<\/strong>&nbsp;01\/01\/2020, 24 months<br><strong>Granted Funding (in Euros):<\/strong>&nbsp;\u20ac35,510.20<\/p>\n<\/div><\/div>\n\n\n\n<div class=\"wp-block-pb-accordion-item c-accordion__item js-accordion-item no-js\" data-initially-open=\"false\" data-click-to-close=\"true\" data-auto-close=\"true\" data-scroll=\"false\" data-scroll-offset=\"0\"><h3 id=\"at-52963\" class=\"c-accordion__title js-accordion-controller\" role=\"button\">4. Omics and Metaomics Study of the Effect of Contaminants through the Gut Microbiota-Brain Axis. From Animal Model to Cellular Model (MAMOMICS).<\/h3><div id=\"ac-52963\" class=\"c-accordion__content\">\n<p><strong>Project PIs:<\/strong>&nbsp;Tamara Garc\u00eda Barrera and Nieves Abril D\u00edaz<br><strong>Funding Entity:<\/strong>&nbsp;Ministry of Science, Innovation and Universities<br><strong>Scope:<\/strong>&nbsp;National<br><strong>Reference Code:<\/strong>&nbsp;PGC2018-096608-B-C21<br><strong>Number of Participating Researchers:<\/strong>&nbsp;3<br><strong>Duration:<\/strong>&nbsp;2018, three years<br><strong>Granted Funding:<\/strong>&nbsp;\u20ac223,850<\/p>\n<\/div><\/div>\n\n\n\n<div class=\"wp-block-pb-accordion-item c-accordion__item js-accordion-item no-js\" data-initially-open=\"false\" data-click-to-close=\"true\" data-auto-close=\"true\" data-scroll=\"false\" data-scroll-offset=\"0\"><h3 id=\"at-52964\" class=\"c-accordion__title js-accordion-controller\" role=\"button\">5. Integration of Omics in Environmental Contaminant Bioindicator Studies, Laboratory Models, and Cell Lines. Contaminant Bioaccessibility.<\/h3><div id=\"ac-52964\" class=\"c-accordion__content\">\n<p><strong>Project PIs:<\/strong>&nbsp;Jos\u00e9 Luis G\u00f3mez Ariza and Tamara Garc\u00eda Barrera<br><strong>Funding Entity:<\/strong>&nbsp;Ministry of Economy and Competitiveness<br><strong>Scope:<\/strong>&nbsp;National<br><strong>Reference Code:<\/strong>&nbsp;CTM2015-67902-C2-1-P<br><strong>Number of Participating Researchers:<\/strong>&nbsp;10<br><strong>Start Date:<\/strong>&nbsp;01\/01\/2016<br><strong>End Date:<\/strong>&nbsp;31\/12\/2018<br><strong>Granted Funding:<\/strong>&nbsp;\u20ac177,870<\/p>\n<\/div><\/div>\n\n\n\n<div class=\"wp-block-pb-accordion-item c-accordion__item js-accordion-item no-js\" data-initially-open=\"false\" data-click-to-close=\"true\" data-auto-close=\"true\" data-scroll=\"false\" data-scroll-offset=\"0\"><h3 id=\"at-52965\" class=\"c-accordion__title js-accordion-controller\" role=\"button\">6. Application of Metallomic, Metabolomic Techniques, and Innovative Analytical Methods in Organism Exposure Tests to Contaminants. Validation in Estuarine Ecosystems.<\/h3><div id=\"ac-52965\" class=\"c-accordion__content\">\n<p><strong>Project PI:<\/strong>&nbsp;Jos\u00e9 Luis G\u00f3mez Ariza<br><strong>Funding Entity:<\/strong>&nbsp;Ministry of Economy and Competitiveness<br><strong>Scope:<\/strong>&nbsp;National<br><strong>Reference Code:<\/strong>&nbsp;CTM2012-38720-C03-01<br><strong>Number of Participating Researchers:<\/strong>&nbsp;15<br><strong>Start Date:<\/strong>&nbsp;10\/06\/2013<br><strong>End Date:<\/strong>&nbsp;31\/12\/2015<br><strong>Granted Funding:<\/strong>&nbsp;\u20ac99,450<\/p>\n<\/div><\/div>\n\n\n\n<div class=\"wp-block-pb-accordion-item c-accordion__item js-accordion-item no-js\" data-initially-open=\"false\" data-click-to-close=\"true\" data-auto-close=\"true\" data-scroll=\"false\" data-scroll-offset=\"0\"><h3 id=\"at-52966\" class=\"c-accordion__title js-accordion-controller\" role=\"button\">7. Holistic Approach of Omics Techniques in Studies of Emerging and Regulated Contaminants and Their Bioavailability\/Bioaccessibility: From Cell Lines to Field Studies.<\/h3><div id=\"ac-52966\" class=\"c-accordion__content\">\n<p><strong>Project PI:<\/strong>&nbsp;Jos\u00e9 Luis G\u00f3mez Ariza (University of Huelva).<br><strong>Funding Entity:<\/strong>&nbsp;Ministry of Economy and Competitiveness<br><strong>Program Name:<\/strong>&nbsp;VII Framework Programme, KBBE<br><strong>Reference Code:<\/strong>&nbsp;CTM2015-67902-C2-1-P<br><strong>Duration:<\/strong>&nbsp;01\/01\/2016 \u2013 31\/10\/2018<br><strong>Beneficiary Entity:<\/strong>&nbsp;UHU<br><strong>Granted Funding (in Euros):<\/strong>&nbsp;\u20ac147,000<\/p>\n<\/div><\/div>\n\n\n\n<div class=\"wp-block-pb-accordion-item c-accordion__item js-accordion-item no-js\" data-initially-open=\"false\" data-click-to-close=\"true\" data-auto-close=\"true\" data-scroll=\"false\" data-scroll-offset=\"0\"><h3 id=\"at-52967\" class=\"c-accordion__title js-accordion-controller\" role=\"button\">8. Multi-product Integrated bioRefinery of Algae: from Carbon dioxide and Light Energy to high-value Specialties (MIRACLES).<\/h3><div id=\"ac-52967\" class=\"c-accordion__content\">\n<p><strong>Project PI:<\/strong>&nbsp;Hans Reith (Wageningen University, Network PI); Carlos V\u00edlchez Lobato (coordinator at University of Huelva)<br><strong>Funding Entity:<\/strong>&nbsp;European Union<br><strong>Program Name:<\/strong>&nbsp;VII Framework Programme, KBBE<br><strong>Reference Code:<\/strong>&nbsp;KBBE.2013.3.2-02 \u2013 G.A. 613588<br><strong>Duration:<\/strong>&nbsp;01\/11\/2013 \u2013 30\/10\/2017<br><strong>Beneficiary Entity:<\/strong>&nbsp;UHU + European Partners.<br><strong>Granted Funding (in Euros):<\/strong>&nbsp;\u20ac12,144,416<\/p>\n<\/div><\/div>\n\n\n\n<div style=\"height:100px\" aria-hidden=\"true\" class=\"wp-block-spacer\"><\/div>\n\n\n\n<h2 class=\"wp-block-heading\">Technology Transfer Projects<\/h2>\n\n\n\n<div class=\"wp-block-pb-accordion-item c-accordion__item js-accordion-item no-js\" data-initially-open=\"false\" data-click-to-close=\"true\" data-auto-close=\"true\" data-scroll=\"false\" data-scroll-offset=\"0\"><h3 id=\"at-52968\" class=\"c-accordion__title js-accordion-controller\" role=\"button\">1. Study of the Biocidal Efficacy of Products from the Company BIOPLAGEN S.L.<\/h3><div id=\"ac-52968\" class=\"c-accordion__content\">\n<p><strong>Project PI:<\/strong>&nbsp;Carlos V\u00edlchez Lobato<br><strong>Funding Entity:<\/strong>&nbsp;Department of Economic Transformation, Industry, Knowledge and Universities (Regional Government of Andalusia)<br><strong>Scope:<\/strong>&nbsp;Excellence Project<br><strong>Reference Code:<\/strong>&nbsp;PY20_00930<br><strong>Modality:<\/strong>&nbsp;Frontier<br><strong>Duration:<\/strong>&nbsp;06\/2021-31\/12\/2022<br><strong>Granted Funding:<\/strong>&nbsp;\u20ac87,290.00<\/p>\n<\/div><\/div>\n<\/div>\n<\/div>\n\n\n\n<div style=\"height:100px\" aria-hidden=\"true\" class=\"wp-block-spacer\"><\/div>\n","protected":false},"excerpt":{"rendered":"<p>PROJECTS Cellular Alterations By Exogenous Agents Unit Competitive Projects Technology Transfer Projects<\/p>\n","protected":false},"author":2,"featured_media":0,"parent":0,"menu_order":0,"comment_status":"closed","ping_status":"closed","template":"","meta":{"site-sidebar-layout":"default","site-content-layout":"","ast-site-content-layout":"","site-content-style":"default","site-sidebar-style":"default","ast-global-header-display":"","ast-banner-title-visibility":"","ast-main-header-display":"","ast-hfb-above-header-display":"","ast-hfb-below-header-display":"","ast-hfb-mobile-header-display":"","site-post-title":"","ast-breadcrumbs-content":"","ast-featured-img":"","footer-sml-layout":"","theme-transparent-header-meta":"","adv-header-id-meta":"","stick-header-meta":"","header-above-stick-meta":"","header-main-stick-meta":"","header-below-stick-meta":"","astra-migrate-meta-layouts":"","footnotes":""},"_links":{"self":[{"href":"https:\/\/www.uhu.es\/rensma\/wp-json\/wp\/v2\/pages\/5296"}],"collection":[{"href":"https:\/\/www.uhu.es\/rensma\/wp-json\/wp\/v2\/pages"}],"about":[{"href":"https:\/\/www.uhu.es\/rensma\/wp-json\/wp\/v2\/types\/page"}],"author":[{"embeddable":true,"href":"https:\/\/www.uhu.es\/rensma\/wp-json\/wp\/v2\/users\/2"}],"replies":[{"embeddable":true,"href":"https:\/\/www.uhu.es\/rensma\/wp-json\/wp\/v2\/comments?post=5296"}],"version-history":[{"count":4,"href":"https:\/\/www.uhu.es\/rensma\/wp-json\/wp\/v2\/pages\/5296\/revisions"}],"predecessor-version":[{"id":5479,"href":"https:\/\/www.uhu.es\/rensma\/wp-json\/wp\/v2\/pages\/5296\/revisions\/5479"}],"wp:attachment":[{"href":"https:\/\/www.uhu.es\/rensma\/wp-json\/wp\/v2\/media?parent=5296"}],"curies":[{"name":"wp","href":"https:\/\/api.w.org\/{rel}","templated":true}]}}