{"id":5298,"date":"2024-05-14T13:46:39","date_gmt":"2024-05-14T11:46:39","guid":{"rendered":"https:\/\/www.uhu.es\/rensma\/?page_id=5298"},"modified":"2024-08-29T18:25:02","modified_gmt":"2024-08-29T16:25:02","slug":"publications","status":"publish","type":"page","link":"https:\/\/www.uhu.es\/rensma\/en\/publications\/","title":{"rendered":"Publications Cellular Alterations By Exogenous Agents Unit"},"content":{"rendered":"\n<div class=\"wp-block-cover alignfull is-light\"><span aria-hidden=\"true\" class=\"wp-block-cover__background has-background-dim\"><\/span><img decoding=\"async\" loading=\"lazy\" width=\"940\" height=\"300\" class=\"wp-block-cover__image-background wp-image-1307\" alt=\"\" src=\"https:\/\/www.uhu.es\/rensma\/wp-content\/uploads\/2019\/09\/SliderIngles.jpg\" data-object-fit=\"cover\" srcset=\"https:\/\/www.uhu.es\/rensma\/wp-content\/uploads\/2019\/09\/SliderIngles.jpg 940w, https:\/\/www.uhu.es\/rensma\/wp-content\/uploads\/2019\/09\/SliderIngles-300x96.jpg 300w, https:\/\/www.uhu.es\/rensma\/wp-content\/uploads\/2019\/09\/SliderIngles-768x245.jpg 768w\" sizes=\"(max-width: 940px) 100vw, 940px\" \/><div class=\"wp-block-cover__inner-container is-layout-constrained wp-block-cover-is-layout-constrained\">\n<div class=\"wp-block-group is-layout-constrained wp-block-group-is-layout-constrained\"><\/div>\n<\/div><\/div>\n\n\n\n<div style=\"height:100px\" aria-hidden=\"true\" class=\"wp-block-spacer\"><\/div>\n\n\n\n<h1 class=\"wp-block-heading has-text-align-center\">Publications<\/h1>\n\n\n\n<h3 class=\"wp-block-heading has-text-align-center\"><strong>Cellular Alterations By Exogenous Agents Unit<\/strong><\/h3>\n\n\n\n<div class=\"wp-block-columns is-layout-flex wp-container-7 wp-block-columns-is-layout-flex\">\n<div class=\"wp-block-column is-layout-flow wp-block-column-is-layout-flow\" style=\"flex-basis:33.33%\">\n<p class=\"has-ast-global-color-5-color has-ast-global-color-0-background-color has-text-color has-background\">Laboratory Menu<\/p>\n\n\n<nav class=\" is-vertical wp-block-navigation is-layout-flex wp-container-4 wp-block-navigation-is-layout-flex\" aria-label=\"Menu Alteraciones Celulares (Ingles)\"><ul class=\"wp-block-navigation__container  is-vertical wp-block-navigation\"><li class=\" wp-block-navigation-item wp-block-navigation-link\"><a class=\"wp-block-navigation-item__content\"  href=\"https:\/\/www.uhu.es\/rensma\/en\/unit-of-cellular-alterations-by-exogenous-agents\/\"><span class=\"wp-block-navigation-item__label\">Presentation<\/span><\/a><\/li><li class=\" wp-block-navigation-item wp-block-navigation-link\"><a class=\"wp-block-navigation-item__content\"  href=\"https:\/\/www.uhu.es\/rensma\/en\/research-lines\/\"><span class=\"wp-block-navigation-item__label\">Research Lines<\/span><\/a><\/li><li class=\" wp-block-navigation-item wp-block-navigation-link\"><a class=\"wp-block-navigation-item__content\"  href=\"https:\/\/www.uhu.es\/rensma\/en\/members\/\"><span class=\"wp-block-navigation-item__label\">Members<\/span><\/a><\/li><li class=\" wp-block-navigation-item wp-block-navigation-link\"><a class=\"wp-block-navigation-item__content\"  href=\"https:\/\/www.uhu.es\/rensma\/en\/acae-projects\/\"><span class=\"wp-block-navigation-item__label\">Projects<\/span><\/a><\/li><li class=\" wp-block-navigation-item wp-block-navigation-link\"><a class=\"wp-block-navigation-item__content\"  href=\"https:\/\/www.uhu.es\/rensma\/en\/publications\/\"><span class=\"wp-block-navigation-item__label\">Publications<\/span><\/a><\/li><li class=\" wp-block-navigation-item wp-block-navigation-link\"><a class=\"wp-block-navigation-item__content\"  href=\"https:\/\/www.uhu.es\/rensma\/en\/infrastructures\/\"><span class=\"wp-block-navigation-item__label\">Infrastructures<\/span><\/a><\/li><li class=\" wp-block-navigation-item wp-block-navigation-link\"><a class=\"wp-block-navigation-item__content\"  href=\"https:\/\/www.uhu.es\/rensma\/en\/5302-2\/\"><span class=\"wp-block-navigation-item__label\">Collaborations<\/span><\/a><\/li><\/ul><\/nav><\/div>\n\n\n\n<div class=\"wp-block-column is-layout-flow wp-block-column-is-layout-flow\" style=\"flex-basis:66.66%\">\n<h2 class=\"wp-block-heading has-text-align-center has-medium-font-size\"><strong>202<\/strong>3<\/h2>\n\n\n\n<hr class=\"wp-block-separator has-alpha-channel-opacity\"\/>\n\n\n\n<p>1. Fern\u00e1ndez Soto, J., Romero-Jim\u00e9nez, M.J., Alarc\u00f3n Garc\u00eda, J.C. et al.. Predictors of subclinical atherosclerosis in HIV. BMC Infect Dis 23, 17. DOI: <a rel=\"noreferrer noopener\" href=\"https:\/\/doi.org\/10.1186\/s12879-022-07976-1\" target=\"_blank\">https:\/\/doi.org\/10.1186\/s12879-022-07976-1<\/a><\/p>\n\n\n\n<p>2. Ruiz-Dom\u00ednguez MC, Robles M, Mart\u00edn L, Beltr\u00e1n \u00c1, Gava R, Cuaresma M, Navarro F, V\u00edlchez C. Ultrasound-Based Recovery of Anti-Inflammatory and Antimi-crobial Extracts of the Acidophilic Microalga Coccomyxa onubensis. Marine Drugs 21: 471DOI: <a rel=\"noreferrer noopener\" href=\"https:\/\/doi.org\/10.3390\/md21090471\" target=\"_blank\">https:\/\/doi.org\/10.3390\/md21090471<\/a><\/p>\n\n\n\n<p>3. Robles, Mar\u00eda, Rafael Torronteras, Carol Ostojic, Cinta Oria, Mar\u00eda Cuaresma, In\u00e9s Garbayo, Francisco Navarro, and Carlos V\u00edlchez. Fe (III)-Mediated Antioxidant Response of the Acidotolerant Mi-croalga Coccomyxa onubensis. Antioxidants 12, no. 3: 610DOI: <a rel=\"noreferrer noopener\" href=\"https:\/\/doi.org\/10.3390\/antiox12030610\" target=\"_blank\">https:\/\/doi.org\/10.3390\/antiox12030610<\/a> <\/p>\n\n\n\n<h2 class=\"wp-block-heading has-text-align-center has-medium-font-size\"><strong>2022<\/strong><\/h2>\n\n\n\n<hr class=\"wp-block-separator has-alpha-channel-opacity\"\/>\n\n\n\n<p>1. Sanjos\u00e9, I., Mu\u00f1oz-Rodr\u00edguez, A. F., Ruiz, F., Navarro, F., S\u00e1nchez-Gull\u00f3n, E., Nieva, F. J., \u2026 &amp; Castillo, J. M. Metal effects on germination and seedling development in closely related halophyte species inhabiting different elevations along the intertidal gradient. Marine Pollution Bulletin, 175, 113375. DOI: <a href=\"https:\/\/doi.org\/10.1016\/j.marpolbul.2022.113375\">https:\/\/doi.org\/10.1016\/j.marpolbul.2022.113375<\/a><\/p>\n\n\n\n<p>2. Juan Bayo Calero, corresponding author, Miguel Angel Casta\u00f1o L\u00f3pez, Pedro Germ\u00e1n Casado Monge, Jacobo D\u00edaz Portillo, Ana Bejarano Garc\u00eda, and Francisco Navarro Rold\u00e1n. Analysis of blood markers for early colorectal cancer diagnosis. Journal Gastrointest Oncol. 2022 Oct; 13(5): 2259\u20132268. DOI: <a href=\"https:\/\/doi.org\/10.21037\/jgo-21-747\">https:\/\/doi.org\/10.21037\/jgo-21-747<\/a><\/p>\n\n\n\n<p>3. S. Ram\u00edrez-Acosta, R. Uhl\u00edrov\u00e1, F. Navarro, J. L. G\u00f3mez-Ariza and T. Garc\u00eda-Barrera. Antagonistic Interaction of Selenium and Cadmium in Human Hepatic Cells Through Selenoproteins. Analytical Chemistry. Volume 10. DOI: <a href=\"https:\/\/doi.org\/10.3389\/fchem.2022.891933\">https:\/\/doi.org\/10.3389\/fchem.2022.891933<\/a><\/p>\n\n\n\n<p>4. Mu\u00f1oz, A. F., Ruiz, F., Campos, J. M., Bermejo, J., Fern\u00e1ndez, L., Berrmejo, A., \u2026 &amp; Romero, V. Late Holocene archaeobotanical evolution of the Canale di Imbocco (Roman imperial port of Portus, Central Italy). Review of Palaeobotany and Palynology, 302, 104670 DOI: <a href=\"https:\/\/doi.org\/10.1016\/j.revpalbo.2022.104670\">https:\/\/doi.org\/10.1016\/j.revpalbo.2022.104670<\/a><\/p>\n\n\n\n<p>5. Nieva, F. J. J., Gago, R., Infante-Izquierdo, M. D., Polo, A., Hermoso, V., &amp; Mu\u00f1oz-Rodr\u00edguez, A. F. Factors that determine the occurrence of native and introduced Spergularia species in Mediterranean coastal ecosystems. Plant Ecology &amp; Diversity, 15(1-2), 51-65. DOI: <a href=\"https:\/\/doi.org\/10.1080\/17550874.2022.2078243\">https:\/\/doi.org\/10.1080\/17550874.2022.2078243<\/a><\/p>\n\n\n\n<p>6. Sanjos\u00e9, I., Navarro-Rold\u00e1n, F., Montero, Y., Ram\u00edrez-Acosta, S., Jim\u00e9nez-Nieva, F. J., Infante-Izquierdo, M. D., \u2026 &amp; Mu\u00f1oz-Rodr\u00edguez, A. F. The Bioconcentration and the Translocation of Heavy Metals in Recently Consumed Salicornia ramosissima J. Woods in Highly Contaminated Estuary Marshes and Its Food Risk REVISTA: Diversity, 14(6), 452. DOI: <a href=\"https:\/\/doi.org\/10.3390\/d14060452\">https:\/\/doi.org\/10.3390\/d14060452<\/a><\/p>\n\n\n\n<p>7. Polo-\u00c1vila, A., Infante-Izquierdo, M. D., S\u00e1nchez-Gull\u00f3n, E., Castillo, J. M., &amp; Mu\u00f1oz-Rodr\u00edguez, A. F. Population Dynamic of the Annual Halophyte Salicornia ramosissima in Salt Pans: Towards a Sustainable Exploitation of Its Wild Populations. Plants, 11(13), 1676. DOI: <a href=\"https:\/\/doi.org\/10.3390\/plants11131676\">https:\/\/doi.org\/10.3390\/plants11131676<\/a><\/p>\n\n\n\n<p>7. Castillo, J. M., Curado, G., Mu\u00f1oz-Rodr\u00edguez, A. F., &amp; Infante-Izquierdo, M. D. Salt tolerance during germination identifies native intertidal plant species at risk under increasing salinity with sea level rise. Marine Ecology Progress Series, 684, 57-68 DOI: <a href=\"https:\/\/doi.org\/10.3354\/meps13961\">https:\/\/doi.org\/10.3354\/meps13961<\/a><\/p>\n\n\n\n<p>8. Castillo, J. M., Curado, G., Mu\u00f1oz-Rodr\u00edguez, A. F., &amp; Infante-Izquierdo, M. D. Salt tolerance during germination identifies native intertidal plant species at risk under increasing salinity with sea level rise. Marine Ecology Progress Series, 684, 57-68 DOI: <a href=\"https:\/\/doi.org\/10.3354\/meps13961\">https:\/\/doi.org\/10.3354\/meps13961<\/a><\/p>\n\n\n\n<p>9. Sanjos\u00e9, I., Nieva, F. J., Infante-Izquierdo, M. D., Polo-\u00c1vila, A., S\u00e1nchez-Gull\u00f3n, E., Martinez-Sagarra, G., \u2026 &amp; Castillo, J. M. Temporal and spatial patterns of airborne pollen dispersal in six salt marsh halophytes. Review of Palaeobotany and Palynology, 302, 104662. DOI: <a href=\"https:\/\/doi.org\/10.1016\/j.revpalbo.2022.104662\">https:\/\/doi.org\/10.1016\/j.revpalbo.2022.10466<\/a><\/p>\n\n\n\n<hr class=\"wp-block-separator has-alpha-channel-opacity\"\/>\n\n\n\n<h2 class=\"wp-block-heading has-text-align-center has-medium-font-size\"><strong>2021<\/strong><\/h2>\n\n\n\n<ol>\n<li>Accumulation and Effect of Heavy Metals on the Germination and Growth of Salsola vermiculata L. Seedlings. Israel Sanjos\u00e9, Francisco Navarro-Rold\u00e1n, Mar\u00eda Dolores Infante-Izquierdo, Gloria Mart\u00ednez-Sagarra, Juan Antonio Devesa, Alejandro Polo, Sara Ram\u00edrez-Acosta, Enrique S\u00e1nchez-Gull\u00f3n, Francisco Javier Jim\u00e9nez-Nieva and Adolfo Francisco Mu\u00f1oz-Rodr\u00edguez. DOI: <a href=\"https:\/\/doi.org\/10.3390\/d13110539\">https:\/\/doi.org\/10.3390\/d13110539<\/a><\/li>\n\n\n\n<li>Selenium Supplementation Influences Mice Testicular Selenoproteins Driven By Gut Microbiota. Sara Ram\u00edrez-Acosta, Marta Selma-Royo, M Carmen Collado, Francisco Navarro, Nieves Abril and Tamara Garc\u00eda Barrera. DOI: <a href=\"https:\/\/doi.org\/10.21203\/rs.3.rs-923352\/v1\">https:\/\/doi.org\/10.21203\/rs.3.rs-923352\/v1<\/a><\/li>\n\n\n\n<li>Omic methodologies for assessing metal(-loid)s-host-microbiota interplay: A review. Ram\u00edrez-Acosta, A. Arias-Borrego, F. Navarro-Rold\u00e1n, M. Selma-Royo, M. Calatayud, M.C. Collado, P.V. Huertas-Abril, N. Abril, T. Garc\u00eda-Barrera. DOI: <a href=\"https:\/\/doi.org\/10.1016\/j.aca.2021.338620\">https:\/\/doi.org\/10.1016\/j.aca.2021.338620<\/a><\/li>\n\n\n\n<li>Advances in lung cancer biomarkers: The role of (metal-) metabolites and selenoproteins. Callej\u00f3n-Leblic, B., Arias-Borrego, A., Rodr\u00edguez-Moro, G., Navarro Rold\u00e1n, F., Pereira-Veiga, T., Romero G\u00f3mez, M., Campos-Cavieres, I., Abril, N., Garc\u00eda-Barrera, T. DOI: <a href=\"https:\/\/doi.org\/10.1007\/s11356-021-17475-7\">https:\/\/doi.org\/10.1007\/s11356-021-17475-7<\/a><\/li>\n\n\n\n<li>Comparative toxicity and oxidative stress induced by CdSe quantum dots with different surface coatings in a hepatic cell model. Callej\u00f3n-Leblic, B., Campos, C., Garc\u00eda-Barrera, T., Navarro-Rold\u00e1n, F., Abril, N. DOI: <a href=\"https:\/\/doi.org\/10.1016\/j.jhazmat.2021.126753\">https:\/\/doi.org\/10.1016\/j.jhazmat.2021.126753<\/a><\/li>\n<\/ol>\n<\/div>\n<\/div>\n\n\n\n<div style=\"height:100px\" aria-hidden=\"true\" class=\"wp-block-spacer\"><\/div>\n","protected":false},"excerpt":{"rendered":"<p>Publications Cellular Alterations By Exogenous Agents Unit 2023 1. Fern\u00e1ndez Soto, J., Romero-Jim\u00e9nez, M.J., Alarc\u00f3n Garc\u00eda, J.C. et al.. Predictors of subclinical atherosclerosis in HIV. BMC Infect Dis 23, 17. DOI: https:\/\/doi.org\/10.1186\/s12879-022-07976-1 2. Ruiz-Dom\u00ednguez MC, Robles M, Mart\u00edn L, Beltr\u00e1n \u00c1, Gava R, Cuaresma M, Navarro F, V\u00edlchez C. Ultrasound-Based Recovery of Anti-Inflammatory and Antimi-crobial &hellip;<\/p>\n<p class=\"read-more\"> <a class=\"\" href=\"https:\/\/www.uhu.es\/rensma\/en\/publications\/\"> <span class=\"screen-reader-text\">Publications Cellular Alterations By Exogenous Agents Unit<\/span> Leer m\u00e1s &raquo;<\/a><\/p>\n","protected":false},"author":2,"featured_media":0,"parent":0,"menu_order":0,"comment_status":"closed","ping_status":"closed","template":"","meta":{"site-sidebar-layout":"default","site-content-layout":"","ast-site-content-layout":"","site-content-style":"default","site-sidebar-style":"default","ast-global-header-display":"","ast-banner-title-visibility":"","ast-main-header-display":"","ast-hfb-above-header-display":"","ast-hfb-below-header-display":"","ast-hfb-mobile-header-display":"","site-post-title":"","ast-breadcrumbs-content":"","ast-featured-img":"","footer-sml-layout":"","theme-transparent-header-meta":"","adv-header-id-meta":"","stick-header-meta":"","header-above-stick-meta":"","header-main-stick-meta":"","header-below-stick-meta":"","astra-migrate-meta-layouts":"","footnotes":""},"_links":{"self":[{"href":"https:\/\/www.uhu.es\/rensma\/wp-json\/wp\/v2\/pages\/5298"}],"collection":[{"href":"https:\/\/www.uhu.es\/rensma\/wp-json\/wp\/v2\/pages"}],"about":[{"href":"https:\/\/www.uhu.es\/rensma\/wp-json\/wp\/v2\/types\/page"}],"author":[{"embeddable":true,"href":"https:\/\/www.uhu.es\/rensma\/wp-json\/wp\/v2\/users\/2"}],"replies":[{"embeddable":true,"href":"https:\/\/www.uhu.es\/rensma\/wp-json\/wp\/v2\/comments?post=5298"}],"version-history":[{"count":6,"href":"https:\/\/www.uhu.es\/rensma\/wp-json\/wp\/v2\/pages\/5298\/revisions"}],"predecessor-version":[{"id":5681,"href":"https:\/\/www.uhu.es\/rensma\/wp-json\/wp\/v2\/pages\/5298\/revisions\/5681"}],"wp:attachment":[{"href":"https:\/\/www.uhu.es\/rensma\/wp-json\/wp\/v2\/media?parent=5298"}],"curies":[{"name":"wp","href":"https:\/\/api.w.org\/{rel}","templated":true}]}}