{"id":534,"date":"2019-04-10T12:21:20","date_gmt":"2019-04-10T10:21:20","guid":{"rendered":"http:\/\/www.uhu.es\/rensma\/?page_id=534"},"modified":"2025-06-10T08:51:03","modified_gmt":"2025-06-10T06:51:03","slug":"miembros-neuro","status":"publish","type":"page","link":"https:\/\/www.uhu.es\/rensma\/miembros-neuro\/","title":{"rendered":"Miembros"},"content":{"rendered":"\n<div class=\"wp-block-cover alignfull is-light\"><span aria-hidden=\"true\" class=\"wp-block-cover__background has-background-dim\"><\/span><img decoding=\"async\" loading=\"lazy\" width=\"940\" height=\"300\" class=\"wp-block-cover__image-background wp-image-806\" alt=\"\" src=\"https:\/\/www.uhu.es\/rensma\/wp-content\/uploads\/2019\/06\/Slider.jpg\" data-object-fit=\"cover\" srcset=\"https:\/\/www.uhu.es\/rensma\/wp-content\/uploads\/2019\/06\/Slider.jpg 940w, https:\/\/www.uhu.es\/rensma\/wp-content\/uploads\/2019\/06\/Slider-300x96.jpg 300w, https:\/\/www.uhu.es\/rensma\/wp-content\/uploads\/2019\/06\/Slider-768x245.jpg 768w\" sizes=\"(max-width: 940px) 100vw, 940px\" \/><div class=\"wp-block-cover__inner-container is-layout-constrained wp-block-cover-is-layout-constrained\">\n<p class=\"has-text-align-center has-large-font-size\"><\/p>\n\n\n\n<div style=\"height:100px\" aria-hidden=\"true\" class=\"wp-block-spacer\"><\/div>\n<\/div><\/div>\n\n\n\n<h1 class=\"wp-block-heading has-text-align-center\" style=\"margin-top:var(--wp--preset--spacing--70)\">Miembros<\/h1>\n\n\n\n<h3 class=\"wp-block-heading has-text-align-center\" style=\"text-transform:capitalize\"><strong>Unidad de Epidemiolog\u00eda Cl\u00ednica, Ambiental y Transformaci\u00f3n Social<\/strong><\/h3>\n\n\n\n<div class=\"wp-block-columns is-layout-flex wp-container-6 wp-block-columns-is-layout-flex\">\n<div class=\"wp-block-column is-layout-flow wp-block-column-is-layout-flow\" style=\"flex-basis:33.33%\">\n<p class=\"has-ast-global-color-5-color has-ast-global-color-0-background-color has-text-color has-background\">Men\u00fa laboratorio<\/p>\n\n\n<nav class=\" is-vertical wp-block-navigation is-layout-flex wp-container-3 wp-block-navigation-is-layout-flex\" aria-label=\"Menu NEURO\"><ul class=\"wp-block-navigation__container  is-vertical wp-block-navigation\"><li class=\" wp-block-navigation-item wp-block-navigation-link\"><a class=\"wp-block-navigation-item__content\"  href=\"https:\/\/www.uhu.es\/rensma\/presentacion-neuro\/\"><span class=\"wp-block-navigation-item__label\">Presentaci\u00f3n<\/span><\/a><\/li><li class=\" wp-block-navigation-item wp-block-navigation-link\"><a class=\"wp-block-navigation-item__content\"  href=\"https:\/\/www.uhu.es\/rensma\/lineas-de-investigacion-neuro\/\"><span class=\"wp-block-navigation-item__label\">L\u00edneas de Investigaci\u00f3n<\/span><\/a><\/li><li class=\" wp-block-navigation-item wp-block-navigation-link\"><a class=\"wp-block-navigation-item__content\"  href=\"https:\/\/www.uhu.es\/rensma\/miembros-neuro\/\"><span class=\"wp-block-navigation-item__label\">Miembros<\/span><\/a><\/li><li class=\" wp-block-navigation-item wp-block-navigation-link\"><a class=\"wp-block-navigation-item__content\"  href=\"https:\/\/www.uhu.es\/rensma\/proyectos-neuro\/\"><span class=\"wp-block-navigation-item__label\">Proyectos<\/span><\/a><\/li><li class=\" wp-block-navigation-item wp-block-navigation-link\"><a class=\"wp-block-navigation-item__content\"  href=\"https:\/\/www.uhu.es\/rensma\/publicaciones-neuro\/\"><span class=\"wp-block-navigation-item__label\">Publicaciones<\/span><\/a><\/li><li class=\" wp-block-navigation-item wp-block-navigation-link\"><a class=\"wp-block-navigation-item__content\"  href=\"https:\/\/www.uhu.es\/rensma\/infraestructuras-neuro\/\"><span class=\"wp-block-navigation-item__label\">Infraestructuras<\/span><\/a><\/li><li class=\" wp-block-navigation-item wp-block-navigation-link\"><a class=\"wp-block-navigation-item__content\"  href=\"https:\/\/www.uhu.es\/rensma\/colaboraciones-neuro\/\"><span class=\"wp-block-navigation-item__label\">Colaboraciones<\/span><\/a><\/li><li class=\" wp-block-navigation-item wp-block-navigation-link\"><a class=\"wp-block-navigation-item__content\"  href=\"https:\/\/www.uhu.es\/rensma\"><span class=\"wp-block-navigation-item__label\">\u226a Volver &#8230;<\/span><\/a><\/li><\/ul><\/nav><\/div>\n\n\n\n<div class=\"wp-block-column is-layout-flow wp-block-column-is-layout-flow\" style=\"flex-basis:66.66%\"><div class=\"tmm tmm_laboratorio-de-neurociencias\"><div class=\"tmm_2_columns tmm_wrap tmm_theme_f\"><span class=\"tmm_two_containers_tablet\"><\/span><div class=\"tmm_container\"><div class=\"tmm_member\" style=\"border-top:#333333 solid 5px;\"><div class=\"tmm_photo tmm_pic_laboratorio-de-neurociencias_0\" style=\"background: url(https:\/\/www.uhu.es\/rensma\/wp-content\/uploads\/2019\/09\/Juan_Alguacil.jpg); margin-left: auto; margin-right:auto; background-size:cover !important;\"><\/div><div class=\"tmm_textblock\"><div class=\"tmm_names\"><span class=\"tmm_fname\">Juan<\/span> <span class=\"tmm_lname\">Alguacil Ojeda<\/span><\/div><div class=\"tmm_job\">Catedr\u00e1tico<\/div><div class=\"tmm_desc\" style=\"text-align:center\"><p><strong>Grupo de investigaci\u00f3n:<\/strong> CTS-997<br><strong>Email:<\/strong> alguacil@dbasp.uhu.es<br><strong>Tel\u00e9fono:<\/strong> +34 959 21 98 90<\/p><\/div><div class=\"tmm_scblock\"><a class=\"tmm_sociallink\" href=\"mailto:alguacil@dbasp.uhu.es\" title=\"\"><img alt=\"\" src=\"https:\/\/www.uhu.es\/rensma\/wp-content\/plugins\/team-members\/inc\/img\/links\/email.png\"\/><\/a><\/div><\/div><\/div><div class=\"tmm_member\" style=\"border-top:#333333 solid 5px;\"><div class=\"tmm_photo tmm_pic_laboratorio-de-neurociencias_1\" style=\"background: url(https:\/\/www.uhu.es\/rensma\/wp-content\/uploads\/2019\/09\/usuario.jpg); margin-left: auto; margin-right:auto; background-size:cover !important;\"><\/div><div class=\"tmm_textblock\"><div class=\"tmm_names\"><span class=\"tmm_fname\">Roc\u00edo<\/span> <span class=\"tmm_lname\">Capelo \u00c1lvarez<\/span><\/div><div class=\"tmm_desc\" style=\"text-align:center\"><p><strong>Grupo de investigaci\u00f3n:<\/strong> CTS-997<br><strong>Email:<\/strong> rocio.capelo@dbasp.uhu.es<br><strong>Tel\u00e9fono:<\/strong> -<\/p><\/div><div class=\"tmm_scblock\"><a class=\"tmm_sociallink\" href=\"mailto:rocio.capelo@dbasp.uhu.es\" title=\"\"><img alt=\"\" src=\"https:\/\/www.uhu.es\/rensma\/wp-content\/plugins\/team-members\/inc\/img\/links\/email.png\"\/><\/a><\/div><\/div><\/div><span class=\"tmm_two_containers_tablet\"><\/span><\/div><span class=\"tmm_columns_containers_desktop\"><\/span><div class=\"tmm_container\"><div class=\"tmm_member\" style=\"border-top:#333333 solid 5px;\"><div class=\"tmm_photo tmm_pic_laboratorio-de-neurociencias_2\" style=\"background: url(https:\/\/www.uhu.es\/rensma\/wp-content\/uploads\/2019\/09\/Jose_Andres_Lorca.jpg); margin-left: auto; margin-right:auto; background-size:cover !important;\"><\/div><div class=\"tmm_textblock\"><div class=\"tmm_names\"><span class=\"tmm_fname\">Jos\u00e9 Andr\u00e9s<\/span> <span class=\"tmm_lname\">Lorca Mar\u00edn<\/span><\/div><div class=\"tmm_job\">Profesor Titular<\/div><div class=\"tmm_desc\" style=\"text-align:center\"><p><strong>Grupo de investigaci\u00f3n:<\/strong> CTS-443<br><strong>Email:<\/strong> andres.lorca@dpsi.uhu.es<br><strong>Tel\u00e9fono:<\/strong> +34 959 21 84 31<br><strong><a href=\"https:\/\/publons.com\/researcher\/2782575\/jose-andres-ja-lorca-marin\/\">Research ID<\/a> - <\/strong><strong><a href=\"https:\/\/orcid.org\/0000-0003-0331-020X\">Orcid<\/a> - <\/strong><strong><a href=\"https:\/\/www.researchgate.net\/profile\/Jose_Andres_Lorca\">Research Gate<\/a> - <\/strong><a href=\"https:\/\/scholar.google.es\/citations?user=esHgzLoAAAAJ&amp;hl=es\"><strong>Google Scholar<\/strong><\/a><strong> - <a href=\"https:\/\/www.mendeley.com\/profiles\/jos-andrs-lorca-marn\/publications\/\">Mendeley<\/a> - <\/strong><strong><a href=\"https:\/\/publons.com\/researcher\/1689190\/jose-andres-lorca-marin\/\">Publons<\/a> - <\/strong><strong><a href=\"https:\/\/www2.scopus.com\/authid\/detail.uri?authorId=57192088882\">Scopus<\/a> - <\/strong><a href=\"https:\/\/dialnet.unirioja.es\/servlet\/autor?codigo=592928\"><strong>Dialnet<\/strong><\/a><\/p><\/div><div class=\"tmm_scblock\"><a class=\"tmm_sociallink\" href=\"mailto:andres.lorca@dpsi.uhu.es\" title=\"\"><img alt=\"\" src=\"https:\/\/www.uhu.es\/rensma\/wp-content\/plugins\/team-members\/inc\/img\/links\/email.png\"\/><\/a><\/div><\/div><\/div><div class=\"tmm_member\" style=\"border-top:#333333 solid 5px;\"><div class=\"tmm_photo tmm_pic_laboratorio-de-neurociencias_3\" style=\"background: url(https:\/\/www.uhu.es\/rensma\/wp-content\/uploads\/2019\/09\/Enrique_Moraleda.jpg); margin-left: auto; margin-right:auto; background-size:cover !important;\"><\/div><div class=\"tmm_textblock\"><div class=\"tmm_names\"><span class=\"tmm_fname\">Enrique<\/span> <span class=\"tmm_lname\">Moraleda Barreno<\/span><\/div><div class=\"tmm_job\">Profesor Titular<\/div><div class=\"tmm_desc\" style=\"text-align:center\"><p><strong>Grupo de investigaci\u00f3n:<\/strong> CTS-443<br><strong>Email:<\/strong> enrique.moraleda@dpsi.uhu.es<br><strong>Tel\u00e9fono:<\/strong> +34 959 21 94 37<br><strong><a href=\"https:\/\/publons.com\/researcher\/1889208\/enrique-moraleda-barreno\/\">Research ID<\/a> - <a href=\"https:\/\/orcid.org\/0000-0003-2324-6559\">Or<span id=\"OBJ_PREFIX_DWT91_com_zimbra_url\" class=\"Object\" role=\"link\">cid<\/span><\/a><span id=\"OBJ_PREFIX_DWT92_com_zimbra_phone\" class=\"Object\" role=\"link\"> - <\/span><a href=\"https:\/\/www.researchgate.net\/profile\/Enrique_Barreno\">Research Gate<\/a> - <\/strong><a href=\"https:\/\/www2.scopus.com\/authid\/detail.uri?authorId=55890930900\"><strong>Scopus<\/strong><\/a> - <a href=\"https:\/\/www.mendeley.com\/authors\/55821979100\/\"><strong>Mendeley<\/strong><\/a><\/p><\/div><div class=\"tmm_scblock\"><a class=\"tmm_sociallink\" href=\"mailto:enrique.moraleda@dpsi.uhu.es\" title=\"\"><img alt=\"\" src=\"https:\/\/www.uhu.es\/rensma\/wp-content\/plugins\/team-members\/inc\/img\/links\/email.png\"\/><\/a><\/div><\/div><\/div><span class=\"tmm_two_containers_tablet\"><\/span><\/div><span class=\"tmm_columns_containers_desktop\"><\/span><div class=\"tmm_container\"><div class=\"tmm_member\" style=\"border-top:#333333 solid 5px;\"><div class=\"tmm_photo tmm_pic_laboratorio-de-neurociencias_4\" style=\"background: url(https:\/\/www.uhu.es\/rensma\/wp-content\/uploads\/2019\/09\/Modesto_Romero.jpg); margin-left: auto; margin-right:auto; background-size:cover !important;\"><\/div><div class=\"tmm_textblock\"><div class=\"tmm_names\"><span class=\"tmm_fname\">Modesto Jes\u00fas<\/span> <span class=\"tmm_lname\">Romero L\u00f3pez<\/span><\/div><div class=\"tmm_job\">Profesor Contratado Doctor<\/div><div class=\"tmm_desc\" style=\"text-align:center\"><p><strong>Grupo de investigaci\u00f3n:<\/strong> CTS-443<br><strong>Email:<\/strong> modesto.romero@dpsi.uhu.es<br><strong>Tel\u00e9fono:<\/strong> +34 959 21 83 29<\/p><\/div><div class=\"tmm_scblock\"><a class=\"tmm_sociallink\" href=\"mailto:modesto.romero@dpsi.uhu.es\" title=\"\"><img alt=\"\" src=\"https:\/\/www.uhu.es\/rensma\/wp-content\/plugins\/team-members\/inc\/img\/links\/email.png\"\/><\/a><\/div><\/div><\/div><div style=\"clear:both;\"><\/div><\/div><\/div><\/div>\n<\/div>\n<\/div>\n","protected":false},"excerpt":{"rendered":"<p>Miembros Unidad de Epidemiolog\u00eda Cl\u00ednica, Ambiental y Transformaci\u00f3n Social<\/p>\n","protected":false},"author":2,"featured_media":0,"parent":0,"menu_order":0,"comment_status":"closed","ping_status":"closed","template":"","meta":{"site-sidebar-layout":"default","site-content-layout":"","ast-site-content-layout":"","site-content-style":"default","site-sidebar-style":"default","ast-global-header-display":"","ast-banner-title-visibility":"","ast-main-header-display":"","ast-hfb-above-header-display":"","ast-hfb-below-header-display":"","ast-hfb-mobile-header-display":"","site-post-title":"","ast-breadcrumbs-content":"","ast-featured-img":"","footer-sml-layout":"","theme-transparent-header-meta":"","adv-header-id-meta":"","stick-header-meta":"","header-above-stick-meta":"","header-main-stick-meta":"","header-below-stick-meta":"","astra-migrate-meta-layouts":"","footnotes":""},"_links":{"self":[{"href":"https:\/\/www.uhu.es\/rensma\/wp-json\/wp\/v2\/pages\/534"}],"collection":[{"href":"https:\/\/www.uhu.es\/rensma\/wp-json\/wp\/v2\/pages"}],"about":[{"href":"https:\/\/www.uhu.es\/rensma\/wp-json\/wp\/v2\/types\/page"}],"author":[{"embeddable":true,"href":"https:\/\/www.uhu.es\/rensma\/wp-json\/wp\/v2\/users\/2"}],"replies":[{"embeddable":true,"href":"https:\/\/www.uhu.es\/rensma\/wp-json\/wp\/v2\/comments?post=534"}],"version-history":[{"count":6,"href":"https:\/\/www.uhu.es\/rensma\/wp-json\/wp\/v2\/pages\/534\/revisions"}],"predecessor-version":[{"id":6097,"href":"https:\/\/www.uhu.es\/rensma\/wp-json\/wp\/v2\/pages\/534\/revisions\/6097"}],"wp:attachment":[{"href":"https:\/\/www.uhu.es\/rensma\/wp-json\/wp\/v2\/media?parent=534"}],"curies":[{"name":"wp","href":"https:\/\/api.w.org\/{rel}","templated":true}]}}