{"id":5379,"date":"2024-08-12T13:17:23","date_gmt":"2024-08-12T11:17:23","guid":{"rendered":"https:\/\/www.uhu.es\/rensma\/?page_id=5379"},"modified":"2024-08-30T11:21:41","modified_gmt":"2024-08-30T09:21:41","slug":"doctoral-theses-microalgae-biotechnology-unit","status":"publish","type":"page","link":"https:\/\/www.uhu.es\/rensma\/en\/doctoral-theses-microalgae-biotechnology-unit\/","title":{"rendered":"Doctoral Theses MICROALGAE BIOTECHNOLOGY UNIT"},"content":{"rendered":"\n<div class=\"wp-block-cover alignfull\"><span aria-hidden=\"true\" class=\"wp-block-cover__background has-background-dim\"><\/span><img decoding=\"async\" loading=\"lazy\" width=\"940\" height=\"300\" class=\"wp-block-cover__image-background wp-image-1755\" alt=\"\" src=\"https:\/\/www.uhu.es\/rensma\/wp-content\/uploads\/2019\/10\/7.jpg\" style=\"object-position:50% 13%\" data-object-fit=\"cover\" data-object-position=\"50% 13%\" srcset=\"https:\/\/www.uhu.es\/rensma\/wp-content\/uploads\/2019\/10\/7.jpg 940w, https:\/\/www.uhu.es\/rensma\/wp-content\/uploads\/2019\/10\/7-300x96.jpg 300w, https:\/\/www.uhu.es\/rensma\/wp-content\/uploads\/2019\/10\/7-768x245.jpg 768w\" sizes=\"(max-width: 940px) 100vw, 940px\" \/><div class=\"wp-block-cover__inner-container is-layout-constrained wp-block-cover-is-layout-constrained\">\n<p class=\"has-text-align-center has-large-font-size\"><\/p>\n<\/div><\/div>\n\n\n\n<div style=\"height:100px\" aria-hidden=\"true\" class=\"wp-block-spacer\"><\/div>\n\n\n\n<h1 class=\"wp-block-heading has-text-align-center\">Doctoral Theses<\/h1>\n\n\n\n<h3 class=\"wp-block-heading has-text-align-center\"><strong><strong>MICROALGAE BIOTECHNOLOGY UNIT<\/strong><\/strong><\/h3>\n\n\n\n<div class=\"wp-block-columns is-layout-flex wp-container-6 wp-block-columns-is-layout-flex\">\n<div class=\"wp-block-column is-layout-flow wp-block-column-is-layout-flow\" style=\"flex-basis:33.33%\">\n<p class=\"has-ast-global-color-5-color has-ast-global-color-0-background-color has-text-color has-background\">Laboratory Menu<\/p>\n\n\n<nav class=\" is-vertical wp-block-navigation is-layout-flex wp-container-3 wp-block-navigation-is-layout-flex\" aria-label=\"menu Microalgae Biotechnology Unit\"><ul class=\"wp-block-navigation__container  is-vertical wp-block-navigation\"><li class=\" wp-block-navigation-item wp-block-navigation-link\"><a class=\"wp-block-navigation-item__content\"  href=\"https:\/\/www.uhu.es\/rensma\/en\/presentations-microalgae-biotechnology-unit\/\"><span class=\"wp-block-navigation-item__label\">Presentation<\/span><\/a><\/li><li class=\" wp-block-navigation-item wp-block-navigation-link\"><a class=\"wp-block-navigation-item__content\"  href=\"https:\/\/www.uhu.es\/rensma\/en\/research-lines-microalgae-biotechnology-unit\/\"><span class=\"wp-block-navigation-item__label\">Research Lines<\/span><\/a><\/li><li class=\" wp-block-navigation-item wp-block-navigation-link\"><a class=\"wp-block-navigation-item__content\"  href=\"https:\/\/www.uhu.es\/rensma\/en\/members-microalgae-biotechnology-unit\/\"><span class=\"wp-block-navigation-item__label\">Members<\/span><\/a><\/li><li class=\" wp-block-navigation-item wp-block-navigation-link\"><a class=\"wp-block-navigation-item__content\"  href=\"https:\/\/www.uhu.es\/rensma\/en\/projects-microalgae-biotechnology-unit\/\"><span class=\"wp-block-navigation-item__label\">Projects<\/span><\/a><\/li><li class=\" wp-block-navigation-item wp-block-navigation-link\"><a class=\"wp-block-navigation-item__content\"  href=\"https:\/\/www.uhu.es\/rensma\/en\/publications-microalgae-biotechnology-unit\/\"><span class=\"wp-block-navigation-item__label\">Publications<\/span><\/a><\/li><li class=\" wp-block-navigation-item wp-block-navigation-link\"><a class=\"wp-block-navigation-item__content\"  href=\"https:\/\/www.uhu.es\/rensma\/en\/doctoral-theses-microalgae-biotechnology-unit\/\"><span class=\"wp-block-navigation-item__label\">PhD Theses<\/span><\/a><\/li><li class=\" wp-block-navigation-item wp-block-navigation-link\"><a class=\"wp-block-navigation-item__content\"  href=\"https:\/\/www.uhu.es\/rensma\/en\/infrastructure-microalgae-biotechnology-unit\/\"><span class=\"wp-block-navigation-item__label\">Infrastructure<\/span><\/a><\/li><li class=\" wp-block-navigation-item wp-block-navigation-link\"><a class=\"wp-block-navigation-item__content\"  href=\"https:\/\/www.uhu.es\/rensma\/en\/collaborations-microalgae-biotechnology-unit\/\"><span class=\"wp-block-navigation-item__label\">Collaborations<\/span><\/a><\/li><\/ul><\/nav><\/div>\n\n\n\n<div class=\"wp-block-column is-layout-flow wp-block-column-is-layout-flow\" style=\"flex-basis:66.66%\">\n<h3 class=\"wp-block-heading\"><strong>Doctoral Theses defended in the Unit (last 6 years)<\/strong>:<\/h3>\n\n\n\n<p><strong>Zaida Montero Lobato (2020).<\/strong> &nbsp;Extremophilic microorganisms for the biotechnological production of added-value molecules. Direcci\u00f3n: Carlos V\u00edlchez &amp; In\u00e9s Garbayo. Universidad de Huelva, Facultad de Ciencias Experimentales. Calificaci\u00f3n: Sobresaliente <em>Cum Laude<\/em> y Menci\u00f3n Doctorado Internacional. Premio Extraordinario de Doctorado. Publicaci\u00f3n electr\u00f3nica: <a href=\"http:\/\/hdl.handle.net\/10272\/18930\">http:\/\/hdl.handle.net\/10272\/18930<\/a><\/p>\n\n\n\n<p><strong>Mar\u00eda V\u00e1zquez Toscano (2020).<\/strong> Towards the novel concept of microalgae\nproduction in surfactant-stabilized foams in a liquid foam-bed photobioreactor.\nDirecci\u00f3n: Mar\u00eda Cuaresma &amp; Carlos V\u00edlchez. Universidad de Huelva,\nFacultad de Ciencias Experimentales. Calificaci\u00f3n: Sobresaliente <em>Cum Laude<\/em>\ny Menci\u00f3n de Doctorado Internacional. Publicaci\u00f3n electr\u00f3nica: <a href=\"http:\/\/hdl.handle.net\/10272\/19117\">http:\/\/hdl.handle.net\/10272\/19117<\/a><\/p>\n\n\n\n<p><strong>Juan\nLuis Fuentes (2019).<\/strong> Descripci\u00f3n, producci\u00f3n y uso en un\nsistema de acuicultura multitr\u00f3fica de una microalga extrem\u00f3fila y su consorcio\nmicrobiano asociado. Direcci\u00f3n: Carlos V\u00edlchez &amp; Manuel G. del Valle. Universidad\nde Huelva &amp; C\u00e1diz. Facultad de Ciencias Experimentales. Calificaci\u00f3n: Sobresaliente\n<em>Cum Laude<\/em> y Menci\u00f3n de Doctorado Internacional.<\/p>\n\n\n\n<p><strong>Elisabeth Bermejo Padilla (2018).<\/strong> Microalgae: source of commercial interest\ncompounds. Direcci\u00f3n: Mar\u00eda Cuaresma &amp; In\u00e9s Garbayo. Universidad\nde Huelva. Facultad de Ciencias Experimentales. Calificaci\u00f3n: Sobresaliente <em>Cum\nLaude<\/em> y Menci\u00f3n de Doctorado Internacional. &nbsp;Publicaci\u00f3n\nelectr\u00f3nica: <a href=\"http:\/\/hdl.handle.net\/10272\/16154\">http:\/\/hdl.handle.net\/10272\/16154<\/a><\/p>\n\n\n\n<p><strong>Leslie L. Meier Figueroa (2016).<\/strong> Biogas upgrading using microalgae. Direcci\u00f3n:\nDavid Jeison &amp; Carlos V\u00edlchez (co-tutor). Universidad de la Frontera.\nFacultad de Ingenier\u00eda y Ciencias. <\/p>\n<\/div>\n<\/div>\n\n\n\n<figure class=\"wp-block-image alignright is-resized\"><a href=\"https:\/\/www.uhu.es\/rensma\/presentacion-bio-microalgas\/\"><img decoding=\"async\" loading=\"lazy\" src=\"https:\/\/www.uhu.es\/rensma\/wp-content\/uploads\/2022\/02\/Boton-Regresar.png\" alt=\"\" class=\"wp-image-3563\" style=\"width:74px;height:20px\" width=\"74\" height=\"20\" srcset=\"https:\/\/www.uhu.es\/rensma\/wp-content\/uploads\/2022\/02\/Boton-Regresar.png 1015w, https:\/\/www.uhu.es\/rensma\/wp-content\/uploads\/2022\/02\/Boton-Regresar-300x81.png 300w, https:\/\/www.uhu.es\/rensma\/wp-content\/uploads\/2022\/02\/Boton-Regresar-768x207.png 768w\" sizes=\"(max-width: 74px) 100vw, 74px\" \/><\/a><\/figure>\n","protected":false},"excerpt":{"rendered":"<p>Doctoral Theses MICROALGAE BIOTECHNOLOGY UNIT Doctoral Theses defended in the Unit (last 6 years): Zaida Montero Lobato (2020). &nbsp;Extremophilic microorganisms for the biotechnological production of added-value molecules. Direcci\u00f3n: Carlos V\u00edlchez &amp; In\u00e9s Garbayo. Universidad de Huelva, Facultad de Ciencias Experimentales. Calificaci\u00f3n: Sobresaliente Cum Laude y Menci\u00f3n Doctorado Internacional. Premio Extraordinario de Doctorado. Publicaci\u00f3n electr\u00f3nica: http:\/\/hdl.handle.net\/10272\/18930 &hellip;<\/p>\n<p class=\"read-more\"> <a class=\"\" href=\"https:\/\/www.uhu.es\/rensma\/en\/doctoral-theses-microalgae-biotechnology-unit\/\"> <span class=\"screen-reader-text\">Doctoral Theses MICROALGAE BIOTECHNOLOGY UNIT<\/span> Leer m\u00e1s &raquo;<\/a><\/p>\n","protected":false},"author":2,"featured_media":0,"parent":0,"menu_order":0,"comment_status":"closed","ping_status":"closed","template":"","meta":{"site-sidebar-layout":"default","site-content-layout":"","ast-site-content-layout":"","site-content-style":"default","site-sidebar-style":"default","ast-global-header-display":"","ast-banner-title-visibility":"","ast-main-header-display":"","ast-hfb-above-header-display":"","ast-hfb-below-header-display":"","ast-hfb-mobile-header-display":"","site-post-title":"","ast-breadcrumbs-content":"","ast-featured-img":"","footer-sml-layout":"","theme-transparent-header-meta":"","adv-header-id-meta":"","stick-header-meta":"","header-above-stick-meta":"","header-main-stick-meta":"","header-below-stick-meta":"","astra-migrate-meta-layouts":"","footnotes":""},"_links":{"self":[{"href":"https:\/\/www.uhu.es\/rensma\/wp-json\/wp\/v2\/pages\/5379"}],"collection":[{"href":"https:\/\/www.uhu.es\/rensma\/wp-json\/wp\/v2\/pages"}],"about":[{"href":"https:\/\/www.uhu.es\/rensma\/wp-json\/wp\/v2\/types\/page"}],"author":[{"embeddable":true,"href":"https:\/\/www.uhu.es\/rensma\/wp-json\/wp\/v2\/users\/2"}],"replies":[{"embeddable":true,"href":"https:\/\/www.uhu.es\/rensma\/wp-json\/wp\/v2\/comments?post=5379"}],"version-history":[{"count":2,"href":"https:\/\/www.uhu.es\/rensma\/wp-json\/wp\/v2\/pages\/5379\/revisions"}],"predecessor-version":[{"id":5728,"href":"https:\/\/www.uhu.es\/rensma\/wp-json\/wp\/v2\/pages\/5379\/revisions\/5728"}],"wp:attachment":[{"href":"https:\/\/www.uhu.es\/rensma\/wp-json\/wp\/v2\/media?parent=5379"}],"curies":[{"name":"wp","href":"https:\/\/api.w.org\/{rel}","templated":true}]}}