{"id":5518,"date":"2024-08-28T18:25:11","date_gmt":"2024-08-28T16:25:11","guid":{"rendered":"https:\/\/www.uhu.es\/rensma\/?page_id=5518"},"modified":"2024-08-30T11:39:46","modified_gmt":"2024-08-30T09:39:46","slug":"projects-mental-health-and-drug-use-determinants-and-psychological-measurement-2","status":"publish","type":"page","link":"https:\/\/www.uhu.es\/rensma\/en\/projects-mental-health-and-drug-use-determinants-and-psychological-measurement-2\/","title":{"rendered":"Projects Mental health and drug use: Determinants and psychological measurement"},"content":{"rendered":"\n<div class=\"wp-block-cover alignfull is-light\"><span aria-hidden=\"true\" class=\"wp-block-cover__background has-background-dim\"><\/span><img decoding=\"async\" loading=\"lazy\" width=\"940\" height=\"300\" class=\"wp-block-cover__image-background wp-image-1307\" alt=\"\" src=\"https:\/\/www.uhu.es\/rensma\/wp-content\/uploads\/2019\/09\/SliderIngles.jpg\" data-object-fit=\"cover\" srcset=\"https:\/\/www.uhu.es\/rensma\/wp-content\/uploads\/2019\/09\/SliderIngles.jpg 940w, https:\/\/www.uhu.es\/rensma\/wp-content\/uploads\/2019\/09\/SliderIngles-300x96.jpg 300w, https:\/\/www.uhu.es\/rensma\/wp-content\/uploads\/2019\/09\/SliderIngles-768x245.jpg 768w\" sizes=\"(max-width: 940px) 100vw, 940px\" \/><div class=\"wp-block-cover__inner-container is-layout-constrained wp-block-cover-is-layout-constrained\">\n<div class=\"wp-block-group is-layout-constrained wp-block-group-is-layout-constrained\"><\/div>\n<\/div><\/div>\n\n\n\n<div style=\"height:100px\" aria-hidden=\"true\" class=\"wp-block-spacer\"><\/div>\n\n\n\n<h1 class=\"wp-block-heading has-text-align-center\">Projects<\/h1>\n\n\n\n<h3 class=\"wp-block-heading has-text-align-center\" style=\"text-transform:capitalize\"><strong>Mental health and drug use: Determinants and psychological measurement<\/strong><\/h3>\n\n\n\n<div class=\"wp-block-columns is-layout-flex wp-container-7 wp-block-columns-is-layout-flex\">\n<div class=\"wp-block-column is-layout-flow wp-block-column-is-layout-flow\" style=\"flex-basis:33.33%\">\n<p class=\"has-ast-global-color-5-color has-ast-global-color-0-background-color has-text-color has-background\">Laboratory Menu<\/p>\n\n\n<nav class=\" is-vertical wp-block-navigation is-layout-flex wp-container-4 wp-block-navigation-is-layout-flex\" aria-label=\"Menu Mental Health and Drug Use\"><ul class=\"wp-block-navigation__container  is-vertical wp-block-navigation\"><li class=\" wp-block-navigation-item wp-block-navigation-link\"><a class=\"wp-block-navigation-item__content\"  href=\"https:\/\/www.uhu.es\/rensma\/en\/presentation-mental-health-and-drug-use-determinants-and-psychological-measurement\/\"><span class=\"wp-block-navigation-item__label\">Presentation<\/span><\/a><\/li><li class=\" wp-block-navigation-item wp-block-navigation-link\"><a class=\"wp-block-navigation-item__content\"  href=\"https:\/\/www.uhu.es\/rensma\/en\/research-lines-mental-health-and-drug-use-determinants-and-psychological-measurement\/\"><span class=\"wp-block-navigation-item__label\">Research Lines<\/span><\/a><\/li><li class=\" wp-block-navigation-item wp-block-navigation-link\"><a class=\"wp-block-navigation-item__content\"  href=\"https:\/\/www.uhu.es\/rensma\/en\/members-mental-health-and-drug-use-determinants-and-psychological-measurement\/\"><span class=\"wp-block-navigation-item__label\">Members<\/span><\/a><\/li><li class=\" wp-block-navigation-item wp-block-navigation-link\"><a class=\"wp-block-navigation-item__content\"  href=\"https:\/\/www.uhu.es\/rensma\/en\/projects-mental-health-and-drug-use-determinants-and-psychological-measurement-2\/\"><span class=\"wp-block-navigation-item__label\">Projects<\/span><\/a><\/li><li class=\" wp-block-navigation-item wp-block-navigation-link\"><a class=\"wp-block-navigation-item__content\"  href=\"https:\/\/www.uhu.es\/rensma\/en\/publications-mental-health-and-drug-use-determinants-and-psychological-measurement\/\"><span class=\"wp-block-navigation-item__label\">Publications<\/span><\/a><\/li><li class=\" wp-block-navigation-item wp-block-navigation-link\"><a class=\"wp-block-navigation-item__content\"  href=\"https:\/\/www.uhu.es\/rensma\/en\/doctoral-theses-mental-health-and-drug-use-determinants-and-psychological-measurement\/\"><span class=\"wp-block-navigation-item__label\">PhD Theses<\/span><\/a><\/li><li class=\" wp-block-navigation-item wp-block-navigation-link\"><a class=\"wp-block-navigation-item__content\"  href=\"https:\/\/www.uhu.es\/rensma\/en\/psychometric-tests-mental-health-and-drug-use-determinants-and-psychological-measurement\/\"><span class=\"wp-block-navigation-item__label\">Psychometric Tests<\/span><\/a><\/li><li class=\" wp-block-navigation-item wp-block-navigation-link\"><a class=\"wp-block-navigation-item__content\"  href=\"https:\/\/www.uhu.es\/rensma\/en\/facilities-mental-health-and-drug-use-determinants-and-psychological-measurement\/\"><span class=\"wp-block-navigation-item__label\">Infrastructure<\/span><\/a><\/li><li class=\" wp-block-navigation-item wp-block-navigation-link\"><a class=\"wp-block-navigation-item__content\"  href=\"https:\/\/www.uhu.es\/rensma\/en\/collaborations-mental-health-and-drug-use-determinants-and-psychological-measurement\/\"><span class=\"wp-block-navigation-item__label\">Collaborations<\/span><\/a><\/li><\/ul><\/nav><\/div>\n\n\n\n<div class=\"wp-block-column is-layout-flow wp-block-column-is-layout-flow\" style=\"flex-basis:66.66%\">\n<h2 class=\"wp-block-heading\"><strong>A<\/strong>ctive Projects<\/h2>\n\n\n\n<div class=\"wp-block-pb-accordion-item c-accordion__item js-accordion-item no-js\" data-initially-open=\"false\" data-click-to-close=\"true\" data-auto-close=\"true\" data-scroll=\"false\" data-scroll-offset=\"0\"><h3 id=\"at-55180\" class=\"c-accordion__title js-accordion-controller\" role=\"button\">1. COMPARA: Psychiatric Comorbidity in Addictions and Outcomes in Andalusia. Modeling through Big Data. (P20-007325)<\/h3><div id=\"ac-55180\" class=\"c-accordion__content\">\n<p><strong>Funding Program:<\/strong>&nbsp;R&amp;D&amp;I Project Grants for Public Entities<br><strong>Project Scope:<\/strong>&nbsp;Regional<br><strong>Funding Entity:<\/strong>&nbsp;Andalusian Government<br><strong>Principal Investigator:<\/strong>&nbsp;Oscar M. Lozano Rojas<br><strong>Start Date:<\/strong>&nbsp;10\/10\/2021;&nbsp;<strong>End Date:<\/strong>31\/12\/2022<br><strong>Total Amount:<\/strong>&nbsp;\u20ac59,700.00<\/p>\n<\/div><\/div>\n\n\n\n<div class=\"wp-block-pb-accordion-item c-accordion__item js-accordion-item no-js\" data-initially-open=\"false\" data-click-to-close=\"true\" data-auto-close=\"true\" data-scroll=\"false\" data-scroll-offset=\"0\"><h3 id=\"at-55181\" class=\"c-accordion__title js-accordion-controller\" role=\"button\">2. Reliable and Clinically Relevant Change of the Inventory of Depression and Anxiety Symptoms II: A Longitudinal Study on its Clinical Utility (PID2020-116187RB-I00)<\/h3><div id=\"ac-55181\" class=\"c-accordion__content\">\n<p><strong>Funding Program:<\/strong>&nbsp;Challenges 2020<br><strong>Project Scope:<\/strong>&nbsp;National<br><strong>Funding Entity:<\/strong>&nbsp;Ministry of Science and Innovation<br><strong>Principal Investigator:<\/strong>&nbsp;Carmen D\u00edaz Batanero<br><strong>Start Date:<\/strong>&nbsp;1\/09\/2021;&nbsp;<strong>End Date:<\/strong>&nbsp;31\/08\/2025<br><strong>Total Amount:<\/strong>&nbsp;\u20ac42,350.00<\/p>\n<\/div><\/div>\n\n\n\n<div class=\"wp-block-pb-accordion-item c-accordion__item js-accordion-item no-js\" data-initially-open=\"false\" data-click-to-close=\"true\" data-auto-close=\"true\" data-scroll=\"false\" data-scroll-offset=\"0\"><h3 id=\"at-55182\" class=\"c-accordion__title js-accordion-controller\" role=\"button\">3. Reducing Cannabis Use and Its Consequences in Young People: A Longitudinal Psychosocial Study Based on the Theory of Planned Behavior and Protection Strategies (PID 2020-118229RB-100)<\/h3><div id=\"ac-55182\" class=\"c-accordion__content\">\n<p><strong>Funding Program:<\/strong>&nbsp;Challenges 2020<br><strong>Project Scope:<\/strong>&nbsp;National<br><strong>Funding Entity:<\/strong>&nbsp;Ministry of Science and Innovation<br><strong>Principal Investigator:<\/strong>&nbsp;Ferm\u00edn Fern\u00e1ndez Calder\u00f3n<br><strong>Start Date:<\/strong>&nbsp;1\/09\/2021;&nbsp;<strong>End Date:<\/strong>&nbsp;31\/08\/2025<\/p>\n<\/div><\/div>\n\n\n\n<div class=\"wp-block-pb-accordion-item c-accordion__item js-accordion-item no-js\" data-initially-open=\"false\" data-click-to-close=\"true\" data-auto-close=\"true\" data-scroll=\"false\" data-scroll-offset=\"0\"><h3 id=\"at-55183\" class=\"c-accordion__title js-accordion-controller\" role=\"button\">4. Network-Psyco: Modelling through Empirical Networks of Connections between Psychological Facets and Traits.<\/h3><div id=\"ac-55183\" class=\"c-accordion__content\">\n<p><strong>Funding Program:<\/strong>&nbsp;FEDER-Andalusia Operational Program<br><strong>Project Scope:<\/strong>&nbsp;Local<br><strong>Principal Investigator:<\/strong>&nbsp;Carmen D\u00edaz Batanero<br><strong>Start Date:<\/strong>&nbsp;1\/01\/2020;&nbsp;<strong>End Date:<\/strong>&nbsp;31\/12\/2022<\/p>\n<\/div><\/div>\n\n\n\n<div style=\"height:100px\" aria-hidden=\"true\" class=\"wp-block-spacer\"><\/div>\n\n\n\n<h2 class=\"wp-block-heading has-text-align-left\"><strong>P<\/strong>revious Projects<\/h2>\n\n\n\n<div class=\"wp-block-pb-accordion-item c-accordion__item js-accordion-item no-js\" data-initially-open=\"false\" data-click-to-close=\"true\" data-auto-close=\"true\" data-scroll=\"false\" data-scroll-offset=\"0\"><h3 id=\"at-55184\" class=\"c-accordion__title js-accordion-controller\" role=\"button\">1. Impact of Behavioral Protection Strategies on Health in the Face of Excessive Alcohol Consumption in Young People: A Longitudinal Study within the Framework of the Theory of Planned Action. PI-0503-2018.<\/h3><div id=\"ac-55184\" class=\"c-accordion__content\">\n<p><strong>Funding Program:<\/strong>&nbsp;Health Research Projects<br><strong>Project Scope:<\/strong>&nbsp;Regional<br><strong>Funding Entity:<\/strong>&nbsp;Foundation for Progress and Health<br><strong>Principal Investigator:<\/strong>&nbsp;Ferm\u00edn Fern\u00e1ndez Calder\u00f3n<br><strong>Start Date:<\/strong>&nbsp;01\/01\/2019;&nbsp;<strong>End Date:<\/strong>&nbsp;31\/12\/2020<br><strong>Total Amount:<\/strong>&nbsp;\u20ac10,476.79<\/p>\n<\/div><\/div>\n\n\n\n<div class=\"wp-block-pb-accordion-item c-accordion__item js-accordion-item no-js\" data-initially-open=\"false\" data-click-to-close=\"true\" data-auto-close=\"true\" data-scroll=\"false\" data-scroll-offset=\"0\"><h3 id=\"at-55185\" class=\"c-accordion__title js-accordion-controller\" role=\"button\">2. Longitudinal Study of a New Neuropsychological Battery for Relapse Prevention in Patients with Alcohol and Cocaine Use Disorder: Precision Study and Validity Evidence. PSI2016-79368-R.<\/h3><div id=\"ac-55185\" class=\"c-accordion__content\">\n<p><strong>Funding Program:<\/strong>&nbsp;CHALLENGES R&amp;D&amp;I PROGRAM<br><strong>Project Scope:<\/strong>&nbsp;National<br><strong>Funding Entity:<\/strong>&nbsp;Ministry of Science and Innovation<br><strong>Principal Investigator:<\/strong>&nbsp;Oscar M. Lozano Rojas<br><strong>Start Date:<\/strong>&nbsp;30\/12\/2016;&nbsp;<strong>End Date:<\/strong>&nbsp;30\/12\/2019<br><strong>Total Amount:<\/strong>&nbsp;\u20ac65,340.00<\/p>\n<\/div><\/div>\n\n\n\n<div class=\"wp-block-pb-accordion-item c-accordion__item js-accordion-item no-js\" data-initially-open=\"false\" data-click-to-close=\"true\" data-auto-close=\"true\" data-scroll=\"false\" data-scroll-offset=\"0\"><h3 id=\"at-55186\" class=\"c-accordion__title js-accordion-controller\" role=\"button\">3. Longitudinal Study of Self-efficacy to Cope with Pain in Chronic Pain Patients: Instrumental Study and Validity Evidence. PSI2016-79566-R.<\/h3><div id=\"ac-55186\" class=\"c-accordion__content\">\n<p><strong>Funding Program:<\/strong>&nbsp;CHALLENGES R&amp;D&amp;I PROGRAM<br><strong>Project Scope:<\/strong>&nbsp;National<br><strong>Funding Entity:<\/strong>&nbsp;Ministry of Science and Innovation<br><strong>Principal Investigator:<\/strong>&nbsp;Oscar M. Lozano Rojas<br><strong>Start Date:<\/strong>&nbsp;30\/12\/2016;&nbsp;<strong>End Date:<\/strong>&nbsp;30\/12\/2019<br><strong>Total Amount:<\/strong>&nbsp;\u20ac72,600.00<\/p>\n<\/div><\/div>\n\n\n\n<div style=\"height:100px\" aria-hidden=\"true\" class=\"wp-block-spacer\"><\/div>\n<\/div>\n<\/div>\n","protected":false},"excerpt":{"rendered":"<p>Projects Mental health and drug use: Determinants and psychological measurement Active Projects Previous Projects<\/p>\n","protected":false},"author":2,"featured_media":0,"parent":0,"menu_order":0,"comment_status":"closed","ping_status":"closed","template":"","meta":{"site-sidebar-layout":"default","site-content-layout":"","ast-site-content-layout":"","site-content-style":"default","site-sidebar-style":"default","ast-global-header-display":"","ast-banner-title-visibility":"","ast-main-header-display":"","ast-hfb-above-header-display":"","ast-hfb-below-header-display":"","ast-hfb-mobile-header-display":"","site-post-title":"","ast-breadcrumbs-content":"","ast-featured-img":"","footer-sml-layout":"","theme-transparent-header-meta":"","adv-header-id-meta":"","stick-header-meta":"","header-above-stick-meta":"","header-main-stick-meta":"","header-below-stick-meta":"","astra-migrate-meta-layouts":"","footnotes":""},"_links":{"self":[{"href":"https:\/\/www.uhu.es\/rensma\/wp-json\/wp\/v2\/pages\/5518"}],"collection":[{"href":"https:\/\/www.uhu.es\/rensma\/wp-json\/wp\/v2\/pages"}],"about":[{"href":"https:\/\/www.uhu.es\/rensma\/wp-json\/wp\/v2\/types\/page"}],"author":[{"embeddable":true,"href":"https:\/\/www.uhu.es\/rensma\/wp-json\/wp\/v2\/users\/2"}],"replies":[{"embeddable":true,"href":"https:\/\/www.uhu.es\/rensma\/wp-json\/wp\/v2\/comments?post=5518"}],"version-history":[{"count":2,"href":"https:\/\/www.uhu.es\/rensma\/wp-json\/wp\/v2\/pages\/5518\/revisions"}],"predecessor-version":[{"id":5748,"href":"https:\/\/www.uhu.es\/rensma\/wp-json\/wp\/v2\/pages\/5518\/revisions\/5748"}],"wp:attachment":[{"href":"https:\/\/www.uhu.es\/rensma\/wp-json\/wp\/v2\/media?parent=5518"}],"curies":[{"name":"wp","href":"https:\/\/api.w.org\/{rel}","templated":true}]}}