{"id":5531,"date":"2024-08-29T13:06:23","date_gmt":"2024-08-29T11:06:23","guid":{"rendered":"https:\/\/www.uhu.es\/rensma\/?page_id=5531"},"modified":"2024-08-30T11:42:01","modified_gmt":"2024-08-30T09:42:01","slug":"doctoral-theses-mental-health-and-drug-use-determinants-and-psychological-measurement","status":"publish","type":"page","link":"https:\/\/www.uhu.es\/rensma\/en\/doctoral-theses-mental-health-and-drug-use-determinants-and-psychological-measurement\/","title":{"rendered":"PhD Theses Mental Health and Drug Use: Determinants and Psychological Measurement"},"content":{"rendered":"\n<div class=\"wp-block-cover alignfull is-light\"><span aria-hidden=\"true\" class=\"wp-block-cover__background has-background-dim\"><\/span><img decoding=\"async\" loading=\"lazy\" width=\"940\" height=\"300\" class=\"wp-block-cover__image-background wp-image-1307\" alt=\"\" src=\"https:\/\/www.uhu.es\/rensma\/wp-content\/uploads\/2019\/09\/SliderIngles.jpg\" data-object-fit=\"cover\" srcset=\"https:\/\/www.uhu.es\/rensma\/wp-content\/uploads\/2019\/09\/SliderIngles.jpg 940w, https:\/\/www.uhu.es\/rensma\/wp-content\/uploads\/2019\/09\/SliderIngles-300x96.jpg 300w, https:\/\/www.uhu.es\/rensma\/wp-content\/uploads\/2019\/09\/SliderIngles-768x245.jpg 768w\" sizes=\"(max-width: 940px) 100vw, 940px\" \/><div class=\"wp-block-cover__inner-container is-layout-constrained wp-block-cover-is-layout-constrained\">\n<div class=\"wp-block-group is-layout-constrained wp-block-group-is-layout-constrained\"><\/div>\n<\/div><\/div>\n\n\n\n<div style=\"height:100px\" aria-hidden=\"true\" class=\"wp-block-spacer\"><\/div>\n\n\n\n<h1 class=\"wp-block-heading has-text-align-center\">PhD Theses<\/h1>\n\n\n\n<h3 class=\"wp-block-heading has-text-align-center\" style=\"text-transform:capitalize\"><strong>Mental Health and Drug Use: Determinants and Psychological Measurement<\/strong><\/h3>\n\n\n\n<div class=\"wp-block-columns is-layout-flex wp-container-7 wp-block-columns-is-layout-flex\">\n<div class=\"wp-block-column is-layout-flow wp-block-column-is-layout-flow\" style=\"flex-basis:33.33%\">\n<p class=\"has-ast-global-color-5-color has-ast-global-color-0-background-color has-text-color has-background\">Laboratory Menu<\/p>\n\n\n<nav class=\" is-vertical wp-block-navigation is-layout-flex wp-container-4 wp-block-navigation-is-layout-flex\" aria-label=\"Menu Mental Health and Drug Use\"><ul class=\"wp-block-navigation__container  is-vertical wp-block-navigation\"><li class=\" wp-block-navigation-item wp-block-navigation-link\"><a class=\"wp-block-navigation-item__content\"  href=\"https:\/\/www.uhu.es\/rensma\/en\/presentation-mental-health-and-drug-use-determinants-and-psychological-measurement\/\"><span class=\"wp-block-navigation-item__label\">Presentation<\/span><\/a><\/li><li class=\" wp-block-navigation-item wp-block-navigation-link\"><a class=\"wp-block-navigation-item__content\"  href=\"https:\/\/www.uhu.es\/rensma\/en\/research-lines-mental-health-and-drug-use-determinants-and-psychological-measurement\/\"><span class=\"wp-block-navigation-item__label\">Research Lines<\/span><\/a><\/li><li class=\" wp-block-navigation-item wp-block-navigation-link\"><a class=\"wp-block-navigation-item__content\"  href=\"https:\/\/www.uhu.es\/rensma\/en\/members-mental-health-and-drug-use-determinants-and-psychological-measurement\/\"><span class=\"wp-block-navigation-item__label\">Members<\/span><\/a><\/li><li class=\" wp-block-navigation-item wp-block-navigation-link\"><a class=\"wp-block-navigation-item__content\"  href=\"https:\/\/www.uhu.es\/rensma\/en\/projects-mental-health-and-drug-use-determinants-and-psychological-measurement-2\/\"><span class=\"wp-block-navigation-item__label\">Projects<\/span><\/a><\/li><li class=\" wp-block-navigation-item wp-block-navigation-link\"><a class=\"wp-block-navigation-item__content\"  href=\"https:\/\/www.uhu.es\/rensma\/en\/publications-mental-health-and-drug-use-determinants-and-psychological-measurement\/\"><span class=\"wp-block-navigation-item__label\">Publications<\/span><\/a><\/li><li class=\" wp-block-navigation-item wp-block-navigation-link\"><a class=\"wp-block-navigation-item__content\"  href=\"https:\/\/www.uhu.es\/rensma\/en\/doctoral-theses-mental-health-and-drug-use-determinants-and-psychological-measurement\/\"><span class=\"wp-block-navigation-item__label\">PhD Theses<\/span><\/a><\/li><li class=\" wp-block-navigation-item wp-block-navigation-link\"><a class=\"wp-block-navigation-item__content\"  href=\"https:\/\/www.uhu.es\/rensma\/en\/psychometric-tests-mental-health-and-drug-use-determinants-and-psychological-measurement\/\"><span class=\"wp-block-navigation-item__label\">Psychometric Tests<\/span><\/a><\/li><li class=\" wp-block-navigation-item wp-block-navigation-link\"><a class=\"wp-block-navigation-item__content\"  href=\"https:\/\/www.uhu.es\/rensma\/en\/facilities-mental-health-and-drug-use-determinants-and-psychological-measurement\/\"><span class=\"wp-block-navigation-item__label\">Infrastructure<\/span><\/a><\/li><li class=\" wp-block-navigation-item wp-block-navigation-link\"><a class=\"wp-block-navigation-item__content\"  href=\"https:\/\/www.uhu.es\/rensma\/en\/collaborations-mental-health-and-drug-use-determinants-and-psychological-measurement\/\"><span class=\"wp-block-navigation-item__label\">Collaborations<\/span><\/a><\/li><\/ul><\/nav><\/div>\n\n\n\n<div class=\"wp-block-column is-layout-flow wp-block-column-is-layout-flow\" style=\"flex-basis:66.66%\">\n<h3 class=\"wp-block-heading\">Defended Doctoral Theses:<\/h3>\n\n\n\n<p><strong>1. Title:<\/strong> Evaluation of Clinical Outcomes and Impact of Intervention Models in Patients with Dual Diagnosis<\/p>\n\n\n\n<p><strong>Doctoral Candidate:<\/strong> Juan Jos\u00e9 Manche\u00f1o Barba<\/p>\n\n\n\n<p><strong>Date and Place of Defense:<\/strong> 02\/06\/2020, University of Huelva<\/p>\n\n\n\n<p><strong>Supervisors:<\/strong> \u00d3scar M. Lozano, Ferm\u00edn Fern\u00e1ndez, and Jos\u00e9 Andr\u00e9s Lorca<\/p>\n\n\n\n<p><strong>Grade:<\/strong> Outstanding Cum Laude<\/p>\n\n\n\n<p><strong>Awards:<\/strong> XIV Edition of the FEAFES Andaluc\u00eda Mental Health Awards; XXVIII Maese Alonso -2020 Awards from the Ilustre Colegio Oficial de M\u00e9dicos- Huelva<\/p>\n\n\n\n<p><strong>Scientific and Professional Development:<\/strong> Coordinator of Community Mental Health Units at Juan Ram\u00f3n Jim\u00e9nez University Hospital in Huelva<\/p>\n\n\n\n<p><strong>2. Title:<\/strong> Personality Disorders and Substance Use Disorder: Analysis from the Dimensional Perspective of DSM-5 Section III<\/p>\n\n\n\n<p><strong>Doctoral Candidate:<\/strong> Juan Ram\u00edrez L\u00f3pez<\/p>\n\n\n\n<p><strong>Date and Place of Defense:<\/strong> 13\/03\/2020, University of Huelva<\/p>\n\n\n\n<p><strong>Supervisors:<\/strong> Carmen D\u00edaz Batanero, \u00d3scar M. Lozano, and Ferm\u00edn Fern\u00e1ndez<\/p>\n\n\n\n<p><strong>Grade:<\/strong> Outstanding Cum Laude<\/p>\n\n\n\n<p><strong>Scientific and Professional Development:<\/strong> Coordinator of the Provincial Drug Dependency Service of Huelva<\/p>\n\n\n\n<p><strong>3. Title:<\/strong> Design, Precision Study, and Validity Evidence of a New Neuropsychological Battery for Relapse Prevention in Substance Use Disorder Patients<\/p>\n\n\n\n<p><strong>Doctoral Candidate:<\/strong> Sara Dom\u00ednguez Salas<\/p>\n\n\n\n<p><strong>Date and Place of Defense:<\/strong> 15\/03\/2019, University of Huelva<\/p>\n\n\n\n<p><strong>Supervisors:<\/strong> \u00d3scar M. Lozano, Carmen D\u00edaz Batanero, and Ferm\u00edn Fern\u00e1ndez<\/p>\n\n\n\n<p><strong>Grade:<\/strong> Outstanding Cum Laude<\/p>\n\n\n\n<p><strong>Awards:<\/strong> Extraordinary Doctorate Award in Health Sciences<\/p>\n\n\n\n<p><strong>Scientific and Professional Development:<\/strong> Assistant Professor in the Methodology of Behavioral Sciences at Loyola University.<\/p>\n\n\n\n<p><strong>4. Title:<\/strong> Adaptation and Validity Evidence of the Substance Dependence Severity Scale (SDSS)<\/p>\n\n\n\n<p><strong>Doctoral Candidate:<\/strong> Antonio V\u00e9lez Moreno<\/p>\n\n\n\n<p><strong>Date and Place of Defense:<\/strong> 06\/07\/2017, University of Huelva<\/p>\n\n\n\n<p><strong>Supervisors:<\/strong> \u00d3scar M. Lozano, Francisco Gonz\u00e1lez Saiz, Esperanza Torrico<\/p>\n\n\n\n<p><strong>Grade:<\/strong> Outstanding Cum Laude<\/p>\n\n\n\n<p><strong>Awards:<\/strong> Extraordinary Doctorate Award in Health Sciences<\/p>\n\n\n\n<p><strong>Scientific and Professional Development:<\/strong> Private psychology practice<\/p>\n\n\n\n<p><strong>5. Title:<\/strong> Organizational Justice, Labor Quality of Life, and Worker Health<\/p>\n\n\n\n<p><strong>Doctoral Candidate:<\/strong> Manuela Gonz\u00e1lez Ruiz<\/p>\n\n\n\n<p><strong>Date and Place of Defense:<\/strong> 14\/09\/2017, University of Huelva<\/p>\n\n\n\n<p><strong>Supervisors:<\/strong> Jos\u00e9 Carlos Le\u00f3n and \u00d3scar M. Lozano<\/p>\n\n\n\n<p><strong>Grade:<\/strong> Outstanding<\/p>\n\n\n\n<p><strong>6. Title:<\/strong> Mindfulness in University Students and Its Relationship with Stress, Anxiety, Depression, Resilience, and Life Satisfaction<\/p>\n\n\n\n<p><strong>Doctoral Candidate:<\/strong> Josefa \u00c1lvarez Cruzado<\/p>\n\n\n\n<p><strong>Date and Place of Defense:<\/strong> 17\/07\/2017, University of Huelva<\/p>\n\n\n\n<p><strong>Supervisors:<\/strong> Manuel S\u00e1nchez Garc\u00eda, Ana M\u00aa Carrasco, and Ana M\u00aa Abreu<\/p>\n\n\n\n<p><strong>Grade:<\/strong> Outstanding Cum Laude<\/p>\n\n\n\n<p><strong>7. Title:<\/strong> Family Functioning and Psychological Adjustment of Children and Adolescents with Attention Deficit Hyperactivity Disorder (ADHD)<\/p>\n\n\n\n<p><strong>Doctoral Candidate:<\/strong> Roc\u00edo Lago Urbano<\/p>\n\n\n\n<p><strong>Date and Place of Defense:<\/strong> 06\/07\/2017, University of Huelva<\/p>\n\n\n\n<p><strong>Supervisors:<\/strong> Manuel S\u00e1nchez Garc\u00eda and Alicia Mu\u00f1oz Silva<\/p>\n\n\n\n<p><strong>Grade:<\/strong> Outstanding Cum Laude<\/p>\n\n\n\n<p><strong>8. Title:<\/strong> Peer Relationships, Personality, and Adjustment Problems in Primary School Children in Huelva<\/p>\n\n\n\n<p><strong>Doctoral Candidate:<\/strong> Cecilia Mar\u00eda de la Corte de la Corte<\/p>\n\n\n\n<p><strong>Date and Place of Defense:<\/strong> 10\/07\/2017<\/p>\n\n\n\n<p><strong>Supervisors:<\/strong> Manuel S\u00e1nchez Garc\u00eda and Alicia Mu\u00f1oz Silva<\/p>\n\n\n\n<p><strong>Grade:<\/strong> Outstanding Cum Laude<\/p>\n\n\n\n<h2 class=\"wp-block-heading\">Ongoing Doctoral Theses:<\/h2>\n\n\n\n<p><strong>1. Title:<\/strong> Study of Dissociative Symptoms and Executive Function in Patients with Mental Disorders<\/p>\n\n\n\n<p><strong>Doctoral Candidate:<\/strong> M\u00f3nica Rosu Stancly<\/p>\n\n\n\n<p><strong>Doctoral Program:<\/strong> Health Sciences (University of Huelva)<\/p>\n\n\n\n<p><strong>Supervisors:<\/strong> Jos\u00e9 Carmona M\u00e1rquez and Modesto Romero<\/p>\n\n\n\n<p><strong>Expected Defense Date:<\/strong> September 2022<\/p>\n\n\n\n<p><strong>Scientific and Professional Development:<\/strong> Substitute Professor at the University of Huelva<\/p>\n\n\n\n<p><strong>2. Title:<\/strong> Psychosocial Factors Associated with Gambling in Adolescents<\/p>\n\n\n\n<p><strong>Doctoral Candidate:<\/strong> Alberto Parrado Gonz\u00e1lez<\/p>\n\n\n\n<p><strong>Doctoral Program:<\/strong> Health Sciences (University of Huelva)<\/p>\n\n\n\n<p><strong>Supervisors:<\/strong> Ferm\u00edn Fern\u00e1ndez and Jos\u00e9 Carlos Le\u00f3n<\/p>\n\n\n\n<p><strong>Expected Defense Date:<\/strong> December 2022<\/p>\n\n\n\n<p><strong>3. Title:<\/strong> Modeling of Clinical Processes in Treatment of Patients with Substance Use Disorders and Its Relationship with Therapeutic Adherence and Relapse: Application of the TCU Model<\/p>\n\n\n\n<p><strong>Doctoral Candidate:<\/strong> Daniel Dacosta S\u00e1nchez<\/p>\n\n\n\n<p><strong>Doctoral Program:<\/strong> Health Sciences (University of Huelva)<\/p>\n\n\n\n<p><strong>Supervisors:<\/strong> \u00d3scar M. Lozano, Ferm\u00edn Fern\u00e1ndez, and Carmen D\u00edaz<\/p>\n\n\n\n<p><strong>Expected Defense Date:<\/strong> September 2023<\/p>\n\n\n\n<p><strong>Scientific Development:<\/strong> FPU Scholarship Holder (2018 Call from the Ministry of Universities)<\/p>\n\n\n\n<p><strong>4. Title:<\/strong> Protective Behaviors in Drug Users: Predictive Factors and Impact on Health Consequences<\/p>\n\n\n\n<p><strong>Doctoral Candidate:<\/strong> Bella Mar\u00eda Gonz\u00e1lez Ponce<\/p>\n\n\n\n<p><strong>Doctoral Program:<\/strong> Health Sciences (University of Huelva)<\/p>\n\n\n\n<p><strong>Supervisors:<\/strong> Ferm\u00edn Fern\u00e1ndez Calder\u00f3n, Jos\u00e9 Carmona, and Carmen D\u00edaz<\/p>\n\n\n\n<p><strong>Expected Defense Date:<\/strong> October 2024<\/p>\n\n\n\n<p><strong>Scientific and Professional Development:<\/strong> FPU Scholarship Holder (2019 Call from the Ministry of Universities)<\/p>\n\n\n\n<p><strong>5. Title:<\/strong> Reliable and Clinically Significant Change of the Inventory of Depression and Anxiety II \u2013 IDAS-II: A Longitudinal Study on Its Clinical Utility<\/p>\n\n\n\n<p><strong>Doctoral Candidate:<\/strong> Ana de la Rosa C\u00e1ceres<\/p>\n\n\n\n<p><strong>Doctoral Program:<\/strong> Health Sciences (University of Huelva)<\/p>\n\n\n\n<p><strong>Supervisors:<\/strong> Carmen D\u00edaz, Ferm\u00edn Fern\u00e1ndez Calder\u00f3n, and \u00d3scar M. Lozano<\/p>\n\n\n\n<p><strong>Expected Defense Date:<\/strong> October 2024<\/p>\n\n\n\n<p><strong>Scientific and Professional Development:<\/strong> FPU Scholarship Holder (2019 Call from the Ministry of Universities)<\/p>\n\n\n\n<p><strong>6. Title:<\/strong> Externalizing Spectrum Behaviors in the HiTOP Model: Construction and Evidence of Reliability and Validity of a Scale of Externalizing Behavior Problems (EPCE)<\/p>\n\n\n\n<p><strong>Doctoral Candidate:<\/strong> Lidia Torres Rosado<\/p>\n\n\n\n<p><strong>Doctoral Program:<\/strong> Health Sciences (University of Huelva)<\/p>\n\n\n\n<p><strong>Supervisors:<\/strong> Manuel S\u00e1nchez Garc\u00eda and \u00d3scar M. Lozano<\/p>\n\n\n\n<p><strong>Expected Defense Date:<\/strong> December 2025<\/p>\n\n\n\n<p><strong>Scientific and Professional Development:<\/strong> FPU Scholarship Holder (2020 Call from the Ministry of Universities)<\/p>\n<\/div>\n<\/div>\n","protected":false},"excerpt":{"rendered":"<p>PhD Theses Mental Health and Drug Use: Determinants and Psychological Measurement Defended Doctoral Theses: 1. Title: Evaluation of Clinical Outcomes and Impact of Intervention Models in Patients with Dual Diagnosis Doctoral Candidate: Juan Jos\u00e9 Manche\u00f1o Barba Date and Place of Defense: 02\/06\/2020, University of Huelva Supervisors: \u00d3scar M. Lozano, Ferm\u00edn Fern\u00e1ndez, and Jos\u00e9 Andr\u00e9s Lorca &hellip;<\/p>\n<p class=\"read-more\"> <a class=\"\" href=\"https:\/\/www.uhu.es\/rensma\/en\/doctoral-theses-mental-health-and-drug-use-determinants-and-psychological-measurement\/\"> <span class=\"screen-reader-text\">PhD Theses Mental Health and Drug Use: Determinants and Psychological Measurement<\/span> Leer m\u00e1s &raquo;<\/a><\/p>\n","protected":false},"author":2,"featured_media":0,"parent":0,"menu_order":0,"comment_status":"closed","ping_status":"closed","template":"","meta":{"site-sidebar-layout":"default","site-content-layout":"","ast-site-content-layout":"","site-content-style":"default","site-sidebar-style":"default","ast-global-header-display":"","ast-banner-title-visibility":"","ast-main-header-display":"","ast-hfb-above-header-display":"","ast-hfb-below-header-display":"","ast-hfb-mobile-header-display":"","site-post-title":"","ast-breadcrumbs-content":"","ast-featured-img":"","footer-sml-layout":"","theme-transparent-header-meta":"","adv-header-id-meta":"","stick-header-meta":"","header-above-stick-meta":"","header-main-stick-meta":"","header-below-stick-meta":"","astra-migrate-meta-layouts":"","footnotes":""},"_links":{"self":[{"href":"https:\/\/www.uhu.es\/rensma\/wp-json\/wp\/v2\/pages\/5531"}],"collection":[{"href":"https:\/\/www.uhu.es\/rensma\/wp-json\/wp\/v2\/pages"}],"about":[{"href":"https:\/\/www.uhu.es\/rensma\/wp-json\/wp\/v2\/types\/page"}],"author":[{"embeddable":true,"href":"https:\/\/www.uhu.es\/rensma\/wp-json\/wp\/v2\/users\/2"}],"replies":[{"embeddable":true,"href":"https:\/\/www.uhu.es\/rensma\/wp-json\/wp\/v2\/comments?post=5531"}],"version-history":[{"count":4,"href":"https:\/\/www.uhu.es\/rensma\/wp-json\/wp\/v2\/pages\/5531\/revisions"}],"predecessor-version":[{"id":5752,"href":"https:\/\/www.uhu.es\/rensma\/wp-json\/wp\/v2\/pages\/5531\/revisions\/5752"}],"wp:attachment":[{"href":"https:\/\/www.uhu.es\/rensma\/wp-json\/wp\/v2\/media?parent=5531"}],"curies":[{"name":"wp","href":"https:\/\/api.w.org\/{rel}","templated":true}]}}