{"id":5535,"date":"2024-08-29T13:13:03","date_gmt":"2024-08-29T11:13:03","guid":{"rendered":"https:\/\/www.uhu.es\/rensma\/?page_id=5535"},"modified":"2024-09-10T23:03:20","modified_gmt":"2024-09-10T21:03:20","slug":"psychometric-tests-mental-health-and-drug-use-determinants-and-psychological-measurement","status":"publish","type":"page","link":"https:\/\/www.uhu.es\/rensma\/en\/psychometric-tests-mental-health-and-drug-use-determinants-and-psychological-measurement\/","title":{"rendered":"Psychometric Tests Mental Health and Drug Use: Determinants and Psychological Measurement"},"content":{"rendered":"\n<div class=\"wp-block-cover alignfull is-light\"><span aria-hidden=\"true\" class=\"wp-block-cover__background has-background-dim\"><\/span><img decoding=\"async\" loading=\"lazy\" width=\"940\" height=\"300\" class=\"wp-block-cover__image-background wp-image-1307\" alt=\"\" src=\"https:\/\/www.uhu.es\/rensma\/wp-content\/uploads\/2019\/09\/SliderIngles.jpg\" data-object-fit=\"cover\" srcset=\"https:\/\/www.uhu.es\/rensma\/wp-content\/uploads\/2019\/09\/SliderIngles.jpg 940w, https:\/\/www.uhu.es\/rensma\/wp-content\/uploads\/2019\/09\/SliderIngles-300x96.jpg 300w, https:\/\/www.uhu.es\/rensma\/wp-content\/uploads\/2019\/09\/SliderIngles-768x245.jpg 768w\" sizes=\"(max-width: 940px) 100vw, 940px\" \/><div class=\"wp-block-cover__inner-container is-layout-constrained wp-block-cover-is-layout-constrained\">\n<div class=\"wp-block-group is-layout-constrained wp-block-group-is-layout-constrained\"><\/div>\n<\/div><\/div>\n\n\n\n<div style=\"height:100px\" aria-hidden=\"true\" class=\"wp-block-spacer\"><\/div>\n\n\n\n<h1 class=\"wp-block-heading has-text-align-center\">Psychometric Tests<\/h1>\n\n\n\n<h3 class=\"wp-block-heading has-text-align-center\" style=\"text-transform:capitalize\"><strong><strong>Mental Health and Drug Use: Determinants and Psychological Measurement<\/strong><\/strong><\/h3>\n\n\n\n<div class=\"wp-block-columns is-layout-flex wp-container-7 wp-block-columns-is-layout-flex\">\n<div class=\"wp-block-column is-layout-flow wp-block-column-is-layout-flow\" style=\"flex-basis:33.33%\">\n<p class=\"has-ast-global-color-5-color has-ast-global-color-0-background-color has-text-color has-background\">Laboratory Menu<\/p>\n\n\n<nav class=\" is-vertical wp-block-navigation is-layout-flex wp-container-4 wp-block-navigation-is-layout-flex\" aria-label=\"Menu Mental Health and Drug Use\"><ul class=\"wp-block-navigation__container  is-vertical wp-block-navigation\"><li class=\" wp-block-navigation-item wp-block-navigation-link\"><a class=\"wp-block-navigation-item__content\"  href=\"https:\/\/www.uhu.es\/rensma\/en\/presentation-mental-health-and-drug-use-determinants-and-psychological-measurement\/\"><span class=\"wp-block-navigation-item__label\">Presentation<\/span><\/a><\/li><li class=\" wp-block-navigation-item wp-block-navigation-link\"><a class=\"wp-block-navigation-item__content\"  href=\"https:\/\/www.uhu.es\/rensma\/en\/research-lines-mental-health-and-drug-use-determinants-and-psychological-measurement\/\"><span class=\"wp-block-navigation-item__label\">Research Lines<\/span><\/a><\/li><li class=\" wp-block-navigation-item wp-block-navigation-link\"><a class=\"wp-block-navigation-item__content\"  href=\"https:\/\/www.uhu.es\/rensma\/en\/members-mental-health-and-drug-use-determinants-and-psychological-measurement\/\"><span class=\"wp-block-navigation-item__label\">Members<\/span><\/a><\/li><li class=\" wp-block-navigation-item wp-block-navigation-link\"><a class=\"wp-block-navigation-item__content\"  href=\"https:\/\/www.uhu.es\/rensma\/en\/projects-mental-health-and-drug-use-determinants-and-psychological-measurement-2\/\"><span class=\"wp-block-navigation-item__label\">Projects<\/span><\/a><\/li><li class=\" wp-block-navigation-item wp-block-navigation-link\"><a class=\"wp-block-navigation-item__content\"  href=\"https:\/\/www.uhu.es\/rensma\/en\/publications-mental-health-and-drug-use-determinants-and-psychological-measurement\/\"><span class=\"wp-block-navigation-item__label\">Publications<\/span><\/a><\/li><li class=\" wp-block-navigation-item wp-block-navigation-link\"><a class=\"wp-block-navigation-item__content\"  href=\"https:\/\/www.uhu.es\/rensma\/en\/doctoral-theses-mental-health-and-drug-use-determinants-and-psychological-measurement\/\"><span class=\"wp-block-navigation-item__label\">PhD Theses<\/span><\/a><\/li><li class=\" wp-block-navigation-item wp-block-navigation-link\"><a class=\"wp-block-navigation-item__content\"  href=\"https:\/\/www.uhu.es\/rensma\/en\/psychometric-tests-mental-health-and-drug-use-determinants-and-psychological-measurement\/\"><span class=\"wp-block-navigation-item__label\">Psychometric Tests<\/span><\/a><\/li><li class=\" wp-block-navigation-item wp-block-navigation-link\"><a class=\"wp-block-navigation-item__content\"  href=\"https:\/\/www.uhu.es\/rensma\/en\/facilities-mental-health-and-drug-use-determinants-and-psychological-measurement\/\"><span class=\"wp-block-navigation-item__label\">Infrastructure<\/span><\/a><\/li><li class=\" wp-block-navigation-item wp-block-navigation-link\"><a class=\"wp-block-navigation-item__content\"  href=\"https:\/\/www.uhu.es\/rensma\/en\/collaborations-mental-health-and-drug-use-determinants-and-psychological-measurement\/\"><span class=\"wp-block-navigation-item__label\">Collaborations<\/span><\/a><\/li><\/ul><\/nav><\/div>\n\n\n\n<div class=\"wp-block-column is-layout-flow wp-block-column-is-layout-flow\" style=\"flex-basis:66.66%\">\n<h4 class=\"wp-block-heading\" id=\"mce_4\"><strong><strong>Mental Health and Drug Use: Determinants and Psychological Measurement<\/strong><\/strong><\/h4>\n\n\n\n<p class=\"has-vivid-red-color has-text-color\"><em>Members of the unit, within their scientific activity, have developed or adapted various assessment tools in both the field of addictions and the field of psychopathology. This section provides the available instruments ready for administration, as well as the scientific references with the psychometric evidence for each of the instruments.<\/em><\/p>\n\n\n\n<div class=\"wp-block-pb-accordion-item c-accordion__item js-accordion-item no-js\" data-initially-open=\"false\" data-click-to-close=\"true\" data-auto-close=\"true\" data-scroll=\"false\" data-scroll-offset=\"0\"><h3 id=\"at-55350\" class=\"c-accordion__title js-accordion-controller\" role=\"button\">Externalizing Spectrum Inventory\u2013Brief Form (ESI-BF)<\/h3><div id=\"ac-55350\" class=\"c-accordion__content\">\n<p>&#8211; Blanc-Molina, A., Sanchez-Garcia, M., Patrick, C. J., Krueger, R. F., Fernandez-Calderon, F., Lozano, O. M., de la Rosa-C\u00e1ceres, A., &amp; Diaz-Batanero, C. (2023). Psychometric Properties of the Spanish Adaptation of the Externalizing Spectrum Inventory\u2013Brief Form (ESI-BF). Psychological Assessment, 35 (4), e1-e11.&nbsp; <a rel=\"noreferrer noopener\" href=\"https:\/\/dx.doi.org\/10.1037\/pas0001206\" target=\"_blank\">https:\/\/dx.doi.org\/10.1037\/pas0001206<\/a><\/p>\n\n\n\n<p><a href=\"https:\/\/www.uhu.es\/rensma\/wp-content\/uploads\/2024\/07\/ESI-BF_Test.pdf\" data-type=\"link\" data-id=\"https:\/\/www.uhu.es\/rensma\/wp-content\/uploads\/2024\/07\/ESI-BF_Test.pdf\" target=\"_blank\" rel=\"noreferrer noopener\">TEST<\/a><\/p>\n<\/div><\/div>\n\n\n\n<div class=\"wp-block-pb-accordion-item c-accordion__item js-accordion-item no-js\" data-initially-open=\"false\" data-click-to-close=\"true\" data-auto-close=\"true\" data-scroll=\"false\" data-scroll-offset=\"0\"><h3 id=\"at-55351\" class=\"c-accordion__title js-accordion-controller\" role=\"button\">Protective Behavioral Strategies for Cannabis Scale (S\u2011PBSC)<\/h3><div id=\"ac-55351\" class=\"c-accordion__content\">\n<p>&#8211; Sanchez-Garcia, M., Carmona-M\u00e1rquez, J., Bravo, A.J., &amp; Fern\u00e1ndez-Calder\u00f3n, F. (2024). Spanish Adaptation and Psychometric Properties of the Protective Behavioral Strategies for Marijuana Scale: The Protective Behavioral Strategies for Cannabis Scale (S\u2011PBSC). International Journal of Mental Health and Addiction. <a href=\"https:\/\/doi.org\/10.1007\/s11469-024-01311-2\">https:\/\/doi.org\/10.1007\/s11469-024-01311-2<\/a><\/p>\n\n\n\n<p><a href=\"https:\/\/www.uhu.es\/rensma\/wp-content\/uploads\/2024\/09\/S-PBSC_TEST-1.pdf\" target=\"_blank\" rel=\"noreferrer noopener\">TEST<\/a><\/p>\n<\/div><\/div>\n\n\n\n<div class=\"wp-block-pb-accordion-item c-accordion__item js-accordion-item no-js\" data-initially-open=\"false\" data-click-to-close=\"true\" data-auto-close=\"true\" data-scroll=\"false\" data-scroll-offset=\"0\"><h3 id=\"at-55352\" class=\"c-accordion__title js-accordion-controller\" role=\"button\">Protective Behavioral Strategies Scale. Spanish version (S-PBSS-20)<\/h3><div id=\"ac-55352\" class=\"c-accordion__content\">\n<p>\u2013 S\u00e1nchez-Garc\u00eda, M., Lozano-Rojas, \u00d3. M., D\u00edaz-Batanero, C., Carmona-M\u00e1rquez, J., Rojas-Tejada, A. J., &amp; Fern\u00e1ndez-Calder\u00f3n, F. (2020). Spanish Adaptation of the Protective Behavioral Strategies Scale-20 (S-PBSS-20) and Evaluation of its Psychometric Properties in University Students. Psicothema, 32(4), 598\u2013606.&nbsp;<a href=\"http:\">https:\/\/doi.org\/10.7334\/psicothema2020.172<\/a><\/p>\n\n\n\n<p><a href=\"https:\/\/www.uhu.es\/rensma\/wp-content\/uploads\/2024\/07\/S_PBSS_20_TEST.pdf\" target=\"_blank\" rel=\"noreferrer noopener\">TEST<\/a><\/p>\n<\/div><\/div>\n\n\n\n<div class=\"wp-block-pb-accordion-item c-accordion__item js-accordion-item no-js\" data-initially-open=\"false\" data-click-to-close=\"true\" data-auto-close=\"true\" data-scroll=\"false\" data-scroll-offset=\"0\"><h3 id=\"at-55353\" class=\"c-accordion__title js-accordion-controller\" role=\"button\">Substance Dependence Severisty Scale Spanish version &#8211; SDSS-.<\/h3><div id=\"ac-55353\" class=\"c-accordion__content\">\n<p>\u2013 Dacosta-S\u00e1nchez, D., Fern\u00e1ndez-Calder\u00f3n, F., Gonz\u00e1lez-Ponce, B., D\u00edaz-Batanero, C. y Lozano, O. M. (2019). Severity of substance use disorder: utility as an outcome in clinical setting. Alcoholism: Clinical and Experimental Research, 43(5), 869-876. Doi:&nbsp;<a href=\"https:\/\/pubmed.ncbi.nlm.nih.gov\/30861142\/\">10.1111\/acer.14020<\/a>.<\/p>\n\n\n\n<p>\u2013 V\u00e9lez-Moreno, A., Gonz\u00e1lez-Saiz, F., Rojas, A. J., Torrico-Linares, E., Fern\u00e1ndez-Calder\u00f3n, F., Ram\u00edrez-L\u00f3pez, J. y Lozano, O. M. (2015). Reliability and validity of the Spanish version of the Substance Dependence Severity Scale. European Addiction Research, 21, 39-46. Doi:<a href=\"https:\/\/pubmed.ncbi.nlm.nih.gov\/25376716\/\/\/\">10.1159\/000365282<\/a>.<\/p>\n\n\n\n<p>\u2013 V\u00e9lez-Moreno, A., Lozano, O. M., Rojas, A. J., Sayans-Jim\u00e9nez, P., Gonz\u00e1lez-Saiz, F. y Ram\u00edrez-L\u00f3pez, J. (2015). Validity evidence, sensibility and specificity of the severity dimension of the SDSS alcohol dependence scale. Actas Espa\u00f1olas de Psiquiatr\u00eda, 43(3), 99-108.<\/p>\n\n\n\n<p>\u2013 Velez-Moreno, A., Gonz\u00e1lez-Saiz, F., Ram\u00edrez, J. L., Torrico, E. L., Fern\u00e1ndez-Calder\u00f3n, F., Rojas, A. J. y Lozano, O. M. (2013). Spanish adaptation of the substance dependence severity scale: Preliminar results. Adicciones, 25(4), 339-347.<\/p>\n\n\n\n<p>\u2013 Gonz\u00e1lez-Saiz, F., Lozano, O. M., V\u00e9lez-Moreno, A., Ram\u00edrez-L\u00f3pez, J. (2014). Manual de la Escala de Gravedad de la Dependencia a Sustancias. Huelva: Universidad de Huelva.<\/p>\n\n\n\n<p><a href=\"https:\/\/www.uhu.es\/rensma\/wp-content\/uploads\/2022\/04\/Entrevista_SDSS.pdf\" target=\"_blank\" rel=\"noreferrer noopener\">TEST<\/a><\/p>\n<\/div><\/div>\n\n\n\n<div class=\"wp-block-pb-accordion-item c-accordion__item js-accordion-item no-js\" data-initially-open=\"false\" data-click-to-close=\"true\" data-auto-close=\"true\" data-scroll=\"false\" data-scroll-offset=\"0\"><h3 id=\"at-55354\" class=\"c-accordion__title js-accordion-controller\" role=\"button\">Personality Inventory for DSM-5- Short-Form -PID-5-SF- Spanish version.<\/h3><div id=\"ac-55354\" class=\"c-accordion__content\">\n<p>\u2013 D\u00edaz-Batanero, C., Ram\u00edrez-L\u00f3pez, J., Dom\u00ednguez-Salas, S., Fern\u00e1ndez-Calder\u00f3n, F. y Lozano, O. M. (2019). Personality Inventory for DSM-5-Short Form (PID-5-SF): Reliability, factorial structure, and relationship with functional impairment in dual diagnosis patients. Assessment, 26(5), 853-866. Doi:&nbsp;<a href=\"https:\/\/pubmed.ncbi.nlm.nih.gov\/29117705\/\">10.1177\/1073191117739980<\/a>.<br>\u2013 De la Rosa C\u00e1ceres, A., L\u00f3pez, J. R., Calder\u00f3n, F. F., Lozano-Rojas, O. M., Moraleda-Barreno, E., &amp; D\u00edaz-Batanero, C. (2020). Capacidad discriminativa del deterioro funcional del Inventario de Personalidad DMS-5 Short Form en pacientes con trastorno por uso de sustancias. adicciones, 32(4), 307-309.<\/p>\n\n\n\n<p><a href=\"https:\/\/www.uhu.es\/rensma\/wp-content\/uploads\/2022\/04\/PID-5_100ITEMS.pdf\" target=\"_blank\" rel=\"noreferrer noopener\">TEST<\/a><\/p>\n<\/div><\/div>\n\n\n\n<div class=\"wp-block-pb-accordion-item c-accordion__item js-accordion-item no-js\" data-initially-open=\"false\" data-click-to-close=\"true\" data-auto-close=\"true\" data-scroll=\"false\" data-scroll-offset=\"0\"><h3 id=\"at-55355\" class=\"c-accordion__title js-accordion-controller\" role=\"button\">Inventory for Depression and Anxiety Symptoms (IDAS-II). Spanish version.<\/h3><div id=\"ac-55355\" class=\"c-accordion__content\">\n<p>\u2013 De la Rosa-C\u00e1ceres, A., Stasik-O\u2019Brien, S., Rojas, A. J., Sanchez-Garcia, M., Lozano, O. M., &amp; D\u00edaz-Batanero, C. (2020). Spanish Adaptation of the Inventory of Depression and Anxiety Symptoms (IDAS-II) and a study of its psychometric properties. Journal of Affective Disorders, 271, 81-90.&nbsp;<a href=\"https:\/\/doi.org\/10.1016\/j.jad.2020.03.187\">https:\/\/doi.org\/10.1016\/j.jad.2020.03.187<\/a><br>\u2013 Sanchez-Garcia, M., De la Rosa-C\u00e1ceres, A., Stasik-O\u2019Brien, S., Manche\u00f1o-Barba, J. J., Lozano, \u00d3. M., &amp; Diaz-Batanero, C. (2021). Norms according to age and gender for the Spanish version of the Inventory of Depression and Anxiety Symptoms (IDAS-II). Frontiers in Psychology, 12: 748025. Doi:&nbsp;<a href=\"https:\/\/pubmed.ncbi.nlm.nih.gov\/34690897\/\">10.3389\/fpsyg.2021.748025<\/a>.<\/p>\n\n\n\n<p><a href=\"https:\/\/www.uhu.es\/rensma\/wp-content\/uploads\/2024\/07\/Escala-IDAS-II_De-la-Rosa_Caceres_et_al_2020.pdf\" data-type=\"link\" data-id=\"https:\/\/www.uhu.es\/rensma\/wp-content\/uploads\/2024\/07\/Escala-IDAS-II_De-la-Rosa_Caceres_et_al_2020.pdf\" target=\"_blank\" rel=\"noreferrer noopener\">TEST<\/a><\/p>\n<\/div><\/div>\n\n\n\n<div class=\"wp-block-pb-accordion-item c-accordion__item js-accordion-item no-js\" data-initially-open=\"false\" data-click-to-close=\"true\" data-auto-close=\"true\" data-scroll=\"false\" data-scroll-offset=\"0\"><h3 id=\"at-55356\" class=\"c-accordion__title js-accordion-controller\" role=\"button\">Word Association Task for Drug Use Disorders -WAT-DUD-.<\/h3><div id=\"ac-55356\" class=\"c-accordion__content\">\n<p>\u2013 G\u00f3mez-Bujedo, J., Dom\u00ednguez-Salas, S., P\u00e9rez-Moreno, P. J., Moraleda-Barreno, E. y Lozano, O. M. (2019). Reliability and validity evidence of a new interpretation bias task in patients diagnosed with drug use disorders: a preliminary study of the Word Association Task for Drug Use Disorder (WAT-DUD). The American Journal of Drug and Alcohol Abuse, 45(4), 365-376. Doi:&nbsp;<a href=\"https:\/\/pubmed.ncbi.nlm.nih.gov\/30640570\/\">10.1080\/00952990.2018.1559848<\/a><\/p>\n\n\n\n<p><a href=\"https:\/\/www.uhu.es\/rensma\/wp-content\/uploads\/2022\/04\/Solicitar-Word-Association-Task-for-Drug-Use-Disorders.pdf\" target=\"_blank\" rel=\"noreferrer noopener\">TEST<\/a><\/p>\n<\/div><\/div>\n\n\n\n<div class=\"wp-block-pb-accordion-item c-accordion__item js-accordion-item no-js\" data-initially-open=\"false\" data-click-to-close=\"true\" data-auto-close=\"true\" data-scroll=\"false\" data-scroll-offset=\"0\"><h3 id=\"at-55357\" class=\"c-accordion__title js-accordion-controller\" role=\"button\">Dot Probe Drug Use.<\/h3><div id=\"ac-55357\" class=\"c-accordion__content\">\n<p>\u2013 Fern\u00e1ndez-Calder\u00f3n, F., Lozano, O. M., Moraleda-Barreno, E., Lorca-Mar\u00edn, J. A. y D\u00edaz-Batanero, C. (2021). Initial orientation vs maintenance of attention: relationship with the severity of dependence and therapeutic outcome in a simple of cocaine use disorder patients. Addictive Behaviors, 116, 106834. Doi:&nbsp;<a href=\"https:\/\/pubmed.ncbi.nlm.nih.gov\/33503505\/\">10.1016\/j.addbeh.2021.106834.<\/a><br>\u2013 D\u00edaz-Batanero, C., Dom\u00ednguez-Salas, S., Moraleda, E., Fern\u00e1ndez-Calder\u00f3n, F. y Lozano, O. M. (2018). Attentional bias toward alcohol stimuli as a predictor of treatment retention in cocaine dependence and alcohol user patients. Drug and Alcohol Dependence, 182: 40-47. Doi:&nbsp;<a href=\"https:\/\/pubmed.ncbi.nlm.nih.gov\/29136565\/\">10.1016\/j.drugalcdep.2017.10.005<\/a>.<\/p>\n\n\n\n<p><a href=\"https:\/\/www.dropbox.com\/s\/v1z4oo19ftfy22b\/Dot%20Probe.zip?dl=0\" target=\"_blank\" rel=\"noreferrer noopener\">TEST<\/a><\/p>\n<\/div><\/div>\n\n\n\n<div class=\"wp-block-pb-accordion-item c-accordion__item js-accordion-item no-js\" data-initially-open=\"false\" data-click-to-close=\"true\" data-auto-close=\"true\" data-scroll=\"false\" data-scroll-offset=\"0\"><h3 id=\"at-55358\" class=\"c-accordion__title js-accordion-controller\" role=\"button\">Deciding About Your Health -DAYH-.<\/h3><div id=\"ac-55358\" class=\"c-accordion__content\">\n<p>\u2013 D\u00edaz-Batanero, C., S\u00e1nchez-Garc\u00eda, M., Fern\u00e1ndez-Calder\u00f3n, F. y Lozano, O. M. (2020). Decision making in substance use disorder patients: reliability, convergent validity and sensitivity to change of a new behavioral measure. Journal of Clinical and Experimental Neuropsychology, 42(10), 998-1009. Doi:&nbsp;<a href=\"https:\/\/pubmed.ncbi.nlm.nih.gov\/33153371\/\">10.1080\/13803395.2020.1840519<\/a>.<\/p>\n\n\n\n<p><a href=\"https:\/\/www.uhu.es\/rensma\/wp-content\/uploads\/2022\/04\/DAYH.zip\" target=\"_blank\" rel=\"noreferrer noopener\">TEST<\/a><\/p>\n<\/div><\/div>\n\n\n\n<div class=\"wp-block-pb-accordion-item c-accordion__item js-accordion-item no-js\" data-initially-open=\"false\" data-click-to-close=\"true\" data-auto-close=\"true\" data-scroll=\"false\" data-scroll-offset=\"0\"><h3 id=\"at-55359\" class=\"c-accordion__title js-accordion-controller\" role=\"button\">UPPS-P scale Spanish version.<\/h3><div id=\"ac-55359\" class=\"c-accordion__content\">\n<p>\u2013 Lozano, O. M., D\u00edaz-Batanero, C., Rojas, A. J., Pilatti, A. y Fern\u00e1ndez-Calder\u00f3n, F. (2018). Concordance between the original and short version of the Impulsive Behaviour Scale UPPS-P using an IRT model. Plos One, 13(3), e0194390. Doi:&nbsp;<a href=\"https:\/\/pubmed.ncbi.nlm.nih.gov\/29561902\/\">10.1371\/journal.pone.0194390.<\/a><br>\u2013 Pilatti, A., Lozano, O. M. y Cyders, M. (2015). Psychometric properties of the Spanish Version of the UPPS-P Impulsive Behavior Scale: A Rasch Rating Scale analysis and confirmatory factor analysis. Psychological Assessment, 7(4), e10-e21.<br>\u2013 Verdejo-Garc\u00eda, A., Lozano, O. M., Moya, M., Alc\u00e1zar, M. A. y P\u00e9rez-Garc\u00eda, M. (2010). Psychometric properties of a Spanish version of the UPPS\u2013P impulsive behavior scale: reliability, validity and association with trait and cognitive impulsivity. Journal of Personality Assessment, 92(1), 70-77. Doi:&nbsp;<a href=\"https:\/\/pubmed.ncbi.nlm.nih.gov\/20013458\/\">10.1080\/00223890903382369<\/a><\/p>\n\n\n\n<p><a href=\"https:\/\/www.uhu.es\/rensma\/wp-content\/uploads\/2022\/04\/UPPS-P-Spanish-version.zip\" target=\"_blank\" rel=\"noreferrer noopener\">TEST<\/a><\/p>\n<\/div><\/div>\n\n\n\n<div class=\"wp-block-pb-accordion-item c-accordion__item js-accordion-item no-js\" data-initially-open=\"false\" data-click-to-close=\"true\" data-auto-close=\"true\" data-scroll=\"false\" data-scroll-offset=\"0\"><h3 id=\"at-553510\" class=\"c-accordion__title js-accordion-controller\" role=\"button\">Health-Related Quality of Life for Drug Abusers -HRQoLDA Test- English version.<\/h3><div id=\"ac-553510\" class=\"c-accordion__content\">\n<p>\u2013 Lozano, O. M., Rojas, A. J., Foresti, K. y Zubaran, C. (2015). A polytomous Rasch analysis of the English version of health-related quality of life for drug abusers test. The Spanish Journal of Psychology, 18, E31. Doi:&nbsp;<a href=\"https:\/\/pubmed.ncbi.nlm.nih.gov\/26037278\/\">10.1017\/sjp.2015.34<\/a><\/p>\n\n\n\n<p><a href=\"https:\/\/www.uhu.es\/rensma\/wp-content\/uploads\/2022\/04\/HRQOLDA-English-version.pdf\">TEST<\/a><\/p>\n<\/div><\/div>\n\n\n\n<div class=\"wp-block-pb-accordion-item c-accordion__item js-accordion-item no-js\" data-initially-open=\"false\" data-click-to-close=\"true\" data-auto-close=\"true\" data-scroll=\"false\" data-scroll-offset=\"0\"><h3 id=\"at-553511\" class=\"c-accordion__title js-accordion-controller\" role=\"button\">Test para la Evaluaci\u00f3n de la Calidad de Vida en Adictos a Sustancias Psicoactivas -TECVASP- Spanish version.<\/h3><div id=\"ac-553511\" class=\"c-accordion__content\">\n<p>\u2013 Lozano, O. M., Rojas, A. J. y P\u00e9rez-Mel\u00e9ndez, C. (2009). Development of a specific health-related quality of life test in drug abusers using the Rasch rating scale model. European Addiction Research, 15(2), 63-70. Doi:&nbsp;<a href=\"https:\/\/pubmed.ncbi.nlm.nih.gov\/19142005\/\">10.1159\/000189784<\/a><br>\u2013 Lozano, O. M., Rojas, A. J., P\u00e9rez-Mel\u00e9ndez, C., Apraiz-Granados, B., S\u00e1nchez-Mu\u00f1oz, F. y Mar\u00edn-Bedoya, A. (2007). Test para la Evaluaci\u00f3n de la Calidad de Vida en Adictos a Sustancias Psicoactivas (TECVASP): estudios de fiabilidad y validez. Trastornos Adictivos, 9(2), 97-107. Doi:&nbsp;<a href=\"https:\/\/www.elsevier.es\/es-revista-trastornos-adictivos-182-articulo-test-evaluacion-calidad-vida-adictos-13107767\">10.1016\/S1575-0973(07)75635-0<\/a><\/p>\n\n\n\n<p><a href=\"https:\/\/www.uhu.es\/rensma\/wp-content\/uploads\/2022\/04\/TECVASP-Spanish-version.pdf\" target=\"_blank\" rel=\"noreferrer noopener\">TEST<\/a><\/p>\n<\/div><\/div>\n<\/div>\n<\/div>\n","protected":false},"excerpt":{"rendered":"<p>Psychometric Tests Mental Health and Drug Use: Determinants and Psychological Measurement Mental Health and Drug Use: Determinants and Psychological Measurement Members of the unit, within their scientific activity, have developed or adapted various assessment tools in both the field of addictions and the field of psychopathology. This section provides the available instruments ready for administration, &hellip;<\/p>\n<p class=\"read-more\"> <a class=\"\" href=\"https:\/\/www.uhu.es\/rensma\/en\/psychometric-tests-mental-health-and-drug-use-determinants-and-psychological-measurement\/\"> <span class=\"screen-reader-text\">Psychometric Tests Mental Health and Drug Use: Determinants and Psychological Measurement<\/span> Leer m\u00e1s &raquo;<\/a><\/p>\n","protected":false},"author":2,"featured_media":0,"parent":0,"menu_order":0,"comment_status":"closed","ping_status":"closed","template":"","meta":{"site-sidebar-layout":"default","site-content-layout":"","ast-site-content-layout":"","site-content-style":"default","site-sidebar-style":"default","ast-global-header-display":"","ast-banner-title-visibility":"","ast-main-header-display":"","ast-hfb-above-header-display":"","ast-hfb-below-header-display":"","ast-hfb-mobile-header-display":"","site-post-title":"","ast-breadcrumbs-content":"","ast-featured-img":"","footer-sml-layout":"","theme-transparent-header-meta":"","adv-header-id-meta":"","stick-header-meta":"","header-above-stick-meta":"","header-main-stick-meta":"","header-below-stick-meta":"","astra-migrate-meta-layouts":"","footnotes":""},"_links":{"self":[{"href":"https:\/\/www.uhu.es\/rensma\/wp-json\/wp\/v2\/pages\/5535"}],"collection":[{"href":"https:\/\/www.uhu.es\/rensma\/wp-json\/wp\/v2\/pages"}],"about":[{"href":"https:\/\/www.uhu.es\/rensma\/wp-json\/wp\/v2\/types\/page"}],"author":[{"embeddable":true,"href":"https:\/\/www.uhu.es\/rensma\/wp-json\/wp\/v2\/users\/2"}],"replies":[{"embeddable":true,"href":"https:\/\/www.uhu.es\/rensma\/wp-json\/wp\/v2\/comments?post=5535"}],"version-history":[{"count":3,"href":"https:\/\/www.uhu.es\/rensma\/wp-json\/wp\/v2\/pages\/5535\/revisions"}],"predecessor-version":[{"id":5819,"href":"https:\/\/www.uhu.es\/rensma\/wp-json\/wp\/v2\/pages\/5535\/revisions\/5819"}],"wp:attachment":[{"href":"https:\/\/www.uhu.es\/rensma\/wp-json\/wp\/v2\/media?parent=5535"}],"curies":[{"name":"wp","href":"https:\/\/api.w.org\/{rel}","templated":true}]}}