{"id":5541,"date":"2024-08-29T13:17:26","date_gmt":"2024-08-29T11:17:26","guid":{"rendered":"https:\/\/www.uhu.es\/rensma\/?page_id=5541"},"modified":"2024-08-30T11:44:40","modified_gmt":"2024-08-30T09:44:40","slug":"collaborations-mental-health-and-drug-use-determinants-and-psychological-measurement","status":"publish","type":"page","link":"https:\/\/www.uhu.es\/rensma\/en\/collaborations-mental-health-and-drug-use-determinants-and-psychological-measurement\/","title":{"rendered":"Collaborations Mental Health and Drug Use: Determinants and Psychological Measurement"},"content":{"rendered":"\n<div class=\"wp-block-cover alignfull is-light\"><span aria-hidden=\"true\" class=\"wp-block-cover__background has-background-dim\"><\/span><img decoding=\"async\" loading=\"lazy\" width=\"940\" height=\"300\" class=\"wp-block-cover__image-background wp-image-1307\" alt=\"\" src=\"https:\/\/www.uhu.es\/rensma\/wp-content\/uploads\/2019\/09\/SliderIngles.jpg\" data-object-fit=\"cover\" srcset=\"https:\/\/www.uhu.es\/rensma\/wp-content\/uploads\/2019\/09\/SliderIngles.jpg 940w, https:\/\/www.uhu.es\/rensma\/wp-content\/uploads\/2019\/09\/SliderIngles-300x96.jpg 300w, https:\/\/www.uhu.es\/rensma\/wp-content\/uploads\/2019\/09\/SliderIngles-768x245.jpg 768w\" sizes=\"(max-width: 940px) 100vw, 940px\" \/><div class=\"wp-block-cover__inner-container is-layout-constrained wp-block-cover-is-layout-constrained\">\n<div class=\"wp-block-group is-layout-constrained wp-block-group-is-layout-constrained\"><\/div>\n<\/div><\/div>\n\n\n\n<div style=\"height:100px\" aria-hidden=\"true\" class=\"wp-block-spacer\"><\/div>\n\n\n\n<h1 class=\"wp-block-heading has-text-align-center\">Collaborations<\/h1>\n\n\n\n<h3 class=\"wp-block-heading has-text-align-center\" style=\"text-transform:capitalize\"><strong>Mental Health and Drug Use: Determinants and Psychological Measurement<\/strong><\/h3>\n\n\n\n<div class=\"wp-block-columns is-layout-flex wp-container-7 wp-block-columns-is-layout-flex\">\n<div class=\"wp-block-column is-layout-flow wp-block-column-is-layout-flow\" style=\"flex-basis:33.33%\">\n<p class=\"has-ast-global-color-5-color has-ast-global-color-0-background-color has-text-color has-background\">Laboratory Menu<\/p>\n\n\n<nav class=\" is-vertical wp-block-navigation is-layout-flex wp-container-4 wp-block-navigation-is-layout-flex\" aria-label=\"Menu Mental Health and Drug Use\"><ul class=\"wp-block-navigation__container  is-vertical wp-block-navigation\"><li class=\" wp-block-navigation-item wp-block-navigation-link\"><a class=\"wp-block-navigation-item__content\"  href=\"https:\/\/www.uhu.es\/rensma\/en\/presentation-mental-health-and-drug-use-determinants-and-psychological-measurement\/\"><span class=\"wp-block-navigation-item__label\">Presentation<\/span><\/a><\/li><li class=\" wp-block-navigation-item wp-block-navigation-link\"><a class=\"wp-block-navigation-item__content\"  href=\"https:\/\/www.uhu.es\/rensma\/en\/research-lines-mental-health-and-drug-use-determinants-and-psychological-measurement\/\"><span class=\"wp-block-navigation-item__label\">Research Lines<\/span><\/a><\/li><li class=\" wp-block-navigation-item wp-block-navigation-link\"><a class=\"wp-block-navigation-item__content\"  href=\"https:\/\/www.uhu.es\/rensma\/en\/members-mental-health-and-drug-use-determinants-and-psychological-measurement\/\"><span class=\"wp-block-navigation-item__label\">Members<\/span><\/a><\/li><li class=\" wp-block-navigation-item wp-block-navigation-link\"><a class=\"wp-block-navigation-item__content\"  href=\"https:\/\/www.uhu.es\/rensma\/en\/projects-mental-health-and-drug-use-determinants-and-psychological-measurement-2\/\"><span class=\"wp-block-navigation-item__label\">Projects<\/span><\/a><\/li><li class=\" wp-block-navigation-item wp-block-navigation-link\"><a class=\"wp-block-navigation-item__content\"  href=\"https:\/\/www.uhu.es\/rensma\/en\/publications-mental-health-and-drug-use-determinants-and-psychological-measurement\/\"><span class=\"wp-block-navigation-item__label\">Publications<\/span><\/a><\/li><li class=\" wp-block-navigation-item wp-block-navigation-link\"><a class=\"wp-block-navigation-item__content\"  href=\"https:\/\/www.uhu.es\/rensma\/en\/doctoral-theses-mental-health-and-drug-use-determinants-and-psychological-measurement\/\"><span class=\"wp-block-navigation-item__label\">PhD Theses<\/span><\/a><\/li><li class=\" wp-block-navigation-item wp-block-navigation-link\"><a class=\"wp-block-navigation-item__content\"  href=\"https:\/\/www.uhu.es\/rensma\/en\/psychometric-tests-mental-health-and-drug-use-determinants-and-psychological-measurement\/\"><span class=\"wp-block-navigation-item__label\">Psychometric Tests<\/span><\/a><\/li><li class=\" wp-block-navigation-item wp-block-navigation-link\"><a class=\"wp-block-navigation-item__content\"  href=\"https:\/\/www.uhu.es\/rensma\/en\/facilities-mental-health-and-drug-use-determinants-and-psychological-measurement\/\"><span class=\"wp-block-navigation-item__label\">Infrastructure<\/span><\/a><\/li><li class=\" wp-block-navigation-item wp-block-navigation-link\"><a class=\"wp-block-navigation-item__content\"  href=\"https:\/\/www.uhu.es\/rensma\/en\/collaborations-mental-health-and-drug-use-determinants-and-psychological-measurement\/\"><span class=\"wp-block-navigation-item__label\">Collaborations<\/span><\/a><\/li><\/ul><\/nav><\/div>\n\n\n\n<div class=\"wp-block-column is-layout-flow wp-block-column-is-layout-flow\" style=\"flex-basis:66.66%\">\n<p>&#8211; <strong>Collaboration agreement between the University of Huelva and the Andalusian Agency for Social Services and Dependency for the development of a test.<\/strong><\/p>\n\n\n\n<p>Agreement title: \u201cPrecision Study and Validity Evidence of a Neuropsychological Battery for Relapse Prevention in Substance Use Disorder Patients\u201d (CONV-06\/2016).<\/p>\n\n\n\n<p>Lead researcher: \u00d3scar M. Lozano<\/p>\n\n\n\n<p>&#8211; <strong>Collaboration agreement between the University of Huelva, the Andalusian Agency for Social Services and Dependency, and the C\u00e1diz Provincial Council for the development of a test.<\/strong><\/p>\n\n\n\n<p>Title: \u201cSocial Valuation Scale\u201d (CONV-11\/2016).<\/p>\n\n\n\n<p>Lead researcher: \u00d3scar M. Lozano<\/p>\n\n\n\n<p>&#8211; <strong>Collaboration agreement between the University of Huelva and the City Council of Huelva for the development of the Strategic Plan for the city of Huelva (File: agreement \u201cStrategic Plan Huelva-Strategy 2025\u201d).<\/strong><\/p>\n\n\n\n<p>Coordinator: \u00d3scar M. Lozano<\/p>\n\n\n\n<p>&#8211; <strong>Agreement with the NGO Asociaci\u00f3n Bienestar y Desarrollo for collaboration with its \u201cEnergy Control\u201d section.<\/strong><\/p>\n\n\n\n<p>Lead researcher: Ferm\u00edn Fern\u00e1ndez Calder\u00f3n<\/p>\n<\/div>\n<\/div>\n","protected":false},"excerpt":{"rendered":"<p>Collaborations Mental Health and Drug Use: Determinants and Psychological Measurement &#8211; Collaboration agreement between the University of Huelva and the Andalusian Agency for Social Services and Dependency for the development of a test. Agreement title: \u201cPrecision Study and Validity Evidence of a Neuropsychological Battery for Relapse Prevention in Substance Use Disorder Patients\u201d (CONV-06\/2016). Lead researcher: &hellip;<\/p>\n<p class=\"read-more\"> <a class=\"\" href=\"https:\/\/www.uhu.es\/rensma\/en\/collaborations-mental-health-and-drug-use-determinants-and-psychological-measurement\/\"> <span class=\"screen-reader-text\">Collaborations Mental Health and Drug Use: Determinants and Psychological Measurement<\/span> Leer m\u00e1s &raquo;<\/a><\/p>\n","protected":false},"author":2,"featured_media":0,"parent":0,"menu_order":0,"comment_status":"closed","ping_status":"closed","template":"","meta":{"site-sidebar-layout":"default","site-content-layout":"","ast-site-content-layout":"","site-content-style":"default","site-sidebar-style":"default","ast-global-header-display":"","ast-banner-title-visibility":"","ast-main-header-display":"","ast-hfb-above-header-display":"","ast-hfb-below-header-display":"","ast-hfb-mobile-header-display":"","site-post-title":"","ast-breadcrumbs-content":"","ast-featured-img":"","footer-sml-layout":"","theme-transparent-header-meta":"","adv-header-id-meta":"","stick-header-meta":"","header-above-stick-meta":"","header-main-stick-meta":"","header-below-stick-meta":"","astra-migrate-meta-layouts":"","footnotes":""},"_links":{"self":[{"href":"https:\/\/www.uhu.es\/rensma\/wp-json\/wp\/v2\/pages\/5541"}],"collection":[{"href":"https:\/\/www.uhu.es\/rensma\/wp-json\/wp\/v2\/pages"}],"about":[{"href":"https:\/\/www.uhu.es\/rensma\/wp-json\/wp\/v2\/types\/page"}],"author":[{"embeddable":true,"href":"https:\/\/www.uhu.es\/rensma\/wp-json\/wp\/v2\/users\/2"}],"replies":[{"embeddable":true,"href":"https:\/\/www.uhu.es\/rensma\/wp-json\/wp\/v2\/comments?post=5541"}],"version-history":[{"count":2,"href":"https:\/\/www.uhu.es\/rensma\/wp-json\/wp\/v2\/pages\/5541\/revisions"}],"predecessor-version":[{"id":5755,"href":"https:\/\/www.uhu.es\/rensma\/wp-json\/wp\/v2\/pages\/5541\/revisions\/5755"}],"wp:attachment":[{"href":"https:\/\/www.uhu.es\/rensma\/wp-json\/wp\/v2\/media?parent=5541"}],"curies":[{"name":"wp","href":"https:\/\/api.w.org\/{rel}","templated":true}]}}