{"id":5545,"date":"2024-08-29T13:20:32","date_gmt":"2024-08-29T11:20:32","guid":{"rendered":"https:\/\/www.uhu.es\/rensma\/?page_id=5545"},"modified":"2024-08-30T11:50:24","modified_gmt":"2024-08-30T09:50:24","slug":"presentations-mineral-resources-unit","status":"publish","type":"page","link":"https:\/\/www.uhu.es\/rensma\/en\/presentations-mineral-resources-unit\/","title":{"rendered":"Presentations Mineral Resources Unit"},"content":{"rendered":"\n<div class=\"wp-block-cover alignfull is-light\"><span aria-hidden=\"true\" class=\"wp-block-cover__background has-background-dim\"><\/span><img decoding=\"async\" loading=\"lazy\" width=\"940\" height=\"300\" class=\"wp-block-cover__image-background wp-image-1307\" alt=\"\" src=\"https:\/\/www.uhu.es\/rensma\/wp-content\/uploads\/2019\/09\/SliderIngles.jpg\" data-object-fit=\"cover\" srcset=\"https:\/\/www.uhu.es\/rensma\/wp-content\/uploads\/2019\/09\/SliderIngles.jpg 940w, https:\/\/www.uhu.es\/rensma\/wp-content\/uploads\/2019\/09\/SliderIngles-300x96.jpg 300w, https:\/\/www.uhu.es\/rensma\/wp-content\/uploads\/2019\/09\/SliderIngles-768x245.jpg 768w\" sizes=\"(max-width: 940px) 100vw, 940px\" \/><div class=\"wp-block-cover__inner-container is-layout-constrained wp-block-cover-is-layout-constrained\">\n<div class=\"wp-block-group is-layout-constrained wp-block-group-is-layout-constrained\"><\/div>\n<\/div><\/div>\n\n\n\n<div style=\"height:100px\" aria-hidden=\"true\" class=\"wp-block-spacer\"><\/div>\n\n\n\n<h1 class=\"wp-block-heading has-text-align-center\" style=\"text-transform:uppercase\"><strong>Mineral Resources Unit<\/strong><\/h1>\n\n\n\n<div class=\"wp-block-columns is-layout-flex wp-container-7 wp-block-columns-is-layout-flex\">\n<div class=\"wp-block-column is-layout-flow wp-block-column-is-layout-flow\" style=\"flex-basis:33.33%\">\n<p class=\"has-ast-global-color-5-color has-ast-global-color-0-background-color has-text-color has-background\">Laboratory Menu<\/p>\n\n\n<nav class=\" is-vertical wp-block-navigation is-layout-flex wp-container-4 wp-block-navigation-is-layout-flex\" aria-label=\"Menu Mineral Resources Unit\"><ul class=\"wp-block-navigation__container  is-vertical wp-block-navigation\"><li class=\" wp-block-navigation-item wp-block-navigation-link\"><a class=\"wp-block-navigation-item__content\"  href=\"https:\/\/www.uhu.es\/rensma\/en\/presentations-mineral-resources-unit\/\"><span class=\"wp-block-navigation-item__label\">Presentation<\/span><\/a><\/li><li class=\" wp-block-navigation-item wp-block-navigation-link\"><a class=\"wp-block-navigation-item__content\"  href=\"https:\/\/www.uhu.es\/rensma\/en\/research-lines-mineral-resources-unit-2\/\"><span class=\"wp-block-navigation-item__label\">Research Lines<\/span><\/a><\/li><li class=\" wp-block-navigation-item wp-block-navigation-link\"><a class=\"wp-block-navigation-item__content\"  href=\"https:\/\/www.uhu.es\/rensma\/en\/members-mineral-resources-unit\/\"><span class=\"wp-block-navigation-item__label\">Members<\/span><\/a><\/li><li class=\" wp-block-navigation-item wp-block-navigation-link\"><a class=\"wp-block-navigation-item__content\"  href=\"https:\/\/www.uhu.es\/rensma\/en\/projects-mineral-resources-unit\/\"><span class=\"wp-block-navigation-item__label\">Projects<\/span><\/a><\/li><li class=\" wp-block-navigation-item wp-block-navigation-link\"><a class=\"wp-block-navigation-item__content\"  href=\"https:\/\/www.uhu.es\/rensma\/en\/publications-mineral-resources-unit-2\/\"><span class=\"wp-block-navigation-item__label\">Publications<\/span><\/a><\/li><li class=\" wp-block-navigation-item wp-block-navigation-link\"><a class=\"wp-block-navigation-item__content\"  href=\"https:\/\/www.uhu.es\/rensma\/en\/infrastructure-mineral-resources-unit-2\/\"><span class=\"wp-block-navigation-item__label\">Infrastructure<\/span><\/a><\/li><\/ul><\/nav><\/div>\n\n\n\n<div class=\"wp-block-column is-layout-flow wp-block-column-is-layout-flow\" style=\"flex-basis:66.66%\">\n<h2 class=\"wp-block-heading\"><strong>Introduction<\/strong><\/h2>\n\n\n\n<p>The Mineral Resources Unit originates from what was the core of the current University of Huelva in the Geology Section of La R\u00e1bida. It is built upon a multidisciplinary team covering all aspects of Geology related to the genesis, spatial-temporal distribution, and utilization of Mineral Resources. Research funding has been consistently obtained through competitive projects from the relevant Ministry and the EU. At the same time, there has been intense collaboration with mining companies operating both in Spain and abroad. The location of the Research Center in one of the most important mining regions in Europe, the Iberian Pyrite Belt, has facilitated this collaboration.<br><br class=\"\">The group\u2019s history, on which the Unit is based, is marked by publications that are reference points for the genesis of massive sulfide deposits associated with volcanic terrains and the analysis of sedimentary basins in which they are generated. Some of these publications are internationally recognized for this type of deposit. The methodologies applied include mineralogical, petrographic, and geochemical analysis of deposits and host rocks using various techniques from fieldwork to microscopic and high-resolution geochemical techniques.<\/p>\n\n\n\n<h2 class=\"wp-block-heading\"><strong>Collaborations<\/strong><\/h2>\n\n\n\n<p>The research group maintains active collaboration with universities and research groups both nationally (e.g., UAB, UGR, UPV, UB, UCM) and internationally (e.g., U. Orleans, U. Clermont-Ferrand, U. Gotenbourg, SUERC, U. Queensland, UERJ, U. Lisboa, U. R\u00edo Cuarto, ICRAG). The active collaboration with the mining industry through LRU art. 68-83 contracts (e.g., MATSA, Grupo M\u00e9xico, Valorizaci\u00f3n Miner\u00eda, First Quantum, Cobre las Cruces, Iberian Resources Spain) is also noteworthy.<\/p>\n<\/div>\n<\/div>\n","protected":false},"excerpt":{"rendered":"<p>Mineral Resources Unit Introduction The Mineral Resources Unit originates from what was the core of the current University of Huelva in the Geology Section of La R\u00e1bida. It is built upon a multidisciplinary team covering all aspects of Geology related to the genesis, spatial-temporal distribution, and utilization of Mineral Resources. Research funding has been consistently &hellip;<\/p>\n<p class=\"read-more\"> <a class=\"\" href=\"https:\/\/www.uhu.es\/rensma\/en\/presentations-mineral-resources-unit\/\"> <span class=\"screen-reader-text\">Presentations Mineral Resources Unit<\/span> Leer m\u00e1s &raquo;<\/a><\/p>\n","protected":false},"author":2,"featured_media":0,"parent":0,"menu_order":0,"comment_status":"closed","ping_status":"closed","template":"","meta":{"site-sidebar-layout":"default","site-content-layout":"","ast-site-content-layout":"","site-content-style":"default","site-sidebar-style":"default","ast-global-header-display":"","ast-banner-title-visibility":"","ast-main-header-display":"","ast-hfb-above-header-display":"","ast-hfb-below-header-display":"","ast-hfb-mobile-header-display":"","site-post-title":"","ast-breadcrumbs-content":"","ast-featured-img":"","footer-sml-layout":"","theme-transparent-header-meta":"","adv-header-id-meta":"","stick-header-meta":"","header-above-stick-meta":"","header-main-stick-meta":"","header-below-stick-meta":"","astra-migrate-meta-layouts":"","footnotes":""},"_links":{"self":[{"href":"https:\/\/www.uhu.es\/rensma\/wp-json\/wp\/v2\/pages\/5545"}],"collection":[{"href":"https:\/\/www.uhu.es\/rensma\/wp-json\/wp\/v2\/pages"}],"about":[{"href":"https:\/\/www.uhu.es\/rensma\/wp-json\/wp\/v2\/types\/page"}],"author":[{"embeddable":true,"href":"https:\/\/www.uhu.es\/rensma\/wp-json\/wp\/v2\/users\/2"}],"replies":[{"embeddable":true,"href":"https:\/\/www.uhu.es\/rensma\/wp-json\/wp\/v2\/comments?post=5545"}],"version-history":[{"count":2,"href":"https:\/\/www.uhu.es\/rensma\/wp-json\/wp\/v2\/pages\/5545\/revisions"}],"predecessor-version":[{"id":5766,"href":"https:\/\/www.uhu.es\/rensma\/wp-json\/wp\/v2\/pages\/5545\/revisions\/5766"}],"wp:attachment":[{"href":"https:\/\/www.uhu.es\/rensma\/wp-json\/wp\/v2\/media?parent=5545"}],"curies":[{"name":"wp","href":"https:\/\/api.w.org\/{rel}","templated":true}]}}