{"id":5552,"date":"2024-08-29T13:39:33","date_gmt":"2024-08-29T11:39:33","guid":{"rendered":"https:\/\/www.uhu.es\/rensma\/?page_id=5552"},"modified":"2024-08-30T11:52:43","modified_gmt":"2024-08-30T09:52:43","slug":"projects-mineral-resources-unit","status":"publish","type":"page","link":"https:\/\/www.uhu.es\/rensma\/en\/projects-mineral-resources-unit\/","title":{"rendered":"Projects Mineral Resources Unit"},"content":{"rendered":"\n<div class=\"wp-block-cover alignfull is-light\"><span aria-hidden=\"true\" class=\"wp-block-cover__background has-background-dim\"><\/span><img decoding=\"async\" loading=\"lazy\" width=\"940\" height=\"300\" class=\"wp-block-cover__image-background wp-image-1307\" alt=\"\" src=\"https:\/\/www.uhu.es\/rensma\/wp-content\/uploads\/2019\/09\/SliderIngles.jpg\" data-object-fit=\"cover\" srcset=\"https:\/\/www.uhu.es\/rensma\/wp-content\/uploads\/2019\/09\/SliderIngles.jpg 940w, https:\/\/www.uhu.es\/rensma\/wp-content\/uploads\/2019\/09\/SliderIngles-300x96.jpg 300w, https:\/\/www.uhu.es\/rensma\/wp-content\/uploads\/2019\/09\/SliderIngles-768x245.jpg 768w\" sizes=\"(max-width: 940px) 100vw, 940px\" \/><div class=\"wp-block-cover__inner-container is-layout-constrained wp-block-cover-is-layout-constrained\">\n<div class=\"wp-block-group is-layout-constrained wp-block-group-is-layout-constrained\"><\/div>\n<\/div><\/div>\n\n\n\n<div style=\"height:100px\" aria-hidden=\"true\" class=\"wp-block-spacer\"><\/div>\n\n\n\n<h1 class=\"wp-block-heading has-text-align-center\">Projects<\/h1>\n\n\n\n<h3 class=\"wp-block-heading has-text-align-center\" style=\"text-transform:capitalize\"><strong><strong>Mineral Resources Unit<\/strong><\/strong><\/h3>\n\n\n\n<div class=\"wp-block-columns is-layout-flex wp-container-7 wp-block-columns-is-layout-flex\">\n<div class=\"wp-block-column is-layout-flow wp-block-column-is-layout-flow\" style=\"flex-basis:33.33%\">\n<p class=\"has-ast-global-color-5-color has-ast-global-color-0-background-color has-text-color has-background\">Laboratory Menu<\/p>\n\n\n<nav class=\" is-vertical wp-block-navigation is-layout-flex wp-container-4 wp-block-navigation-is-layout-flex\" aria-label=\"Menu Mineral Resources Unit\"><ul class=\"wp-block-navigation__container  is-vertical wp-block-navigation\"><li class=\" wp-block-navigation-item wp-block-navigation-link\"><a class=\"wp-block-navigation-item__content\"  href=\"https:\/\/www.uhu.es\/rensma\/en\/presentations-mineral-resources-unit\/\"><span class=\"wp-block-navigation-item__label\">Presentation<\/span><\/a><\/li><li class=\" wp-block-navigation-item wp-block-navigation-link\"><a class=\"wp-block-navigation-item__content\"  href=\"https:\/\/www.uhu.es\/rensma\/en\/research-lines-mineral-resources-unit-2\/\"><span class=\"wp-block-navigation-item__label\">Research Lines<\/span><\/a><\/li><li class=\" wp-block-navigation-item wp-block-navigation-link\"><a class=\"wp-block-navigation-item__content\"  href=\"https:\/\/www.uhu.es\/rensma\/en\/members-mineral-resources-unit\/\"><span class=\"wp-block-navigation-item__label\">Members<\/span><\/a><\/li><li class=\" wp-block-navigation-item wp-block-navigation-link\"><a class=\"wp-block-navigation-item__content\"  href=\"https:\/\/www.uhu.es\/rensma\/en\/projects-mineral-resources-unit\/\"><span class=\"wp-block-navigation-item__label\">Projects<\/span><\/a><\/li><li class=\" wp-block-navigation-item wp-block-navigation-link\"><a class=\"wp-block-navigation-item__content\"  href=\"https:\/\/www.uhu.es\/rensma\/en\/publications-mineral-resources-unit-2\/\"><span class=\"wp-block-navigation-item__label\">Publications<\/span><\/a><\/li><li class=\" wp-block-navigation-item wp-block-navigation-link\"><a class=\"wp-block-navigation-item__content\"  href=\"https:\/\/www.uhu.es\/rensma\/en\/infrastructure-mineral-resources-unit-2\/\"><span class=\"wp-block-navigation-item__label\">Infrastructure<\/span><\/a><\/li><\/ul><\/nav><\/div>\n\n\n\n<div class=\"wp-block-column is-layout-flow wp-block-column-is-layout-flow\" style=\"flex-basis:66.66%\">\n<div class=\"wp-block-pb-accordion-item c-accordion__item js-accordion-item no-js\" data-initially-open=\"false\" data-click-to-close=\"true\" data-auto-close=\"true\" data-scroll=\"false\" data-scroll-offset=\"0\"><h3 id=\"at-55520\" class=\"c-accordion__title js-accordion-controller\" role=\"button\">1. Geology and Geochronology of Basic Igneous Rocks Associated with Mineralizations of Strategic Interest Elements (Co and Sb), Iberian Pyrite Belt<\/h3><div id=\"ac-55520\" class=\"c-accordion__content\">\n<p><strong>Number of Researchers:<\/strong> 5<br><strong>Funding Entity:<\/strong> University of Huelva<br><strong>Principal Investigator:<\/strong> Reinaldo S\u00e1ez<br><strong>Start Date:<\/strong> January 1, 2022<br><strong>End Date:<\/strong> December 31, 2022<br><strong>Total Amount:<\/strong> \u20ac7,500.00<\/p>\n<\/div><\/div>\n\n\n\n<div class=\"wp-block-pb-accordion-item c-accordion__item js-accordion-item no-js\" data-initially-open=\"false\" data-click-to-close=\"true\" data-auto-close=\"true\" data-scroll=\"false\" data-scroll-offset=\"0\"><h3 id=\"at-55521\" class=\"c-accordion__title js-accordion-controller\" role=\"button\">2. MEGA-HUELVA. Cataloging of Megalithic Monuments in the Province of Huelva<\/h3><div id=\"ac-55521\" class=\"c-accordion__content\">\n<p><strong>Number of Researchers:<\/strong> 3<br><strong>Funding Entity:<\/strong> Vice-Rectorate of Innovation and Employability, University of Huelva<br><strong>Start Date:<\/strong> November 17, 2020<br><strong>End Date:<\/strong> November 17, 2021<br><strong>Total Amount:<\/strong> \u20ac4,100.00<\/p>\n<\/div><\/div>\n\n\n\n<div class=\"wp-block-pb-accordion-item c-accordion__item js-accordion-item no-js\" data-initially-open=\"false\" data-click-to-close=\"true\" data-auto-close=\"true\" data-scroll=\"false\" data-scroll-offset=\"0\"><h3 id=\"at-55522\" class=\"c-accordion__title js-accordion-controller\" role=\"button\">3. Archaeometry of Archaeological Indicators from the Hispano-Roman City Site of Arucci (Huelva)<\/h3><div id=\"ac-55522\" class=\"c-accordion__content\">\n<p><strong>Code:<\/strong> UHUPJ00011<br><strong>Number of Researchers:<\/strong> 9<br><strong>Funding Entity:<\/strong> University of Huelva<br><strong>Principal Investigator:<\/strong> Nuria De la O Vidal Teruel<br><strong>Start Date:<\/strong> July 27, 2020<\/p>\n<\/div><\/div>\n\n\n\n<div class=\"wp-block-pb-accordion-item c-accordion__item js-accordion-item no-js\" data-initially-open=\"false\" data-click-to-close=\"true\" data-auto-close=\"true\" data-scroll=\"false\" data-scroll-offset=\"0\"><h3 id=\"at-55523\" class=\"c-accordion__title js-accordion-controller\" role=\"button\">4. MEGA-LITHOS. Geo-Archaeological Study Methods for the Investigation of Megalithic Sites in Huelva<\/h3><div id=\"ac-55523\" class=\"c-accordion__content\">\n<p><strong>Code:<\/strong> UHU-1263153<br><strong>Number of Researchers:<\/strong> 3<br><strong>Funding Entity:<\/strong> Ministry of Economy and Knowledge of the Government of Andalusia. University of Huelva<br><strong>Start Date:<\/strong> February 1, 2020<br><strong>End Date:<\/strong> February 1, 2022<br><strong>Total Funding:<\/strong> \u20ac75,000.00<\/p>\n<\/div><\/div>\n\n\n\n<div class=\"wp-block-pb-accordion-item c-accordion__item js-accordion-item no-js\" data-initially-open=\"false\" data-click-to-close=\"true\" data-auto-close=\"true\" data-scroll=\"false\" data-scroll-offset=\"0\"><h3 id=\"at-55524\" class=\"c-accordion__title js-accordion-controller\" role=\"button\">5. Obtain and Provide Geological Information for the Preparation of a Field Guide and Infographics for Informational Signage and Musealization of the \u201cCasa de los Volcanes\u201d in the Cabo de Gata Geopark<\/h3><div id=\"ac-55524\" class=\"c-accordion__content\">\n<p><strong>Contract Type:<\/strong> Contract 68\/83<br><strong>Code:<\/strong> 70-2021<br><strong>Number of Researchers:<\/strong> 2<br><strong>Funding Entity:<\/strong> Calares Obras, Servicios y Medio Ambiente, S.L.<br><strong>Principal Investigator:<\/strong> Reinaldo S\u00e1ez<br><strong>Start Date:<\/strong> October 25, 2021<br><strong>End Date:<\/strong> April 25, 2022<br><strong>Total Funding:<\/strong> \u20ac36,300.00<\/p>\n<\/div><\/div>\n\n\n\n<div class=\"wp-block-pb-accordion-item c-accordion__item js-accordion-item no-js\" data-initially-open=\"false\" data-click-to-close=\"true\" data-auto-close=\"true\" data-scroll=\"false\" data-scroll-offset=\"0\"><h3 id=\"at-55525\" class=\"c-accordion__title js-accordion-controller\" role=\"button\">6. Funding for the Research Work of Bel\u00e9n Torres Cueva for the Completion of Industrial Doctorate Studies<\/h3><div id=\"ac-55525\" class=\"c-accordion__content\">\n<p><strong>Contract Type:<\/strong> Contract 68\/83<br><strong>Code:<\/strong> 2-2021<br><strong>Number of Researchers:<\/strong> 1<br><strong>Funding Entity:<\/strong> Iberian Resources Spain, S.L.<br><strong>Principal Investigator:<\/strong> Reinaldo S\u00e1ez<br><strong>Total Funding:<\/strong> \u20ac30,250.00<\/p>\n<\/div><\/div>\n\n\n\n<div class=\"wp-block-pb-accordion-item c-accordion__item js-accordion-item no-js\" data-initially-open=\"false\" data-click-to-close=\"true\" data-auto-close=\"true\" data-scroll=\"false\" data-scroll-offset=\"0\"><h3 id=\"at-55526\" class=\"c-accordion__title js-accordion-controller\" role=\"button\">7. Petrographic Study of Rocks from the Volcanic-Sedimentary Complex in the Arroyo Palomino Area Based on Core Samples, MATSA<\/h3><div id=\"ac-55526\" class=\"c-accordion__content\">\n<p><strong>Contract Type:<\/strong> Contract 68\/83<br><strong>Code:<\/strong> 51-2021<br><strong>Number of Researchers:<\/strong> 1<br><strong>Funding Entity:<\/strong> Angostura Geology and Mining<br><strong>Principal Investigator:<\/strong> Teodosio Donaire<br><strong>Start Date:<\/strong> 22\/07\/2021<br><strong>End Date:<\/strong> 22\/07\/2022<br><strong>Total Funding:<\/strong> \u20ac2,700.00<\/p>\n<\/div><\/div>\n\n\n\n<div class=\"wp-block-pb-accordion-item c-accordion__item js-accordion-item no-js\" data-initially-open=\"false\" data-click-to-close=\"true\" data-auto-close=\"true\" data-scroll=\"false\" data-scroll-offset=\"0\"><h3 id=\"at-55527\" class=\"c-accordion__title js-accordion-controller\" role=\"button\">8. Petrographic Study of Rocks Associated with the Volcanic-Sedimentary Complex of the Aguas Te\u00f1idas SAU Mining Project<\/h3><div id=\"ac-55527\" class=\"c-accordion__content\">\n<p><strong>Contract Type:<\/strong> Contract 68\/83<br><strong>Code:<\/strong> 25-2021<br><strong>Number of Researchers:<\/strong> 1<br><strong>Funding Entity:<\/strong> Angostura Geology and Mining<br><strong>Principal Investigator:<\/strong> Teodosio Donaire<br><strong>Start Date:<\/strong> 19\/04\/2021<br><strong>End Date:<\/strong> 19\/04\/2022<br><strong>Total Funding:<\/strong> \u20ac8,240.00<\/p>\n<\/div><\/div>\n\n\n\n<div class=\"wp-block-pb-accordion-item c-accordion__item js-accordion-item no-js\" data-initially-open=\"false\" data-click-to-close=\"true\" data-auto-close=\"true\" data-scroll=\"false\" data-scroll-offset=\"0\"><h3 id=\"at-55528\" class=\"c-accordion__title js-accordion-controller\" role=\"button\">9. Geochemistry of Critical and High-Technology Metals in Subduction Zones: Implications for Their Exploration. RTI2018-099157-A-I00<\/h3><div id=\"ac-55528\" class=\"c-accordion__content\">\n<p><strong>Funding Entity:<\/strong> Ministry of Economy and Competitiveness (MINECO)<br><strong>Principal Investigator:<\/strong> Jos\u00e9 Mar\u00eda Gonz\u00e1lez Jim\u00e9nez (UGR)<br><strong>Participation:<\/strong> Lola Yesares Ortiz<br><strong>Start Date:<\/strong> 2019<br><strong>End Date:<\/strong> 2022<br><strong>Total Funding:<\/strong> \u20ac205,700<\/p>\n<\/div><\/div>\n\n\n\n<div class=\"wp-block-pb-accordion-item c-accordion__item js-accordion-item no-js\" data-initially-open=\"false\" data-click-to-close=\"true\" data-auto-close=\"true\" data-scroll=\"false\" data-scroll-offset=\"0\"><h3 id=\"at-55529\" class=\"c-accordion__title js-accordion-controller\" role=\"button\">10. Building the path to circular economy and mining sustainability by mine tailing revalorization. SC\/EES\/EGR\/IGCP\/19\/2386<\/h3><div id=\"ac-55529\" class=\"c-accordion__content\">\n<p><strong>Funding Entity:<\/strong> UNESCO, Council of the International Geoscience Programme (IGCP)<br><strong>Principal Investigator:<\/strong> Manuel A. Caraballo (UCHILE)<br><strong>Participation:<\/strong> Lola Yesares Ortiz<br><strong>Start Date:<\/strong> 01\/01\/2019<br><strong>End Date:<\/strong> 31\/12\/2020<br><strong>Total Funding:<\/strong> \u20ac7,500<\/p>\n<\/div><\/div>\n\n\n\n<div class=\"wp-block-pb-accordion-item c-accordion__item js-accordion-item no-js\" data-initially-open=\"false\" data-click-to-close=\"true\" data-auto-close=\"true\" data-scroll=\"false\" data-scroll-offset=\"0\"><h3 id=\"at-555210\" class=\"c-accordion__title js-accordion-controller\" role=\"button\">11. Study of Gold Content in the Copper Mineralization of the Migollas Deposit, Iberian Pyrite Belt<\/h3><div id=\"ac-555210\" class=\"c-accordion__content\">\n<p><strong>Funding Entity:<\/strong> Minas de Aguas Te\u00f1idas SAU (MATSA)<br><strong>Principal Investigator:<\/strong> Lola Yesares Ortiz<br><strong>Start Date:<\/strong> 09\/2019<br><strong>End Date:<\/strong> 02\/2020<br><strong>Total Funding:<\/strong> \u20ac5,000<\/p>\n<\/div><\/div>\n\n\n\n<div class=\"wp-block-pb-accordion-item c-accordion__item js-accordion-item no-js\" data-initially-open=\"false\" data-click-to-close=\"true\" data-auto-close=\"true\" data-scroll=\"false\" data-scroll-offset=\"0\"><h3 id=\"at-555211\" class=\"c-accordion__title js-accordion-controller\" role=\"button\">12. Assessment of mineralization styles in the Thinly Bedded Units at Navan deposit: From textural and chemical evolution to its application as a vectoring tool for exploration of Irish-type Zn-Pb deposits. 18\/IF\/6347<\/h3><div id=\"ac-555211\" class=\"c-accordion__content\">\n<p><strong>Funding Entity:<\/strong> Science Foundation Ireland<br><strong>Principal Investigator:<\/strong> Lola Yesares Ortiz<br><strong>Start Date:<\/strong> 01\/10\/2019<br><strong>End Date:<\/strong> 31\/09\/2021<br><strong>Total Funding:<\/strong> \u20ac92,340<\/p>\n<\/div><\/div>\n\n\n\n<div class=\"wp-block-pb-accordion-item c-accordion__item js-accordion-item no-js\" data-initially-open=\"false\" data-click-to-close=\"true\" data-auto-close=\"true\" data-scroll=\"false\" data-scroll-offset=\"0\"><h3 id=\"at-555212\" class=\"c-accordion__title js-accordion-controller\" role=\"button\">13. Technical Advisory for the Preparation of a Proposal for the Zaid\u00edn Exploration Permit Application (Ref.: 40-2018)<\/h3><div id=\"ac-555212\" class=\"c-accordion__content\">\n<p><strong>Funding Entity:<\/strong> Iberian Resources Spain S.L.<br><strong>Participating Entities:<\/strong> University of Huelva<br><strong>Principal Investigator:<\/strong> Reinaldo S\u00e1ez Ramos<br><strong>Start Date:<\/strong> 10\/09\/2018<br><strong>End Date:<\/strong> 31\/09\/2018<br><strong>Total Funding:<\/strong> \u20ac13,310<\/p>\n<\/div><\/div>\n\n\n\n<div class=\"wp-block-pb-accordion-item c-accordion__item js-accordion-item no-js\" data-initially-open=\"false\" data-click-to-close=\"true\" data-auto-close=\"true\" data-scroll=\"false\" data-scroll-offset=\"0\"><h3 id=\"at-555213\" class=\"c-accordion__title js-accordion-controller\" role=\"button\">14. The Role of Organic Matter in the Genesis of Sulfide Deposits During Sedimentation and Diagenesis (MOS)<\/h3><div id=\"ac-555213\" class=\"c-accordion__content\">\n<p><strong>Funding Entity:<\/strong> Ministry of Economy, Industry, and Competitiveness (CGL2016-79204-R)<br><strong>Participating Entities:<\/strong> University of Huelva<br><strong>Principal Investigator:<\/strong> Reinaldo S\u00e1ez Ramos<br><strong>Start Date:<\/strong> 01\/01\/2017<br><strong>End Date:<\/strong> 31\/12\/2019<br><strong>Total Funding:<\/strong> \u20ac78,000.00<\/p>\n<\/div><\/div>\n\n\n\n<div class=\"wp-block-pb-accordion-item c-accordion__item js-accordion-item no-js\" data-initially-open=\"false\" data-click-to-close=\"true\" data-auto-close=\"true\" data-scroll=\"false\" data-scroll-offset=\"0\"><h3 id=\"at-555214\" class=\"c-accordion__title js-accordion-controller\" role=\"button\">15. Study of Precious Metal Mineralizations in the Deposits of Migollas, Elvira, El Calabazar, and Aguas Te\u00f1idas (Iberian Pyrite Belt)<\/h3><div id=\"ac-555214\" class=\"c-accordion__content\">\n<p><strong>Funding Entity:<\/strong> Minas de Aguas Te\u00f1idas SAU (MATSA)<br><strong>Principal Investigator:<\/strong> Lola Yesares Ortiz<br><strong>Start Date:<\/strong> 02\/2017<br><strong>End Date:<\/strong> 08\/2017<br><strong>Total Funding:<\/strong> \u20ac7,500.00<\/p>\n<\/div><\/div>\n\n\n\n<div class=\"wp-block-pb-accordion-item c-accordion__item js-accordion-item no-js\" data-initially-open=\"false\" data-click-to-close=\"true\" data-auto-close=\"true\" data-scroll=\"false\" data-scroll-offset=\"0\"><h3 id=\"at-555215\" class=\"c-accordion__title js-accordion-controller\" role=\"button\">16. Biomarker evidence for bacterial sulphate reduction in the formation of Irish zinc-lead ore deposits. SF1523<\/h3><div id=\"ac-555215\" class=\"c-accordion__content\">\n<p><strong>Funding Entity:<\/strong> University College Dublin<br><strong>Principal Investigator:<\/strong> Julian Menuge (UCD)<br><strong>Participants:<\/strong> Lola Yesares Ortiz<br><strong>Start Date:<\/strong> 04\/2017<br><strong>End Date:<\/strong> 09\/2019<br><strong>Total Funding:<\/strong> \u20ac11,680.00<\/p>\n<\/div><\/div>\n\n\n\n<div class=\"wp-block-pb-accordion-item c-accordion__item js-accordion-item no-js\" data-initially-open=\"false\" data-click-to-close=\"true\" data-auto-close=\"true\" data-scroll=\"false\" data-scroll-offset=\"0\"><h3 id=\"at-555216\" class=\"c-accordion__title js-accordion-controller\" role=\"button\">17. Mineralogical Study of Gold Concentrate Samples Using Falcon<\/h3><div id=\"ac-555216\" class=\"c-accordion__content\">\n<p><strong>Funding Entity:<\/strong> Minas de Aguas Te\u00f1idas SAU (MATSA)<br><strong>Principal Investigator:<\/strong> Lola Yesares Ortiz<br><strong>Start Date:<\/strong> 12\/2017<br><strong>End Date:<\/strong> 06\/2018<br><strong>Total Funding:<\/strong> \u20ac7,700.00<\/p>\n<\/div><\/div>\n\n\n\n<div class=\"wp-block-pb-accordion-item c-accordion__item js-accordion-item no-js\" data-initially-open=\"false\" data-click-to-close=\"true\" data-auto-close=\"true\" data-scroll=\"false\" data-scroll-offset=\"0\"><h3 id=\"at-555217\" class=\"c-accordion__title js-accordion-controller\" role=\"button\">18. Origin of SEDEX-Style mineralisation in the UDL (Lucan Formation) hangingwall rocks at Navan \u2013 a new lithogeochemical exploration tool? 13\/RC\/2092 (RM1 .1 PD5)<\/h3><div id=\"ac-555217\" class=\"c-accordion__content\">\n<p><strong>Funding Entity:<\/strong> Science Foundation Ireland<br><strong>Principal Investigator:<\/strong> Julian Menuge (University College Dublin)<br><strong>Participation:<\/strong> Lola Yesares Ortiz<br><strong>Start Date:<\/strong> September 1, 2016<br><strong>End Date:<\/strong> May 31, 2020<br><strong>Total Funding:<\/strong> \u20ac138,600<\/p>\n<\/div><\/div>\n\n\n\n<div class=\"wp-block-pb-accordion-item c-accordion__item js-accordion-item no-js\" data-initially-open=\"false\" data-click-to-close=\"true\" data-auto-close=\"true\" data-scroll=\"false\" data-scroll-offset=\"0\"><h3 id=\"at-555218\" class=\"c-accordion__title js-accordion-controller\" role=\"button\">19. Mineralogical and Petrological Study of the \u00abMina Magdalena\u00bb Mining Project Located in the Municipality of Almonaster la Real, Based on Core Samples<\/h3><div id=\"ac-555218\" class=\"c-accordion__content\">\n<p><strong>Funding Entity:<\/strong> Minas de Aguas Te\u00f1idas S.A.U. (MATSA)<br><strong>Principal Investigator:<\/strong> Reinaldo S\u00e1ez Ramos<br><strong>Start Date:<\/strong> July 24, 2015<br><strong>End Date:<\/strong> January 4, 2017<br><strong>Total Funding:<\/strong> \u20ac43,967.77<\/p>\n<\/div><\/div>\n\n\n\n<div class=\"wp-block-pb-accordion-item c-accordion__item js-accordion-item no-js\" data-initially-open=\"false\" data-click-to-close=\"true\" data-auto-close=\"true\" data-scroll=\"false\" data-scroll-offset=\"0\"><h3 id=\"at-555219\" class=\"c-accordion__title js-accordion-controller\" role=\"button\">20. Relationships Between Black Shales and Massive Sulfides in the Geological Record of Anoxic Events (P-S ANOXIA)<\/h3><div id=\"ac-555219\" class=\"c-accordion__content\">\n<p><strong>Funding Entity:<\/strong> Ministry of Education, Culture, and Sport<br><strong>Participating Entities:<\/strong> University of Huelva<br><strong>Principal Investigator:<\/strong> Carmen Moreno Garrido<br><strong>Start Date:<\/strong> December 2012<br><strong>End Date:<\/strong> November 2014<br><strong>Total Funding:<\/strong> \u20ac130,000.00<\/p>\n<\/div><\/div>\n\n\n\n<div class=\"wp-block-pb-accordion-item c-accordion__item js-accordion-item no-js\" data-initially-open=\"false\" data-click-to-close=\"true\" data-auto-close=\"true\" data-scroll=\"false\" data-scroll-offset=\"0\"><h3 id=\"at-555220\" class=\"c-accordion__title js-accordion-controller\" role=\"button\">21. Geoarchaeological Research Project on Ancient Mining Linked Interregionally to the Western Mediterranean, III Millennium BCE (PIGMALIOM IV) The Collapse of the System<\/h3><div id=\"ac-555220\" class=\"c-accordion__content\">\n<p><strong>Funding Entity:<\/strong> Ministry of Science and Technology (CICYT-FEDER)<br><strong>Participating Entities:<\/strong> University of Huelva<br><strong>Principal Investigator:<\/strong> Francisco Nocete Calvo<br><strong>Start Date:<\/strong> January 2010<br><strong>End Date:<\/strong> December 2013<br><strong>Total Funding:<\/strong> \u20ac60,000.00<\/p>\n<\/div><\/div>\n\n\n\n<div class=\"wp-block-pb-accordion-item c-accordion__item js-accordion-item no-js\" data-initially-open=\"false\" data-click-to-close=\"true\" data-auto-close=\"true\" data-scroll=\"false\" data-scroll-offset=\"0\"><h3 id=\"at-555221\" class=\"c-accordion__title js-accordion-controller\" role=\"button\">22. The Devonian-Carboniferous Boundary in the Variscan Orogen: Anoxic Sedimentation and Deposit Controls. D-C Anoxia II<\/h3><div id=\"ac-555221\" class=\"c-accordion__content\">\n<p><strong>Funding Entity:<\/strong> Ministry of Science and Technology (MCYT and FEDER)<br><strong>Participating Entities:<\/strong> University of Huelva, CSIC<br><strong>Principal Investigator:<\/strong> Carmen Moreno Garrido<br><strong>Start Date:<\/strong> October 2006<br><strong>End Date:<\/strong> June 2010<br><strong>Total Funding:<\/strong> \u20ac60,500.00<\/p>\n<\/div><\/div>\n<\/div>\n<\/div>\n\n\n\n<div style=\"height:100px\" aria-hidden=\"true\" class=\"wp-block-spacer\"><\/div>\n","protected":false},"excerpt":{"rendered":"<p>Projects Mineral Resources Unit<\/p>\n","protected":false},"author":2,"featured_media":0,"parent":0,"menu_order":0,"comment_status":"closed","ping_status":"closed","template":"","meta":{"site-sidebar-layout":"default","site-content-layout":"","ast-site-content-layout":"","site-content-style":"default","site-sidebar-style":"default","ast-global-header-display":"","ast-banner-title-visibility":"","ast-main-header-display":"","ast-hfb-above-header-display":"","ast-hfb-below-header-display":"","ast-hfb-mobile-header-display":"","site-post-title":"","ast-breadcrumbs-content":"","ast-featured-img":"","footer-sml-layout":"","theme-transparent-header-meta":"","adv-header-id-meta":"","stick-header-meta":"","header-above-stick-meta":"","header-main-stick-meta":"","header-below-stick-meta":"","astra-migrate-meta-layouts":"","footnotes":""},"_links":{"self":[{"href":"https:\/\/www.uhu.es\/rensma\/wp-json\/wp\/v2\/pages\/5552"}],"collection":[{"href":"https:\/\/www.uhu.es\/rensma\/wp-json\/wp\/v2\/pages"}],"about":[{"href":"https:\/\/www.uhu.es\/rensma\/wp-json\/wp\/v2\/types\/page"}],"author":[{"embeddable":true,"href":"https:\/\/www.uhu.es\/rensma\/wp-json\/wp\/v2\/users\/2"}],"replies":[{"embeddable":true,"href":"https:\/\/www.uhu.es\/rensma\/wp-json\/wp\/v2\/comments?post=5552"}],"version-history":[{"count":2,"href":"https:\/\/www.uhu.es\/rensma\/wp-json\/wp\/v2\/pages\/5552\/revisions"}],"predecessor-version":[{"id":5769,"href":"https:\/\/www.uhu.es\/rensma\/wp-json\/wp\/v2\/pages\/5552\/revisions\/5769"}],"wp:attachment":[{"href":"https:\/\/www.uhu.es\/rensma\/wp-json\/wp\/v2\/media?parent=5552"}],"curies":[{"name":"wp","href":"https:\/\/api.w.org\/{rel}","templated":true}]}}