{"id":5610,"date":"2024-08-29T14:42:10","date_gmt":"2024-08-29T12:42:10","guid":{"rendered":"https:\/\/www.uhu.es\/rensma\/?page_id=5610"},"modified":"2024-08-29T14:42:11","modified_gmt":"2024-08-29T12:42:11","slug":"research-and-teaching-commission","status":"publish","type":"page","link":"https:\/\/www.uhu.es\/rensma\/en\/research-and-teaching-commission\/","title":{"rendered":"Research and Teaching Commission"},"content":{"rendered":"\n<div style=\"height:100px\" aria-hidden=\"true\" class=\"wp-block-spacer\"><\/div>\n\n\n\n<h2 class=\"wp-block-heading has-text-align-center\">Research and Teaching Committee<\/h2>\n\n\n\n<div class=\"wp-block-columns is-layout-flex wp-container-4 wp-block-columns-is-layout-flex\">\n<div class=\"wp-block-column is-layout-flow wp-block-column-is-layout-flow\">\n<figure class=\"wp-block-image aligncenter size-medium\"><img decoding=\"async\" loading=\"lazy\" width=\"279\" height=\"300\" src=\"https:\/\/www.uhu.es\/rensma\/wp-content\/uploads\/2019\/06\/subdirector-279x300.jpg\" alt=\"\" class=\"wp-image-759\" style=\"aspect-ratio:1;object-fit:contain\" srcset=\"https:\/\/www.uhu.es\/rensma\/wp-content\/uploads\/2019\/06\/subdirector-279x300.jpg 279w, https:\/\/www.uhu.es\/rensma\/wp-content\/uploads\/2019\/06\/subdirector-768x827.jpg 768w, https:\/\/www.uhu.es\/rensma\/wp-content\/uploads\/2019\/06\/subdirector-951x1024.jpg 951w, https:\/\/www.uhu.es\/rensma\/wp-content\/uploads\/2019\/06\/subdirector.jpg 1162w\" sizes=\"(max-width: 279px) 100vw, 279px\" \/><\/figure>\n\n\n\n<p class=\"has-text-align-center\"><strong>Director:<\/strong><br>Juan Pedro Bol\u00edvar Raya<br>Email: bolivar@uhu.es<br>Phone: 959 21 97 93<\/p>\n<\/div>\n\n\n\n<div class=\"wp-block-column is-layout-flow wp-block-column-is-layout-flow\">\n<figure class=\"wp-block-image aligncenter size-thumbnail is-resized\"><img decoding=\"async\" loading=\"lazy\" src=\"https:\/\/www.uhu.es\/rensma\/wp-content\/uploads\/2019\/09\/Oscar-150x150.jpg\" alt=\"\" class=\"wp-image-1439\" style=\"object-fit:cover;width:276px;height:276px\" width=\"276\" height=\"276\" srcset=\"https:\/\/www.uhu.es\/rensma\/wp-content\/uploads\/2019\/09\/Oscar-150x150.jpg 150w, https:\/\/www.uhu.es\/rensma\/wp-content\/uploads\/2019\/09\/Oscar.jpg 166w\" sizes=\"(max-width: 276px) 100vw, 276px\" \/><\/figure>\n\n\n\n<p class=\"has-text-align-center\"><strong>Deputy Director:<\/strong><br>\u00d3scar Mart\u00edn Lozano Rojas<br>Email: Oscar.lozano@dpsi.uhu.es<br>Phone: 959 21 84 38<\/p>\n<\/div>\n\n\n\n<div class=\"wp-block-column is-layout-flow wp-block-column-is-layout-flow\">\n<figure class=\"wp-block-image aligncenter size-full is-resized\"><img decoding=\"async\" loading=\"lazy\" src=\"https:\/\/www.uhu.es\/rensma\/wp-content\/uploads\/2019\/09\/Rosa_Leon.jpg\" alt=\"\" class=\"wp-image-1402\" style=\"width:216px;height:278px\" width=\"216\" height=\"278\"\/><\/figure>\n\n\n\n<p class=\"has-text-align-center\"><strong>Secretary:<\/strong><br>Rosa Le\u00f3n Ba\u00f1ares<br>Email: rleon@pas.uhu.es<br>Phone: 959 21 99 51<\/p>\n<\/div>\n<\/div>\n\n\n\n<div class=\"wp-block-columns is-layout-flex wp-container-8 wp-block-columns-is-layout-flex\">\n<div class=\"wp-block-column is-layout-flow wp-block-column-is-layout-flow\">\n<figure class=\"wp-block-image aligncenter size-full is-resized\"><img decoding=\"async\" loading=\"lazy\" src=\"https:\/\/www.uhu.es\/rensma\/wp-content\/uploads\/2019\/09\/Carlos_Vilchez.jpg\" alt=\"\" class=\"wp-image-1410\" style=\"object-fit:contain;width:278px;height:278px\" width=\"278\" height=\"278\" srcset=\"https:\/\/www.uhu.es\/rensma\/wp-content\/uploads\/2019\/09\/Carlos_Vilchez.jpg 166w, https:\/\/www.uhu.es\/rensma\/wp-content\/uploads\/2019\/09\/Carlos_Vilchez-150x150.jpg 150w\" sizes=\"(max-width: 278px) 100vw, 278px\" \/><\/figure>\n\n\n\n<p class=\"has-text-align-center\"><strong>Representative of the Microalgae Biotechnology Unit:<\/strong><br>Carlos V\u00edlchez Lobato<br>Email: cvilchez@uhu.es<br>Phone: 959 21 99 47<\/p>\n<\/div>\n\n\n\n<div class=\"wp-block-column is-layout-flow wp-block-column-is-layout-flow\">\n<figure class=\"wp-block-image aligncenter size-full is-resized\"><img decoding=\"async\" loading=\"lazy\" src=\"https:\/\/www.uhu.es\/rensma\/wp-content\/uploads\/2019\/07\/Nieto.jpg\" alt=\"\" class=\"wp-image-1142\" style=\"object-fit:cover;width:276px;height:276px\" width=\"276\" height=\"276\"\/><\/figure>\n\n\n\n<p class=\"has-text-align-center\"><strong>Representative of the Environmental Mineralogy and Geochemistry Unit:<\/strong><br>Jose Miguel Nieto Li\u00f1\u00e1n<br>Email: jmnieto@uhu.es<br>Phone: 959 21 98 11<\/p>\n<\/div>\n\n\n\n<div class=\"wp-block-column is-layout-flow wp-block-column-is-layout-flow\">\n<figure class=\"wp-block-image aligncenter size-large is-resized\"><img decoding=\"async\" loading=\"lazy\" src=\"https:\/\/www.uhu.es\/rensma\/wp-content\/uploads\/2019\/09\/IMG_9130-1024x922.jpg\" alt=\"\" class=\"wp-image-3724\" style=\"object-fit:cover;width:276px;height:276px\" width=\"276\" height=\"276\"\/><\/figure>\n\n\n\n<p class=\"has-text-align-center\"><strong>Representative of the Mental Health and Drug Use: Determinants and Psychological Measurement Unit:<\/strong><br>M\u00aa del Carmen D\u00edaz Batanero<br>Email: carmen.diaz@dpsi.uhu.es<br>Phone: 959 21 84 28<\/p>\n<\/div>\n<\/div>\n\n\n\n<div class=\"wp-block-columns is-layout-flex wp-container-12 wp-block-columns-is-layout-flex\">\n<div class=\"wp-block-column is-layout-flow wp-block-column-is-layout-flow\">\n<figure class=\"wp-block-image aligncenter size-full is-resized\"><img decoding=\"async\" loading=\"lazy\" src=\"https:\/\/www.uhu.es\/rensma\/wp-content\/uploads\/2019\/09\/Juan_Alguacil.jpg\" alt=\"\" class=\"wp-image-1483\" style=\"object-fit:contain;width:278px;height:278px\" width=\"278\" height=\"278\" srcset=\"https:\/\/www.uhu.es\/rensma\/wp-content\/uploads\/2019\/09\/Juan_Alguacil.jpg 166w, https:\/\/www.uhu.es\/rensma\/wp-content\/uploads\/2019\/09\/Juan_Alguacil-150x150.jpg 150w\" sizes=\"(max-width: 278px) 100vw, 278px\" \/><\/figure>\n\n\n\n<p class=\"has-text-align-center\"><strong>Representative of the Neurosciences Unit:<\/strong><br>Juan Alguacil Ojeda<br>Email: alguacil@dbasp.uhu.es<br>Phone: 959 21 98 90<\/p>\n<\/div>\n\n\n\n<div class=\"wp-block-column is-layout-flow wp-block-column-is-layout-flow\">\n<figure class=\"wp-block-image aligncenter size-full is-resized\"><img decoding=\"async\" loading=\"lazy\" src=\"https:\/\/www.uhu.es\/rensma\/wp-content\/uploads\/2021\/11\/jose-prenda.jpeg\" alt=\"\" class=\"wp-image-3224\" style=\"object-fit:cover;width:276px;height:276px\" width=\"276\" height=\"276\"\/><\/figure>\n\n\n\n<p class=\"has-text-align-center\"><strong>Representative of the Waste Characterization and Evaluation Unit:<\/strong><br>Jos\u00e9 Prenda Mar\u00edn<br>Email: jprenda@uhu.es<br>Phone: 959 21 98 88<\/p>\n<\/div>\n\n\n\n<div class=\"wp-block-column is-layout-flow wp-block-column-is-layout-flow\">\n<figure class=\"wp-block-image aligncenter size-large is-resized\"><img decoding=\"async\" loading=\"lazy\" src=\"https:\/\/www.uhu.es\/rensma\/wp-content\/uploads\/2020\/04\/Rsaez-768x1024.jpg\" alt=\"\" class=\"wp-image-2465\" style=\"width:216px;height:278px\" width=\"216\" height=\"278\"\/><\/figure>\n\n\n\n<p class=\"has-text-align-center\"><strong>Representative of the Mineral Resources Unit:<\/strong><br>Reinaldo S\u00e1ez Ramos<br>Email: saez@uhu.es<br>Phone: 959 21 98 22<\/p>\n<\/div>\n<\/div>\n\n\n\n<div class=\"wp-block-columns is-layout-flex wp-container-16 wp-block-columns-is-layout-flex\">\n<div class=\"wp-block-column is-layout-flow wp-block-column-is-layout-flow\">\n<figure class=\"wp-block-image aligncenter size-full is-resized\"><img decoding=\"async\" loading=\"lazy\" src=\"https:\/\/www.uhu.es\/rensma\/wp-content\/uploads\/2019\/09\/Javier_Vigara.jpg\" alt=\"\" class=\"wp-image-1407\" style=\"object-fit:contain;width:278px;height:278px\" width=\"278\" height=\"278\" srcset=\"https:\/\/www.uhu.es\/rensma\/wp-content\/uploads\/2019\/09\/Javier_Vigara.jpg 332w, https:\/\/www.uhu.es\/rensma\/wp-content\/uploads\/2019\/09\/Javier_Vigara-150x150.jpg 150w, https:\/\/www.uhu.es\/rensma\/wp-content\/uploads\/2019\/09\/Javier_Vigara-300x300.jpg 300w\" sizes=\"(max-width: 278px) 100vw, 278px\" \/><\/figure>\n\n\n\n<p class=\"has-text-align-center\"><strong>Representative of the Photosynthetic Organism Genetic Improvement Unit:<\/strong><br>Javier Vigara Fern\u00e1ndez<br>Email: vigara@uhu.es<br>Phone: 959 21 99 49<\/p>\n<\/div>\n\n\n\n<div class=\"wp-block-column is-layout-flow wp-block-column-is-layout-flow\">\n<figure class=\"wp-block-image aligncenter size-full is-resized\"><img decoding=\"async\" loading=\"lazy\" src=\"https:\/\/www.uhu.es\/rensma\/wp-content\/uploads\/2019\/09\/Rafael_Torrontera.jpg\" alt=\"\" class=\"wp-image-1533\" style=\"object-fit:cover;width:276px;height:276px\" width=\"276\" height=\"276\"\/><\/figure>\n\n\n\n<p class=\"has-text-align-center\"><strong>Representative of the Biology and Environmental Analysis Unit:<\/strong><br>Rafael Torronteras Santiago<br>Email: torronte@dcaf.uhu.es<br>Phone: 959 21 98 88<\/p>\n<\/div>\n\n\n\n<div class=\"wp-block-column is-layout-flow wp-block-column-is-layout-flow\">\n<figure class=\"wp-block-image aligncenter size-full is-resized\"><img decoding=\"async\" loading=\"lazy\" src=\"https:\/\/www.uhu.es\/rensma\/wp-content\/uploads\/2019\/06\/secretaria.jpg\" alt=\"\" class=\"wp-image-866\" style=\"width:216px;height:278px\" width=\"216\" height=\"278\"\/><\/figure>\n\n\n\n<p class=\"has-text-align-center\"><strong>Representative of the Environmental Analysis and Bioanalysis Unit:<\/strong><br>Tamara Garc\u00eda Barrera<br>Group: FQM-141<br>Email: Tamara@uhu.es<br>Phone: 959 21 99 62<\/p>\n<\/div>\n<\/div>\n\n\n\n<div class=\"wp-block-columns is-layout-flex wp-container-18 wp-block-columns-is-layout-flex\">\n<div class=\"wp-block-column is-layout-flow wp-block-column-is-layout-flow\">\n<figure class=\"wp-block-image aligncenter size-full is-resized\"><img decoding=\"async\" loading=\"lazy\" src=\"https:\/\/www.uhu.es\/rensma\/wp-content\/uploads\/2019\/09\/Francisco_Navarro.jpg\" alt=\"\" class=\"wp-image-1408\" style=\"object-fit:cover;width:276px;height:276px\" width=\"276\" height=\"276\" srcset=\"https:\/\/www.uhu.es\/rensma\/wp-content\/uploads\/2019\/09\/Francisco_Navarro.jpg 166w, https:\/\/www.uhu.es\/rensma\/wp-content\/uploads\/2019\/09\/Francisco_Navarro-150x150.jpg 150w\" sizes=\"(max-width: 276px) 100vw, 276px\" \/><\/figure>\n\n\n\n<p class=\"has-text-align-center\"><strong>Representative of the Cellular Alterations by Exogenous Agents Unit:<\/strong><br>Francisco Navarro Rold\u00e1n<br>Email: fnavarro@dbasp.uhu.es<br>Phone: 959 21 98 80<\/p>\n<\/div>\n<\/div>\n","protected":false},"excerpt":{"rendered":"<p>Research and Teaching Committee Director:Juan Pedro Bol\u00edvar RayaEmail: bolivar@uhu.esPhone: 959 21 97 93 Deputy Director:\u00d3scar Mart\u00edn Lozano RojasEmail: Oscar.lozano@dpsi.uhu.esPhone: 959 21 84 38 Secretary:Rosa Le\u00f3n Ba\u00f1aresEmail: rleon@pas.uhu.esPhone: 959 21 99 51 Representative of the Microalgae Biotechnology Unit:Carlos V\u00edlchez LobatoEmail: cvilchez@uhu.esPhone: 959 21 99 47 Representative of the Environmental Mineralogy and Geochemistry Unit:Jose Miguel Nieto Li\u00f1\u00e1nEmail: &hellip;<\/p>\n<p class=\"read-more\"> <a class=\"\" href=\"https:\/\/www.uhu.es\/rensma\/en\/research-and-teaching-commission\/\"> <span class=\"screen-reader-text\">Research and Teaching Commission<\/span> Leer m\u00e1s &raquo;<\/a><\/p>\n","protected":false},"author":2,"featured_media":0,"parent":0,"menu_order":0,"comment_status":"closed","ping_status":"closed","template":"","meta":{"site-sidebar-layout":"default","site-content-layout":"","ast-site-content-layout":"","site-content-style":"default","site-sidebar-style":"default","ast-global-header-display":"","ast-banner-title-visibility":"","ast-main-header-display":"","ast-hfb-above-header-display":"","ast-hfb-below-header-display":"","ast-hfb-mobile-header-display":"","site-post-title":"","ast-breadcrumbs-content":"","ast-featured-img":"","footer-sml-layout":"","theme-transparent-header-meta":"","adv-header-id-meta":"","stick-header-meta":"","header-above-stick-meta":"","header-main-stick-meta":"","header-below-stick-meta":"","astra-migrate-meta-layouts":"","footnotes":""},"_links":{"self":[{"href":"https:\/\/www.uhu.es\/rensma\/wp-json\/wp\/v2\/pages\/5610"}],"collection":[{"href":"https:\/\/www.uhu.es\/rensma\/wp-json\/wp\/v2\/pages"}],"about":[{"href":"https:\/\/www.uhu.es\/rensma\/wp-json\/wp\/v2\/types\/page"}],"author":[{"embeddable":true,"href":"https:\/\/www.uhu.es\/rensma\/wp-json\/wp\/v2\/users\/2"}],"replies":[{"embeddable":true,"href":"https:\/\/www.uhu.es\/rensma\/wp-json\/wp\/v2\/comments?post=5610"}],"version-history":[{"count":1,"href":"https:\/\/www.uhu.es\/rensma\/wp-json\/wp\/v2\/pages\/5610\/revisions"}],"predecessor-version":[{"id":5611,"href":"https:\/\/www.uhu.es\/rensma\/wp-json\/wp\/v2\/pages\/5610\/revisions\/5611"}],"wp:attachment":[{"href":"https:\/\/www.uhu.es\/rensma\/wp-json\/wp\/v2\/media?parent=5610"}],"curies":[{"name":"wp","href":"https:\/\/api.w.org\/{rel}","templated":true}]}}