{"id":5667,"date":"2024-08-29T17:49:38","date_gmt":"2024-08-29T15:49:38","guid":{"rendered":"https:\/\/www.uhu.es\/rensma\/?page_id=5667"},"modified":"2024-08-29T17:49:39","modified_gmt":"2024-08-29T15:49:39","slug":"master-universitario-en-proteccion-radiologica-ambiental","status":"publish","type":"page","link":"https:\/\/www.uhu.es\/rensma\/master-universitario-en-proteccion-radiologica-ambiental\/","title":{"rendered":"M\u00e1ster Universitario en Protecci\u00f3n Radiol\u00f3gica Ambiental"},"content":{"rendered":"\n<figure class=\"wp-block-image size-large\"><img decoding=\"async\" loading=\"lazy\" width=\"1024\" height=\"427\" src=\"https:\/\/www.uhu.es\/rensma\/wp-content\/uploads\/2024\/08\/032-largue-1-1024x427.jpg\" alt=\"\" class=\"wp-image-5663\" srcset=\"https:\/\/www.uhu.es\/rensma\/wp-content\/uploads\/2024\/08\/032-largue-1-1024x427.jpg 1024w, https:\/\/www.uhu.es\/rensma\/wp-content\/uploads\/2024\/08\/032-largue-1-300x125.jpg 300w, https:\/\/www.uhu.es\/rensma\/wp-content\/uploads\/2024\/08\/032-largue-1-768x320.jpg 768w, https:\/\/www.uhu.es\/rensma\/wp-content\/uploads\/2024\/08\/032-largue-1-50x21.jpg 50w, https:\/\/www.uhu.es\/rensma\/wp-content\/uploads\/2024\/08\/032-largue-1.jpg 1200w\" sizes=\"(max-width: 1024px) 100vw, 1024px\" \/><\/figure>\n\n\n<ul>\n<li><b>Duraci\u00f3n del m\u00e1ster:<\/b> 60 cr\u00e9ditos ECTS<\/li>\n<li><b>Modalidad de ense\u00f1anza:<\/b> Presencial<\/li>\n<li><b>Lugar donde se imparte:<\/b> Facultad de Ciencias Experimentales<\/li>\n<li><b>Idioma en que se imparte:<\/b> Castellano<\/li>\n<li><b>N\u00famero de plazas de nuevo ingreso:<\/b> (por UHU) 25<\/li>\n<\/ul>\n<p>El M\u00e1ster Universitario en Protecci\u00f3n Radiol\u00f3gica Ambiental es un programa conjunto de estudios que conduce a la obtenci\u00f3n del t\u00edtulo oficial de M\u00e1ster Universitario en Protecci\u00f3n Radiol\u00f3gica Ambiental, expedido por las instituciones universitarias participantes:<\/p>\n<ul>\n<li>Universidad de las Illes Balears, como universidad coordinadora.<\/li>\n<li>Universidad de Barcelona<\/li>\n<li>Universidad de Cantabria<\/li>\n<li>Universidad de Extremadura<\/li>\n<li>Universidad de Huelva<\/li>\n<li>Universidad de Las Palmas de Gran Canaria<\/li>\n<li>Universidad de Valencia (Estudi General)<\/li>\n<\/ul>\n<p>En el desarrollo del m\u00e1ster se presentar\u00e1n los fundamentos, principios y conceptos relacionados con la f\u00edsica nuclear, la radiactividad, la radioqu\u00edmica y la radioecolog\u00eda, para que sustenten un conocimiento s\u00f3lido en la materia. Tambi\u00e9n se impartir\u00e1n materias que ofrecer\u00e1n formaci\u00f3n en las t\u00e9cnicas de medida de la radiactividad con garant\u00edas de calidad, y el tratamiento estad\u00edstico y el an\u00e1lisis matem\u00e1tico de los resultados experimentales. A partir de aqu\u00ed, se prev\u00e9 completar su formaci\u00f3n ofreciendo a los estudiantes las herramientas para realizar la dosimetr\u00eda de radiaciones ionizantes y la evaluaci\u00f3n de riesgo radiol\u00f3gico ambiental, en general, y frente al rad\u00f3n y en industrias NORM, en particular. Se introducir\u00e1 al alumnado en el marco normativo vigente en el campo de las radiaciones ionizantes. Adem\u00e1s, se ofrecer\u00e1 una primera aproximaci\u00f3n al control de calidad en un laboratorio de radiactividad ambiental, dado que es un campo que exige a estos laboratorios estar acreditados por la norma UNE-EN-ISO 17025 sobre competencia de los laboratorios de ensayo.<\/p>\n<p>Por otro lado, se complementar\u00e1 la formaci\u00f3n con pr\u00e1cticas de laboratorio, que presentar\u00e1n al alumnado los aspectos relevantes para alcanzar resultados fiables, como la toma y conservaci\u00f3n de muestras, el tratamiento qu\u00edmico para la separaci\u00f3n de radionucleidos, t\u00e9cnicas de medidas, calibraci\u00f3n de instrumentos, cuantificaci\u00f3n de actividades, incertidumbres y l\u00edmites de detecci\u00f3n, c\u00e1lculos de dosis, evaluaci\u00f3n de riesgo radiactivo, control de calidad y elaboraci\u00f3n de informes. Adem\u00e1s, el alumnado realizar\u00e1 un periodo de pr\u00e1cticas externas en empresas y\/o entidades del sector que le permitir\u00e1 familiarizarse con el perfil profesional actual.<\/p>\n<p>Por \u00faltimo, el desarrollo, redacci\u00f3n de una memoria y defensa p\u00fablica de un trabajo de fin de m\u00e1ster ofrecer\u00e1 a los estudiantes un enfoque de la investigaci\u00f3n cient\u00edfica en el que podr\u00e1n demostrar el nivel de formaci\u00f3n adquirido en los estudios cursados.<\/p>\n<p>Los perfiles fundamentales de ingreso del alumnado del M\u00e1ster Universitario en Protecci\u00f3n Radiol\u00f3gica Ambiental pueden agruparse en cuatro:<\/p>\n<ul>\n<li>Personal investigador en formaci\u00f3n que podr\u00e1 incorporarse a los actuales grupos de investigaci\u00f3n en protecci\u00f3n radiol\u00f3gica ambiental (por ej., en Espa\u00f1a, donde cuentan con una dilatada experiencia y relevancia a nivel internacional, en los cuales deber\u00eda garantizarse la reposici\u00f3n de sus actuales miembros).<\/li>\n<li>Profesional t\u00e9cnico especializado en empresas relacionadas con todo el ciclo de producci\u00f3n de energ\u00eda nuclear (por ej., la miner\u00eda, la fabricaci\u00f3n de elementos combustibles, la producci\u00f3n de energ\u00eda de origen nuclear y la gesti\u00f3n de residuos).<\/li>\n<li>Profesional t\u00e9cnico especializado en un amplio sector de empresas de ingenier\u00eda y las UTPR.<\/li>\n<li>Profesional t\u00e9cnico especializado en instalaciones radiactivas, tales como laboratorios de ensayos radiactivos para dar cumplimiento a los requisitos exigidos en directivas de la CE, transpuestos a leyes y reales decretos, para lo cual deben trabajar bajo la norma UNE-EN-ISO 17025, Medicina, instalaciones de control de procesos, y similares.<\/li>\n<\/ul>\n<p><b>Centro responsable:<\/b> Universitat de les Illes Balears<\/p>\n<p>Para m\u00e1s informaci\u00f3n sobre m\u00e1steres oficiales, planes de estudio, requisitos acad\u00e9micos, reconocimiento de cr\u00e9ditos&#8230; <br \/><b>E-mail:<\/b> info.masteres@uhu.es<\/p>\n<p><a href=\"https:\/\/estudis.uib.es\/es\/estudis-de-master\/master\/MPRA\/pla_estudis.html\" target=\"_blank\" rel=\"noopener noreferrer\"><img decoding=\"async\" loading=\"lazy\" class=\"alignright wp-image-2095\" src=\"https:\/\/www.uhu.es\/rensma\/wp-content\/uploads\/2020\/01\/ASIGNATURASROJO-1.jpg\" alt=\"\" width=\"210\" height=\"94\" \/><\/a><a href=\"https:\/\/estudis.uib.es\/es\/estudis-de-master\/master\/MPRA\/index.html\" target=\"_blank\" rel=\"noopener noreferrer\"><img decoding=\"async\" loading=\"lazy\" class=\"alignright wp-image-2095\" src=\"https:\/\/www.uhu.es\/rensma\/wp-content\/uploads\/2020\/01\/web.jpg\" alt=\"\" width=\"210\" height=\"94\" \/><\/a><\/p>","protected":false},"excerpt":{"rendered":"<p>Duraci\u00f3n del m\u00e1ster: 60 cr\u00e9ditos ECTS Modalidad de ense\u00f1anza: Presencial Lugar donde se imparte: Facultad de Ciencias Experimentales Idioma en que se imparte: Castellano N\u00famero de plazas de nuevo ingreso: (por UHU) 25 El M\u00e1ster Universitario en Protecci\u00f3n Radiol\u00f3gica Ambiental es un programa conjunto de estudios que conduce a la obtenci\u00f3n del t\u00edtulo oficial de &hellip;<\/p>\n<p class=\"read-more\"> <a class=\"\" href=\"https:\/\/www.uhu.es\/rensma\/master-universitario-en-proteccion-radiologica-ambiental\/\"> <span class=\"screen-reader-text\">M\u00e1ster Universitario en Protecci\u00f3n Radiol\u00f3gica Ambiental<\/span> Leer m\u00e1s &raquo;<\/a><\/p>\n","protected":false},"author":2,"featured_media":0,"parent":0,"menu_order":0,"comment_status":"closed","ping_status":"closed","template":"","meta":{"site-sidebar-layout":"default","site-content-layout":"","ast-site-content-layout":"","site-content-style":"default","site-sidebar-style":"default","ast-global-header-display":"","ast-banner-title-visibility":"","ast-main-header-display":"","ast-hfb-above-header-display":"","ast-hfb-below-header-display":"","ast-hfb-mobile-header-display":"","site-post-title":"","ast-breadcrumbs-content":"","ast-featured-img":"","footer-sml-layout":"","theme-transparent-header-meta":"","adv-header-id-meta":"","stick-header-meta":"","header-above-stick-meta":"","header-main-stick-meta":"","header-below-stick-meta":"","astra-migrate-meta-layouts":"","footnotes":""},"_links":{"self":[{"href":"https:\/\/www.uhu.es\/rensma\/wp-json\/wp\/v2\/pages\/5667"}],"collection":[{"href":"https:\/\/www.uhu.es\/rensma\/wp-json\/wp\/v2\/pages"}],"about":[{"href":"https:\/\/www.uhu.es\/rensma\/wp-json\/wp\/v2\/types\/page"}],"author":[{"embeddable":true,"href":"https:\/\/www.uhu.es\/rensma\/wp-json\/wp\/v2\/users\/2"}],"replies":[{"embeddable":true,"href":"https:\/\/www.uhu.es\/rensma\/wp-json\/wp\/v2\/comments?post=5667"}],"version-history":[{"count":1,"href":"https:\/\/www.uhu.es\/rensma\/wp-json\/wp\/v2\/pages\/5667\/revisions"}],"predecessor-version":[{"id":5668,"href":"https:\/\/www.uhu.es\/rensma\/wp-json\/wp\/v2\/pages\/5667\/revisions\/5668"}],"wp:attachment":[{"href":"https:\/\/www.uhu.es\/rensma\/wp-json\/wp\/v2\/media?parent=5667"}],"curies":[{"name":"wp","href":"https:\/\/api.w.org\/{rel}","templated":true}]}}