{"id":5981,"date":"2025-05-01T17:48:38","date_gmt":"2025-05-01T15:48:38","guid":{"rendered":"https:\/\/www.uhu.es\/rensma\/?page_id=5981"},"modified":"2025-05-01T17:48:39","modified_gmt":"2025-05-01T15:48:39","slug":"plan-de-accion","status":"publish","type":"page","link":"https:\/\/www.uhu.es\/rensma\/plan-de-accion\/","title":{"rendered":"Plan de acci\u00f3n"},"content":{"rendered":"\n<div style=\"height:100px\" aria-hidden=\"true\" class=\"wp-block-spacer\"><\/div>\n\n\n\n<h1 class=\"wp-block-heading has-text-align-center\">PLAN DE ACCI\u00d3N<\/h1>\n\n\n\n<p>Cada a\u00f1o se crea un plan de acci\u00f3n del centro que tiene como objetivo la dinamizaci\u00f3n de la investigaci\u00f3n relacionada con el centro favoreciendo la incorporaci\u00f3n de nuevo personal investigador y facilitando la transferencia de conocimiento entre diferentes entidades investigadoras.<\/p>\n\n\n\n<div class=\"wp-block-file\"><object class=\"wp-block-file__embed\" data=\"https:\/\/www.uhu.es\/rensma\/wp-content\/uploads\/2025\/05\/Plan-Accion-RENSMA-2025.pdf\" type=\"application\/pdf\" style=\"width:100%;height:300px\" aria-label=\"Incrustado de Plan-Accion-RENSMA-2025.\"><\/object><a id=\"wp-block-file--media-709a79f0-25af-41ca-b07c-8c861a4c0b89\" href=\"https:\/\/www.uhu.es\/rensma\/wp-content\/uploads\/2025\/05\/Plan-Accion-RENSMA-2025.pdf\" target=\"_blank\" rel=\"noreferrer noopener\">Plan-Accion-RENSMA-2025<\/a><a href=\"https:\/\/www.uhu.es\/rensma\/wp-content\/uploads\/2025\/05\/Plan-Accion-RENSMA-2025.pdf\" class=\"wp-block-file__button wp-element-button\" download aria-describedby=\"wp-block-file--media-709a79f0-25af-41ca-b07c-8c861a4c0b89\">Descarga<\/a><\/div>\n","protected":false},"excerpt":{"rendered":"<p>PLAN DE ACCI\u00d3N Cada a\u00f1o se crea un plan de acci\u00f3n del centro que tiene como objetivo la dinamizaci\u00f3n de la investigaci\u00f3n relacionada con el centro favoreciendo la incorporaci\u00f3n de nuevo personal investigador y facilitando la transferencia de conocimiento entre diferentes entidades investigadoras.<\/p>\n","protected":false},"author":2,"featured_media":0,"parent":0,"menu_order":0,"comment_status":"closed","ping_status":"closed","template":"","meta":{"site-sidebar-layout":"default","site-content-layout":"","ast-site-content-layout":"","site-content-style":"default","site-sidebar-style":"default","ast-global-header-display":"","ast-banner-title-visibility":"","ast-main-header-display":"","ast-hfb-above-header-display":"","ast-hfb-below-header-display":"","ast-hfb-mobile-header-display":"","site-post-title":"","ast-breadcrumbs-content":"","ast-featured-img":"","footer-sml-layout":"","theme-transparent-header-meta":"","adv-header-id-meta":"","stick-header-meta":"","header-above-stick-meta":"","header-main-stick-meta":"","header-below-stick-meta":"","astra-migrate-meta-layouts":"","footnotes":""},"_links":{"self":[{"href":"https:\/\/www.uhu.es\/rensma\/wp-json\/wp\/v2\/pages\/5981"}],"collection":[{"href":"https:\/\/www.uhu.es\/rensma\/wp-json\/wp\/v2\/pages"}],"about":[{"href":"https:\/\/www.uhu.es\/rensma\/wp-json\/wp\/v2\/types\/page"}],"author":[{"embeddable":true,"href":"https:\/\/www.uhu.es\/rensma\/wp-json\/wp\/v2\/users\/2"}],"replies":[{"embeddable":true,"href":"https:\/\/www.uhu.es\/rensma\/wp-json\/wp\/v2\/comments?post=5981"}],"version-history":[{"count":1,"href":"https:\/\/www.uhu.es\/rensma\/wp-json\/wp\/v2\/pages\/5981\/revisions"}],"predecessor-version":[{"id":5983,"href":"https:\/\/www.uhu.es\/rensma\/wp-json\/wp\/v2\/pages\/5981\/revisions\/5983"}],"wp:attachment":[{"href":"https:\/\/www.uhu.es\/rensma\/wp-json\/wp\/v2\/media?parent=5981"}],"curies":[{"name":"wp","href":"https:\/\/api.w.org\/{rel}","templated":true}]}}