{"id":825,"date":"2019-06-26T10:01:08","date_gmt":"2019-06-26T08:01:08","guid":{"rendered":"http:\/\/www.uhu.es\/rensma\/?page_id=825"},"modified":"2019-06-28T13:41:05","modified_gmt":"2019-06-28T11:41:05","slug":"politica-de-privacidad","status":"publish","type":"page","link":"https:\/\/www.uhu.es\/rensma\/politica-de-privacidad\/","title":{"rendered":"Pol\u00edtica de Privacidad"},"content":{"rendered":"<p><strong>Datos del propietario: <\/strong><br \/>\nConforme a lo establecido en la ley de Servicios de la Sociedad de la Informaci\u00f3n (LSSI), se informa a los usuarios de <a href=\"https:\/\/www.uhu.es\/rensma\">https:\/\/www.uhu.es\/rensma<\/a> que estos son los datos del propietario de este sitio web:<\/p>\n<p><strong>Nombre:<\/strong> Universidad de Huelva<br \/>\n<strong>Direcci\u00f3n:<\/strong> Calle Dr. Cantero Cuadrado, 6. &#8211; 21004 &#8211; Huelva<br \/>\n<strong>NIF\/CIF\/NIE:<\/strong> Q71U-7150008-F<\/p>\n<p>El acceso al sitio web <a href=\"https:\/\/www.uhu.es\/rensma\">www.uhu.es\/rensma<\/a>, propiedad del Servicio de Ense\u00f1anza Virtual de la Universidad de Huelva y el uso de los servicios que en este sitio web se ofrecen, implica la aceptaci\u00f3n de los siguientes t\u00e9rminos y condiciones de uso:<\/p>\n<p><strong>Propiedad Intelectual: <\/strong><\/p>\n<p>El dise\u00f1o, c\u00f3digo fuente y contenidos del sitio web www.uhu.es\/rensma est\u00e1n protegidos por la legislaci\u00f3n espa\u00f1ola en lo referente a los derechos de propiedad intelectual e industrial a favor de Universidad de Huelva, quedando prohibida su reproducci\u00f3n, distribuci\u00f3n o comunicaci\u00f3n p\u00fablica, total o parcial, sin la autorizaci\u00f3n expresa de Universidad de Huelva.<\/p>\n<p><strong>Pol\u00edtica de Privacidad y Protecci\u00f3n de Datos (L.O.P.D.): <\/strong><\/p>\n<p>La Universidad de Huelva informa a los usuarios del sitio web <a href=\"https:\/\/www.uhu.es\/rensma\">www.uhu.es\/rensma<\/a>, que podr\u00e1 crear un archivo automatizado con los datos personales que sean puestos en su conocimiento, ya sea como consecuencia de la utilizaci\u00f3n de los servicios ofrecidos en www.uhu.es\/rensma, a causa de env\u00edos al correo electr\u00f3nico de contacto <strong>administracion@cv.uhu.es<\/strong> o por el uso de formularios de contacto o inscripci\u00f3n presentes en el sitio web. En todo caso, el almacenamiento, protecci\u00f3n y uso de dichos datos por parte de Universidad de Huelva ser\u00e1 conforme al estricto cumplimiento de lo preceptuado por la legislaci\u00f3n en materia de protecci\u00f3n de datos.<\/p>\n<p>En cumplimiento de lo dispuesto en la Ley Org\u00e1nica 15\/1999, de 13 de diciembre, de Protecci\u00f3n de Datos de Car\u00e1cter Personal, los usuarios podr\u00e1n ejercitar, en cualquier momento, los derechos de acceso, rectificaci\u00f3n, oposici\u00f3n y cancelaci\u00f3n de sus datos, que hubiesen sido recopilados y archivados. El ejercicio de estos derechos deber\u00e1 efectuarse mediante comunicaci\u00f3n escrita dirigida al Servicio de Ense\u00f1anza Virtual de la Universidad de Huelva o a la direcci\u00f3n de correo electr\u00f3nico de contacto (administracion@cv.uhu.es ) indicando en cualquiera de los casos, como referencia \u00abDATOS PERSONALES\u00bb y el referido derecho que pretendan accionar, adjuntando copia de su Documento Nacional de Identidad.<\/p>\n<p><strong>Disponibilidad y actualizaciones: <\/strong><\/p>\n<p>La Universidad de Huelva se reserva el derecho a interrumpir en cualquier momento y sin previo aviso el acceso al sitio web <a href=\"https:\/\/www.uhu.es\/rensma\">www.uhu.es\/rensma<\/a>, as\u00ed como a modificar o eliminar la configuraci\u00f3n del sitio, los contenidos que en el se muestran o la prestaci\u00f3n de cualquiera o de todos los servicios que se prestana trav\u00e9s del mismo, ya sea por motivos t\u00e9cnicos, de seguridad, de mantenimiento o por cualquier otra causa. Dicha interrupci\u00f3n, edici\u00f3n o eliminaci\u00f3n podr\u00e1 tener car\u00e1cter temporal o definitivo, sin que de ello se derive ninguna responsabilidad para Universidad de Huelva.<\/p>\n<p><strong>Uso del sitio web, sus contenidos y servicios: <\/strong><\/p>\n<p>El acceso a los contenidos y servicios que se ofrecen en <a href=\"https:\/\/www.uhu.es\/rensma\">www.uhu.es\/rensma<\/a>, y la utilizaci\u00f3n de los mismos por parte del Usuario, se lleva a cabo por su propia cuenta y riesgo.<\/p>\n<p>La Universidad de Huelva no se responsabiliza de posibles da\u00f1os o perjuicios que pueda sufrir el usuario, ni de posibles problemas t\u00e9cnicos o fallos en los equipos inform\u00e1ticos del usuario, que se produzcan debido a:<\/p>\n<ul>\n<li>Un mal uso de los contenidos o servicios por parte del usuario.<\/li>\n<li>Errores, defectos u omisiones en la informaci\u00f3n facilitada cuando proceda de fuentes ajenas a Universidad de Huelva.<\/li>\n<li>Intromisiones ileg\u00edtimas fuera del control de Universidad de Huelva por parte de terceras personas.<\/li>\n<\/ul>\n<p><strong>Marcas: <\/strong><\/p>\n<p>En <a href=\"https:\/\/www.uhu.es\/rensma\">www.uhu.es\/rensma<\/a> puede que se mencionen de forma indirecta y a nivel informativo algunos t\u00e9rminos y logotipos, que constituyen marcas registradas por sus respectivos propietarios, no haci\u00e9ndonos responsable de la utilizaci\u00f3n inadecuada que pudieran hacer terceras personas respecto a dichas marcas.<\/p>\n<p><strong>Pol\u00edtica de cookies: <\/strong><\/p>\n<p>Una cookie es un peque\u00f1o fichero de texto que se almacena en su navegador cuando visita casi cualquier p\u00e1gina web. Su utilidad es que la web sea capaz de recordar su visita cuando vuelva a navegar por esa p\u00e1gina. Las cookies suelen almacenar informaci\u00f3n de car\u00e1cter t\u00e9cnico, preferencias personales, personalizaci\u00f3n de contenidos, estad\u00edsticas de uso, enlaces a redes sociales, acceso a cuentas de usuario, etc. El objetivo de la cookie es adaptar el contenido de la web a su perfil y necesidades, sin cookies los servicios ofrecidos por cualquier p\u00e1gina se ver\u00edan mermados notablemente.<\/p>\n<p><strong>Cookies utilizadas en este sitio web: <\/strong><\/p>\n<p>Siguiendo las directrices de la Agencia Espa\u00f1ola de Protecci\u00f3n de Datos procedemos a detallar el uso de cookies que hace esta web con el fin de informarle con la m\u00e1xima exactitud posible.<\/p>\n<p>Este sitio web utiliza las siguientes <strong>cookies propias<\/strong>:<\/p>\n<ul>\n<li>Cookies de sesi\u00f3n, para garantizar que los usuarios que escriban comentarios en el blog sean humanos y no aplicaciones automatizadas. De esta forma se combate el spam.<\/li>\n<\/ul>\n<p>Este sitio web utiliza las siguientes <strong>cookies de terceros<\/strong>:<\/p>\n<ul>\n<li>Google Analytics: Almacena cookies para poder elaborar estad\u00edsticas sobre el tr\u00e1fico y volumen de visitas de esta web. Al utilizar este sitio web est\u00e1 consintiendo el tratamiento de informaci\u00f3n acerca de usted por Google. Por tanto, el ejercicio de cualquier derecho en este sentido deber\u00e1 hacerlo comunicando directamente con Google.<\/li>\n<li>Redes sociales: Cada red social utiliza sus propias cookies para que usted pueda pinchar en botones del tipo Me gusta o Compartir.<\/li>\n<\/ul>\n<p><strong>Desactivaci\u00f3n o eliminaci\u00f3n de cookies <\/strong><\/p>\n<p>En cualquier momento podr\u00e1 ejercer su derecho de desactivaci\u00f3n o eliminaci\u00f3n de cookies de este sitio web. Estas acciones se realizan de forma diferente en funci\u00f3n del navegador que est\u00e9 usando.<\/p>\n<p><strong>Notas adicionales <\/strong><\/p>\n<p>Ni esta web ni sus representantes legales se hacen responsables ni del contenido ni de la veracidad de las pol\u00edticas de privacidad que puedan tener los terceros mencionados en esta pol\u00edtica de cookies.<\/p>\n<p>Los navegadores web son las herramientas encargadas de almacenar las cookies y desde este lugar debe efectuar su derecho a eliminaci\u00f3n o desactivaci\u00f3n de las mismas. Ni esta web ni sus representantes legales pueden garantizar la correcta o incorrecta manipulaci\u00f3n de las cookies por parte de los mencionados navegadores.<\/p>\n<p>En algunos casos es necesario instalar cookies para que el navegador no olvide su decisi\u00f3n de no aceptaci\u00f3n de las mismas.<\/p>\n<p>En el caso de las cookies de Google Analytics, esta empresa almacena las cookies en servidores ubicados en Estados Unidos y se compromete a no compartirla con terceros, excepto en los casos en los que sea necesario para el funcionamiento del sistema o cuando la ley obligue a tal efecto. Seg\u00fan Google no guarda su direcci\u00f3n IP. Google Inc. es una compa\u00f1\u00eda adherida al Acuerdo de Puerto Seguro que garantiza que todos los datos transferidos ser\u00e1n tratados con un nivel de protecci\u00f3n acorde a la normativa europea. Puede consultar informaci\u00f3n detallada a este respecto en este enlace. Si desea informaci\u00f3n sobre el uso que Google da a las cookies le adjuntamos este otro enlace.<\/p>\n<p>Para cualquier duda o consulta acerca de esta pol\u00edtica de cookies no dude en comunicarse con nosotros a trav\u00e9s de la secci\u00f3n de contacto.<\/p>\n","protected":false},"excerpt":{"rendered":"<p>Datos del propietario: Conforme a lo establecido en la ley de Servicios de la Sociedad de la Informaci\u00f3n (LSSI), se informa a los usuarios de https:\/\/www.uhu.es\/rensma que estos son los datos del propietario de este sitio web: Nombre: Universidad de Huelva Direcci\u00f3n: Calle Dr. Cantero Cuadrado, 6. &#8211; 21004 &#8211; Huelva NIF\/CIF\/NIE: Q71U-7150008-F El acceso &hellip;<\/p>\n<p class=\"read-more\"> <a class=\"\" href=\"https:\/\/www.uhu.es\/rensma\/politica-de-privacidad\/\"> <span class=\"screen-reader-text\">Pol\u00edtica de Privacidad<\/span> Leer m\u00e1s &raquo;<\/a><\/p>\n","protected":false},"author":2,"featured_media":0,"parent":0,"menu_order":0,"comment_status":"closed","ping_status":"closed","template":"","meta":{"site-sidebar-layout":"default","site-content-layout":"","ast-site-content-layout":"","site-content-style":"default","site-sidebar-style":"default","ast-global-header-display":"","ast-banner-title-visibility":"","ast-main-header-display":"","ast-hfb-above-header-display":"","ast-hfb-below-header-display":"","ast-hfb-mobile-header-display":"","site-post-title":"","ast-breadcrumbs-content":"","ast-featured-img":"","footer-sml-layout":"","theme-transparent-header-meta":"","adv-header-id-meta":"","stick-header-meta":"","header-above-stick-meta":"","header-main-stick-meta":"","header-below-stick-meta":"","astra-migrate-meta-layouts":"","footnotes":""},"_links":{"self":[{"href":"https:\/\/www.uhu.es\/rensma\/wp-json\/wp\/v2\/pages\/825"}],"collection":[{"href":"https:\/\/www.uhu.es\/rensma\/wp-json\/wp\/v2\/pages"}],"about":[{"href":"https:\/\/www.uhu.es\/rensma\/wp-json\/wp\/v2\/types\/page"}],"author":[{"embeddable":true,"href":"https:\/\/www.uhu.es\/rensma\/wp-json\/wp\/v2\/users\/2"}],"replies":[{"embeddable":true,"href":"https:\/\/www.uhu.es\/rensma\/wp-json\/wp\/v2\/comments?post=825"}],"version-history":[{"count":5,"href":"https:\/\/www.uhu.es\/rensma\/wp-json\/wp\/v2\/pages\/825\/revisions"}],"predecessor-version":[{"id":831,"href":"https:\/\/www.uhu.es\/rensma\/wp-json\/wp\/v2\/pages\/825\/revisions\/831"}],"wp:attachment":[{"href":"https:\/\/www.uhu.es\/rensma\/wp-json\/wp\/v2\/media?parent=825"}],"curies":[{"name":"wp","href":"https:\/\/api.w.org\/{rel}","templated":true}]}}