{"id":180,"date":"2024-08-28T02:22:12","date_gmt":"2024-08-28T00:22:12","guid":{"rendered":"https:\/\/www.uhu.es\/rutaodsuhu\/?page_id=180"},"modified":"2024-09-19T18:31:46","modified_gmt":"2024-09-19T16:31:46","slug":"mural-de-salud-mental-manumatic","status":"publish","type":"page","link":"https:\/\/www.uhu.es\/rutaodsuhu\/mural-de-salud-mental-manumatic\/","title":{"rendered":"Mural de Salud mental manumatic"},"content":{"rendered":"\n[et_pb_section fb_built=\u00bb1&#8243; _builder_version=\u00bb4.22.1&#8243; _module_preset=\u00bbdefault\u00bb custom_padding=\u00bb4px|||||\u00bb global_colors_info=\u00bb{}\u00bb][et_pb_row _builder_version=\u00bb4.22.1&#8243; _module_preset=\u00bbdefault\u00bb global_colors_info=\u00bb{}\u00bb][et_pb_column type=\u00bb4_4&#8243; _builder_version=\u00bb4.22.1&#8243; _module_preset=\u00bbdefault\u00bb global_colors_info=\u00bb{}\u00bb][et_pb_text _builder_version=\u00bb4.22.1&#8243; _module_preset=\u00bbdefault\u00bb animation_style=\u00bbfade\u00bb global_colors_info=\u00bb{}\u00bb]<h1 style=\"text-align: center;\"><span style=\"color: #ff6600;\">Mural de Salud mental manumatic<\/span><\/h1>\n<p><span style=\"color: #ff6600;\"><\/span><\/p>\n<p style=\"text-align: justify;\">El mural sobre salud mental en el Campus del Carmen de la Universidad de Huelva, Espa\u00f1a, es una poderosa met\u00e1fora que rompe tab\u00faes y sensibiliza sobre los desaf\u00edos emocionales. Con una protagonista vestida de rojo, la obra de arte de Adri\u00e1n P\u00e9rez (Man o Matic) representa el sufrimiento generado por la sociedad y la importancia de abordar la salud mental. La Universidad se compromete a apoyar a su comunidad en este tema crucial.<\/p>\n<p>&nbsp;<\/p>\n[\/et_pb_text][et_pb_video src=\u00bbhttps:\/\/www.uhu.es\/rutaodsuhu\/wp-content\/uploads\/2024\/08\/Mural-sobre-Salud-Mental.mp4&#8243; play_icon_color=\u00bbRGBA(255,255,255,0)\u00bb font_icon=\u00bb&#x49;||divi||400&#8243; _builder_version=\u00bb4.22.1&#8243; _module_preset=\u00bbdefault\u00bb hover_enabled=\u00bb0&#8243; border_radii=\u00bbon|1px|1px|1px|1px\u00bb border_width_all=\u00bb1px\u00bb global_colors_info=\u00bb{}\u00bb animation_style=\u00bbfade\u00bb sticky_enabled=\u00bb0&#8243;][\/et_pb_video][\/et_pb_column][\/et_pb_row][et_pb_row column_structure=\u00bb1_2,1_2&#8243; _builder_version=\u00bb4.22.1&#8243; _module_preset=\u00bbdefault\u00bb custom_padding=\u00bb33px|||||\u00bb box_shadow_style=\u00bbpreset2&#8243; global_colors_info=\u00bb{}\u00bb][et_pb_column type=\u00bb1_2&#8243; _builder_version=\u00bb4.22.1&#8243; _module_preset=\u00bbdefault\u00bb global_colors_info=\u00bb{}\u00bb][et_pb_gallery gallery_ids=\u00bb211,213,214&#8243; fullwidth=\u00bbon\u00bb _builder_version=\u00bb4.22.1&#8243; _module_preset=\u00bbdefault\u00bb custom_margin=\u00bb|||35px|false|false\u00bb hover_transition_duration=\u00bb100ms\u00bb global_colors_info=\u00bb{}\u00bb][\/et_pb_gallery][\/et_pb_column][et_pb_column type=\u00bb1_2&#8243; _builder_version=\u00bb4.22.1&#8243; _module_preset=\u00bbdefault\u00bb global_colors_info=\u00bb{}\u00bb][et_pb_text _builder_version=\u00bb4.22.1&#8243; _module_preset=\u00bbdefault\u00bb custom_padding=\u00bb|20px|||false|false\u00bb global_colors_info=\u00bb{}\u00bb]<p style=\"text-align: justify;\">El mural sobre salud mental en el Campus del Carmen de la Universidad de Huelva, Espa\u00f1a, es una poderosa met\u00e1fora que rompe tab\u00faes y sensibiliza sobre los desaf\u00edos emocionales.\u00a0<\/p>\n<p><img loading=\"lazy\" decoding=\"async\" src=\"https:\/\/www.uhu.es\/rutaodsuhu\/wp-content\/uploads\/2024\/08\/ODS3-300x300.png\" width=\"128\" height=\"128\" alt=\"\" class=\"wp-image-201 alignnone size-medium\" srcset=\"https:\/\/www.uhu.es\/rutaodsuhu\/wp-content\/uploads\/2024\/08\/ODS3-300x300.png 300w, https:\/\/www.uhu.es\/rutaodsuhu\/wp-content\/uploads\/2024\/08\/ODS3-150x150.png 150w, https:\/\/www.uhu.es\/rutaodsuhu\/wp-content\/uploads\/2024\/08\/ODS3.png 379w\" sizes=\"(max-width: 128px) 100vw, 128px\" \/><img loading=\"lazy\" decoding=\"async\" src=\"https:\/\/www.uhu.es\/rutaodsuhu\/wp-content\/uploads\/2024\/08\/ods4-300x300.png\" width=\"128\" height=\"128\" alt=\"\" class=\"wp-image-202 alignnone size-medium\" srcset=\"https:\/\/www.uhu.es\/rutaodsuhu\/wp-content\/uploads\/2024\/08\/ods4-300x300.png 300w, https:\/\/www.uhu.es\/rutaodsuhu\/wp-content\/uploads\/2024\/08\/ods4-150x150.png 150w, https:\/\/www.uhu.es\/rutaodsuhu\/wp-content\/uploads\/2024\/08\/ods4.png 379w\" sizes=\"(max-width: 128px) 100vw, 128px\" \/><\/p>\n[\/et_pb_text][\/et_pb_column][\/et_pb_row][et_pb_row _builder_version=\u00bb4.22.1&#8243; _module_preset=\u00bbdefault\u00bb global_colors_info=\u00bb{}\u00bb][et_pb_column type=\u00bb4_4&#8243; _builder_version=\u00bb4.22.1&#8243; _module_preset=\u00bbdefault\u00bb global_colors_info=\u00bb{}\u00bb][et_pb_accordion _builder_version=\u00bb4.22.1&#8243; _module_preset=\u00bbdefault\u00bb animation_style=\u00bbfade\u00bb box_shadow_style=\u00bbpreset3&#8243; box_shadow_vertical=\u00bb5px\u00bb global_colors_info=\u00bb{}\u00bb][et_pb_accordion_item title=\u00bbUbicaci\u00f3n\u00bb _builder_version=\u00bb4.22.1&#8243; _module_preset=\u00bbdefault\u00bb global_colors_info=\u00bb{}\u00bb open=\u00bbon\u00bb]<p style=\"text-align: justify;\">Campus del Carmen, Universidad de Huelva, Espa\u00f1a. Obra de arte pintada en la fachada principal de la Facultad de Ciencias del Trabajo y Trabajo Social.<\/p>\n[\/et_pb_accordion_item][et_pb_accordion_item title=\u00bbInauguraci\u00f3n\u00bb _builder_version=\u00bb4.22.1&#8243; _module_preset=\u00bbdefault\u00bb global_colors_info=\u00bb{}\u00bb open=\u00bboff\u00bb]<p style=\"text-align: justify;\">La obra de arte fue inaugurada el 21 de febrero del a\u00f1o 2024.<\/p>\n[\/et_pb_accordion_item][et_pb_accordion_item title=\u00bbMotivaci\u00f3n y Contexto\u00bb open=\u00bboff\u00bb _builder_version=\u00bb4.22.1&#8243; _module_preset=\u00bbdefault\u00bb global_colors_info=\u00bb{}\u00bb]<p style=\"text-align: justify;\">Mural para la sensibilizaci\u00f3n con la salud mental realizado por el artista de arte urbano Adri\u00e1n P\u00e9rez, conocido como Man o Matic. La obra se encuentra en la fachada principal de la Facultad de Ciencias del Trabajo y Trabajo Social. La obra de arte se ha llevado a cabo con el apoyo al proyecto <em>Bienestar emocional en la Universidad de Huelva. Cuida tu salud mental <\/em>de la Onubense. La obra de arte tiene doce metros de alto por diez de ancho.<\/p>\n[\/et_pb_accordion_item][et_pb_accordion_item title=\u00bbProp\u00f3sito de la obra\u00bb _builder_version=\u00bb4.22.1&#8243; _module_preset=\u00bbdefault\u00bb global_colors_info=\u00bb{}\u00bb open=\u00bboff\u00bb]<p style=\"text-align: justify;\">El artista ha querido hacer una obra bastante po\u00e9tica, una met\u00e1fora de la autolesi\u00f3n, que se da con esta situaci\u00f3n y quiz\u00e1s sea una v\u00e1lvula de escape que tienen algunas personas para afrontarlo. El artista se basa en una protagonista mujer de cultura isl\u00e1mica vestida de rojo, para visualizar la problem\u00e1tica que hay de salud mental y romper los tab\u00faes en torno a esta situaci\u00f3n. La obra demuestra el sufrimiento generado por la sociedad, por uno mismo, o por alguien de la familia o amistades, y a\u00fan m\u00e1s se ve agravado si perteneces a alg\u00fan colectivo que sufre alg\u00fan tipo de discriminaci\u00f3n o minoritario, como puede se la inmigraci\u00f3n, la juventud o simplemente el hecho de ser mujer. La rectora Mar\u00eda Antonia Pe\u00f1a, ha explicado que la obra de arte pretende ser un apoyo para que nuestra comunidad universitaria afronte positivamente todos los problemas de la salud mental. Esto afecta a la sociedad contempor\u00e1nea, adem\u00e1s muy acusada en los \u00faltimos tiempos, y que no deja al margen a la Universidad. Por esta raz\u00f3n, se ha puesto en marcha esta iniciativa en la que se trabaja por el bienestar emocional de nuestra comunidad con todos los recursos que tenemos a nuestra disposici\u00f3n. Y, al mismo tiempo, tambi\u00e9n se incorpora una l\u00ednea nueva de actuaci\u00f3n, que es la intervenci\u00f3n psicol\u00f3gica individualizada, es decir, el apoyo individual a las personas que ya entiendan que tienen un problema que afrontar. Por todo ello, hoy es un d\u00eda que marca tambi\u00e9n un crecimiento m\u00e1s de nuestra instituci\u00f3n en este tema tan preocupante que es el de la salud mental y el bienestar emocional.<\/p>\n[\/et_pb_accordion_item][et_pb_accordion_item title=\u00bbInformaci\u00f3n adicional\u00bb _builder_version=\u00bb4.22.1&#8243; _module_preset=\u00bbdefault\u00bb global_colors_info=\u00bb{}\u00bb open=\u00bboff\u00bb]<p><iframe loading=\"lazy\" title=\"La Universidad de Huelva inaugura un nuevo mural de Manomatic en el Campus de El Carmen\" width=\"500\" height=\"281\" src=\"https:\/\/www.youtube.com\/embed\/EjydGHvZeTE?feature=oembed\" frameborder=\"0\" allow=\"accelerometer; autoplay; clipboard-write; encrypted-media; gyroscope; picture-in-picture; web-share\" referrerpolicy=\"strict-origin-when-cross-origin\" allowfullscreen><\/iframe><\/p>\n[\/et_pb_accordion_item][et_pb_accordion_item title=\u00bbUHU y Salud\u00bb _builder_version=\u00bb4.22.1&#8243; _module_preset=\u00bbdefault\u00bb global_colors_info=\u00bb{}\u00bb open=\u00bboff\u00bb]<p style=\"text-align: justify;\">La Universidad de Huelva cuenta con una Direcci\u00f3n de Salud, que cada a\u00f1o organiza la Semana de la Salud, para concienciar y sensibilizar a la Comunidad Universitaria de la necesidad de poner en pr\u00e1ctica h\u00e1bitos y estilo de vida saludable, incorporando la promoci\u00f3n de la Salud en el tejido universitario a trav\u00e9s de talleres, actividades informativas y paneles informativos. En l\u00ednea con esta estrategia, la Universidad cuenta adem\u00e1s con los Agentes Healthy, estudiantes voluntarios que participan en el Programa de Mediaci\u00f3n en Promoci\u00f3n de la Salud, creado por la Direcci\u00f3n de Salud de la UHU y que cuenta con la colaboraci\u00f3n de la Diputaci\u00f3n de Huelva.<\/p>\n[\/et_pb_accordion_item][\/et_pb_accordion][\/et_pb_column][\/et_pb_row][\/et_pb_section]\n","protected":false},"excerpt":{"rendered":"<p>Mural de Salud mental manumatic El mural sobre salud&#8230;<\/p>\n","protected":false},"author":1,"featured_media":0,"parent":0,"menu_order":0,"comment_status":"closed","ping_status":"closed","template":"","meta":{"_et_pb_use_builder":"on","_et_pb_old_content":"","_et_gb_content_width":"","footnotes":""},"class_list":["post-180","page","type-page","status-publish","hentry"],"_links":{"self":[{"href":"https:\/\/www.uhu.es\/rutaodsuhu\/wp-json\/wp\/v2\/pages\/180"}],"collection":[{"href":"https:\/\/www.uhu.es\/rutaodsuhu\/wp-json\/wp\/v2\/pages"}],"about":[{"href":"https:\/\/www.uhu.es\/rutaodsuhu\/wp-json\/wp\/v2\/types\/page"}],"author":[{"embeddable":true,"href":"https:\/\/www.uhu.es\/rutaodsuhu\/wp-json\/wp\/v2\/users\/1"}],"replies":[{"embeddable":true,"href":"https:\/\/www.uhu.es\/rutaodsuhu\/wp-json\/wp\/v2\/comments?post=180"}],"version-history":[{"count":9,"href":"https:\/\/www.uhu.es\/rutaodsuhu\/wp-json\/wp\/v2\/pages\/180\/revisions"}],"predecessor-version":[{"id":359,"href":"https:\/\/www.uhu.es\/rutaodsuhu\/wp-json\/wp\/v2\/pages\/180\/revisions\/359"}],"wp:attachment":[{"href":"https:\/\/www.uhu.es\/rutaodsuhu\/wp-json\/wp\/v2\/media?parent=180"}],"curies":[{"name":"wp","href":"https:\/\/api.w.org\/{rel}","templated":true}]}}