{"id":193,"date":"2024-08-28T02:37:56","date_gmt":"2024-08-28T00:37:56","guid":{"rendered":"https:\/\/www.uhu.es\/rutaodsuhu\/?page_id=193"},"modified":"2024-08-29T12:47:15","modified_gmt":"2024-08-29T10:47:15","slug":"circuito-deportivo","status":"publish","type":"page","link":"https:\/\/www.uhu.es\/rutaodsuhu\/circuito-deportivo\/","title":{"rendered":"Circuito deportivo"},"content":{"rendered":"<p>[et_pb_section fb_built=\u00bb1&#8243; _builder_version=\u00bb4.22.1&#8243; _module_preset=\u00bbdefault\u00bb custom_padding=\u00bb4px|||||\u00bb global_colors_info=\u00bb{}\u00bb][et_pb_row _builder_version=\u00bb4.22.1&#8243; _module_preset=\u00bbdefault\u00bb global_colors_info=\u00bb{}\u00bb][et_pb_column type=\u00bb4_4&#8243; _builder_version=\u00bb4.22.1&#8243; _module_preset=\u00bbdefault\u00bb global_colors_info=\u00bb{}\u00bb][et_pb_text _builder_version=\u00bb4.22.1&#8243; _module_preset=\u00bbdefault\u00bb animation_style=\u00bbfade\u00bb global_colors_info=\u00bb{}\u00bb]<\/p>\n<h1 style=\"text-align: center;\"><span style=\"color: #33cccc;\">Circuito deportivo<\/span><\/h1>\n<p><span><\/span><\/p>\n<p style=\"text-align: justify;\">El <strong>Circuito deportivo<\/strong> en el Campus del Carmen de la Universidad de Huelva, ofrece una variedad de instalaciones para la pr\u00e1ctica deportiva. Desde pistas de p\u00e1del y tenis hasta un gimnasio y un circuito de estaciones al aire libre, este espacio promueve la actividad f\u00edsica y la salud. Adem\u00e1s, la Universidad celebra anualmente su Gala del Deporte, reconociendo a quienes participan en actividades y competiciones. \u00a1La UHU est\u00e1 comprometida con el bienestar y el deporte!<\/p>\n<p>[\/et_pb_text][et_pb_video src=\u00bbhttps:\/\/www.uhu.es\/rutaodsuhu\/wp-content\/Circuito_deportivo.mp4&#8243; play_icon_color=\u00bbRGBA(255,255,255,0)\u00bb font_icon=\u00bb&#x49;||divi||400&#8243; _builder_version=\u00bb4.22.1&#8243; _module_preset=\u00bbdefault\u00bb hover_enabled=\u00bb0&#8243; border_radii=\u00bbon|1px|1px|1px|1px\u00bb border_width_all=\u00bb1px\u00bb global_colors_info=\u00bb{}\u00bb animation_style=\u00bbfade\u00bb sticky_enabled=\u00bb0&#8243;][\/et_pb_video][\/et_pb_column][\/et_pb_row][et_pb_row column_structure=\u00bb1_2,1_2&#8243; _builder_version=\u00bb4.22.1&#8243; _module_preset=\u00bbdefault\u00bb custom_padding=\u00bb33px|||||\u00bb box_shadow_style=\u00bbpreset2&#8243; global_colors_info=\u00bb{}\u00bb][et_pb_column type=\u00bb1_2&#8243; _builder_version=\u00bb4.22.1&#8243; _module_preset=\u00bbdefault\u00bb global_colors_info=\u00bb{}\u00bb][et_pb_gallery gallery_ids=\u00bb243,244,245,246,247,248,249&#8243; fullwidth=\u00bbon\u00bb _builder_version=\u00bb4.22.1&#8243; _module_preset=\u00bbdefault\u00bb custom_margin=\u00bb|||35px|false|false\u00bb hover_transition_duration=\u00bb100ms\u00bb global_colors_info=\u00bb{}\u00bb][\/et_pb_gallery][\/et_pb_column][et_pb_column type=\u00bb1_2&#8243; _builder_version=\u00bb4.22.1&#8243; _module_preset=\u00bbdefault\u00bb global_colors_info=\u00bb{}\u00bb][et_pb_text _builder_version=\u00bb4.22.1&#8243; _module_preset=\u00bbdefault\u00bb global_colors_info=\u00bb{}\u00bb]<\/p>\n<p>\u00a1La UHU est\u00e1 comprometida con el bienestar y el deporte!<br \/><span><\/span><\/p>\n<p>&nbsp;<\/p>\n<p><img loading=\"lazy\" decoding=\"async\" src=\"https:\/\/www.uhu.es\/rutaodsuhu\/wp-content\/uploads\/2024\/08\/ODS3-300x300.png\" width=\"102\" height=\"102\" alt=\"\" class=\"wp-image-201 alignnone size-medium\" style=\"display: block; margin-left: auto; margin-right: auto;\" srcset=\"https:\/\/www.uhu.es\/rutaodsuhu\/wp-content\/uploads\/2024\/08\/ODS3-300x300.png 300w, https:\/\/www.uhu.es\/rutaodsuhu\/wp-content\/uploads\/2024\/08\/ODS3-150x150.png 150w, https:\/\/www.uhu.es\/rutaodsuhu\/wp-content\/uploads\/2024\/08\/ODS3.png 379w\" sizes=\"(max-width: 102px) 100vw, 102px\" \/><\/p>\n<p>[\/et_pb_text][\/et_pb_column][\/et_pb_row][et_pb_row _builder_version=\u00bb4.22.1&#8243; _module_preset=\u00bbdefault\u00bb global_colors_info=\u00bb{}\u00bb][et_pb_column type=\u00bb4_4&#8243; _builder_version=\u00bb4.22.1&#8243; _module_preset=\u00bbdefault\u00bb global_colors_info=\u00bb{}\u00bb][et_pb_accordion _builder_version=\u00bb4.22.1&#8243; _module_preset=\u00bbdefault\u00bb animation_style=\u00bbfade\u00bb hover_enabled=\u00bb0&#8243; box_shadow_style=\u00bbpreset3&#8243; box_shadow_vertical=\u00bb5px\u00bb global_colors_info=\u00bb{}\u00bb sticky_enabled=\u00bb0&#8243;][et_pb_accordion_item title=\u00bbUbicaci\u00f3n\u00bb open=\u00bbon\u00bb _builder_version=\u00bb4.22.1&#8243; _module_preset=\u00bbdefault\u00bb hover_enabled=\u00bb0&#8243; global_colors_info=\u00bb{}\u00bb sticky_enabled=\u00bb0&#8243;]<\/p>\n<p style=\"text-align: justify;\">Campus del Carmen, Universidad de Huelva, Espa\u00f1a.<\/p>\n<p>[\/et_pb_accordion_item][et_pb_accordion_item title=\u00bbInauguraci\u00f3n\u00bb _builder_version=\u00bb4.22.1&#8243; _module_preset=\u00bbdefault\u00bb global_colors_info=\u00bb{}\u00bb open=\u00bboff\u00bb]<\/p>\n<p style=\"text-align: justify;\">La inauguraci\u00f3n del circuito deportivo tuvo lugar en el curso 1999\/2000, con la puesta en funcionamiento del Pabell\u00f3n de Deportes \u201cPr\u00edncipe de Asturias\u201d, al que se fueron a\u00f1adiendo posteriormente el resto de instalaciones deportivas existentes en la actualidad.<\/p>\n<p>[\/et_pb_accordion_item][et_pb_accordion_item title=\u00bbMotivaci\u00f3n\u00bb _builder_version=\u00bb4.22.1&#8243; _module_preset=\u00bbdefault\u00bb global_colors_info=\u00bb{}\u00bb open=\u00bboff\u00bb]<\/p>\n<p style=\"text-align: justify;\">El Servicio de Actividades Deportivas de la Universidad de Huelva tiene como misi\u00f3n la promoci\u00f3n, organizaci\u00f3n y ejecuci\u00f3n de actividades f\u00edsico-deportivas dirigidas a la comunidad universitaria y a la sociedad onubense, buscando a trav\u00e9s de la pr\u00e1ctica deportiva conseguir valores saludables y que ayuden a colaborar en el proceso integral de las personas mediante una gesti\u00f3n eficiente y de calidad. Estando reconocido por la empresa AENOR con la ISO 9001, por su calidad en la organizaci\u00f3n de actividades y competiciones deportivas, y la ISO 14001, por disponer de un sistema de gesti\u00f3n ambiental.<\/p>\n<p>[\/et_pb_accordion_item][et_pb_accordion_item title=\u00bbInstalaciones\u00bb _builder_version=\u00bb4.22.1&#8243; _module_preset=\u00bbdefault\u00bb global_colors_info=\u00bb{}\u00bb open=\u00bboff\u00bb]<\/p>\n<p style=\"text-align: justify;\">El Vicerrectorado de proyecci\u00f3n Social y Universitaria, a trav\u00e9s del Servicio de Actividades Deportivas, y con la colaboraci\u00f3n del CARUH, ha inaugurado las instalaciones deportivas de baloncesto 3\u00d73, mini f\u00fatbol, f\u00fatbol sala y el circuito de estaciones al aire libre. El Pabell\u00f3n de Deportes \u00abPr\u00edncipe de Asturias\u00bb, es una de las principales instalaciones deportivas de la universidad. Este pabell\u00f3n ofrece diversas facilidades para la pr\u00e1ctica de actividades deportivas tanto para estudiantes como para el personal de la universidad y la comunidad en general. Como parte del circuito deportivo que ofrece la Universidad de Huelva se pueden encontrar las siguientes:<\/p>\n<p style=\"text-align: justify;\">\n<ul>\n<li style=\"text-align: justify;\">Pabell\u00f3n 1 Con pista polivalente para la pr\u00e1ctica del f\u00fatbol-sala, balonmano, baloncesto, voleibol, hockey-sala y b\u00e1dminton.<\/li>\n<li style=\"text-align: justify;\">Pabell\u00f3n 2 Con pista polivalente para la pr\u00e1ctica del f\u00fatbol-sala, balonmano, baloncesto y voleibol.<\/li>\n<li style=\"text-align: justify;\">Pistas de Padel (2)<\/li>\n<li style=\"text-align: justify;\">Pistas de Tenis(2)<\/li>\n<li style=\"text-align: justify;\">Gimnasio<\/li>\n<li style=\"text-align: justify;\">Sala de usos M\u00faltiples (2)<\/li>\n<li style=\"text-align: justify;\">Circuito de estaciones<\/li>\n<li style=\"text-align: justify;\">Pistas polideportivas al aire libre<\/li>\n<li style=\"text-align: justify;\">Mesas de ping pong (2)<\/li>\n<li style=\"text-align: justify;\">Pista de atletismo de 800 metros con 2 calles<\/li>\n<\/ul>\n<p>[\/et_pb_accordion_item][et_pb_accordion_item title=\u00bbCelebraciones\u00bb _builder_version=\u00bb4.22.1&#8243; _module_preset=\u00bbdefault\u00bb hover_enabled=\u00bb0&#8243; global_colors_info=\u00bb{}\u00bb open=\u00bboff\u00bb sticky_enabled=\u00bb0&#8243;]<\/p>\n<p style=\"text-align: justify;\">El Servicio de Actividades F\u00edsicas y Deportivas (SAFD) de la Universidad de Huelva celebra anualmente su Gala del Deporte, en la que se reconoce a todos los miembros de la comunidad universitaria que participaron en actividades, competiciones y eventos deportivos durante el curso que finaliza. En el curso 2022\/23 destaca la participaci\u00f3n r\u00e9cord de 2.465 personas en diversas actividades, marcando un hito para la universidad.<\/p>\n<p>[\/et_pb_accordion_item][et_pb_accordion_item title=\u00bbLa UHU compite\u00bb _builder_version=\u00bb4.22.1&#8243; _module_preset=\u00bbdefault\u00bb global_colors_info=\u00bb{}\u00bb open=\u00bboff\u00bb]<\/p>\n<p style=\"text-align: justify;\">En torno a 200 deportistas representan todos los a\u00f1os a la UHU en los Campeonatos de Andaluc\u00eda y de Espa\u00f1a Universitarios, en modalidades como el f\u00fatbol, nataci\u00f3n, baloncesto, voleibol, b\u00e1dminton, ajedrez, tenis, p\u00e1del y otros. Adem\u00e1s, se ha organizado con \u00e9xito la Union Student Cup, acercando a la UHU a m\u00e1s de 500 alumnos\/as de Ense\u00f1anza Secundaria que pueden conocer el Campus del Carmen y todo lo que les ofrece su futura Universidad a trav\u00e9s de la participaci\u00f3n en diversas actividades y competiciones deportivas.<\/p>\n<p>[\/et_pb_accordion_item][et_pb_accordion_item title=\u00bbLa UHU y el deporte en Huelva\u00bb _builder_version=\u00bb4.22.1&#8243; _module_preset=\u00bbdefault\u00bb global_colors_info=\u00bb{}\u00bb open=\u00bboff\u00bb]<\/p>\n<p style=\"text-align: justify;\">Desde la Universidad tambi\u00e9n se fortalecen lazos con clubes deportivos y entidades locales, como por ejemplo el Club de B\u00e1dminton IES La Orden, que es un referente a nivel nacional en este deporte y donde se inici\u00f3 la gran campeona onubense Carolina Mar\u00edn. Adem\u00e1s, el SAFD colabora en eventos propios de la UHU como la Semana de la Salud, las Jornadas de Puertas Abiertas, la Semana del Deporte y las Jornadas de Bienvenida al alumnado de nuevo ingreso, as\u00ed como en otros eventos externos como el Campeonato de Europa de B\u00e1dminton (2018) o el Campeonato de Espa\u00f1a de Baloncesto de Selecciones Auton\u00f3micas (2024), reflejando el compromiso del SAFD con el fomento del deporte y la salud dentro y fuera de la comunidad universitaria.<\/p>\n<p>[\/et_pb_accordion_item][\/et_pb_accordion][\/et_pb_column][\/et_pb_row][\/et_pb_section]<\/p>\n","protected":false},"excerpt":{"rendered":"<p>Circuito deportivo El Circuito deportivo en el Campus&#8230;<\/p>\n","protected":false},"author":1,"featured_media":0,"parent":0,"menu_order":0,"comment_status":"closed","ping_status":"closed","template":"","meta":{"_et_pb_use_builder":"on","_et_pb_old_content":"","_et_gb_content_width":"","footnotes":""},"class_list":["post-193","page","type-page","status-publish","hentry"],"_links":{"self":[{"href":"https:\/\/www.uhu.es\/rutaodsuhu\/wp-json\/wp\/v2\/pages\/193"}],"collection":[{"href":"https:\/\/www.uhu.es\/rutaodsuhu\/wp-json\/wp\/v2\/pages"}],"about":[{"href":"https:\/\/www.uhu.es\/rutaodsuhu\/wp-json\/wp\/v2\/types\/page"}],"author":[{"embeddable":true,"href":"https:\/\/www.uhu.es\/rutaodsuhu\/wp-json\/wp\/v2\/users\/1"}],"replies":[{"embeddable":true,"href":"https:\/\/www.uhu.es\/rutaodsuhu\/wp-json\/wp\/v2\/comments?post=193"}],"version-history":[{"count":5,"href":"https:\/\/www.uhu.es\/rutaodsuhu\/wp-json\/wp\/v2\/pages\/193\/revisions"}],"predecessor-version":[{"id":346,"href":"https:\/\/www.uhu.es\/rutaodsuhu\/wp-json\/wp\/v2\/pages\/193\/revisions\/346"}],"wp:attachment":[{"href":"https:\/\/www.uhu.es\/rutaodsuhu\/wp-json\/wp\/v2\/media?parent=193"}],"curies":[{"name":"wp","href":"https:\/\/api.w.org\/{rel}","templated":true}]}}