{"id":259,"date":"2024-08-29T09:07:45","date_gmt":"2024-08-29T07:07:45","guid":{"rendered":"https:\/\/www.uhu.es\/rutaodsuhu\/?page_id=259"},"modified":"2024-09-20T00:04:07","modified_gmt":"2024-09-19T22:04:07","slug":"welcome-office","status":"publish","type":"page","link":"https:\/\/www.uhu.es\/rutaodsuhu\/welcome-office\/","title":{"rendered":"Welcome Office"},"content":{"rendered":"<p>[et_pb_section fb_built=\u00bb1&#8243; _builder_version=\u00bb4.22.1&#8243; _module_preset=\u00bbdefault\u00bb custom_padding=\u00bb4px|||||\u00bb global_colors_info=\u00bb{}\u00bb][et_pb_row _builder_version=\u00bb4.22.1&#8243; _module_preset=\u00bbdefault\u00bb global_colors_info=\u00bb{}\u00bb][et_pb_column type=\u00bb4_4&#8243; _builder_version=\u00bb4.22.1&#8243; _module_preset=\u00bbdefault\u00bb global_colors_info=\u00bb{}\u00bb][et_pb_text _builder_version=\u00bb4.22.1&#8243; _module_preset=\u00bbdefault\u00bb animation_style=\u00bbfade\u00bb global_colors_info=\u00bb{}\u00bb]<\/p>\n<h1 style=\"text-align: center;\"><span style=\"color: #ffff00;\">Welcome Office<\/span><\/h1>\n<p><span style=\"color: #cc99ff;\"><\/span><\/p>\n<p style=\"text-align: justify;\">La <strong>Welcome Office<\/strong> en el Campus del Carmen de la Universidad de Huelva, es un punto de encuentro dise\u00f1ado para acoger y apoyar a los estudiantes internacionales y simboliza el compromiso de la UHU con la educaci\u00f3n global e intercultural.<\/p>\n<ul style=\"text-align: justify;\"><\/ul>\n<p>[\/et_pb_text][et_pb_video src=\u00bbhttps:\/\/www.uhu.es\/rutaodsuhu\/wp-content\/uploads\/2024\/09\/Video-Welcome-Office.mp4&#8243; play_icon_color=\u00bbRGBA(255,255,255,0)\u00bb font_icon=\u00bb&#x49;||divi||400&#8243; _builder_version=\u00bb4.22.1&#8243; _module_preset=\u00bbdefault\u00bb animation_style=\u00bbfade\u00bb hover_enabled=\u00bb0&#8243; border_radii=\u00bbon|1px|1px|1px|1px\u00bb border_width_all=\u00bb1px\u00bb global_colors_info=\u00bb{}\u00bb title_text=\u00bbVideo-Welcome-Office\u00bb sticky_enabled=\u00bb0&#8243;][\/et_pb_video][\/et_pb_column][\/et_pb_row][et_pb_row column_structure=\u00bb1_2,1_2&#8243; _builder_version=\u00bb4.22.1&#8243; _module_preset=\u00bbdefault\u00bb custom_padding=\u00bb33px|||||\u00bb box_shadow_style=\u00bbpreset2&#8243; global_colors_info=\u00bb{}\u00bb][et_pb_column type=\u00bb1_2&#8243; _builder_version=\u00bb4.22.1&#8243; _module_preset=\u00bbdefault\u00bb global_colors_info=\u00bb{}\u00bb][et_pb_gallery gallery_ids=\u00bb281,282,280&#8243; fullwidth=\u00bbon\u00bb _builder_version=\u00bb4.22.1&#8243; _module_preset=\u00bbdefault\u00bb custom_margin=\u00bb|||35px|false|false\u00bb hover_transition_duration=\u00bb100ms\u00bb global_colors_info=\u00bb{}\u00bb][\/et_pb_gallery][\/et_pb_column][et_pb_column type=\u00bb1_2&#8243; _builder_version=\u00bb4.22.1&#8243; _module_preset=\u00bbdefault\u00bb global_colors_info=\u00bb{}\u00bb][et_pb_text _builder_version=\u00bb4.22.1&#8243; _module_preset=\u00bbdefault\u00bb custom_padding=\u00bb|20px|||false|false\u00bb global_colors_info=\u00bb{}\u00bb]<\/p>\n<p style=\"text-align: justify;\">Welcome Office: punto de encuentro internacional.<br \/><span><\/span><\/p>\n<p style=\"text-align: justify;\">\n<p style=\"text-align: justify;\"><strong><\/strong><\/p>\n<p>\u00a0 \u00a0 \u00a0 \u00a0 \u00a0 \u00a0 \u00a0<img loading=\"lazy\" decoding=\"async\" src=\"https:\/\/www.uhu.es\/rutaodsuhu\/wp-content\/uploads\/2024\/08\/ods4-300x300.png\" width=\"102\" height=\"102\" alt=\"\" class=\"wp-image-202 alignnone size-medium\" srcset=\"https:\/\/www.uhu.es\/rutaodsuhu\/wp-content\/uploads\/2024\/08\/ods4-300x300.png 300w, https:\/\/www.uhu.es\/rutaodsuhu\/wp-content\/uploads\/2024\/08\/ods4-150x150.png 150w, https:\/\/www.uhu.es\/rutaodsuhu\/wp-content\/uploads\/2024\/08\/ods4.png 379w\" sizes=\"(max-width: 102px) 100vw, 102px\" \/> <img loading=\"lazy\" decoding=\"async\" src=\"https:\/\/www.uhu.es\/rutaodsuhu\/wp-content\/uploads\/2024\/08\/ods10-297x300.png\" width=\"101\" height=\"102\" alt=\"\" class=\"wp-image-262 alignnone size-medium\" srcset=\"https:\/\/www.uhu.es\/rutaodsuhu\/wp-content\/uploads\/2024\/08\/ods10-297x300.png 297w, https:\/\/www.uhu.es\/rutaodsuhu\/wp-content\/uploads\/2024\/08\/ods10-150x150.png 150w, https:\/\/www.uhu.es\/rutaodsuhu\/wp-content\/uploads\/2024\/08\/ods10.png 375w\" sizes=\"(max-width: 101px) 100vw, 101px\" \/> <img loading=\"lazy\" decoding=\"async\" src=\"https:\/\/www.uhu.es\/rutaodsuhu\/wp-content\/uploads\/2024\/08\/ods17.jpg\" width=\"102\" height=\"102\" alt=\"\" class=\"wp-image-269 alignnone size-full\" \/><\/p>\n<p>[\/et_pb_text][\/et_pb_column][\/et_pb_row][et_pb_row _builder_version=\u00bb4.22.1&#8243; _module_preset=\u00bbdefault\u00bb global_colors_info=\u00bb{}\u00bb][et_pb_column type=\u00bb4_4&#8243; _builder_version=\u00bb4.22.1&#8243; _module_preset=\u00bbdefault\u00bb global_colors_info=\u00bb{}\u00bb][et_pb_accordion _builder_version=\u00bb4.22.1&#8243; _module_preset=\u00bbdefault\u00bb animation_style=\u00bbfade\u00bb box_shadow_style=\u00bbpreset3&#8243; box_shadow_vertical=\u00bb5px\u00bb global_colors_info=\u00bb{}\u00bb][et_pb_accordion_item title=\u00bbUbicaci\u00f3n\u00bb open=\u00bbon\u00bb _builder_version=\u00bb4.22.1&#8243; _module_preset=\u00bbdefault\u00bb global_colors_info=\u00bb{}\u00bb]<\/p>\n<p style=\"text-align: justify;\">Campus del Carmen, Universidad de Huelva, Espa\u00f1a<\/p>\n<p>[\/et_pb_accordion_item][et_pb_accordion_item title=\u00bbInauguraci\u00f3n\u00bb _builder_version=\u00bb4.22.1&#8243; _module_preset=\u00bbdefault\u00bb global_colors_info=\u00bb{}\u00bb open=\u00bboff\u00bb]<\/p>\n<p style=\"text-align: justify;\">Este espacio, inaugurado en 2019, forma parte de la renovada estructura del edificio Juan Agust\u00edn de Mora y Garrocho de la UHU. Su creaci\u00f3n tiene como objetivo principal hacer m\u00e1s acogedora y atractiva la universidad para los estudiantes internacionales.<\/p>\n<p>[\/et_pb_accordion_item][et_pb_accordion_item title=\u00bbMotivaci\u00f3n y Contexto\u00bb _builder_version=\u00bb4.22.1&#8243; _module_preset=\u00bbdefault\u00bb global_colors_info=\u00bb{}\u00bb open=\u00bboff\u00bb]<\/p>\n<p style=\"text-align: justify;\">La Welcome Office fue concebida para ser un punto de referencia visible y accesible a la entrada del Servicio de Relaciones Internacionales. Es el primer lugar de bienvenida y apoyo para los estudiantes internacionales, simbolizando el compromiso de la UHU con la educaci\u00f3n global e intercultural. Este espacio es un reflejo de la estrategia de internacionalizaci\u00f3n de la universidad, que se materializa en los Planes de Internacionalizaci\u00f3n, ahora en su sexta edici\u00f3n. Estos planes ofrecen m\u00faltiples oportunidades para internacionalizar el curr\u00edculo de toda la comunidad universitaria y promueven iniciativas abiertas a la sociedad.<\/p>\n<p>[\/et_pb_accordion_item][et_pb_accordion_item title=\u00bbCaracter\u00edsticas de la Welcome Office\u00bb _builder_version=\u00bb4.22.1&#8243; _module_preset=\u00bbdefault\u00bb global_colors_info=\u00bb{}\u00bb open=\u00bboff\u00bb]<\/p>\n<p style=\"text-align: justify;\">Este acogedor espacio, completamente acristalado, est\u00e1 dise\u00f1ado para ser visible y transparente. Frente a la oficina, se ha dispuesto un sof\u00e1 y una mesa, creando un ambiente c\u00f3modo donde los estudiantes pueden descansar o trabajar. Adem\u00e1s, en la entrada del edificio se encuentra una librer\u00eda de bookcrossing con libros en varios idiomas, disponibles para que los estudiantes los lleven o los utilicen en el lugar.<\/p>\n<p>[\/et_pb_accordion_item][et_pb_accordion_item title=\u00bbUniversidad Diversa e Internacional\u00bb _builder_version=\u00bb4.22.1&#8243; _module_preset=\u00bbdefault\u00bb global_colors_info=\u00bb{}\u00bb open=\u00bboff\u00bb]<\/p>\n<p style=\"text-align: justify;\">Cada a\u00f1o, la Universidad de Huelva acoge a cerca de 700 estudiantes provenientes de m\u00e1s de 40 pa\u00edses, convirti\u00e9ndose en un crisol de diversidad y multiculturalidad. Esta diversidad permite a los estudiantes locales interactuar y aprender de otras culturas y perspectivas sin salir de casa. La UHU recibe mayoritariamente estudiantes europeos, pero tambi\u00e9n de Latinoam\u00e9rica, \u00c1frica o Asia, fortaleciendo los lazos internacionales a trav\u00e9s de proyectos de cooperaci\u00f3n acad\u00e9mica, de desarrollo e investigaci\u00f3n.<\/p>\n<p>[\/et_pb_accordion_item][et_pb_accordion_item title=\u00bbLa Semana Internacional UHU\u00bb _builder_version=\u00bb4.22.1&#8243; _module_preset=\u00bbdefault\u00bb global_colors_info=\u00bb{}\u00bb open=\u00bboff\u00bb]<\/p>\n<p style=\"text-align: justify;\">Cada mes de abril, la UHU celebra su Semana Internacional, un evento que convierte el campus en un vibrante punto de encuentro global. Durante esta semana, alrededor de 80 personas de diversos pa\u00edses visitan la universidad, participando en eventos como la Study Abroad Fair. Aqu\u00ed, representantes de universidades de todo el mundo presentan sus instituciones a los estudiantes y personal de la UHU, vistiendo atuendos t\u00edpicos de sus pa\u00edses, en una celebraci\u00f3n de la diversidad cultural y acad\u00e9mica.<\/p>\n<p>[\/et_pb_accordion_item][\/et_pb_accordion][\/et_pb_column][\/et_pb_row][\/et_pb_section]<\/p>\n","protected":false},"excerpt":{"rendered":"<p>Welcome Office La Welcome Office en el Campus del&#8230;<\/p>\n","protected":false},"author":1,"featured_media":0,"parent":0,"menu_order":0,"comment_status":"closed","ping_status":"closed","template":"","meta":{"_et_pb_use_builder":"on","_et_pb_old_content":"","_et_gb_content_width":"","footnotes":""},"class_list":["post-259","page","type-page","status-publish","hentry"],"_links":{"self":[{"href":"https:\/\/www.uhu.es\/rutaodsuhu\/wp-json\/wp\/v2\/pages\/259"}],"collection":[{"href":"https:\/\/www.uhu.es\/rutaodsuhu\/wp-json\/wp\/v2\/pages"}],"about":[{"href":"https:\/\/www.uhu.es\/rutaodsuhu\/wp-json\/wp\/v2\/types\/page"}],"author":[{"embeddable":true,"href":"https:\/\/www.uhu.es\/rutaodsuhu\/wp-json\/wp\/v2\/users\/1"}],"replies":[{"embeddable":true,"href":"https:\/\/www.uhu.es\/rutaodsuhu\/wp-json\/wp\/v2\/comments?post=259"}],"version-history":[{"count":12,"href":"https:\/\/www.uhu.es\/rutaodsuhu\/wp-json\/wp\/v2\/pages\/259\/revisions"}],"predecessor-version":[{"id":370,"href":"https:\/\/www.uhu.es\/rutaodsuhu\/wp-json\/wp\/v2\/pages\/259\/revisions\/370"}],"wp:attachment":[{"href":"https:\/\/www.uhu.es\/rutaodsuhu\/wp-json\/wp\/v2\/media?parent=259"}],"curies":[{"name":"wp","href":"https:\/\/api.w.org\/{rel}","templated":true}]}}