{"id":294,"date":"2024-08-29T11:00:48","date_gmt":"2024-08-29T09:00:48","guid":{"rendered":"https:\/\/www.uhu.es\/rutaodsuhu\/?page_id=294"},"modified":"2024-08-29T12:53:29","modified_gmt":"2024-08-29T10:53:29","slug":"campus-trees","status":"publish","type":"page","link":"https:\/\/www.uhu.es\/rutaodsuhu\/campus-trees\/","title":{"rendered":"Campus Trees"},"content":{"rendered":"<p>[et_pb_section fb_built=\u00bb1&#8243; _builder_version=\u00bb4.22.1&#8243; _module_preset=\u00bbdefault\u00bb custom_padding=\u00bb4px|||||\u00bb global_colors_info=\u00bb{}\u00bb][et_pb_row _builder_version=\u00bb4.22.1&#8243; _module_preset=\u00bbdefault\u00bb global_colors_info=\u00bb{}\u00bb][et_pb_column type=\u00bb4_4&#8243; _builder_version=\u00bb4.22.1&#8243; _module_preset=\u00bbdefault\u00bb global_colors_info=\u00bb{}\u00bb][et_pb_text _builder_version=\u00bb4.22.1&#8243; _module_preset=\u00bbdefault\u00bb animation_style=\u00bbfade\u00bb global_colors_info=\u00bb{}\u00bb]<\/p>\n<h1 style=\"text-align: center;\"><span style=\"color: #000000;\">\u00c1rboles aut\u00f3ctonos<\/span><\/h1>\n<p><span style=\"color: #cc99ff;\"><\/span><\/p>\n<p style=\"text-align: justify;\">En el <strong>Campus del Carmen<\/strong> de la Universidad de Huelva, los <strong>\u00e1rboles aut\u00f3ctonos<\/strong> desempe\u00f1an un papel fundamental. <strong>La encina,<\/strong> el <strong>alcornoque<\/strong>, el <strong>algarrobo<\/strong>, el <strong>madro\u00f1o<\/strong>, el <strong>almez<\/strong>, el <strong>pino pi\u00f1onero <\/strong>o el <strong>pino carrasco<\/strong> forman parte de los bosques naturales andaluces y enriquecen y dan vida a nuestro entorno universitario.<\/p>\n<p style=\"text-align: justify;\">Localizaci\u00f3n de especies frente a la Facultad de Experimentales:<\/p>\n<ul style=\"text-align: justify;\"><\/ul>\n<p>[\/et_pb_text][et_pb_image src=\u00bbhttps:\/\/www.uhu.es\/rutaodsuhu\/wp-content\/uploads\/2024\/08\/mapa-arboles.jpg\u00bb title_text=\u00bbmapa arboles\u00bb _builder_version=\u00bb4.22.1&#8243; _module_preset=\u00bbdefault\u00bb width=\u00bb62%\u00bb module_alignment=\u00bbcenter\u00bb hover_enabled=\u00bb0&#8243; border_radii=\u00bbon|1px|1px|1px|1px\u00bb border_width_all=\u00bb1px\u00bb global_colors_info=\u00bb{}\u00bb animation_style=\u00bbfade\u00bb sticky_enabled=\u00bb0&#8243;][\/et_pb_image][et_pb_video src=\u00bbhttps:\/\/www.uhu.es\/rutaodsuhu\/wp-content\/Campus_Trees.mp4&#8243; play_icon_color=\u00bbRGBA(255,255,255,0)\u00bb font_icon=\u00bb&#x49;||divi||400&#8243; _builder_version=\u00bb4.22.1&#8243; _module_preset=\u00bbdefault\u00bb hover_enabled=\u00bb0&#8243; border_radii=\u00bbon|1px|1px|1px|1px\u00bb border_width_all=\u00bb1px\u00bb global_colors_info=\u00bb{}\u00bb animation_style=\u00bbfade\u00bb sticky_enabled=\u00bb0&#8243;][\/et_pb_video][\/et_pb_column][\/et_pb_row][et_pb_row column_structure=\u00bb1_2,1_2&#8243; _builder_version=\u00bb4.22.1&#8243; _module_preset=\u00bbdefault\u00bb custom_padding=\u00bb33px|||||\u00bb box_shadow_style=\u00bbpreset2&#8243; global_colors_info=\u00bb{}\u00bb][et_pb_column type=\u00bb1_2&#8243; _builder_version=\u00bb4.22.1&#8243; _module_preset=\u00bbdefault\u00bb global_colors_info=\u00bb{}\u00bb][et_pb_gallery gallery_ids=\u00bb298,299,300,301,302,303&#8243; fullwidth=\u00bbon\u00bb _builder_version=\u00bb4.22.1&#8243; _module_preset=\u00bbdefault\u00bb custom_margin=\u00bb|||35px|false|false\u00bb hover_transition_duration=\u00bb100ms\u00bb global_colors_info=\u00bb{}\u00bb][\/et_pb_gallery][\/et_pb_column][et_pb_column type=\u00bb1_2&#8243; _builder_version=\u00bb4.22.1&#8243; _module_preset=\u00bbdefault\u00bb global_colors_info=\u00bb{}\u00bb][et_pb_text _builder_version=\u00bb4.22.1&#8243; _module_preset=\u00bbdefault\u00bb custom_padding=\u00bb|20px|||false|false\u00bb global_colors_info=\u00bb{}\u00bb]<\/p>\n<p style=\"text-align: justify;\">El arte y el feminismo se entrelazan en esta obra conmovedora, que refleja el compromiso continuo de la Universidad de Huelva con la igualdad de g\u00e9nero.<br \/><span><\/span><\/p>\n<p>&nbsp;<\/p>\n<p><img loading=\"lazy\" decoding=\"async\" src=\"https:\/\/www.uhu.es\/rutaodsuhu\/wp-content\/uploads\/2024\/08\/ODS3-300x300.png\" width=\"102\" height=\"102\" alt=\"\" class=\"wp-image-201 alignnone size-medium\" srcset=\"https:\/\/www.uhu.es\/rutaodsuhu\/wp-content\/uploads\/2024\/08\/ODS3-300x300.png 300w, https:\/\/www.uhu.es\/rutaodsuhu\/wp-content\/uploads\/2024\/08\/ODS3-150x150.png 150w, https:\/\/www.uhu.es\/rutaodsuhu\/wp-content\/uploads\/2024\/08\/ODS3.png 379w\" sizes=\"(max-width: 102px) 100vw, 102px\" \/> <img loading=\"lazy\" decoding=\"async\" src=\"https:\/\/www.uhu.es\/rutaodsuhu\/wp-content\/uploads\/2024\/08\/ods4-300x300.png\" width=\"102\" height=\"102\" alt=\"\" class=\"wp-image-202 alignnone size-medium\" srcset=\"https:\/\/www.uhu.es\/rutaodsuhu\/wp-content\/uploads\/2024\/08\/ods4-300x300.png 300w, https:\/\/www.uhu.es\/rutaodsuhu\/wp-content\/uploads\/2024\/08\/ods4-150x150.png 150w, https:\/\/www.uhu.es\/rutaodsuhu\/wp-content\/uploads\/2024\/08\/ods4.png 379w\" sizes=\"(max-width: 102px) 100vw, 102px\" \/> <img loading=\"lazy\" decoding=\"async\" src=\"https:\/\/www.uhu.es\/rutaodsuhu\/wp-content\/uploads\/2024\/07\/ods11-300x300.png\" width=\"102\" height=\"102\" alt=\"\" class=\"wp-image-56 alignnone size-medium\" srcset=\"https:\/\/www.uhu.es\/rutaodsuhu\/wp-content\/uploads\/2024\/07\/ods11-300x300.png 300w, https:\/\/www.uhu.es\/rutaodsuhu\/wp-content\/uploads\/2024\/07\/ods11-150x150.png 150w, https:\/\/www.uhu.es\/rutaodsuhu\/wp-content\/uploads\/2024\/07\/ods11.png 382w\" sizes=\"(max-width: 102px) 100vw, 102px\" \/> <img loading=\"lazy\" decoding=\"async\" src=\"https:\/\/www.uhu.es\/rutaodsuhu\/wp-content\/uploads\/2024\/08\/ods13-298x300.png\" width=\"101\" height=\"102\" alt=\"\" class=\"wp-image-221 alignnone size-medium\" srcset=\"https:\/\/www.uhu.es\/rutaodsuhu\/wp-content\/uploads\/2024\/08\/ods13-298x300.png 298w, https:\/\/www.uhu.es\/rutaodsuhu\/wp-content\/uploads\/2024\/08\/ods13-150x150.png 150w, https:\/\/www.uhu.es\/rutaodsuhu\/wp-content\/uploads\/2024\/08\/ods13.png 375w\" sizes=\"(max-width: 101px) 100vw, 101px\" \/>\u00a0 \u00a0 \u00a0 \u00a0 \u00a0 \u00a0 <img loading=\"lazy\" decoding=\"async\" src=\"https:\/\/www.uhu.es\/rutaodsuhu\/wp-content\/uploads\/2024\/08\/ods15.png\" width=\"102\" height=\"102\" alt=\"\" class=\"wp-image-304 alignnone size-full\" srcset=\"https:\/\/www.uhu.es\/rutaodsuhu\/wp-content\/uploads\/2024\/08\/ods15.png 225w, https:\/\/www.uhu.es\/rutaodsuhu\/wp-content\/uploads\/2024\/08\/ods15-150x150.png 150w\" sizes=\"(max-width: 102px) 100vw, 102px\" \/><\/p>\n<p>[\/et_pb_text][\/et_pb_column][\/et_pb_row][et_pb_row _builder_version=\u00bb4.22.1&#8243; _module_preset=\u00bbdefault\u00bb global_colors_info=\u00bb{}\u00bb][et_pb_column type=\u00bb4_4&#8243; _builder_version=\u00bb4.22.1&#8243; _module_preset=\u00bbdefault\u00bb global_colors_info=\u00bb{}\u00bb][et_pb_accordion _builder_version=\u00bb4.22.1&#8243; _module_preset=\u00bbdefault\u00bb animation_style=\u00bbfade\u00bb box_shadow_style=\u00bbpreset3&#8243; box_shadow_vertical=\u00bb5px\u00bb global_colors_info=\u00bb{}\u00bb][et_pb_accordion_item title=\u00bbUbicaci\u00f3n\u00bb open=\u00bboff\u00bb _builder_version=\u00bb4.22.1&#8243; _module_preset=\u00bbdefault\u00bb global_colors_info=\u00bb{}\u00bb]<\/p>\n<p style=\"text-align: justify;\">Campus de El Carmen, Universidad de Huelva.<\/p>\n<p>[\/et_pb_accordion_item][et_pb_accordion_item title=\u00bbMotivaci\u00f3n y Contexto\u00bb _builder_version=\u00bb4.22.1&#8243; _module_preset=\u00bbdefault\u00bb global_colors_info=\u00bb{}\u00bb open=\u00bboff\u00bb]<\/p>\n<p style=\"text-align: justify;\">Los \u00e1rboles en un campus universitario desempe\u00f1an un papel crucial y ofrecen una serie de beneficios significativos para la comunidad universitaria y para la ciudadan\u00eda, que tambi\u00e9n utiliza el Campus como espacio de paseo y descanso. Aqu\u00ed est\u00e1n algunas razones por las que son importantes:<\/p>\n<ol>\n<li style=\"text-align: justify;\"><strong><\/strong> <strong>Generan un ambiente propicio para el estudio y la relajaci\u00f3n: <\/strong>la presencia de \u00e1rboles crea un entorno agradable y relajante. Los estudiantes pueden estudiar al aire libre, disfrutar de la sombra y conectarse un poco m\u00e1s con la naturaleza.<\/li>\n<li style=\"text-align: justify;\"><strong><\/strong> <strong>Mejoran la calidad del aire: <\/strong>los \u00e1rboles absorben di\u00f3xido de carbono (CO\u2082) y liberan ox\u00edgeno (O\u2082) durante la fotos\u00edntesis. Esto contribuye a una mejor calidad del aire en el campus.<\/li>\n<li style=\"text-align: justify;\"><strong><\/strong> <strong>Ayudan a reducir el estr\u00e9s y mejorar el bienestar: <\/strong>numerosos estudios han demostrado que estar cerca de la naturaleza reduce el estr\u00e9s y mejora el bienestar mental. Los \u00e1rboles proporcionan un refugio tranquilo para los estudiantes y el personal.<\/li>\n<li style=\"text-align: justify;\"><strong><\/strong> <strong>Crean un h\u00e1bitat para la fauna urbana:<\/strong> los \u00e1rboles albergan aves, insectos y otros animales. Su presencia en el campus crea un ecosistema m\u00e1s diverso y atractivo.<\/li>\n<li style=\"text-align: justify;\"><strong><\/strong> <strong>Ofrecen un valor recreativo y social:<\/strong> los espacios arbolados son ideales para actividades al aire libre, como paseos, picnics y eventos comunitarios.<\/li>\n<li style=\"text-align: justify;\"><strong><\/strong> <strong>Son muy \u00fatiles para la educaci\u00f3n ambiental:<\/strong> Los \u00e1rboles pueden ser herramientas educativas. Se pueden utilizar para ense\u00f1ar sobre la biodiversidad, la ecolog\u00eda y la importancia de la conservaci\u00f3n.<\/li>\n<li style=\"text-align: justify;\"><strong><\/strong> <strong>Mitigan el calentamiento urbano: <\/strong>la sombra proporcionada por los \u00e1rboles ayuda a reducir la temperatura en \u00e1reas pavimentadas y edificios, mitigando el efecto de isla de calor urbano<\/li>\n<\/ol>\n<p>[\/et_pb_accordion_item][et_pb_accordion_item title=\u00bbEspecies propias de los bosques naturales\u00bb _builder_version=\u00bb4.22.1&#8243; _module_preset=\u00bbdefault\u00bb global_colors_info=\u00bb{}\u00bb open=\u00bbon\u00bb]<\/p>\n<p style=\"text-align: justify;\">Delante de la Facultad de Ciencias Experimentales se encuentran varias especies que son parte fundamental de los bosques naturales andaluces. Entre ellas destacamos:<\/p>\n<ul>\n<li style=\"list-style-type: none;\">\n<ul>\n<li style=\"text-align: justify;\"><strong>Encina (<em>Quercus ilex<\/em>): El icono de las dehesas<\/strong>\n<ul>\n<li>La majestuosa encina, s\u00edmbolo de nuestra tierra, domina las dehesas de la provincia. Sus hojas perennes y su corteza rugosa la hacen inconfundible. Adem\u00e1s, es un refugio para la fauna local.<\/li>\n<\/ul>\n<\/li>\n<li style=\"text-align: justify;\"><strong>Alcornoque (<em>Quercus suber<\/em>): El tesoro del corcho<\/strong>\n<ul>\n<li>El alcornoque nos brinda un tesoro: el corcho. Su corteza se extrae de forma sostenible para fabricar tapones de vino y otros productos. Un \u00e1rbol noble con un legado centenario.<\/li>\n<\/ul>\n<\/li>\n<li style=\"text-align: justify;\"><strong>Algarrobo (<em>Ceratonia siliqua)<\/em>: Deliciosos frutos en forma de legumbre<\/strong>\n<ul>\n<li>El algarrobo, con sus frutos en forma de legumbre, es un tesoro alimenticio. En Portugal, sus vainas dulces son apreciadas. Adem\u00e1s, su sombra es bienvenida en los d\u00edas c\u00e1lidos.<\/li>\n<\/ul>\n<\/li>\n<li style=\"text-align: justify;\"><strong>Madro\u00f1o (<em>Arbutus unedo<\/em>): Rojo pasi\u00f3n en la naturaleza<\/strong>\n<ul>\n<li>El madro\u00f1o, con sus frutos rojos llamativos, es un fest\u00edn para las aves. Su presencia a\u00f1ade color y vitalidad al paisaje. \u00bfSab\u00edas que tambi\u00e9n se utiliza para hacer licores?<\/li>\n<\/ul>\n<\/li>\n<li style=\"text-align: justify;\"><strong>Almez (<em>Celtis australis<\/em>): El tesoro menos conocido<\/strong>\n<ul>\n<li>Acompa\u00f1ando a los bosques mediterr\u00e1neos, el almez es discreto pero valioso. En Madrid, dos grandes almeces saludan a los visitantes frente al Museo del Prado.<\/li>\n<\/ul>\n<\/li>\n<li style=\"text-align: justify;\"><strong>Pino pi\u00f1onero (<em>Pinus pinea<\/em>): El perfume de las dunas costeras<\/strong>\n<ul>\n<li>El aroma del pino pi\u00f1onero impregna las dunas y arenales costeros de Huelva. Sus pi\u00f1ones son un manjar y su silueta es inconfundible en el horizonte marino.<\/li>\n<\/ul>\n<\/li>\n<li><strong>Pino carrasco (<em>Pinus halepensis<\/em>): Resistencia ante la sequ\u00eda y el fuego<\/strong>\n<ul>\n<li style=\"text-align: justify;\">El pino carrasco es un superviviente. Adaptado a la sequ\u00eda estival y los incendios mediterr\u00e1neos, su presencia es un recordatorio de la resiliencia de la naturaleza.<\/li>\n<\/ul>\n<\/li>\n<\/ul>\n<\/li>\n<\/ul>\n<p>[\/et_pb_accordion_item][et_pb_accordion_item title=\u00bbInformaci\u00f3n adicional\u00bb _builder_version=\u00bb4.22.1&#8243; _module_preset=\u00bbdefault\u00bb global_colors_info=\u00bb{}\u00bb open=\u00bboff\u00bb]<\/p>\n<p style=\"text-align: justify;\">Puede encontrarse un plano detallado con la localizaci\u00f3n de todos los \u00e1rboles del Campus e informaci\u00f3n de cada uno de ellos en <span><a href=\"http:\/\/uhu.es\/fexp\/guia-arboles\/index.php\">http:\/\/uhu.es\/fexp\/guia-arboles\/index.php<\/a><\/span><\/p>\n<p>[\/et_pb_accordion_item][\/et_pb_accordion][\/et_pb_column][\/et_pb_row][\/et_pb_section]<\/p>\n","protected":false},"excerpt":{"rendered":"<p>\u00c1rboles aut\u00f3ctonos En el Campus del Carmen de la&#8230;<\/p>\n","protected":false},"author":1,"featured_media":0,"parent":0,"menu_order":0,"comment_status":"closed","ping_status":"closed","template":"","meta":{"_et_pb_use_builder":"on","_et_pb_old_content":"","_et_gb_content_width":"","footnotes":""},"class_list":["post-294","page","type-page","status-publish","hentry"],"_links":{"self":[{"href":"https:\/\/www.uhu.es\/rutaodsuhu\/wp-json\/wp\/v2\/pages\/294"}],"collection":[{"href":"https:\/\/www.uhu.es\/rutaodsuhu\/wp-json\/wp\/v2\/pages"}],"about":[{"href":"https:\/\/www.uhu.es\/rutaodsuhu\/wp-json\/wp\/v2\/types\/page"}],"author":[{"embeddable":true,"href":"https:\/\/www.uhu.es\/rutaodsuhu\/wp-json\/wp\/v2\/users\/1"}],"replies":[{"embeddable":true,"href":"https:\/\/www.uhu.es\/rutaodsuhu\/wp-json\/wp\/v2\/comments?post=294"}],"version-history":[{"count":4,"href":"https:\/\/www.uhu.es\/rutaodsuhu\/wp-json\/wp\/v2\/pages\/294\/revisions"}],"predecessor-version":[{"id":350,"href":"https:\/\/www.uhu.es\/rutaodsuhu\/wp-json\/wp\/v2\/pages\/294\/revisions\/350"}],"wp:attachment":[{"href":"https:\/\/www.uhu.es\/rutaodsuhu\/wp-json\/wp\/v2\/media?parent=294"}],"curies":[{"name":"wp","href":"https:\/\/api.w.org\/{rel}","templated":true}]}}