{"id":307,"date":"2024-08-29T11:07:28","date_gmt":"2024-08-29T09:07:28","guid":{"rendered":"https:\/\/www.uhu.es\/rutaodsuhu\/?page_id=307"},"modified":"2024-08-29T12:54:38","modified_gmt":"2024-08-29T10:54:38","slug":"escultura-paloma-de-la-paz","status":"publish","type":"page","link":"https:\/\/www.uhu.es\/rutaodsuhu\/escultura-paloma-de-la-paz\/","title":{"rendered":"Escultura Paloma de la paz"},"content":{"rendered":"<p>[et_pb_section fb_built=\u00bb1&#8243; _builder_version=\u00bb4.22.1&#8243; _module_preset=\u00bbdefault\u00bb custom_padding=\u00bb4px|||||\u00bb global_colors_info=\u00bb{}\u00bb][et_pb_row _builder_version=\u00bb4.22.1&#8243; _module_preset=\u00bbdefault\u00bb global_colors_info=\u00bb{}\u00bb][et_pb_column type=\u00bb4_4&#8243; _builder_version=\u00bb4.22.1&#8243; _module_preset=\u00bbdefault\u00bb global_colors_info=\u00bb{}\u00bb][et_pb_text _builder_version=\u00bb4.22.1&#8243; _module_preset=\u00bbdefault\u00bb animation_style=\u00bbfade\u00bb hover_enabled=\u00bb0&#8243; global_colors_info=\u00bb{}\u00bb sticky_enabled=\u00bb0&#8243;]<\/p>\n<h1 style=\"text-align: center;\"><span style=\"color: #ff0000;\">Escultura Paloma de la paz<\/span><\/h1>\n<p><span style=\"color: #cc99ff;\"><\/span><\/p>\n<p style=\"text-align: justify;\">La <strong>Escultura Paloma de la Paz<\/strong> en los jardines del Campus del Carmen de la Universidad de Huelva, dise\u00f1ada por el poeta Ernesto Cardenal, simboliza la paz y los valores humanos. La UHU promueve una cultura de paz en su comunidad.<\/p>\n<ul style=\"text-align: justify;\"><\/ul>\n<p>[\/et_pb_text][et_pb_video src=\u00bbhttps:\/\/www.uhu.es\/rutaodsuhu\/wp-content\/uploads\/2024\/08\/Escultura-de-la-Paloma-de-la-Paz.mp4&#8243; play_icon_color=\u00bbRGBA(255,255,255,0)\u00bb font_icon=\u00bb&#x49;||divi||400&#8243; _builder_version=\u00bb4.22.1&#8243; _module_preset=\u00bbdefault\u00bb hover_enabled=\u00bb0&#8243; border_radii=\u00bbon|1px|1px|1px|1px\u00bb border_width_all=\u00bb1px\u00bb global_colors_info=\u00bb{}\u00bb animation_style=\u00bbfade\u00bb sticky_enabled=\u00bb0&#8243;][\/et_pb_video][\/et_pb_column][\/et_pb_row][et_pb_row column_structure=\u00bb1_2,1_2&#8243; _builder_version=\u00bb4.22.1&#8243; _module_preset=\u00bbdefault\u00bb custom_padding=\u00bb33px|||||\u00bb box_shadow_style=\u00bbpreset2&#8243; global_colors_info=\u00bb{}\u00bb][et_pb_column type=\u00bb1_2&#8243; _builder_version=\u00bb4.22.1&#8243; _module_preset=\u00bbdefault\u00bb global_colors_info=\u00bb{}\u00bb][et_pb_gallery gallery_ids=\u00bb314,315&#8243; fullwidth=\u00bbon\u00bb _builder_version=\u00bb4.22.1&#8243; _module_preset=\u00bbdefault\u00bb custom_margin=\u00bb|||35px|false|false\u00bb hover_transition_duration=\u00bb100ms\u00bb global_colors_info=\u00bb{}\u00bb][\/et_pb_gallery][\/et_pb_column][et_pb_column type=\u00bb1_2&#8243; _builder_version=\u00bb4.22.1&#8243; _module_preset=\u00bbdefault\u00bb global_colors_info=\u00bb{}\u00bb][et_pb_text _builder_version=\u00bb4.22.1&#8243; _module_preset=\u00bbdefault\u00bb custom_padding=\u00bb|20px|||false|false\u00bb global_colors_info=\u00bb{}\u00bb]<\/p>\n<p style=\"text-align: center;\">Simboliza la paz y los valores humanos.<span><\/span><\/p>\n<p>&nbsp;<\/p>\n<p><img loading=\"lazy\" decoding=\"async\" src=\"https:\/\/www.uhu.es\/rutaodsuhu\/wp-content\/uploads\/2024\/08\/ods16-300x300.png\" width=\"102\" height=\"102\" alt=\"\" class=\"wp-image-312 alignnone size-medium\" style=\"display: block; margin-left: auto; margin-right: auto;\" srcset=\"https:\/\/www.uhu.es\/rutaodsuhu\/wp-content\/uploads\/2024\/08\/ods16-300x300.png 300w, https:\/\/www.uhu.es\/rutaodsuhu\/wp-content\/uploads\/2024\/08\/ods16-150x150.png 150w, https:\/\/www.uhu.es\/rutaodsuhu\/wp-content\/uploads\/2024\/08\/ods16.png 382w\" sizes=\"(max-width: 102px) 100vw, 102px\" \/><\/p>\n<p>[\/et_pb_text][\/et_pb_column][\/et_pb_row][et_pb_row _builder_version=\u00bb4.22.1&#8243; _module_preset=\u00bbdefault\u00bb global_colors_info=\u00bb{}\u00bb][et_pb_column type=\u00bb4_4&#8243; _builder_version=\u00bb4.22.1&#8243; _module_preset=\u00bbdefault\u00bb global_colors_info=\u00bb{}\u00bb][et_pb_accordion _builder_version=\u00bb4.22.1&#8243; _module_preset=\u00bbdefault\u00bb animation_style=\u00bbfade\u00bb box_shadow_style=\u00bbpreset3&#8243; box_shadow_vertical=\u00bb5px\u00bb global_colors_info=\u00bb{}\u00bb][et_pb_accordion_item title=\u00bbUbicaci\u00f3n\u00bb open=\u00bbon\u00bb _builder_version=\u00bb4.22.1&#8243; _module_preset=\u00bbdefault\u00bb global_colors_info=\u00bb{}\u00bb]<\/p>\n<p style=\"text-align: justify;\">Jard\u00ednes del Campus del Carmen, Universidad de Huelva, Espa\u00f1a.<\/p>\n<p>[\/et_pb_accordion_item][et_pb_accordion_item title=\u00bbInauguraci\u00f3n\u00bb _builder_version=\u00bb4.22.1&#8243; _module_preset=\u00bbdefault\u00bb global_colors_info=\u00bb{}\u00bb open=\u00bboff\u00bb]<\/p>\n<p>La escultura fue inaugurada en el a\u00f1o 2013.<\/p>\n<p>[\/et_pb_accordion_item][et_pb_accordion_item title=\u00bbMotivaci\u00f3n y Contexto\u00bb _builder_version=\u00bb4.22.1&#8243; _module_preset=\u00bbdefault\u00bb global_colors_info=\u00bb{}\u00bb open=\u00bboff\u00bb]<\/p>\n<p style=\"text-align: justify;\">La escultura de la Paloma de la Paz representa de forma minimalista, con l\u00edneas redondeadas y muy depuradas, una paloma blanca, s\u00edmbolo de la paz y del Esp\u00edritu Santo. La escultura se ubica en los jard\u00ednes del Campus de El Carmen y fue dise\u00f1ada por el poeta nicarag\u00fcense y Doctor Honoris Causa de La Onubense, Ernesto Cardenal. Se trata de una obra muy significativa, ya que la paloma representa adem\u00e1s el Premio a los Valores Humanos que otorga la Asociaci\u00f3n Instituto de Cultura, Democracia y Medio Ambiente (Incudema), cuyo presidente, Manuel Eugenio Romero, promovi\u00f3 esta escultura como galard\u00f3n. El Doctor Honoris Causa de la Universidad de Huelva, Ernesto Cardenal, se mostr\u00f3 satisfecho por tener una escultura suya en el Campus de la Universidad, tras leer un poema suyo dedicado a la Paz.<\/p>\n<p>[\/et_pb_accordion_item][et_pb_accordion_item title=\u00bbEventos celebrados en la escultura\u00bb _builder_version=\u00bb4.22.1&#8243; _module_preset=\u00bbdefault\u00bb global_colors_info=\u00bb{}\u00bb open=\u00bboff\u00bb]<\/p>\n<p style=\"text-align: justify;\">la Paloma de la Paz ha sido el escenario elegido para localizar\u00a0 distintos eventos , tales como la celebraci\u00f3n del 30 de enero de 2024, D\u00eda Escolar de la No Violencia y la Paz, en donde se convoc\u00f3 a un minuto de silencio en solidaridad con todos los pueblos y naciones que se encuentran en conflicto armado; o la lectura de un manifiesto institucional el 9 de marzo de 2022 en solidaridad con el pueblo de Ucrania.<\/p>\n<p>[\/et_pb_accordion_item][et_pb_accordion_item title=\u00bbValores\u00bb _builder_version=\u00bb4.22.1&#8243; _module_preset=\u00bbdefault\u00bb global_colors_info=\u00bb{}\u00bb open=\u00bboff\u00bb]<\/p>\n<p style=\"text-align: justify;\">La universidad de Huelva promueve una cultura de paz, de acuerdo con la propuesta de Naciones Unidas, que la define como \u201cuna serie de valores, actividades y comportamientos que rechazan la violencia y previenen los conflictos tratando de atacar sus causas para solucionar los problemas mediante el di\u00e1logo entre las personas, los grupos y las naciones\u201d.<\/p>\n<p>[\/et_pb_accordion_item][et_pb_accordion_item title=\u00bbInformaci\u00f3n adicional\u00bb _builder_version=\u00bb4.22.1&#8243; _module_preset=\u00bbdefault\u00bb global_colors_info=\u00bb{}\u00bb open=\u00bboff\u00bb]<\/p>\n<p><a href=\"https:\/\/www.youtube.com\/watch?v=HYPsq15Hkzw%20https:\/\/www.youtube.com\/watch?v=cFGlAef7dJQ\">https:\/\/www.youtube.com\/watch?v=HYPsq15Hkzwhttps:\/\/www.youtube.com\/watch?v=cFGlAef7dJQ<\/a><\/p>\n<p>[\/et_pb_accordion_item][\/et_pb_accordion][\/et_pb_column][\/et_pb_row][\/et_pb_section]<\/p>\n","protected":false},"excerpt":{"rendered":"<p>Escultura Paloma de la paz La Escultura Paloma de la&#8230;<\/p>\n","protected":false},"author":1,"featured_media":0,"parent":0,"menu_order":0,"comment_status":"closed","ping_status":"closed","template":"","meta":{"_et_pb_use_builder":"on","_et_pb_old_content":"","_et_gb_content_width":"","footnotes":""},"class_list":["post-307","page","type-page","status-publish","hentry"],"_links":{"self":[{"href":"https:\/\/www.uhu.es\/rutaodsuhu\/wp-json\/wp\/v2\/pages\/307"}],"collection":[{"href":"https:\/\/www.uhu.es\/rutaodsuhu\/wp-json\/wp\/v2\/pages"}],"about":[{"href":"https:\/\/www.uhu.es\/rutaodsuhu\/wp-json\/wp\/v2\/types\/page"}],"author":[{"embeddable":true,"href":"https:\/\/www.uhu.es\/rutaodsuhu\/wp-json\/wp\/v2\/users\/1"}],"replies":[{"embeddable":true,"href":"https:\/\/www.uhu.es\/rutaodsuhu\/wp-json\/wp\/v2\/comments?post=307"}],"version-history":[{"count":6,"href":"https:\/\/www.uhu.es\/rutaodsuhu\/wp-json\/wp\/v2\/pages\/307\/revisions"}],"predecessor-version":[{"id":351,"href":"https:\/\/www.uhu.es\/rutaodsuhu\/wp-json\/wp\/v2\/pages\/307\/revisions\/351"}],"wp:attachment":[{"href":"https:\/\/www.uhu.es\/rutaodsuhu\/wp-json\/wp\/v2\/media?parent=307"}],"curies":[{"name":"wp","href":"https:\/\/api.w.org\/{rel}","templated":true}]}}