{"id":321,"date":"2024-08-29T11:37:01","date_gmt":"2024-08-29T09:37:01","guid":{"rendered":"https:\/\/www.uhu.es\/rutaodsuhu\/?page_id=321"},"modified":"2024-08-29T12:57:15","modified_gmt":"2024-08-29T10:57:15","slug":"museo-pedagogico","status":"publish","type":"page","link":"https:\/\/www.uhu.es\/rutaodsuhu\/museo-pedagogico\/","title":{"rendered":"Museo pedag\u00f3gico"},"content":{"rendered":"<p>[et_pb_section fb_built=\u00bb1&#8243; _builder_version=\u00bb4.22.1&#8243; _module_preset=\u00bbdefault\u00bb custom_padding=\u00bb4px|||||\u00bb global_colors_info=\u00bb{}\u00bb][et_pb_row _builder_version=\u00bb4.22.1&#8243; _module_preset=\u00bbdefault\u00bb global_colors_info=\u00bb{}\u00bb][et_pb_column type=\u00bb4_4&#8243; _builder_version=\u00bb4.22.1&#8243; _module_preset=\u00bbdefault\u00bb global_colors_info=\u00bb{}\u00bb][et_pb_text _builder_version=\u00bb4.22.1&#8243; _module_preset=\u00bbdefault\u00bb animation_style=\u00bbfade\u00bb global_colors_info=\u00bb{}\u00bb]<\/p>\n<h1 style=\"text-align: center;\"><span style=\"color: #666699;\">Museo pedag\u00f3gico<\/span><\/h1>\n<p><span style=\"color: #cc99ff;\"><\/span><\/p>\n<p style=\"text-align: justify;\">El <strong>Museo Pedag\u00f3gico<\/strong> en el Campus del Carmen de la Universidad de Huelva es un espacio cultural y educativo que preserva el patrimonio hist\u00f3rico escolar. Con exposiciones sobre recursos escolares, formas de escolarizaci\u00f3n, manuales y juegos infantiles tradicionales, este museo promueve la investigaci\u00f3n y la innovaci\u00f3n educativa. \u00a1Un lugar donde la historia y la ense\u00f1anza se entrelazan!<\/p>\n<ul style=\"text-align: justify;\"><\/ul>\n<p>[\/et_pb_text][et_pb_video src=\u00bbhttps:\/\/www.uhu.es\/rutaodsuhu\/wp-content\/Museo_pedag\u00f3gico.mp4&#8243; play_icon_color=\u00bbRGBA(255,255,255,0)\u00bb font_icon=\u00bb&#x49;||divi||400&#8243; _builder_version=\u00bb4.22.1&#8243; _module_preset=\u00bbdefault\u00bb hover_enabled=\u00bb0&#8243; border_radii=\u00bbon|1px|1px|1px|1px\u00bb border_width_all=\u00bb1px\u00bb global_colors_info=\u00bb{}\u00bb animation_style=\u00bbfade\u00bb sticky_enabled=\u00bb0&#8243;][\/et_pb_video][\/et_pb_column][\/et_pb_row][et_pb_row column_structure=\u00bb1_2,1_2&#8243; _builder_version=\u00bb4.22.1&#8243; _module_preset=\u00bbdefault\u00bb custom_padding=\u00bb33px|||||\u00bb box_shadow_style=\u00bbpreset2&#8243; global_colors_info=\u00bb{}\u00bb][et_pb_column type=\u00bb1_2&#8243; _builder_version=\u00bb4.22.1&#8243; _module_preset=\u00bbdefault\u00bb global_colors_info=\u00bb{}\u00bb][et_pb_gallery gallery_ids=\u00bb324,325,326,327,328&#8243; fullwidth=\u00bbon\u00bb _builder_version=\u00bb4.22.1&#8243; _module_preset=\u00bbdefault\u00bb custom_margin=\u00bb|||35px|false|false\u00bb hover_transition_duration=\u00bb100ms\u00bb global_colors_info=\u00bb{}\u00bb][\/et_pb_gallery][\/et_pb_column][et_pb_column type=\u00bb1_2&#8243; _builder_version=\u00bb4.22.1&#8243; _module_preset=\u00bbdefault\u00bb global_colors_info=\u00bb{}\u00bb][et_pb_text _builder_version=\u00bb4.22.1&#8243; _module_preset=\u00bbdefault\u00bb custom_padding=\u00bb|20px|||false|false\u00bb global_colors_info=\u00bb{}\u00bb]<\/p>\n<p style=\"text-align: center;\">\u00a1Un lugar donde la historia y la ense\u00f1anza se entrelazan!<\/p>\n<p style=\"text-align: center;\">\n<p><img loading=\"lazy\" decoding=\"async\" src=\"https:\/\/www.uhu.es\/rutaodsuhu\/wp-content\/uploads\/2024\/08\/ods4-300x300.png\" width=\"102\" height=\"102\" alt=\"\" class=\"wp-image-202 alignnone size-medium\" style=\"display: block; margin-left: auto; margin-right: auto;\" srcset=\"https:\/\/www.uhu.es\/rutaodsuhu\/wp-content\/uploads\/2024\/08\/ods4-300x300.png 300w, https:\/\/www.uhu.es\/rutaodsuhu\/wp-content\/uploads\/2024\/08\/ods4-150x150.png 150w, https:\/\/www.uhu.es\/rutaodsuhu\/wp-content\/uploads\/2024\/08\/ods4.png 379w\" sizes=\"(max-width: 102px) 100vw, 102px\" \/><\/p>\n<p>[\/et_pb_text][\/et_pb_column][\/et_pb_row][et_pb_row _builder_version=\u00bb4.22.1&#8243; _module_preset=\u00bbdefault\u00bb global_colors_info=\u00bb{}\u00bb][et_pb_column type=\u00bb4_4&#8243; _builder_version=\u00bb4.22.1&#8243; _module_preset=\u00bbdefault\u00bb global_colors_info=\u00bb{}\u00bb][et_pb_accordion _builder_version=\u00bb4.22.1&#8243; _module_preset=\u00bbdefault\u00bb animation_style=\u00bbfade\u00bb box_shadow_style=\u00bbpreset3&#8243; box_shadow_vertical=\u00bb5px\u00bb global_colors_info=\u00bb{}\u00bb][et_pb_accordion_item title=\u00bbUbicaci\u00f3n\u00bb open=\u00bbon\u00bb _builder_version=\u00bb4.22.1&#8243; _module_preset=\u00bbdefault\u00bb global_colors_info=\u00bb{}\u00bb]<\/p>\n<p style=\"text-align: justify;\">Campus del Carmen, Universidad de Huelva, Espa\u00f1a. El Museo est\u00e1 situado en la Facultad de Ciencias de la Educaci\u00f3n.<\/p>\n<p>[\/et_pb_accordion_item][et_pb_accordion_item title=\u00bbInauguraci\u00f3n\u00bb _builder_version=\u00bb4.22.1&#8243; _module_preset=\u00bbdefault\u00bb global_colors_info=\u00bb{}\u00bb open=\u00bboff\u00bb]<\/p>\n<p style=\"text-align: justify;\">El Museo Pedag\u00f3gico fue inaugurado el 3 de marzo de 2011, siendo el primero de Andaluc\u00eda en su g\u00e9nero. Ya en los primeros a\u00f1os de funcionamiento logr\u00f3 situarse entre los primeros de Espa\u00f1a por su n\u00famero de visitantes.<\/p>\n<p>[\/et_pb_accordion_item][et_pb_accordion_item title=\u00bbMotivaci\u00f3n y Contexto\u00bb _builder_version=\u00bb4.22.1&#8243; _module_preset=\u00bbdefault\u00bb global_colors_info=\u00bb{}\u00bb open=\u00bboff\u00bb]<\/p>\n<p style=\"text-align: justify;\">La propuesta de creaci\u00f3n fue incluida en el programa de conmemoraci\u00f3n del 150 aniversario de la implantaci\u00f3n de los estudios de Magisterio. Uno de los criterios b\u00e1sicos de ese programa conmemorativo fue dar preferencia a la creaci\u00f3n de estructuras estables, por encima de la realizaci\u00f3n de las acostumbradas celebraciones conmemorativas. La aprobaci\u00f3n del programa propuesto por parte de \u00f3rganos de direcci\u00f3n de la Universidad y la Facultad de Ciencias de la Educaci\u00f3n, supuso el respaldo necesario para el inicio del proyecto, as\u00ed como la concesi\u00f3n de cr\u00e9ditos econ\u00f3micos suficientes y ef\u00edmeras, aunque \u00e9stas no quedar\u00e1n necesariamente excluidas de aquel programa el compromiso de captaci\u00f3n de fondos externos que contribuyeron al patrocinio del nuevo museo.<\/p>\n<p style=\"text-align: justify;\">\n<p style=\"text-align: justify;\">Sus instalaciones incluyen una exposici\u00f3n permanente, con cuatro secciones diferenciadas, dedicadas respectivamente a los recursos escolares, distintas formas de escolarizaci\u00f3n, manuales y libros de texto y, por \u00faltimo, juegos infantiles tradicionales.<\/p>\n<p style=\"text-align: justify;\">Est\u00e1 orientado tanto a la Comunidad Universitaria, que lo emplea como recurso formativo esencial, como a otros colectivos sociales: investigadores, profesorado en ejercicio, alumnado de niveles educativos preuniversitarios, asociaciones y p\u00fablico en general. De la misma forma, al establecerse como un Centro de Estudios del Patrimonio Educativo, constituye un foro privilegiado para la investigaci\u00f3n de las culturas escolares.<\/p>\n<p>[\/et_pb_accordion_item][et_pb_accordion_item title=\u00bbProp\u00f3sito\u00bb _builder_version=\u00bb4.22.1&#8243; _module_preset=\u00bbdefault\u00bb global_colors_info=\u00bb{}\u00bb open=\u00bboff\u00bb]<\/p>\n<p style=\"text-align: justify;\">Desde su inauguraci\u00f3n, el Museo ha recibido numerosas visitas institucionales, acad\u00e9micas y de diversos grupos y miembros de la comunidad universitaria y educativa. Actualmente, la vertiente did\u00e1ctica es una de sus principales l\u00edneas de intervenci\u00f3n. El objetivo no solo es visitar el museo sino tambi\u00e9n convertirlo en un espacio cultural y educativo que promueva el intercambio, la experimentaci\u00f3n, la investigaci\u00f3n y la innovaci\u00f3n educativa. Para ello, se est\u00e1n promoviendo diferentes actividades (proyectos de innovaci\u00f3n, pr\u00e1cticas curriculares, encuentros e intercambios con la comunidad educativa, exposiciones temporales\u2026) en las que el papel activo de los estudiantes de los Grados de la Facultad de Educaci\u00f3n, Psicolog\u00eda y Ciencias del Deporte, resulta fundamental. La finalidad del Museo es la preservaci\u00f3n del patrimonio hist\u00f3rico escolar, tanto material como inmaterial, y servir como espacio de reflexi\u00f3n sobre la escolaridad, entendida como fen\u00f3meno socio-hist\u00f3rico.<\/p>\n<p style=\"text-align: justify;\">\n<p style=\"text-align: justify;\">Sus instalaciones incluyen una exposici\u00f3n permanente, con cuatro secciones diferenciadas, dedicadas respectivamente a los recursos escolares, distintas formas de escolarizaci\u00f3n, manuales y libros de texto y, por \u00faltimo, juegos infantiles tradicionales.<\/p>\n<p>[\/et_pb_accordion_item][\/et_pb_accordion][\/et_pb_column][\/et_pb_row][\/et_pb_section]<\/p>\n","protected":false},"excerpt":{"rendered":"<p>Museo pedag\u00f3gico El Museo Pedag\u00f3gico en el Campus del&#8230;<\/p>\n","protected":false},"author":1,"featured_media":0,"parent":0,"menu_order":0,"comment_status":"closed","ping_status":"closed","template":"","meta":{"_et_pb_use_builder":"on","_et_pb_old_content":"","_et_gb_content_width":"","footnotes":""},"class_list":["post-321","page","type-page","status-publish","hentry"],"_links":{"self":[{"href":"https:\/\/www.uhu.es\/rutaodsuhu\/wp-json\/wp\/v2\/pages\/321"}],"collection":[{"href":"https:\/\/www.uhu.es\/rutaodsuhu\/wp-json\/wp\/v2\/pages"}],"about":[{"href":"https:\/\/www.uhu.es\/rutaodsuhu\/wp-json\/wp\/v2\/types\/page"}],"author":[{"embeddable":true,"href":"https:\/\/www.uhu.es\/rutaodsuhu\/wp-json\/wp\/v2\/users\/1"}],"replies":[{"embeddable":true,"href":"https:\/\/www.uhu.es\/rutaodsuhu\/wp-json\/wp\/v2\/comments?post=321"}],"version-history":[{"count":5,"href":"https:\/\/www.uhu.es\/rutaodsuhu\/wp-json\/wp\/v2\/pages\/321\/revisions"}],"predecessor-version":[{"id":352,"href":"https:\/\/www.uhu.es\/rutaodsuhu\/wp-json\/wp\/v2\/pages\/321\/revisions\/352"}],"wp:attachment":[{"href":"https:\/\/www.uhu.es\/rutaodsuhu\/wp-json\/wp\/v2\/media?parent=321"}],"curies":[{"name":"wp","href":"https:\/\/api.w.org\/{rel}","templated":true}]}}