{"id":69,"date":"2024-07-30T16:34:46","date_gmt":"2024-07-30T14:34:46","guid":{"rendered":"https:\/\/www.uhu.es\/rutaodsuhu\/?page_id=69"},"modified":"2024-09-19T18:36:26","modified_gmt":"2024-09-19T16:36:26","slug":"yacimiento-la-almagra","status":"publish","type":"page","link":"https:\/\/www.uhu.es\/rutaodsuhu\/yacimiento-la-almagra\/","title":{"rendered":"Yacimiento La Almagra"},"content":{"rendered":"\n[et_pb_section fb_built=\u00bb1&#8243; _builder_version=\u00bb4.22.1&#8243; _module_preset=\u00bbdefault\u00bb custom_padding=\u00bb4px|||||\u00bb global_colors_info=\u00bb{}\u00bb][et_pb_row _builder_version=\u00bb4.22.1&#8243; _module_preset=\u00bbdefault\u00bb global_colors_info=\u00bb{}\u00bb][et_pb_column type=\u00bb4_4&#8243; _builder_version=\u00bb4.22.1&#8243; _module_preset=\u00bbdefault\u00bb global_colors_info=\u00bb{}\u00bb][et_pb_text _builder_version=\u00bb4.22.1&#8243; _module_preset=\u00bbdefault\u00bb animation_style=\u00bbfade\u00bb global_colors_info=\u00bb{}\u00bb]<h1 style=\"text-align: center;\"><span style=\"color: #339966;\">Yacimiento La Almagra<\/span><\/h1>\n<p><span><\/span><\/p>\n<p style=\"text-align: justify;\"><span>El asentamiento de La Almagra se encuentra en la margen derecha del R\u00edo Tinto, en el \u00e1rea noroeste de expansi\u00f3n urbana del casco urbano de Huelva, dentro del campus universitario de El Carmen de la Universidad de Huelva. Presenta una ocupaci\u00f3n ininterrumpida desde \u00e9poca romana hasta la contemporaneidad, lo que lo convierte en un lugar \u00fanico para valorar la evoluci\u00f3n del hinterland rural de Huelva a lo largo de m\u00e1s de 2000 a\u00f1os. En las inmediaciones de este yacimiento se han documentado otros sitios que remontan su ocupaci\u00f3n a \u00e9poca protohist\u00f3rica.<\/span><\/p>\n[\/et_pb_text][et_pb_video src=\u00bbhttps:\/\/www.uhu.es\/rutaodsuhu\/wp-content\/uploads\/2024\/09\/Video-Yacimiento-La-Almagra.mp4&#8243; play_icon_color=\u00bbRGBA(255,255,255,0)\u00bb font_icon=\u00bb&#x49;||divi||400&#8243; _builder_version=\u00bb4.22.1&#8243; _module_preset=\u00bbdefault\u00bb animation_style=\u00bbfade\u00bb hover_enabled=\u00bb0&#8243; border_radii=\u00bbon|1px|1px|1px|1px\u00bb border_width_all=\u00bb1px\u00bb global_colors_info=\u00bb{}\u00bb title_text=\u00bbVideo-Yacimiento-La-Almagra\u00bb sticky_enabled=\u00bb0&#8243;][\/et_pb_video][\/et_pb_column][\/et_pb_row][et_pb_row column_structure=\u00bb1_2,1_2&#8243; _builder_version=\u00bb4.22.1&#8243; _module_preset=\u00bbdefault\u00bb custom_padding=\u00bb33px|||||\u00bb box_shadow_style=\u00bbpreset2&#8243; global_colors_info=\u00bb{}\u00bb][et_pb_column type=\u00bb1_2&#8243; _builder_version=\u00bb4.22.1&#8243; _module_preset=\u00bbdefault\u00bb global_colors_info=\u00bb{}\u00bb][et_pb_gallery gallery_ids=\u00bb51,50,172&#8243; fullwidth=\u00bbon\u00bb _builder_version=\u00bb4.22.1&#8243; _module_preset=\u00bbdefault\u00bb custom_margin=\u00bb|||35px|false|false\u00bb hover_transition_duration=\u00bb100ms\u00bb global_colors_info=\u00bb{}\u00bb][\/et_pb_gallery][\/et_pb_column][et_pb_column type=\u00bb1_2&#8243; _builder_version=\u00bb4.22.1&#8243; _module_preset=\u00bbdefault\u00bb global_colors_info=\u00bb{}\u00bb][et_pb_text _builder_version=\u00bb4.22.1&#8243; _module_preset=\u00bbdefault\u00bb custom_padding=\u00bb|20px|||false|false\u00bb global_colors_info=\u00bb{}\u00bb]<p style=\"text-align: justify;\">La Almagra es un verdadero tesoro arqueol\u00f3gico que nos permite explorar la historia y la vida de las civilizaciones pasadas en esta regi\u00f3n.<br \/><span><\/span><\/p>\n<p><img loading=\"lazy\" decoding=\"async\" src=\"https:\/\/www.uhu.es\/rutaodsuhu\/wp-content\/uploads\/2024\/07\/ods11-300x300.png\" width=\"99\" height=\"99\" alt=\"\" class=\"wp-image-56 alignnone size-medium\" style=\"display: block; margin-left: auto; margin-right: auto;\" srcset=\"https:\/\/www.uhu.es\/rutaodsuhu\/wp-content\/uploads\/2024\/07\/ods11-300x300.png 300w, https:\/\/www.uhu.es\/rutaodsuhu\/wp-content\/uploads\/2024\/07\/ods11-150x150.png 150w, https:\/\/www.uhu.es\/rutaodsuhu\/wp-content\/uploads\/2024\/07\/ods11.png 382w\" sizes=\"(max-width: 99px) 100vw, 99px\" \/><\/p>\n[\/et_pb_text][\/et_pb_column][\/et_pb_row][et_pb_row _builder_version=\u00bb4.22.1&#8243; _module_preset=\u00bbdefault\u00bb global_colors_info=\u00bb{}\u00bb][et_pb_column type=\u00bb4_4&#8243; _builder_version=\u00bb4.22.1&#8243; _module_preset=\u00bbdefault\u00bb global_colors_info=\u00bb{}\u00bb][et_pb_accordion _builder_version=\u00bb4.22.1&#8243; _module_preset=\u00bbdefault\u00bb animation_style=\u00bbfade\u00bb box_shadow_style=\u00bbpreset3&#8243; box_shadow_vertical=\u00bb5px\u00bb global_colors_info=\u00bb{}\u00bb][et_pb_accordion_item title=\u00bbUbicaci\u00f3n\u00bb open=\u00bbon\u00bb _builder_version=\u00bb4.22.1&#8243; _module_preset=\u00bbdefault\u00bb global_colors_info=\u00bb{}\u00bb]<p style=\"text-align: justify;\"><span style=\"font-weight: 400;\">La Almagra se sit\u00faa en la periferia noreste del actual casco urbano de Huelva. Es un asentamiento multif\u00e1sico, incluido en la delimitaci\u00f3n del BIC <\/span><i><span style=\"font-weight: 400;\">Zona Arqueol\u00f3gica de Huelva <\/span><\/i><span style=\"font-weight: 400;\">(\u00c1rea B4), situado sobre la elevaci\u00f3n de una terraza fluvial cuaternaria de alto valor estrat\u00e9gico por sus comunicaciones terrestres y fluviales, perdidas actualmente estas \u00faltimas, con otras poblaciones hist\u00f3ricas de gran relevancia, caso de And\u00e9valo y la Sierra.<\/span><\/p>\n[\/et_pb_accordion_item][et_pb_accordion_item title=\u00bbLa investigaci\u00f3n del sitio\u00bb _builder_version=\u00bb4.22.1&#8243; _module_preset=\u00bbdefault\u00bb global_colors_info=\u00bb{}\u00bb open=\u00bboff\u00bb]<p style=\"text-align: justify;\"><span style=\"font-weight: 400;\">Las investigaciones realizadas comprenden un completo programa de acciones que han incluido prospecciones superficiales, excavaci\u00f3n mediante sondeos estratigr\u00e1ficos, sondeos comprobatorios con maquinaria controlada y anal\u00edticas diversas del completo registro artefactual y paleonatural recuperado.<\/span><\/p>\n[\/et_pb_accordion_item][et_pb_accordion_item title=\u00bbEvidencias de Ocupaci\u00f3n\u00bb _builder_version=\u00bb4.22.1&#8243; _module_preset=\u00bbdefault\u00bb global_colors_info=\u00bb{}\u00bb open=\u00bboff\u00bb]<p style=\"text-align: justify;\"><span style=\"font-weight: 400;\">Desde la \u00e9poca romana y tardoantigua (siglos I-VI d.C.)\u00a0 hasta el siglo XX, a trav\u00e9s de un modelo de asentamiento que evoluciona desde una importante <\/span><i><span style=\"font-weight: 400;\">villa rustica<\/span><\/i><span style=\"font-weight: 400;\">, hasta un cortijo moderno y contempor\u00e1neo, que se completan con un potente episodio isl\u00e1mico intermedio ejemplificado en una alquer\u00eda.<\/span><\/p>\n[\/et_pb_accordion_item][et_pb_accordion_item title=\u00bbImportancia Hist\u00f3rica y Arqueol\u00f3gica\u00bb _builder_version=\u00bb4.22.1&#8243; _module_preset=\u00bbdefault\u00bb global_colors_info=\u00bb{}\u00bb open=\u00bboff\u00bb]<p style=\"text-align: justify;\"><span style=\"font-weight: 400;\">Su importancia estriba en la amplia secuencia estratigr\u00e1fica y cronol\u00f3gica conservada que ejemplifica un modelo de ocupaci\u00f3n rural a lo largo de dos milenios gracias a su registro arqueol\u00f3gico, que comprende importantes estructuras constructivas (viviendas, almacenamiento, etc.), abundant\u00edsimo material cer\u00e1mico, musivario, v\u00edtreo, etc., y especialmente significativo, un completo registro palinol\u00f3gico, paleovegetal y paleofaun\u00edstico que ha permitido la reconstrucci\u00f3n del medio f\u00edsico y paisaj\u00edstico y con ello el conocimiento exhaustivo de la explotaci\u00f3n de los recursos (especies de cultivo, consumo de fauna terrestre y marina, etc.) del sitio en cada momento hist\u00f3rico.<\/span><\/p>\n[\/et_pb_accordion_item][et_pb_accordion_item title=\u00bbProyecto de puesta en valor\u00bb _builder_version=\u00bb4.22.1&#8243; _module_preset=\u00bbdefault\u00bb global_colors_info=\u00bb{}\u00bb open=\u00bboff\u00bb]<p style=\"text-align: justify;\"><span style=\"font-weight: 400;\">El sitio ya cuenta con un una integraci\u00f3n <\/span><i><span style=\"font-weight: 400;\">in situ<\/span><\/i><span style=\"font-weight: 400;\"> de varios elementos arqueol\u00f3gicos correspondientes a la alquer\u00eda isl\u00e1mica y el cortijo moderno contempor\u00e1neo, que se acompa\u00f1an de una se\u00f1alizaci\u00f3n explicativa.<\/span><\/p>\n<p style=\"text-align: justify;\"><span style=\"font-weight: 400;\">La UHU cuenta con un edificio construido junto al yacimiento que se dedicar\u00e1 a un uso cultural y acad\u00e9mico.<\/span><\/p>\n<p style=\"text-align: justify;\"><span style=\"font-weight: 400;\">Para obtener m\u00e1s detalles, puedes consultar los siguientes art\u00edculos:<\/span><\/p>\n<p style=\"text-align: justify;\"><span style=\"font-weight: 400;\">Campos Carrasco, J.M.; Vidal Teruel, N.O. y G\u00f3mez Rodr\u00edguez, A. (2005): \u201cIntervenci\u00f3n arqueol\u00f3gica en el Cabezo de La Almagra. Avenida Andaluc\u00eda \/Campus El Carmen (Huelva)\u201d. <\/span><i><span style=\"font-weight: 400;\">Anuario Arqueol\u00f3gico de Andaluc\u00eda\/2002, Vol III, <\/span><\/i><span style=\"font-weight: 400;\">513-529. Sevilla.<\/span><\/p>\n<p style=\"text-align: justify;\"><a href=\"https:\/\/www.juntadeandalucia.es\/cultura\/tabula\/handle\/20.500.11947\/7904\"><span style=\"font-weight: 400;\">https:\/\/www.juntadeandalucia.es\/cultura\/tabula\/handle\/20.500.11947\/7904<\/span><\/a><span style=\"font-weight: 400;\">\u00a0<\/span><\/p>\n<p style=\"text-align: justify;\"><span style=\"font-weight: 400;\">\u00a0<\/span><span style=\"font-weight: 400;\">Campos Carrasco, J.M.; Vidal Teruel, N.O.; G\u00f3mez Rodr\u00edguez, A. y O\u2019Kelly Sendr\u00f3s, J. (2020.), \u201cProyecto de puesta en valor del yacimiento Cabezo de La Almagra (Huelva). Fase II -2007\u201c, <\/span><i><span style=\"font-weight: 400;\">Anuario Arqueol\u00f3gico de Andaluc\u00eda\/2007<\/span><\/i><span style=\"font-weight: 400;\">. Sevilla.<\/span><\/p>\n<p style=\"text-align: justify;\"><a href=\"https:\/\/www.juntadeandalucia.es\/cultura\/tabula\/handle\/20.500.11947\/27118\"><span style=\"font-weight: 400;\">https:\/\/www.juntadeandalucia.es\/cultura\/tabula\/handle\/20.500.11947\/27118<\/span><\/a><\/p>\n<p style=\"text-align: justify;\"><span style=\"font-weight: 400;\">\u00a0Campos Carrasco, J.M.; Vidal Teruel, N.O.; G\u00f3mez Rodr\u00edguez, A. y O\u2019Kelly Sendr\u00f3s, J. y S\u00e1nchez Hernando, L.J. (2010): \u201cProyecto de puesta en valor del yacimiento Cabezo de La Almagra (Huelva). Fase I -2006\u201c. <\/span><i><span style=\"font-weight: 400;\">Anuario Arqueol\u00f3gico de Andaluc\u00eda\/2006<\/span><\/i><span style=\"font-weight: 400;\">. Vol. I, 1959-1968. Sevilla.<\/span><\/p>\n<p style=\"text-align: justify;\"><a href=\"https:\/\/www.juntadeandalucia.es\/cultura\/tabula\/handle\/20.500.11947\/3555\"><span style=\"font-weight: 400;\">https:\/\/www.juntadeandalucia.es\/cultura\/tabula\/handle\/20.500.11947\/3555<\/span><\/a><\/p>\n<p style=\"text-align: justify;\"><span style=\"font-weight: 400;\">\u00a0<\/span><span style=\"font-weight: 400;\">Vidal Teruel, N.O.; Campos Carrasco, J.M.; y G\u00f3mez Rodr\u00edguez, A.\u00a0 (2010): \u201cLa ocupaci\u00f3n del entorno rural de <\/span><i><span style=\"font-weight: 400;\">Onoba <\/span><\/i><span style=\"font-weight: 400;\">en \u00e9poca romana: la <\/span><i><span style=\"font-weight: 400;\">villa <\/span><\/i><span style=\"font-weight: 400;\">de La Almagra\u201d. <\/span><i><span style=\"font-weight: 400;\">Huelva en su Historia, 13, <\/span><\/i><span style=\"font-weight: 400;\">31-50.<\/span><\/p>\n<p style=\"text-align: justify;\"><a href=\"https:\/\/www.uhu.es\/publicaciones\/ojs\/index.php\/huelvahistoria\/article\/view\/948\"><span style=\"font-weight: 400;\">https:\/\/www.uhu.es\/publicaciones\/ojs\/index.php\/huelvahistoria\/article\/view\/948<\/span><\/a><\/p>\n<p style=\"text-align: justify;\"><span style=\"font-weight: 400;\">\u00a0Vidal Teruel, N.O.; G\u00f3mez Rodr\u00edguez, A. y Campos Carrasco, J.M.<\/span><span style=\"font-weight: 400;\">&#8211; (2005): \u201cArqueolog\u00eda rural de \u00e9poca moderna y contempor\u00e1nea en el entorno de Huelva: el asentamiento de La Almagra\u201d. <\/span><i><span style=\"font-weight: 400;\">Huelva en su Historia, 12, <\/span><\/i><span style=\"font-weight: 400;\">77-97.<\/span><\/p>\n<p style=\"text-align: justify;\"><a href=\"https:\/\/www.uhu.es\/publicaciones\/ojs\/index.php\/huelvahistoria\/article\/view\/935\"><span style=\"font-weight: 400;\">https:\/\/www.uhu.es\/publicaciones\/ojs\/index.php\/huelvahistoria\/article\/view\/935<\/span><\/a><\/p>\n<p style=\"text-align: justify;\"><span style=\"font-weight: 400;\">La Almagra es un verdadero tesoro arqueol\u00f3gico que nos permite explorar la historia y la vida de las civilizaciones pasadas en esta regi\u00f3n.<\/span><b>\u00a0 <\/b><b>Aqu\u00ed vincular los enlaces anteriores.<\/b><\/p>\n[\/et_pb_accordion_item][et_pb_accordion_item title=\u00bbCompromiso de la UHU con el Patrimonio hist\u00f3rico y Cultural\u00bb _builder_version=\u00bb4.22.1&#8243; _module_preset=\u00bbdefault\u00bb global_colors_info=\u00bb{}\u00bb open=\u00bboff\u00bb]<p style=\"text-align: justify;\"><span style=\"font-weight: 400;\">El proyecto de investigaci\u00f3n y puesta en valor de los restos arqueol\u00f3gicos del asentamiento de La Almagra es un claro ejemplo de la apuesta de la instituci\u00f3n onubense, y concretamente de su Facultad de Humanidades, a trav\u00e9s de su \u00c1rea de Arqueolog\u00eda, por uno de los elementos m\u00e1s significativos en la constituci\u00f3n de la identidad y cohesi\u00f3n de los grupos humanos, el patrimonio hist\u00f3rico y cultural.<\/span><\/p>\n<p style=\"text-align: justify;\"><span style=\"font-weight: 400;\">En esta l\u00ednea, \u00e9ste es uno de los numerosos puntos extendidos no s\u00f3lo por toda la geograf\u00eda onubense (Aroche, Niebla, Tejada, Huelva, etc.), sino fuera incluso de las fronteras peninsulares (Tamuda, Marruecos;\u00a0 Portus, Roma) que muestran el compromiso de los investigadores del grupo de investigaci\u00f3n <\/span><i><span style=\"font-weight: 400;\">Vrbanitas. Arqueolog\u00eda y Patrimonio<\/span><\/i><span style=\"font-weight: 400;\">, perteneciente al <\/span><i><span style=\"font-weight: 400;\">Centro de Investigaci\u00f3n en Patrimonio Hist\u00f3rico, Cultural y Natural<\/span><\/i><span style=\"font-weight: 400;\">, por la recuperaci\u00f3n cient\u00edfica y valorizaci\u00f3n social del legado hist\u00f3rico arqueol\u00f3gico en cualquiera de sus manifestaciones y localizaciones.<\/span><\/p>\n<p style=\"text-align: justify;\"><span style=\"font-weight: 400;\">Trascendiendo al \u00e1mbito acad\u00e9mico, no podemos olvidar que la onubense es pionera en disponer de un programa de m\u00e1ster dedicado al patrimonio hist\u00f3rico y cultural desde hace d\u00e9cadas, y por el que han pasado generaciones de investigadores y profesionales encargados actualmente de la investigaci\u00f3n, protecci\u00f3n, conservaci\u00f3n y valorizaci\u00f3n del patrimonio hist\u00f3rico y arqueol\u00f3gico que tenemos el compromiso de legar a las generaciones futuras.\u00a0 A ello hay que unir tambi\u00e9n la existencia de un programa de Doctorado interuniversitario en Patrimonio, con un importante \u00edndice de \u00e9xito por la cantidad y calidad de las tesis doctorales defendidas desde su puesta en marcha.<\/span><\/p>\n<p style=\"text-align: justify;\"><span style=\"font-weight: 400;\">No cabe duda de que el patrimonio hist\u00f3rico-cultural y natural, constituye uno de los principales intereses y una de las m\u00e1s significativas se\u00f1as de la Universidad de Huelva desde su constituci\u00f3n, siendo el <\/span><i><span style=\"font-weight: 400;\">leitmotiv<\/span><\/i><span style=\"font-weight: 400;\"> de una investigaci\u00f3n de excelencia y una docencia de la m\u00e1xima calidad como as\u00ed se demuestra d\u00eda a d\u00eda desde hace d\u00e9cadas.<\/span><\/p>\n[\/et_pb_accordion_item][\/et_pb_accordion][\/et_pb_column][\/et_pb_row][\/et_pb_section]\n","protected":false},"excerpt":{"rendered":"<p>Yacimiento La Almagra El asentamiento de La Almagra&#8230;<\/p>\n","protected":false},"author":1,"featured_media":0,"parent":0,"menu_order":0,"comment_status":"closed","ping_status":"closed","template":"","meta":{"_et_pb_use_builder":"on","_et_pb_old_content":"<!-- wp:fl-builder\/layout -->\n\n<p>hola <\/p>\n\n\n\n<details class=\"wp-block-details\"><summary><\/summary>\n<p><\/p>\n<\/details>\n\n\n\n<details class=\"wp-block-details\"><summary><\/summary>\n<p><\/p>\n<\/details>\n\n\n\n<p>ec<\/p>\n\n\n\n<p>we<\/p>\n\n\n\n<p>w<\/p>\n\n\n\n<p>we<\/p>\n\n\n\n<p>ec<\/p>\n\n\n\n<p>wc<\/p>\n\n\n\n<p>wcee<\/p>\n\n\n\n<p><\/p>\n\n\n\n<!-- \/wp:fl-builder\/layout -->","_et_gb_content_width":"","footnotes":""},"class_list":["post-69","page","type-page","status-publish","hentry"],"_links":{"self":[{"href":"https:\/\/www.uhu.es\/rutaodsuhu\/wp-json\/wp\/v2\/pages\/69"}],"collection":[{"href":"https:\/\/www.uhu.es\/rutaodsuhu\/wp-json\/wp\/v2\/pages"}],"about":[{"href":"https:\/\/www.uhu.es\/rutaodsuhu\/wp-json\/wp\/v2\/types\/page"}],"author":[{"embeddable":true,"href":"https:\/\/www.uhu.es\/rutaodsuhu\/wp-json\/wp\/v2\/users\/1"}],"replies":[{"embeddable":true,"href":"https:\/\/www.uhu.es\/rutaodsuhu\/wp-json\/wp\/v2\/comments?post=69"}],"version-history":[{"count":26,"href":"https:\/\/www.uhu.es\/rutaodsuhu\/wp-json\/wp\/v2\/pages\/69\/revisions"}],"predecessor-version":[{"id":364,"href":"https:\/\/www.uhu.es\/rutaodsuhu\/wp-json\/wp\/v2\/pages\/69\/revisions\/364"}],"wp:attachment":[{"href":"https:\/\/www.uhu.es\/rutaodsuhu\/wp-json\/wp\/v2\/media?parent=69"}],"curies":[{"name":"wp","href":"https:\/\/api.w.org\/{rel}","templated":true}]}}