{"id":105,"date":"2025-07-01T00:30:40","date_gmt":"2025-07-01T00:30:40","guid":{"rendered":"https:\/\/smartfiction.serdeweb.com\/?page_id=105"},"modified":"2025-11-05T01:36:35","modified_gmt":"2025-11-05T01:36:35","slug":"metodologia","status":"publish","type":"page","link":"https:\/\/www.uhu.es\/smart-friction\/metodologia\/","title":{"rendered":"Metodolog\u00eda"},"content":{"rendered":"\t\t<div data-elementor-type=\"wp-page\" data-elementor-id=\"105\" class=\"elementor elementor-105\" data-elementor-post-type=\"page\">\n\t\t\t\t<div class=\"elementor-element elementor-element-c57e938 e-flex e-con-boxed e-con e-parent\" data-id=\"c57e938\" data-element_type=\"container\" data-settings=\"{&quot;background_background&quot;:&quot;video&quot;,&quot;background_video_link&quot;:&quot;https:\\\/\\\/www.uhu.es\\\/smart-friction\\\/wp-content\\\/uploads\\\/2025\\\/07\\\/0_Skin_Care_Blue_1920x1080.webm&quot;,&quot;background_play_on_mobile&quot;:&quot;yes&quot;}\">\n\t\t\t\t\t<div class=\"e-con-inner\">\n\t\t<div class=\"elementor-background-video-container\" aria-hidden=\"true\">\n\t\t\t\t\t\t\t<video class=\"elementor-background-video-hosted\" autoplay muted playsinline loop><\/video>\n\t\t\t\t\t<\/div>\t\t<div class=\"elementor-element elementor-element-7812713 elementor-widget elementor-widget-heading\" data-id=\"7812713\" data-element_type=\"widget\" data-widget_type=\"heading.default\">\n\t\t\t\t<div class=\"elementor-widget-container\">\n\t\t\t\t\t<h1 class=\"elementor-heading-title elementor-size-default\">Metodolog\u00eda<\/h1>\t\t\t\t<\/div>\n\t\t\t\t<\/div>\n\t\t\t\t\t<\/div>\n\t\t\t\t<\/div>\n\t\t<div class=\"elementor-element elementor-element-f1012c8 e-flex e-con-boxed e-con e-parent\" data-id=\"f1012c8\" data-element_type=\"container\">\n\t\t\t\t\t<div class=\"e-con-inner\">\n\t\t\t\t<div class=\"elementor-element elementor-element-b4b6005 elementor-widget elementor-widget-text-editor\" data-id=\"b4b6005\" data-element_type=\"widget\" data-widget_type=\"text-editor.default\">\n\t\t\t\t<div class=\"elementor-widget-container\">\n\t\t\t\t\t\t\t\t\t<p>Nuestra metodolog\u00eda de trabajo, que se resume en el siguiente diagrama, nos permite descubrir y comprender los mecanismos que controlan los procesos de fricci\u00f3n y desgaste en contactos tribol\u00f3gicos lubricados con biolubricantes electrorreol\u00f3gicos bajo la acci\u00f3n de un campo el\u00e9ctrico:<\/p>\t\t\t\t\t\t\t\t<\/div>\n\t\t\t\t<\/div>\n\t\t<div class=\"elementor-element elementor-element-21be48d e-con-full e-flex e-con e-child\" data-id=\"21be48d\" data-element_type=\"container\">\n\t\t<div class=\"elementor-element elementor-element-e378013 e-con-full e-flex e-con e-child\" data-id=\"e378013\" data-element_type=\"container\">\n\t\t\t\t<div class=\"elementor-element elementor-element-fd524c9 elementor-widget elementor-widget-text-editor\" data-id=\"fd524c9\" data-element_type=\"widget\" data-widget_type=\"text-editor.default\">\n\t\t\t\t<div class=\"elementor-widget-container\">\n\t\t\t\t\t\t\t\t\t<p style=\"font-weight: 400;\"><strong>TAREA 1: Evaluaci\u00f3n de la resistencia de la pel\u00edcula de biolubricante ER<\/strong><\/p><p style=\"font-weight: 400;\">Esta tarea comprende la preparaci\u00f3n y evaluaci\u00f3n de la estabilidad de los biolubricantes ER, as\u00ed como el an\u00e1lisis de su resistencia diel\u00e9ctrica y mec\u00e1nica, incluyendo su capacidad de amortiguamiento. Tambi\u00e9n se estudia el comportamiento de la pel\u00edcula lubricante en la zona de contacto.<\/p><p style=\"font-weight: 400;\"><strong>TAREA 2: Desarrollo de recubrimientos superficiales no conductores<\/strong><\/p><p style=\"font-weight: 400;\">Se enfoca en la obtenci\u00f3n de recubrimientos diel\u00e9ctricos capaces de prevenir cortocircuitos, resistir la abrasi\u00f3n y permitir el control electro-activo del lubricante.<\/p><p style=\"font-weight: 400;\"><strong>TAREA 3: Optimizaci\u00f3n del comportamiento electro-tribol\u00f3gico con biolubricantes ER<\/strong><\/p><p style=\"font-weight: 400;\">Tiene como objetivo mejorar el rendimiento de los biolubricantes ER en sistemas tribol\u00f3gicos mediante el an\u00e1lisis de su control electro-activo, resistencia al desgaste e interacci\u00f3n electroqu\u00edmica lubricante\/metal.<\/p><p style=\"font-weight: 400;\"><strong>TAREA 4: Control electro-activo de la lubricaci\u00f3n en rodamientos de bolas<\/strong><\/p><p style=\"font-weight: 400;\">En esta tarea se investiga la aplicaci\u00f3n de biolubricantes ER en rodamientos de bolas, centr\u00e1ndose, fundamentalmente, en la reducci\u00f3n del coeficiente de fricci\u00f3n y el control de vibraciones bajo condiciones electrificadas.<\/p><p style=\"font-weight: 400;\"><strong>TAREA 5: Modelado del comportamiento electro-tribol\u00f3gico en rodamientos de bolas<\/strong><\/p><p style=\"font-weight: 400;\">Mediante an\u00e1lisis de superficies de respuesta, esta tarea se dedica al desarrollo de modelos que simulen el funcionamiento electro-tribol\u00f3gico de rodamientos lubricados con biolubricantes ER.<\/p>\t\t\t\t\t\t\t\t<\/div>\n\t\t\t\t<\/div>\n\t\t\t\t<\/div>\n\t\t<div class=\"elementor-element elementor-element-8c85fae e-con-full e-flex e-con e-child\" data-id=\"8c85fae\" data-element_type=\"container\" data-settings=\"{&quot;sticky&quot;:&quot;top&quot;,&quot;sticky_offset&quot;:60,&quot;sticky_effects_offset&quot;:60,&quot;sticky_parent&quot;:&quot;yes&quot;,&quot;sticky_on&quot;:[&quot;desktop&quot;],&quot;sticky_anchor_link_offset&quot;:0}\">\n\t\t\t\t<div class=\"elementor-element elementor-element-ac6a81f elementor-widget elementor-widget-image\" data-id=\"ac6a81f\" data-element_type=\"widget\" data-widget_type=\"image.default\">\n\t\t\t\t<div class=\"elementor-widget-container\">\n\t\t\t\t\t\t\t\t\t\t\t\t\t\t\t<img fetchpriority=\"high\" decoding=\"async\" width=\"800\" height=\"987\" src=\"https:\/\/www.uhu.es\/smart-friction\/wp-content\/uploads\/2025\/07\/metodologia.jpg\" class=\"attachment-large size-large wp-image-107\" alt=\"\" srcset=\"https:\/\/www.uhu.es\/smart-friction\/wp-content\/uploads\/2025\/07\/metodologia.jpg 827w, https:\/\/www.uhu.es\/smart-friction\/wp-content\/uploads\/2025\/07\/metodologia-243x300.jpg 243w, https:\/\/www.uhu.es\/smart-friction\/wp-content\/uploads\/2025\/07\/metodologia-768x947.jpg 768w\" sizes=\"(max-width: 800px) 100vw, 800px\" \/>\t\t\t\t\t\t\t\t\t\t\t\t\t\t\t<\/div>\n\t\t\t\t<\/div>\n\t\t\t\t<\/div>\n\t\t\t\t<\/div>\n\t\t\t\t\t<\/div>\n\t\t\t\t<\/div>\n\t\t\t\t<\/div>\n\t\t","protected":false},"excerpt":{"rendered":"<p>Metodolog\u00eda Nuestra metodolog\u00eda de trabajo, que se resume en el siguiente diagrama, nos permite descubrir y comprender los mecanismos que controlan los procesos de fricci\u00f3n y desgaste en contactos tribol\u00f3gicos lubricados con biolubricantes electrorreol\u00f3gicos bajo la acci\u00f3n de un campo el\u00e9ctrico: TAREA 1: Evaluaci\u00f3n de la resistencia de la pel\u00edcula de biolubricante ER Esta tarea [&hellip;]<\/p>\n","protected":false},"author":1,"featured_media":0,"parent":0,"menu_order":0,"comment_status":"closed","ping_status":"closed","template":"","meta":{"_acf_changed":false,"footnotes":""},"class_list":["post-105","page","type-page","status-publish","hentry"],"acf":[],"_links":{"self":[{"href":"https:\/\/www.uhu.es\/smart-friction\/wp-json\/wp\/v2\/pages\/105","targetHints":{"allow":["GET"]}}],"collection":[{"href":"https:\/\/www.uhu.es\/smart-friction\/wp-json\/wp\/v2\/pages"}],"about":[{"href":"https:\/\/www.uhu.es\/smart-friction\/wp-json\/wp\/v2\/types\/page"}],"author":[{"embeddable":true,"href":"https:\/\/www.uhu.es\/smart-friction\/wp-json\/wp\/v2\/users\/1"}],"replies":[{"embeddable":true,"href":"https:\/\/www.uhu.es\/smart-friction\/wp-json\/wp\/v2\/comments?post=105"}],"version-history":[{"count":22,"href":"https:\/\/www.uhu.es\/smart-friction\/wp-json\/wp\/v2\/pages\/105\/revisions"}],"predecessor-version":[{"id":905,"href":"https:\/\/www.uhu.es\/smart-friction\/wp-json\/wp\/v2\/pages\/105\/revisions\/905"}],"wp:attachment":[{"href":"https:\/\/www.uhu.es\/smart-friction\/wp-json\/wp\/v2\/media?parent=105"}],"curies":[{"name":"wp","href":"https:\/\/api.w.org\/{rel}","templated":true}]}}