{"id":256,"date":"2025-07-18T00:31:03","date_gmt":"2025-07-18T00:31:03","guid":{"rendered":"https:\/\/smartfiction.serdeweb.com\/?page_id=256"},"modified":"2025-11-06T22:17:54","modified_gmt":"2025-11-06T22:17:54","slug":"transferencia-y-divulgacion","status":"publish","type":"page","link":"https:\/\/www.uhu.es\/smart-friction\/transferencia-y-divulgacion\/","title":{"rendered":"Transferencia y divulgaci\u00f3n"},"content":{"rendered":"\t\t<div data-elementor-type=\"wp-page\" data-elementor-id=\"256\" class=\"elementor elementor-256\" data-elementor-post-type=\"page\">\n\t\t\t\t<div class=\"elementor-element elementor-element-75c3f6f e-flex e-con-boxed e-con e-parent\" data-id=\"75c3f6f\" data-element_type=\"container\" data-settings=\"{&quot;background_background&quot;:&quot;classic&quot;}\">\n\t\t\t\t\t<div class=\"e-con-inner\">\n\t\t\t\t<div class=\"elementor-element elementor-element-8845ea3 elementor-widget elementor-widget-heading\" data-id=\"8845ea3\" data-element_type=\"widget\" data-widget_type=\"heading.default\">\n\t\t\t\t<div class=\"elementor-widget-container\">\n\t\t\t\t\t<h1 class=\"elementor-heading-title elementor-size-default\">Transferencia y divulgaci\u00f3n<\/h1>\t\t\t\t<\/div>\n\t\t\t\t<\/div>\n\t\t\t\t\t<\/div>\n\t\t\t\t<\/div>\n\t\t<div class=\"elementor-element elementor-element-e1dd9d5 e-flex e-con-boxed e-con e-parent\" data-id=\"e1dd9d5\" data-element_type=\"container\">\n\t\t\t\t\t<div class=\"e-con-inner\">\n\t\t\t\t<div class=\"elementor-element elementor-element-b276777 elementor-widget elementor-widget-heading\" data-id=\"b276777\" data-element_type=\"widget\" data-widget_type=\"heading.default\">\n\t\t\t\t<div class=\"elementor-widget-container\">\n\t\t\t\t\t<h2 class=\"elementor-heading-title elementor-size-default\">Transferencia<\/h2>\t\t\t\t<\/div>\n\t\t\t\t<\/div>\n\t\t\t\t<div class=\"elementor-element elementor-element-eec35f7 elementor-widget-divider--view-line elementor-widget elementor-widget-divider\" data-id=\"eec35f7\" data-element_type=\"widget\" data-widget_type=\"divider.default\">\n\t\t\t\t<div class=\"elementor-widget-container\">\n\t\t\t\t\t\t\t<div class=\"elementor-divider\">\n\t\t\t<span class=\"elementor-divider-separator\">\n\t\t\t\t\t\t<\/span>\n\t\t<\/div>\n\t\t\t\t\t\t<\/div>\n\t\t\t\t<\/div>\n\t\t\t\t\t<\/div>\n\t\t\t\t<\/div>\n\t\t<div class=\"elementor-element elementor-element-23be085 e-flex e-con-boxed e-con e-parent\" data-id=\"23be085\" data-element_type=\"container\">\n\t\t\t\t\t<div class=\"e-con-inner\">\n\t\t\t\t<div class=\"elementor-element elementor-element-31f3c7e elementor-grid-1 elementor-grid-tablet-1 elementor-grid-mobile-1 elementor-widget elementor-widget-loop-grid\" data-id=\"31f3c7e\" data-element_type=\"widget\" data-settings=\"{&quot;template_id&quot;:505,&quot;columns&quot;:1,&quot;columns_tablet&quot;:1,&quot;_skin&quot;:&quot;post&quot;,&quot;columns_mobile&quot;:&quot;1&quot;,&quot;edit_handle_selector&quot;:&quot;[data-elementor-type=\\&quot;loop-item\\&quot;]&quot;,&quot;row_gap&quot;:{&quot;unit&quot;:&quot;px&quot;,&quot;size&quot;:&quot;&quot;,&quot;sizes&quot;:[]},&quot;row_gap_tablet&quot;:{&quot;unit&quot;:&quot;px&quot;,&quot;size&quot;:&quot;&quot;,&quot;sizes&quot;:[]},&quot;row_gap_mobile&quot;:{&quot;unit&quot;:&quot;px&quot;,&quot;size&quot;:&quot;&quot;,&quot;sizes&quot;:[]}}\" data-widget_type=\"loop-grid.post\">\n\t\t\t\t<div class=\"elementor-widget-container\">\n\t\t\t\t\t\t\t<div class=\"elementor-loop-container elementor-grid\" role=\"list\">\n\t\t<style id=\"loop-505\">.elementor-505 .elementor-element.elementor-element-384198e{--display:flex;--flex-direction:column;--container-widget-width:100%;--container-widget-height:initial;--container-widget-flex-grow:0;--container-widget-align-self:initial;--flex-wrap-mobile:wrap;--border-radius:25px 25px 25px 25px;--padding-top:25px;--padding-bottom:25px;--padding-left:25px;--padding-right:25px;}.elementor-505 .elementor-element.elementor-element-384198e:not(.elementor-motion-effects-element-type-background), .elementor-505 .elementor-element.elementor-element-384198e > .elementor-motion-effects-container > .elementor-motion-effects-layer{background-color:#FFFFFF;}.elementor-widget-heading .elementor-heading-title{font-family:var( --e-global-typography-primary-font-family ), Sans-serif;font-weight:var( --e-global-typography-primary-font-weight );color:var( --e-global-color-primary );}.elementor-505 .elementor-element.elementor-element-71757fe .elementor-heading-title{font-family:\"Outfit\", Sans-serif;font-size:25px;font-weight:600;line-height:33px;color:#000000;}.elementor-widget-text-editor{font-family:var( --e-global-typography-text-font-family ), Sans-serif;font-weight:var( --e-global-typography-text-font-weight );color:var( --e-global-color-text );}.elementor-widget-text-editor.elementor-drop-cap-view-stacked .elementor-drop-cap{background-color:var( --e-global-color-primary );}.elementor-widget-text-editor.elementor-drop-cap-view-framed .elementor-drop-cap, .elementor-widget-text-editor.elementor-drop-cap-view-default .elementor-drop-cap{color:var( --e-global-color-primary );border-color:var( --e-global-color-primary );}.elementor-505 .elementor-element.elementor-element-dcd5492{font-family:\"Outfit\", Sans-serif;font-size:18px;font-weight:400;line-height:35px;color:var( --e-global-color-0fd5aa7 );}.elementor-widget-button .elementor-button{background-color:var( --e-global-color-accent );font-family:var( --e-global-typography-accent-font-family ), Sans-serif;font-weight:var( --e-global-typography-accent-font-weight );}.elementor-505 .elementor-element.elementor-element-e60f3c9 .elementor-button{background-color:var( --e-global-color-0fd5aa7 );border-radius:150px 150px 150px 150px;}@media(max-width:767px){.elementor-505 .elementor-element.elementor-element-71757fe{text-align:left;}.elementor-505 .elementor-element.elementor-element-71757fe .elementor-heading-title{font-size:20px;}.elementor-505 .elementor-element.elementor-element-dcd5492{text-align:left;font-size:16px;}}@media(min-width:768px){.elementor-505 .elementor-element.elementor-element-384198e{--content-width:1276px;}}<\/style>\t\t<div data-elementor-type=\"loop-item\" data-elementor-id=\"505\" class=\"elementor elementor-505 e-loop-item e-loop-item-1194 post-1194 transferencia type-transferencia status-publish hentry\" data-elementor-post-type=\"elementor_library\" data-custom-edit-handle=\"1\">\n\t\t\t<div class=\"elementor-element elementor-element-384198e e-flex e-con-boxed e-con e-parent\" data-id=\"384198e\" data-element_type=\"container\" data-settings=\"{&quot;background_background&quot;:&quot;classic&quot;}\">\n\t\t\t\t\t<div class=\"e-con-inner\">\n\t\t\t\t<div class=\"elementor-element elementor-element-71757fe elementor-widget elementor-widget-heading\" data-id=\"71757fe\" data-element_type=\"widget\" data-widget_type=\"heading.default\">\n\t\t\t\t<div class=\"elementor-widget-container\">\n\t\t\t\t\t<h2 class=\"elementor-heading-title elementor-size-default\">Custom\u2011Developed Software for Film Thickness Analysis Using Optical Interferometry<\/h2>\t\t\t\t<\/div>\n\t\t\t\t<\/div>\n\t\t\t\t<div class=\"elementor-element elementor-element-dcd5492 elementor-widget elementor-widget-text-editor\" data-id=\"dcd5492\" data-element_type=\"widget\" data-widget_type=\"text-editor.default\">\n\t\t\t\t<div class=\"elementor-widget-container\">\n\t\t\t\t\t\t\t\t\tFern\u00e1ndez-Silva, Samuel David; Garc\u00eda-P\u00e9rez, Mar\u00eda; Roman, Claudia; Garc\u00eda-Morales, Mois\u00e9s; Delgado, Miguel \u00c1ngel; Glovnea, Romeo\t\t\t\t\t\t\t\t<\/div>\n\t\t\t\t<\/div>\n\t\t\t\t<div class=\"elementor-element elementor-element-e60f3c9 elementor-widget elementor-widget-button\" data-id=\"e60f3c9\" data-element_type=\"widget\" data-widget_type=\"button.default\">\n\t\t\t\t<div class=\"elementor-widget-container\">\n\t\t\t\t\t\t\t\t\t<div class=\"elementor-button-wrapper\">\n\t\t\t\t\t<a class=\"elementor-button elementor-button-link elementor-size-sm\" href=\"https:\/\/www.uhu.es\/smart-friction\/transferencia\/custom%e2%80%91developed-software-for-film-thickness-analysis-using-optical-interferometry\/\">\n\t\t\t\t\t\t<span class=\"elementor-button-content-wrapper\">\n\t\t\t\t\t\t\t\t\t<span class=\"elementor-button-text\">Leer m\u00e1s<\/span>\n\t\t\t\t\t<\/span>\n\t\t\t\t\t<\/a>\n\t\t\t\t<\/div>\n\t\t\t\t\t\t\t\t<\/div>\n\t\t\t\t<\/div>\n\t\t\t\t\t<\/div>\n\t\t\t\t<\/div>\n\t\t\t\t<\/div>\n\t\t\t\t<div data-elementor-type=\"loop-item\" data-elementor-id=\"505\" class=\"elementor elementor-505 e-loop-item e-loop-item-255 post-255 transferencia type-transferencia status-publish hentry\" data-elementor-post-type=\"elementor_library\" data-custom-edit-handle=\"1\">\n\t\t\t<div class=\"elementor-element elementor-element-384198e e-flex e-con-boxed e-con e-parent\" data-id=\"384198e\" data-element_type=\"container\" data-settings=\"{&quot;background_background&quot;:&quot;classic&quot;}\">\n\t\t\t\t\t<div class=\"e-con-inner\">\n\t\t\t\t<div class=\"elementor-element elementor-element-71757fe elementor-widget elementor-widget-heading\" data-id=\"71757fe\" data-element_type=\"widget\" data-widget_type=\"heading.default\">\n\t\t\t\t<div class=\"elementor-widget-container\">\n\t\t\t\t\t<h2 class=\"elementor-heading-title elementor-size-default\">PATENTE CONCEDIDA CON REVISI\u00d3N PREVIA (ES2992454): Lubricante biodegradable y sistema tribol\u00f3gico para el control electroactivo de la fricci\u00f3n y desgaste que usa dicho lubricante<\/h2>\t\t\t\t<\/div>\n\t\t\t\t<\/div>\n\t\t\t\t<div class=\"elementor-element elementor-element-dcd5492 elementor-widget elementor-widget-text-editor\" data-id=\"dcd5492\" data-element_type=\"widget\" data-widget_type=\"text-editor.default\">\n\t\t\t\t<div class=\"elementor-widget-container\">\n\t\t\t\t\t\t\t\t\tSamuel David Fern\u00e1ndez Silva, Mar\u00eda Garc\u00eda P\u00e9rez, Juan Daniel Mozo Llamazares, Miguel \u00c1ngel Delgado Canto, Mois\u00e9s Garc\u00eda Morales\t\t\t\t\t\t\t\t<\/div>\n\t\t\t\t<\/div>\n\t\t\t\t<div class=\"elementor-element elementor-element-e60f3c9 elementor-widget elementor-widget-button\" data-id=\"e60f3c9\" data-element_type=\"widget\" data-widget_type=\"button.default\">\n\t\t\t\t<div class=\"elementor-widget-container\">\n\t\t\t\t\t\t\t\t\t<div class=\"elementor-button-wrapper\">\n\t\t\t\t\t<a class=\"elementor-button elementor-button-link elementor-size-sm\" href=\"https:\/\/www.uhu.es\/smart-friction\/transferencia\/patente-en-tramite-lubricante-biodegradable-y-sistema-tribologico-para-el-control-electroactivo-de-la-friccion-y-desgaste-que-usa-dicho-lubricante\/\">\n\t\t\t\t\t\t<span class=\"elementor-button-content-wrapper\">\n\t\t\t\t\t\t\t\t\t<span class=\"elementor-button-text\">Leer m\u00e1s<\/span>\n\t\t\t\t\t<\/span>\n\t\t\t\t\t<\/a>\n\t\t\t\t<\/div>\n\t\t\t\t\t\t\t\t<\/div>\n\t\t\t\t<\/div>\n\t\t\t\t\t<\/div>\n\t\t\t\t<\/div>\n\t\t\t\t<\/div>\n\t\t\t\t<div data-elementor-type=\"loop-item\" data-elementor-id=\"505\" class=\"elementor elementor-505 e-loop-item e-loop-item-253 post-253 transferencia type-transferencia status-publish has-post-thumbnail hentry\" data-elementor-post-type=\"elementor_library\" data-custom-edit-handle=\"1\">\n\t\t\t<div class=\"elementor-element elementor-element-384198e e-flex e-con-boxed e-con e-parent\" data-id=\"384198e\" data-element_type=\"container\" data-settings=\"{&quot;background_background&quot;:&quot;classic&quot;}\">\n\t\t\t\t\t<div class=\"e-con-inner\">\n\t\t\t\t<div class=\"elementor-element elementor-element-71757fe elementor-widget elementor-widget-heading\" data-id=\"71757fe\" data-element_type=\"widget\" data-widget_type=\"heading.default\">\n\t\t\t\t<div class=\"elementor-widget-container\">\n\t\t\t\t\t<h2 class=\"elementor-heading-title elementor-size-default\">APPLICATION REPORT: Active control of friction coefficient with electro-sensitive biolubricants<\/h2>\t\t\t\t<\/div>\n\t\t\t\t<\/div>\n\t\t\t\t<div class=\"elementor-element elementor-element-dcd5492 elementor-widget elementor-widget-text-editor\" data-id=\"dcd5492\" data-element_type=\"widget\" data-widget_type=\"text-editor.default\">\n\t\t\t\t<div class=\"elementor-widget-container\">\n\t\t\t\t\t\t\t\t\tMois\u00e9s Garc\u00eda Morales y Miguel \u00c1ngel Delgado Canto\t\t\t\t\t\t\t\t<\/div>\n\t\t\t\t<\/div>\n\t\t\t\t<div class=\"elementor-element elementor-element-e60f3c9 elementor-widget elementor-widget-button\" data-id=\"e60f3c9\" data-element_type=\"widget\" data-widget_type=\"button.default\">\n\t\t\t\t<div class=\"elementor-widget-container\">\n\t\t\t\t\t\t\t\t\t<div class=\"elementor-button-wrapper\">\n\t\t\t\t\t<a class=\"elementor-button elementor-button-link elementor-size-sm\" href=\"https:\/\/www.uhu.es\/smart-friction\/transferencia\/application-report-active-control-of-friction-coefficient-with-electro-sensitive-biolubricants\/\">\n\t\t\t\t\t\t<span class=\"elementor-button-content-wrapper\">\n\t\t\t\t\t\t\t\t\t<span class=\"elementor-button-text\">Leer m\u00e1s<\/span>\n\t\t\t\t\t<\/span>\n\t\t\t\t\t<\/a>\n\t\t\t\t<\/div>\n\t\t\t\t\t\t\t\t<\/div>\n\t\t\t\t<\/div>\n\t\t\t\t\t<\/div>\n\t\t\t\t<\/div>\n\t\t\t\t<\/div>\n\t\t\t\t<\/div>\n\t\t\n\t\t\t\t\t\t<\/div>\n\t\t\t\t<\/div>\n\t\t\t\t\t<\/div>\n\t\t\t\t<\/div>\n\t\t<div class=\"elementor-element elementor-element-e169585 e-flex e-con-boxed e-con e-parent\" data-id=\"e169585\" data-element_type=\"container\">\n\t\t\t\t\t<div class=\"e-con-inner\">\n\t\t\t\t<div class=\"elementor-element elementor-element-7644bfe elementor-widget elementor-widget-heading\" data-id=\"7644bfe\" data-element_type=\"widget\" data-widget_type=\"heading.default\">\n\t\t\t\t<div class=\"elementor-widget-container\">\n\t\t\t\t\t<h2 class=\"elementor-heading-title elementor-size-default\">Divulgaci\u00f3n<\/h2>\t\t\t\t<\/div>\n\t\t\t\t<\/div>\n\t\t\t\t<div class=\"elementor-element elementor-element-9bf3ea1 elementor-widget-divider--view-line elementor-widget elementor-widget-divider\" data-id=\"9bf3ea1\" data-element_type=\"widget\" data-widget_type=\"divider.default\">\n\t\t\t\t<div class=\"elementor-widget-container\">\n\t\t\t\t\t\t\t<div class=\"elementor-divider\">\n\t\t\t<span class=\"elementor-divider-separator\">\n\t\t\t\t\t\t<\/span>\n\t\t<\/div>\n\t\t\t\t\t\t<\/div>\n\t\t\t\t<\/div>\n\t\t\t\t\t<\/div>\n\t\t\t\t<\/div>\n\t\t<div class=\"elementor-element elementor-element-d7fa7ae e-flex e-con-boxed e-con e-parent\" data-id=\"d7fa7ae\" data-element_type=\"container\">\n\t\t\t\t\t<div class=\"e-con-inner\">\n\t\t\t\t<div class=\"elementor-element elementor-element-b06d41d elementor-grid-2 elementor-grid-tablet-2 elementor-grid-mobile-1 elementor-posts--thumbnail-top elementor-card-shadow-yes elementor-posts__hover-gradient elementor-widget elementor-widget-posts\" data-id=\"b06d41d\" data-element_type=\"widget\" data-settings=\"{&quot;cards_columns&quot;:&quot;2&quot;,&quot;cards_masonry&quot;:&quot;yes&quot;,&quot;cards_columns_tablet&quot;:&quot;2&quot;,&quot;cards_columns_mobile&quot;:&quot;1&quot;,&quot;cards_row_gap&quot;:{&quot;unit&quot;:&quot;px&quot;,&quot;size&quot;:35,&quot;sizes&quot;:[]},&quot;cards_row_gap_tablet&quot;:{&quot;unit&quot;:&quot;px&quot;,&quot;size&quot;:&quot;&quot;,&quot;sizes&quot;:[]},&quot;cards_row_gap_mobile&quot;:{&quot;unit&quot;:&quot;px&quot;,&quot;size&quot;:&quot;&quot;,&quot;sizes&quot;:[]}}\" data-widget_type=\"posts.cards\">\n\t\t\t\t<div class=\"elementor-widget-container\">\n\t\t\t\t\t\t\t<div class=\"elementor-posts-container elementor-posts elementor-posts--skin-cards elementor-grid\" role=\"list\">\n\t\t\t\t<article class=\"elementor-post elementor-grid-item post-276 divulgacion type-divulgacion status-publish has-post-thumbnail hentry\" role=\"listitem\">\n\t\t\t<div class=\"elementor-post__card\">\n\t\t\t\t<a class=\"elementor-post__thumbnail__link\" href=\"https:\/\/www.uhu.es\/smart-friction\/divulgacion\/jornadas-de-doctorandos-uhu\/\" tabindex=\"-1\" ><div class=\"elementor-post__thumbnail\"><img fetchpriority=\"high\" decoding=\"async\" width=\"477\" height=\"580\" src=\"https:\/\/www.uhu.es\/smart-friction\/wp-content\/uploads\/2025\/07\/escuela-doctorado.png\" class=\"attachment-full size-full wp-image-277\" alt=\"\" srcset=\"https:\/\/www.uhu.es\/smart-friction\/wp-content\/uploads\/2025\/07\/escuela-doctorado.png 477w, https:\/\/www.uhu.es\/smart-friction\/wp-content\/uploads\/2025\/07\/escuela-doctorado-247x300.png 247w\" sizes=\"(max-width: 477px) 100vw, 477px\" \/><\/div><\/a>\n\t\t\t\t<div class=\"elementor-post__text\">\n\t\t\t\t<h3 class=\"elementor-post__title\">\n\t\t\t<a href=\"https:\/\/www.uhu.es\/smart-friction\/divulgacion\/jornadas-de-doctorandos-uhu\/\" >\n\t\t\t\tJornadas de Doctorandos UHU\t\t\t<\/a>\n\t\t<\/h3>\n\t\t\t\t<div class=\"elementor-post__excerpt\">\n\t\t\t<p>Mar\u00eda Garc\u00eda P\u00e9rez particip\u00f3 el 20\/05\/2025 en las XI Jornadas de Doctorandos organizadas por el Programa de Doctorado en Ciencia y Tecnolog\u00eda Industrial y Ambiental de la Universidad de Huelva.<\/p>\n\t\t<\/div>\n\t\t\n\t\t<a class=\"elementor-post__read-more\" href=\"https:\/\/www.uhu.es\/smart-friction\/divulgacion\/jornadas-de-doctorandos-uhu\/\" aria-label=\"M\u00e1s informaci\u00f3n sobre Jornadas de Doctorandos UHU\" tabindex=\"-1\" >\n\t\t\tLeer m\u00e1s \u00bb\t\t<\/a>\n\n\t\t\t\t<\/div>\n\t\t\t\t<div class=\"elementor-post__meta-data\">\n\t\t\t\t\t<span class=\"elementor-post-date\">\n\t\t\tjulio 18, 2025\t\t<\/span>\n\t\t\t\t<span class=\"elementor-post-avatar\">\n\t\t\tNo hay comentarios\t\t<\/span>\n\t\t\t\t<\/div>\n\t\t\t\t\t<\/div>\n\t\t<\/article>\n\t\t\t\t<article class=\"elementor-post elementor-grid-item post-271 divulgacion type-divulgacion status-publish has-post-thumbnail hentry\" role=\"listitem\">\n\t\t\t<div class=\"elementor-post__card\">\n\t\t\t\t<a class=\"elementor-post__thumbnail__link\" href=\"https:\/\/www.uhu.es\/smart-friction\/divulgacion\/jornadas-sciencity\/\" tabindex=\"-1\" ><div class=\"elementor-post__thumbnail\"><img decoding=\"async\" width=\"579\" height=\"223\" src=\"https:\/\/www.uhu.es\/smart-friction\/wp-content\/uploads\/2025\/07\/sciencity.png\" class=\"attachment-full size-full wp-image-275\" alt=\"\" srcset=\"https:\/\/www.uhu.es\/smart-friction\/wp-content\/uploads\/2025\/07\/sciencity.png 579w, https:\/\/www.uhu.es\/smart-friction\/wp-content\/uploads\/2025\/07\/sciencity-300x116.png 300w\" sizes=\"(max-width: 579px) 100vw, 579px\" \/><\/div><\/a>\n\t\t\t\t<div class=\"elementor-post__text\">\n\t\t\t\t<h3 class=\"elementor-post__title\">\n\t\t\t<a href=\"https:\/\/www.uhu.es\/smart-friction\/divulgacion\/jornadas-sciencity\/\" >\n\t\t\t\tJornadas ScienCity\t\t\t<\/a>\n\t\t<\/h3>\n\t\t\t\t<div class=\"elementor-post__excerpt\">\n\t\t\t<p>Nuestro compromiso con las Jornadas ScienCity, evento de divulgaci\u00f3n cient\u00edfica, tecnol\u00f3gica y de innovaci\u00f3n en el \u00e1mbito de las Ciudades Inteligentes que se organiza cada a\u00f1o en la Escuela T\u00e9cnica<\/p>\n\t\t<\/div>\n\t\t\n\t\t<a class=\"elementor-post__read-more\" href=\"https:\/\/www.uhu.es\/smart-friction\/divulgacion\/jornadas-sciencity\/\" aria-label=\"M\u00e1s informaci\u00f3n sobre Jornadas ScienCity\" tabindex=\"-1\" >\n\t\t\tLeer m\u00e1s \u00bb\t\t<\/a>\n\n\t\t\t\t<\/div>\n\t\t\t\t<div class=\"elementor-post__meta-data\">\n\t\t\t\t\t<span class=\"elementor-post-date\">\n\t\t\tjulio 18, 2025\t\t<\/span>\n\t\t\t\t<span class=\"elementor-post-avatar\">\n\t\t\tNo hay comentarios\t\t<\/span>\n\t\t\t\t<\/div>\n\t\t\t\t\t<\/div>\n\t\t<\/article>\n\t\t\t\t<article class=\"elementor-post elementor-grid-item post-266 divulgacion type-divulgacion status-publish has-post-thumbnail hentry\" role=\"listitem\">\n\t\t\t<div class=\"elementor-post__card\">\n\t\t\t\t<a class=\"elementor-post__thumbnail__link\" href=\"https:\/\/www.uhu.es\/smart-friction\/divulgacion\/semana-de-la-ciencia-uhu\/\" tabindex=\"-1\" ><div class=\"elementor-post__thumbnail\"><img decoding=\"async\" width=\"598\" height=\"336\" src=\"https:\/\/www.uhu.es\/smart-friction\/wp-content\/uploads\/2025\/07\/semana-de-la-ciencia.png\" class=\"attachment-full size-full wp-image-267\" alt=\"\" srcset=\"https:\/\/www.uhu.es\/smart-friction\/wp-content\/uploads\/2025\/07\/semana-de-la-ciencia.png 598w, https:\/\/www.uhu.es\/smart-friction\/wp-content\/uploads\/2025\/07\/semana-de-la-ciencia-300x169.png 300w\" sizes=\"(max-width: 598px) 100vw, 598px\" \/><\/div><\/a>\n\t\t\t\t<div class=\"elementor-post__text\">\n\t\t\t\t<h3 class=\"elementor-post__title\">\n\t\t\t<a href=\"https:\/\/www.uhu.es\/smart-friction\/divulgacion\/semana-de-la-ciencia-uhu\/\" >\n\t\t\t\tSemana de la Ciencia UHU\t\t\t<\/a>\n\t\t<\/h3>\n\t\t\t\t<div class=\"elementor-post__excerpt\">\n\t\t\t<p>Lubricantes inteligentes, \u00bfrealidad o ficci\u00f3n? En el mes de noviembre, en cada nueva edici\u00f3n de la Semana de la Ciencia, presentamos nuestro taller \u201cLubricantes inteligentes, \u00bfrealidad o ficci\u00f3n?\u201d. Este evento<\/p>\n\t\t<\/div>\n\t\t\n\t\t<a class=\"elementor-post__read-more\" href=\"https:\/\/www.uhu.es\/smart-friction\/divulgacion\/semana-de-la-ciencia-uhu\/\" aria-label=\"M\u00e1s informaci\u00f3n sobre Semana de la Ciencia UHU\" tabindex=\"-1\" >\n\t\t\tLeer m\u00e1s \u00bb\t\t<\/a>\n\n\t\t\t\t<\/div>\n\t\t\t\t<div class=\"elementor-post__meta-data\">\n\t\t\t\t\t<span class=\"elementor-post-date\">\n\t\t\tjulio 18, 2025\t\t<\/span>\n\t\t\t\t<span class=\"elementor-post-avatar\">\n\t\t\tNo hay comentarios\t\t<\/span>\n\t\t\t\t<\/div>\n\t\t\t\t\t<\/div>\n\t\t<\/article>\n\t\t\t\t<article class=\"elementor-post elementor-grid-item post-261 divulgacion type-divulgacion status-publish has-post-thumbnail hentry\" role=\"listitem\">\n\t\t\t<div class=\"elementor-post__card\">\n\t\t\t\t<a class=\"elementor-post__thumbnail__link\" href=\"https:\/\/www.uhu.es\/smart-friction\/divulgacion\/noche-europea-de-los-investigadors\/\" tabindex=\"-1\" ><div class=\"elementor-post__thumbnail\"><img loading=\"lazy\" decoding=\"async\" width=\"570\" height=\"323\" src=\"https:\/\/www.uhu.es\/smart-friction\/wp-content\/uploads\/2025\/07\/Noche-europea-de-los-investigador@s-1.jpg\" class=\"attachment-full size-full wp-image-263\" alt=\"\" srcset=\"https:\/\/www.uhu.es\/smart-friction\/wp-content\/uploads\/2025\/07\/Noche-europea-de-los-investigador@s-1.jpg 570w, https:\/\/www.uhu.es\/smart-friction\/wp-content\/uploads\/2025\/07\/Noche-europea-de-los-investigador@s-1-300x170.jpg 300w\" sizes=\"(max-width: 570px) 100vw, 570px\" \/><\/div><\/a>\n\t\t\t\t<div class=\"elementor-post__text\">\n\t\t\t\t<h3 class=\"elementor-post__title\">\n\t\t\t<a href=\"https:\/\/www.uhu.es\/smart-friction\/divulgacion\/noche-europea-de-los-investigadors\/\" >\n\t\t\t\tNoche Europea de l@s Investigador@s\t\t\t<\/a>\n\t\t<\/h3>\n\t\t\t\t<div class=\"elementor-post__excerpt\">\n\t\t\t<p>Lubricantes inteligentes, \u00bfrealidad o ficci\u00f3n? En cada edici\u00f3n, celebrada en el mes de septiembre en el Boulevard del Campus de El Carmen de la Universidad de Huelva, participamos en este<\/p>\n\t\t<\/div>\n\t\t\n\t\t<a class=\"elementor-post__read-more\" href=\"https:\/\/www.uhu.es\/smart-friction\/divulgacion\/noche-europea-de-los-investigadors\/\" aria-label=\"M\u00e1s informaci\u00f3n sobre Noche Europea de l@s Investigador@s\" tabindex=\"-1\" >\n\t\t\tLeer m\u00e1s \u00bb\t\t<\/a>\n\n\t\t\t\t<\/div>\n\t\t\t\t<div class=\"elementor-post__meta-data\">\n\t\t\t\t\t<span class=\"elementor-post-date\">\n\t\t\tjulio 18, 2025\t\t<\/span>\n\t\t\t\t<span class=\"elementor-post-avatar\">\n\t\t\tNo hay comentarios\t\t<\/span>\n\t\t\t\t<\/div>\n\t\t\t\t\t<\/div>\n\t\t<\/article>\n\t\t\t\t<\/div>\n\t\t\n\t\t\t\t\t\t<\/div>\n\t\t\t\t<\/div>\n\t\t\t\t\t<\/div>\n\t\t\t\t<\/div>\n\t\t\t\t<\/div>\n\t\t","protected":false},"excerpt":{"rendered":"<p>Transferencia Divulgaci\u00f3n<\/p>\n","protected":false},"author":1,"featured_media":0,"parent":0,"menu_order":0,"comment_status":"closed","ping_status":"closed","template":"","meta":{"_acf_changed":false,"footnotes":""},"class_list":["post-256","page","type-page","status-publish","hentry"],"acf":[],"_links":{"self":[{"href":"https:\/\/www.uhu.es\/smart-friction\/wp-json\/wp\/v2\/pages\/256","targetHints":{"allow":["GET"]}}],"collection":[{"href":"https:\/\/www.uhu.es\/smart-friction\/wp-json\/wp\/v2\/pages"}],"about":[{"href":"https:\/\/www.uhu.es\/smart-friction\/wp-json\/wp\/v2\/types\/page"}],"author":[{"embeddable":true,"href":"https:\/\/www.uhu.es\/smart-friction\/wp-json\/wp\/v2\/users\/1"}],"replies":[{"embeddable":true,"href":"https:\/\/www.uhu.es\/smart-friction\/wp-json\/wp\/v2\/comments?post=256"}],"version-history":[{"count":31,"href":"https:\/\/www.uhu.es\/smart-friction\/wp-json\/wp\/v2\/pages\/256\/revisions"}],"predecessor-version":[{"id":1028,"href":"https:\/\/www.uhu.es\/smart-friction\/wp-json\/wp\/v2\/pages\/256\/revisions\/1028"}],"wp:attachment":[{"href":"https:\/\/www.uhu.es\/smart-friction\/wp-json\/wp\/v2\/media?parent=256"}],"curies":[{"name":"wp","href":"https:\/\/api.w.org\/{rel}","templated":true}]}}