{"id":348,"date":"2025-07-21T00:39:42","date_gmt":"2025-07-21T00:39:42","guid":{"rendered":"https:\/\/smartfiction.serdeweb.com\/?page_id=348"},"modified":"2025-07-21T10:59:58","modified_gmt":"2025-07-21T10:59:58","slug":"noticias","status":"publish","type":"page","link":"https:\/\/www.uhu.es\/smart-friction\/noticias\/","title":{"rendered":"Noticias"},"content":{"rendered":"\t\t<div data-elementor-type=\"wp-page\" data-elementor-id=\"348\" class=\"elementor elementor-348\" data-elementor-post-type=\"page\">\n\t\t\t\t<div class=\"elementor-element elementor-element-24a851a e-flex e-con-boxed e-con e-parent\" data-id=\"24a851a\" data-element_type=\"container\" data-settings=\"{&quot;background_background&quot;:&quot;video&quot;,&quot;background_video_link&quot;:&quot;https:\\\/\\\/www.uhu.es\\\/smart-friction\\\/wp-content\\\/uploads\\\/2025\\\/07\\\/0_Skin_Care_Blue_1920x1080.webm&quot;,&quot;background_play_on_mobile&quot;:&quot;yes&quot;}\">\n\t\t\t\t\t<div class=\"e-con-inner\">\n\t\t<div class=\"elementor-background-video-container\" aria-hidden=\"true\">\n\t\t\t\t\t\t\t<video class=\"elementor-background-video-hosted\" autoplay muted playsinline loop><\/video>\n\t\t\t\t\t<\/div>\t\t<div class=\"elementor-element elementor-element-48a0d56 elementor-widget elementor-widget-heading\" data-id=\"48a0d56\" data-element_type=\"widget\" data-widget_type=\"heading.default\">\n\t\t\t\t<div class=\"elementor-widget-container\">\n\t\t\t\t\t<h1 class=\"elementor-heading-title elementor-size-default\">Noticias<\/h1>\t\t\t\t<\/div>\n\t\t\t\t<\/div>\n\t\t\t\t\t<\/div>\n\t\t\t\t<\/div>\n\t\t<div class=\"elementor-element elementor-element-c4b14fc e-flex e-con-boxed e-con e-parent\" data-id=\"c4b14fc\" data-element_type=\"container\">\n\t\t\t\t\t<div class=\"e-con-inner\">\n\t\t\t\t<div class=\"elementor-element elementor-element-9056e92 elementor-grid-2 elementor-grid-tablet-2 elementor-grid-mobile-1 elementor-posts--thumbnail-top elementor-card-shadow-yes elementor-posts__hover-gradient elementor-widget elementor-widget-posts\" data-id=\"9056e92\" data-element_type=\"widget\" data-settings=\"{&quot;cards_columns&quot;:&quot;2&quot;,&quot;cards_columns_tablet&quot;:&quot;2&quot;,&quot;cards_columns_mobile&quot;:&quot;1&quot;,&quot;cards_row_gap&quot;:{&quot;unit&quot;:&quot;px&quot;,&quot;size&quot;:35,&quot;sizes&quot;:[]},&quot;cards_row_gap_tablet&quot;:{&quot;unit&quot;:&quot;px&quot;,&quot;size&quot;:&quot;&quot;,&quot;sizes&quot;:[]},&quot;cards_row_gap_mobile&quot;:{&quot;unit&quot;:&quot;px&quot;,&quot;size&quot;:&quot;&quot;,&quot;sizes&quot;:[]}}\" data-widget_type=\"posts.cards\">\n\t\t\t\t<div class=\"elementor-widget-container\">\n\t\t\t\t\t\t\t<div class=\"elementor-posts-container elementor-posts elementor-posts--skin-cards elementor-grid\" role=\"list\">\n\t\t\t\t<article class=\"elementor-post elementor-grid-item post-1189 post type-post status-publish format-standard has-post-thumbnail hentry category-noticias\" role=\"listitem\">\n\t\t\t<div class=\"elementor-post__card\">\n\t\t\t\t<a class=\"elementor-post__thumbnail__link\" href=\"https:\/\/www.uhu.es\/smart-friction\/samuel-d-fernandez-investido-nuevo-doctor-por-la-universidad-de-huelva\/\" tabindex=\"-1\" ><div class=\"elementor-post__thumbnail\"><img fetchpriority=\"high\" decoding=\"async\" width=\"604\" height=\"400\" src=\"https:\/\/www.uhu.es\/smart-friction\/wp-content\/uploads\/2026\/03\/portada-3-marzo.jpg\" class=\"attachment-full size-full wp-image-1191\" alt=\"\" srcset=\"https:\/\/www.uhu.es\/smart-friction\/wp-content\/uploads\/2026\/03\/portada-3-marzo.jpg 604w, https:\/\/www.uhu.es\/smart-friction\/wp-content\/uploads\/2026\/03\/portada-3-marzo-300x199.jpg 300w\" sizes=\"(max-width: 604px) 100vw, 604px\" \/><\/div><\/a>\n\t\t\t\t<div class=\"elementor-post__badge\">Noticias<\/div>\n\t\t\t\t<div class=\"elementor-post__text\">\n\t\t\t\t<h3 class=\"elementor-post__title\">\n\t\t\t<a href=\"https:\/\/www.uhu.es\/smart-friction\/samuel-d-fernandez-investido-nuevo-doctor-por-la-universidad-de-huelva\/\" >\n\t\t\t\tSamuel D. Fern\u00e1ndez, investido nuevo doctor por la Universidad de Huelva\t\t\t<\/a>\n\t\t<\/h3>\n\t\t\t\t<div class=\"elementor-post__excerpt\">\n\t\t\t<p>La Universidad de Huelva conmemor\u00f3 el pasado 3 de marzo de 2026 su tradicional D\u00eda Institucional, una cita destacada en el calendario acad\u00e9mico que, como cada a\u00f1o, reuni\u00f3 a la<\/p>\n\t\t<\/div>\n\t\t\n\t\t<a class=\"elementor-post__read-more\" href=\"https:\/\/www.uhu.es\/smart-friction\/samuel-d-fernandez-investido-nuevo-doctor-por-la-universidad-de-huelva\/\" aria-label=\"M\u00e1s informaci\u00f3n sobre Samuel D. Fern\u00e1ndez, investido nuevo doctor por la Universidad de Huelva\" tabindex=\"-1\" >\n\t\t\tLeer m\u00e1s \u00bb\t\t<\/a>\n\n\t\t\t\t<\/div>\n\t\t\t\t<div class=\"elementor-post__meta-data\">\n\t\t\t\t\t<span class=\"elementor-post-date\">\n\t\t\tmarzo 19, 2026\t\t<\/span>\n\t\t\t\t<span class=\"elementor-post-avatar\">\n\t\t\tNo hay comentarios\t\t<\/span>\n\t\t\t\t<\/div>\n\t\t\t\t\t<\/div>\n\t\t<\/article>\n\t\t\t\t<article class=\"elementor-post elementor-grid-item post-1173 post type-post status-publish format-standard has-post-thumbnail hentry category-noticias\" role=\"listitem\">\n\t\t\t<div class=\"elementor-post__card\">\n\t\t\t\t<a class=\"elementor-post__thumbnail__link\" href=\"https:\/\/www.uhu.es\/smart-friction\/gran-acogida-del-taller-de-lubricacion-inteligente-en-la-noche-europea-de-los-investigadors-2025\/\" tabindex=\"-1\" ><div class=\"elementor-post__thumbnail\"><img decoding=\"async\" width=\"2000\" height=\"1500\" src=\"https:\/\/www.uhu.es\/smart-friction\/wp-content\/uploads\/2026\/01\/ERN-portada.jpg\" class=\"attachment-full size-full wp-image-1174\" alt=\"\" \/><\/div><\/a>\n\t\t\t\t<div class=\"elementor-post__badge\">Noticias<\/div>\n\t\t\t\t<div class=\"elementor-post__text\">\n\t\t\t\t<h3 class=\"elementor-post__title\">\n\t\t\t<a href=\"https:\/\/www.uhu.es\/smart-friction\/gran-acogida-del-taller-de-lubricacion-inteligente-en-la-noche-europea-de-los-investigadors-2025\/\" >\n\t\t\t\tGran acogida del taller de lubricaci\u00f3n inteligente en la Noche Europea de los Investigador@s 2025\t\t\t<\/a>\n\t\t<\/h3>\n\t\t\t\t<div class=\"elementor-post__excerpt\">\n\t\t\t<p>El 26 de septiembre de 2025, el equipo de Tecnolog\u00eda de Materiales Funcionales Electroactivos particip\u00f3 en una nueva edici\u00f3n de la Noche Europea de los Investigador@s con un taller dedicado<\/p>\n\t\t<\/div>\n\t\t\n\t\t<a class=\"elementor-post__read-more\" href=\"https:\/\/www.uhu.es\/smart-friction\/gran-acogida-del-taller-de-lubricacion-inteligente-en-la-noche-europea-de-los-investigadors-2025\/\" aria-label=\"M\u00e1s informaci\u00f3n sobre Gran acogida del taller de lubricaci\u00f3n inteligente en la Noche Europea de los Investigador@s 2025\" tabindex=\"-1\" >\n\t\t\tLeer m\u00e1s \u00bb\t\t<\/a>\n\n\t\t\t\t<\/div>\n\t\t\t\t<div class=\"elementor-post__meta-data\">\n\t\t\t\t\t<span class=\"elementor-post-date\">\n\t\t\tenero 31, 2026\t\t<\/span>\n\t\t\t\t<span class=\"elementor-post-avatar\">\n\t\t\tNo hay comentarios\t\t<\/span>\n\t\t\t\t<\/div>\n\t\t\t\t\t<\/div>\n\t\t<\/article>\n\t\t\t\t<article class=\"elementor-post elementor-grid-item post-1168 post type-post status-publish format-standard has-post-thumbnail hentry category-noticias\" role=\"listitem\">\n\t\t\t<div class=\"elementor-post__card\">\n\t\t\t\t<a class=\"elementor-post__thumbnail__link\" href=\"https:\/\/www.uhu.es\/smart-friction\/la-universidad-de-huelva-presenta-su-patente-sobre-lubricantes-biodegradables-en-foro-transfiere-2026\/\" tabindex=\"-1\" ><div class=\"elementor-post__thumbnail\"><img decoding=\"async\" width=\"1322\" height=\"794\" src=\"https:\/\/www.uhu.es\/smart-friction\/wp-content\/uploads\/2026\/01\/foro-transfiere.png\" class=\"attachment-full size-full wp-image-1169\" alt=\"\" \/><\/div><\/a>\n\t\t\t\t<div class=\"elementor-post__badge\">Noticias<\/div>\n\t\t\t\t<div class=\"elementor-post__text\">\n\t\t\t\t<h3 class=\"elementor-post__title\">\n\t\t\t<a href=\"https:\/\/www.uhu.es\/smart-friction\/la-universidad-de-huelva-presenta-su-patente-sobre-lubricantes-biodegradables-en-foro-transfiere-2026\/\" >\n\t\t\t\tLa Universidad de Huelva presenta su patente sobre lubricantes inteligentes en Foro Transfiere 2026\t\t\t<\/a>\n\t\t<\/h3>\n\t\t\t\t<div class=\"elementor-post__excerpt\">\n\t\t\t<p>La Universidad de Huelva participar\u00e1 en Foro Transfiere 2026 con la patente ES 2 992 454, dedicada a un lubricante biodegradable y un sistema tribol\u00f3gico para el control electroactivo de<\/p>\n\t\t<\/div>\n\t\t\n\t\t<a class=\"elementor-post__read-more\" href=\"https:\/\/www.uhu.es\/smart-friction\/la-universidad-de-huelva-presenta-su-patente-sobre-lubricantes-biodegradables-en-foro-transfiere-2026\/\" aria-label=\"M\u00e1s informaci\u00f3n sobre La Universidad de Huelva presenta su patente sobre lubricantes inteligentes en Foro Transfiere 2026\" tabindex=\"-1\" >\n\t\t\tLeer m\u00e1s \u00bb\t\t<\/a>\n\n\t\t\t\t<\/div>\n\t\t\t\t<div class=\"elementor-post__meta-data\">\n\t\t\t\t\t<span class=\"elementor-post-date\">\n\t\t\tenero 30, 2026\t\t<\/span>\n\t\t\t\t<span class=\"elementor-post-avatar\">\n\t\t\tNo hay comentarios\t\t<\/span>\n\t\t\t\t<\/div>\n\t\t\t\t\t<\/div>\n\t\t<\/article>\n\t\t\t\t<article class=\"elementor-post elementor-grid-item post-1130 post type-post status-publish format-standard has-post-thumbnail hentry category-noticias\" role=\"listitem\">\n\t\t\t<div class=\"elementor-post__card\">\n\t\t\t\t<a class=\"elementor-post__thumbnail__link\" href=\"https:\/\/www.uhu.es\/smart-friction\/innovacion-en-lubricacion-activa-brillante-defensa-de-la-primera-tesis-en-materiales-electroactivos\/\" tabindex=\"-1\" ><div class=\"elementor-post__thumbnail\"><img loading=\"lazy\" decoding=\"async\" width=\"2048\" height=\"1536\" src=\"https:\/\/www.uhu.es\/smart-friction\/wp-content\/uploads\/2026\/01\/Samuel-Tesis.jpg\" class=\"attachment-full size-full wp-image-1155\" alt=\"\" \/><\/div><\/a>\n\t\t\t\t<div class=\"elementor-post__badge\">Noticias<\/div>\n\t\t\t\t<div class=\"elementor-post__text\">\n\t\t\t\t<h3 class=\"elementor-post__title\">\n\t\t\t<a href=\"https:\/\/www.uhu.es\/smart-friction\/innovacion-en-lubricacion-activa-brillante-defensa-de-la-primera-tesis-en-materiales-electroactivos\/\" >\n\t\t\t\tInnovaci\u00f3n en lubricaci\u00f3n activa: brillante defensa de la primera tesis en materiales electroactivos\t\t\t<\/a>\n\t\t<\/h3>\n\t\t\t\t<div class=\"elementor-post__excerpt\">\n\t\t\t<p>El 17 de febrero de 2025 tuvo lugar la defensa de la Tesis Doctoral titulada \u201cBiolubricantes inteligentes con capacidad electrorreol\u00f3gica a partir de aceites vegetales y nanopart\u00edculas\u201d, realizada por nuestro<\/p>\n\t\t<\/div>\n\t\t\n\t\t<a class=\"elementor-post__read-more\" href=\"https:\/\/www.uhu.es\/smart-friction\/innovacion-en-lubricacion-activa-brillante-defensa-de-la-primera-tesis-en-materiales-electroactivos\/\" aria-label=\"M\u00e1s informaci\u00f3n sobre Innovaci\u00f3n en lubricaci\u00f3n activa: brillante defensa de la primera tesis en materiales electroactivos\" tabindex=\"-1\" >\n\t\t\tLeer m\u00e1s \u00bb\t\t<\/a>\n\n\t\t\t\t<\/div>\n\t\t\t\t<div class=\"elementor-post__meta-data\">\n\t\t\t\t\t<span class=\"elementor-post-date\">\n\t\t\tenero 28, 2026\t\t<\/span>\n\t\t\t\t<span class=\"elementor-post-avatar\">\n\t\t\tNo hay comentarios\t\t<\/span>\n\t\t\t\t<\/div>\n\t\t\t\t\t<\/div>\n\t\t<\/article>\n\t\t\t\t<article class=\"elementor-post elementor-grid-item post-1126 post type-post status-publish format-standard has-post-thumbnail hentry category-noticias\" role=\"listitem\">\n\t\t\t<div class=\"elementor-post__card\">\n\t\t\t\t<a class=\"elementor-post__thumbnail__link\" href=\"https:\/\/www.uhu.es\/smart-friction\/alianza-en-marcha-la-wuhan-university-of-technology-visita-nuestra-etsi\/\" tabindex=\"-1\" ><div class=\"elementor-post__thumbnail\"><img loading=\"lazy\" decoding=\"async\" width=\"2000\" height=\"1500\" src=\"https:\/\/www.uhu.es\/smart-friction\/wp-content\/uploads\/2026\/01\/ETSI-Wuhan.jpg\" class=\"attachment-full size-full wp-image-1128\" alt=\"\" \/><\/div><\/a>\n\t\t\t\t<div class=\"elementor-post__badge\">Noticias<\/div>\n\t\t\t\t<div class=\"elementor-post__text\">\n\t\t\t\t<h3 class=\"elementor-post__title\">\n\t\t\t<a href=\"https:\/\/www.uhu.es\/smart-friction\/alianza-en-marcha-la-wuhan-university-of-technology-visita-nuestra-etsi\/\" >\n\t\t\t\tAlianza en marcha: la Wuhan University of Technology visita nuestra ETSI\t\t\t<\/a>\n\t\t<\/h3>\n\t\t\t\t<div class=\"elementor-post__excerpt\">\n\t\t\t<p>El 9 de diciembre de 2025, los miembros de la l\u00ednea de investigaci\u00f3n en Tecnolog\u00eda de Materiales Funcionales Electroactivos del centro de investigaci\u00f3n Pro2TecS recibimos a una delegaci\u00f3n de la<\/p>\n\t\t<\/div>\n\t\t\n\t\t<a class=\"elementor-post__read-more\" href=\"https:\/\/www.uhu.es\/smart-friction\/alianza-en-marcha-la-wuhan-university-of-technology-visita-nuestra-etsi\/\" aria-label=\"M\u00e1s informaci\u00f3n sobre Alianza en marcha: la Wuhan University of Technology visita nuestra ETSI\" tabindex=\"-1\" >\n\t\t\tLeer m\u00e1s \u00bb\t\t<\/a>\n\n\t\t\t\t<\/div>\n\t\t\t\t<div class=\"elementor-post__meta-data\">\n\t\t\t\t\t<span class=\"elementor-post-date\">\n\t\t\tenero 27, 2026\t\t<\/span>\n\t\t\t\t<span class=\"elementor-post-avatar\">\n\t\t\tNo hay comentarios\t\t<\/span>\n\t\t\t\t<\/div>\n\t\t\t\t\t<\/div>\n\t\t<\/article>\n\t\t\t\t<article class=\"elementor-post elementor-grid-item post-361 post type-post status-publish format-standard has-post-thumbnail hentry category-noticias\" role=\"listitem\">\n\t\t\t<div class=\"elementor-post__card\">\n\t\t\t\t<a class=\"elementor-post__thumbnail__link\" href=\"https:\/\/www.uhu.es\/smart-friction\/participacion-en-8th-international-conference-of-the-doctoral-school\/\" tabindex=\"-1\" ><div class=\"elementor-post__thumbnail\"><img loading=\"lazy\" decoding=\"async\" width=\"1134\" height=\"488\" src=\"https:\/\/www.uhu.es\/smart-friction\/wp-content\/uploads\/2025\/07\/noticia.png\" class=\"attachment-full size-full wp-image-853\" alt=\"\" srcset=\"https:\/\/www.uhu.es\/smart-friction\/wp-content\/uploads\/2025\/07\/noticia.png 1134w, https:\/\/www.uhu.es\/smart-friction\/wp-content\/uploads\/2025\/07\/noticia-300x129.png 300w, https:\/\/www.uhu.es\/smart-friction\/wp-content\/uploads\/2025\/07\/noticia-1024x441.png 1024w, https:\/\/www.uhu.es\/smart-friction\/wp-content\/uploads\/2025\/07\/noticia-768x330.png 768w\" sizes=\"(max-width: 1134px) 100vw, 1134px\" \/><\/div><\/a>\n\t\t\t\t<div class=\"elementor-post__badge\">Noticias<\/div>\n\t\t\t\t<div class=\"elementor-post__text\">\n\t\t\t\t<h3 class=\"elementor-post__title\">\n\t\t\t<a href=\"https:\/\/www.uhu.es\/smart-friction\/participacion-en-8th-international-conference-of-the-doctoral-school\/\" >\n\t\t\t\tParticipaci\u00f3n en 8th International Conference of the Doctoral School (Ia\u0219i, Ruman\u00eda)\t\t\t<\/a>\n\t\t<\/h3>\n\t\t\t\t<div class=\"elementor-post__excerpt\">\n\t\t\t<p>La investigadora de Pro2TecS Mar\u00eda Garc\u00eda P\u00e9rez participa en la International Conference of the Doctoral School celebrado en \u201cGheorghe Asachi\u201d Technical University of Ia\u0219i (Ruman\u00eda) durante los d\u00edas 14 a<\/p>\n\t\t<\/div>\n\t\t\n\t\t<a class=\"elementor-post__read-more\" href=\"https:\/\/www.uhu.es\/smart-friction\/participacion-en-8th-international-conference-of-the-doctoral-school\/\" aria-label=\"M\u00e1s informaci\u00f3n sobre Participaci\u00f3n en 8th International Conference of the Doctoral School (Ia\u0219i, Ruman\u00eda)\" tabindex=\"-1\" >\n\t\t\tLeer m\u00e1s \u00bb\t\t<\/a>\n\n\t\t\t\t<\/div>\n\t\t\t\t<div class=\"elementor-post__meta-data\">\n\t\t\t\t\t<span class=\"elementor-post-date\">\n\t\t\tjulio 21, 2025\t\t<\/span>\n\t\t\t\t<span class=\"elementor-post-avatar\">\n\t\t\tNo hay comentarios\t\t<\/span>\n\t\t\t\t<\/div>\n\t\t\t\t\t<\/div>\n\t\t<\/article>\n\t\t\t\t<\/div>\n\t\t\n\t\t\t\t\t\t<\/div>\n\t\t\t\t<\/div>\n\t\t\t\t\t<\/div>\n\t\t\t\t<\/div>\n\t\t\t\t<\/div>\n\t\t","protected":false},"excerpt":{"rendered":"<p>Noticias<\/p>\n","protected":false},"author":1,"featured_media":0,"parent":0,"menu_order":0,"comment_status":"closed","ping_status":"closed","template":"","meta":{"_acf_changed":false,"footnotes":""},"class_list":["post-348","page","type-page","status-publish","hentry"],"acf":[],"_links":{"self":[{"href":"https:\/\/www.uhu.es\/smart-friction\/wp-json\/wp\/v2\/pages\/348","targetHints":{"allow":["GET"]}}],"collection":[{"href":"https:\/\/www.uhu.es\/smart-friction\/wp-json\/wp\/v2\/pages"}],"about":[{"href":"https:\/\/www.uhu.es\/smart-friction\/wp-json\/wp\/v2\/types\/page"}],"author":[{"embeddable":true,"href":"https:\/\/www.uhu.es\/smart-friction\/wp-json\/wp\/v2\/users\/1"}],"replies":[{"embeddable":true,"href":"https:\/\/www.uhu.es\/smart-friction\/wp-json\/wp\/v2\/comments?post=348"}],"version-history":[{"count":19,"href":"https:\/\/www.uhu.es\/smart-friction\/wp-json\/wp\/v2\/pages\/348\/revisions"}],"predecessor-version":[{"id":699,"href":"https:\/\/www.uhu.es\/smart-friction\/wp-json\/wp\/v2\/pages\/348\/revisions\/699"}],"wp:attachment":[{"href":"https:\/\/www.uhu.es\/smart-friction\/wp-json\/wp\/v2\/media?parent=348"}],"curies":[{"name":"wp","href":"https:\/\/api.w.org\/{rel}","templated":true}]}}