{"id":43,"date":"2025-06-30T11:46:56","date_gmt":"2025-06-30T11:46:56","guid":{"rendered":"https:\/\/smartfiction.serdeweb.com\/?page_id=43"},"modified":"2025-12-10T21:17:22","modified_gmt":"2025-12-10T21:17:22","slug":"inicio","status":"publish","type":"page","link":"https:\/\/www.uhu.es\/smart-friction\/","title":{"rendered":"Inicio"},"content":{"rendered":"\t\t<div data-elementor-type=\"wp-page\" data-elementor-id=\"43\" class=\"elementor elementor-43\" data-elementor-post-type=\"page\">\n\t\t\t\t<div class=\"elementor-element elementor-element-e6db3d0 elementor-hidden-tablet elementor-hidden-mobile e-flex e-con-boxed e-con e-parent\" data-id=\"e6db3d0\" data-element_type=\"container\" data-settings=\"{&quot;background_background&quot;:&quot;video&quot;,&quot;background_video_link&quot;:&quot;https:\\\/\\\/www.uhu.es\\\/smart-friction\\\/wp-content\\\/uploads\\\/2025\\\/11\\\/header_vid.mp4&quot;}\">\n\t\t\t\t\t<div class=\"e-con-inner\">\n\t\t<div class=\"elementor-background-video-container elementor-hidden-mobile\" aria-hidden=\"true\">\n\t\t\t\t\t\t\t<video class=\"elementor-background-video-hosted\" autoplay muted playsinline loop><\/video>\n\t\t\t\t\t<\/div>\t\t<div class=\"elementor-element elementor-element-7b8b003 elementor-widget elementor-widget-heading\" data-id=\"7b8b003\" data-element_type=\"widget\" data-widget_type=\"heading.default\">\n\t\t\t\t<div class=\"elementor-widget-container\">\n\t\t\t\t\t<h1 class=\"elementor-heading-title elementor-size-default\">SMART FRICTION<\/h1>\t\t\t\t<\/div>\n\t\t\t\t<\/div>\n\t\t\t\t<div class=\"elementor-element elementor-element-e0fd40c elementor-widget elementor-widget-text-editor\" data-id=\"e0fd40c\" data-element_type=\"widget\" data-widget_type=\"text-editor.default\">\n\t\t\t\t<div class=\"elementor-widget-container\">\n\t\t\t\t\t\t\t\t\t<p>AVANZANDO HACIA EL CONTROL INTELIGENTE DE LA LUBRICACI\u00d3N MEDIANTE FLUIDOS <span style=\"font-weight: 400;\">electrorreol\u00f3gicos<\/span> SOSTENIBLES<\/p>\t\t\t\t\t\t\t\t<\/div>\n\t\t\t\t<\/div>\n\t\t\t\t\t<\/div>\n\t\t\t\t<\/div>\n\t\t<div class=\"elementor-element elementor-element-fe18120 elementor-hidden-desktop e-flex e-con-boxed e-con e-parent\" data-id=\"fe18120\" data-element_type=\"container\" data-settings=\"{&quot;background_background&quot;:&quot;video&quot;,&quot;background_play_on_mobile&quot;:&quot;yes&quot;,&quot;background_video_link&quot;:&quot;https:\\\/\\\/www.uhu.es\\\/smart-friction\\\/wp-content\\\/uploads\\\/2025\\\/11\\\/video_mobile-1.mp4&quot;}\">\n\t\t\t\t\t<div class=\"e-con-inner\">\n\t\t<div class=\"elementor-background-video-container\" aria-hidden=\"true\">\n\t\t\t\t\t\t\t<video class=\"elementor-background-video-hosted\" autoplay muted playsinline loop><\/video>\n\t\t\t\t\t<\/div>\t\t<div class=\"elementor-element elementor-element-6642e2b elementor-widget elementor-widget-heading\" data-id=\"6642e2b\" data-element_type=\"widget\" data-widget_type=\"heading.default\">\n\t\t\t\t<div class=\"elementor-widget-container\">\n\t\t\t\t\t<h1 class=\"elementor-heading-title elementor-size-default\">SMART FRICTION<\/h1>\t\t\t\t<\/div>\n\t\t\t\t<\/div>\n\t\t\t\t<div class=\"elementor-element elementor-element-9addfc0 elementor-widget elementor-widget-text-editor\" data-id=\"9addfc0\" data-element_type=\"widget\" data-widget_type=\"text-editor.default\">\n\t\t\t\t<div class=\"elementor-widget-container\">\n\t\t\t\t\t\t\t\t\t<p>AVANZANDO HACIA EL CONTROL INTELIGENTE DE LA LUBRICACI\u00d3N MEDIANTE FLUIDOS <span style=\"font-weight: 400;\">electrorreol\u00f3gicos<\/span> SOSTENIBLES<\/p>\t\t\t\t\t\t\t\t<\/div>\n\t\t\t\t<\/div>\n\t\t\t\t\t<\/div>\n\t\t\t\t<\/div>\n\t\t<div class=\"elementor-element elementor-element-adb1eb3 e-flex e-con-boxed e-con e-parent\" data-id=\"adb1eb3\" data-element_type=\"container\">\n\t\t\t\t\t<div class=\"e-con-inner\">\n\t\t<div class=\"elementor-element elementor-element-75fca20 e-con-full e-flex e-con e-child\" data-id=\"75fca20\" data-element_type=\"container\">\n\t\t\t\t<div class=\"elementor-element elementor-element-f4b5c19 elementor-widget elementor-widget-text-editor\" data-id=\"f4b5c19\" data-element_type=\"widget\" data-widget_type=\"text-editor.default\">\n\t\t\t\t<div class=\"elementor-widget-container\">\n\t\t\t\t\t\t\t\t\t<p>Proyecto PID2023-151761NB-I00 (Generaci\u00f3n Conocimiento 2023) financiado por MICIU\/AEI\/10.13039\/501100011033 y por FEDER, UE<\/p>\t\t\t\t\t\t\t\t<\/div>\n\t\t\t\t<\/div>\n\t\t\t\t<\/div>\n\t\t<div class=\"elementor-element elementor-element-deb2fc0 e-con-full e-flex e-con e-child\" data-id=\"deb2fc0\" data-element_type=\"container\">\n\t\t\t\t<div class=\"elementor-element elementor-element-23bcded elementor-widget elementor-widget-image\" data-id=\"23bcded\" data-element_type=\"widget\" data-widget_type=\"image.default\">\n\t\t\t\t<div class=\"elementor-widget-container\">\n\t\t\t\t\t\t\t\t\t\t\t\t\t\t\t<img fetchpriority=\"high\" decoding=\"async\" width=\"800\" height=\"155\" src=\"https:\/\/www.uhu.es\/smart-friction\/wp-content\/uploads\/2025\/09\/MICIUCofinanciadoAEI-1024x198.jpg\" class=\"attachment-large size-large wp-image-720\" alt=\"\" srcset=\"https:\/\/www.uhu.es\/smart-friction\/wp-content\/uploads\/2025\/09\/MICIUCofinanciadoAEI-1024x198.jpg 1024w, https:\/\/www.uhu.es\/smart-friction\/wp-content\/uploads\/2025\/09\/MICIUCofinanciadoAEI-300x58.jpg 300w, https:\/\/www.uhu.es\/smart-friction\/wp-content\/uploads\/2025\/09\/MICIUCofinanciadoAEI-768x149.jpg 768w, https:\/\/www.uhu.es\/smart-friction\/wp-content\/uploads\/2025\/09\/MICIUCofinanciadoAEI-1536x298.jpg 1536w, https:\/\/www.uhu.es\/smart-friction\/wp-content\/uploads\/2025\/09\/MICIUCofinanciadoAEI-2048x397.jpg 2048w\" sizes=\"(max-width: 800px) 100vw, 800px\" \/>\t\t\t\t\t\t\t\t\t\t\t\t\t\t\t<\/div>\n\t\t\t\t<\/div>\n\t\t\t\t<\/div>\n\t\t\t\t\t<\/div>\n\t\t\t\t<\/div>\n\t\t\t\t<\/div>\n\t\t","protected":false},"excerpt":{"rendered":"<p>SMART FRICTION AVANZANDO HACIA EL CONTROL INTELIGENTE DE LA LUBRICACI\u00d3N MEDIANTE FLUIDOS electrorreol\u00f3gicos SOSTENIBLES SMART FRICTION AVANZANDO HACIA EL CONTROL INTELIGENTE DE LA LUBRICACI\u00d3N MEDIANTE FLUIDOS electrorreol\u00f3gicos SOSTENIBLES Proyecto PID2023-151761NB-I00 (Generaci\u00f3n Conocimiento 2023) financiado por MICIU\/AEI\/10.13039\/501100011033 y por FEDER, UE<\/p>\n","protected":false},"author":1,"featured_media":0,"parent":0,"menu_order":0,"comment_status":"closed","ping_status":"closed","template":"","meta":{"_acf_changed":false,"footnotes":""},"class_list":["post-43","page","type-page","status-publish","hentry"],"acf":[],"_links":{"self":[{"href":"https:\/\/www.uhu.es\/smart-friction\/wp-json\/wp\/v2\/pages\/43","targetHints":{"allow":["GET"]}}],"collection":[{"href":"https:\/\/www.uhu.es\/smart-friction\/wp-json\/wp\/v2\/pages"}],"about":[{"href":"https:\/\/www.uhu.es\/smart-friction\/wp-json\/wp\/v2\/types\/page"}],"author":[{"embeddable":true,"href":"https:\/\/www.uhu.es\/smart-friction\/wp-json\/wp\/v2\/users\/1"}],"replies":[{"embeddable":true,"href":"https:\/\/www.uhu.es\/smart-friction\/wp-json\/wp\/v2\/comments?post=43"}],"version-history":[{"count":106,"href":"https:\/\/www.uhu.es\/smart-friction\/wp-json\/wp\/v2\/pages\/43\/revisions"}],"predecessor-version":[{"id":1083,"href":"https:\/\/www.uhu.es\/smart-friction\/wp-json\/wp\/v2\/pages\/43\/revisions\/1083"}],"wp:attachment":[{"href":"https:\/\/www.uhu.es\/smart-friction\/wp-json\/wp\/v2\/media?parent=43"}],"curies":[{"name":"wp","href":"https:\/\/api.w.org\/{rel}","templated":true}]}}