{"id":80,"date":"2025-06-30T19:26:22","date_gmt":"2025-06-30T19:26:22","guid":{"rendered":"https:\/\/smartfiction.serdeweb.com\/?page_id=80"},"modified":"2025-11-27T17:40:53","modified_gmt":"2025-11-27T17:40:53","slug":"sobre-el-proyecto","status":"publish","type":"page","link":"https:\/\/www.uhu.es\/smart-friction\/sobre-el-proyecto\/","title":{"rendered":"Sobre el proyecto"},"content":{"rendered":"\t\t<div data-elementor-type=\"wp-page\" data-elementor-id=\"80\" class=\"elementor elementor-80\" data-elementor-post-type=\"page\">\n\t\t\t\t<div class=\"elementor-element elementor-element-ccf288f e-flex e-con-boxed e-con e-parent\" data-id=\"ccf288f\" data-element_type=\"container\" data-settings=\"{&quot;background_background&quot;:&quot;video&quot;,&quot;background_video_link&quot;:&quot;https:\\\/\\\/www.uhu.es\\\/smart-friction\\\/wp-content\\\/uploads\\\/2025\\\/07\\\/0_Skin_Care_Blue_1920x1080.webm&quot;,&quot;background_play_on_mobile&quot;:&quot;yes&quot;}\">\n\t\t\t\t\t<div class=\"e-con-inner\">\n\t\t<div class=\"elementor-background-video-container\" aria-hidden=\"true\">\n\t\t\t\t\t\t\t<video class=\"elementor-background-video-hosted\" autoplay muted playsinline loop><\/video>\n\t\t\t\t\t<\/div>\t\t<div class=\"elementor-element elementor-element-508fc75 elementor-widget elementor-widget-heading\" data-id=\"508fc75\" data-element_type=\"widget\" data-widget_type=\"heading.default\">\n\t\t\t\t<div class=\"elementor-widget-container\">\n\t\t\t\t\t<h1 class=\"elementor-heading-title elementor-size-default\">Sobre el proyecto<\/h1>\t\t\t\t<\/div>\n\t\t\t\t<\/div>\n\t\t\t\t\t<\/div>\n\t\t\t\t<\/div>\n\t\t<div class=\"elementor-element elementor-element-3dbd96e e-flex e-con-boxed e-con e-parent\" data-id=\"3dbd96e\" data-element_type=\"container\">\n\t\t\t\t\t<div class=\"e-con-inner\">\n\t\t\t\t<div class=\"elementor-element elementor-element-29cb25c elementor-widget elementor-widget-image\" data-id=\"29cb25c\" data-element_type=\"widget\" data-widget_type=\"image.default\">\n\t\t\t\t<div class=\"elementor-widget-container\">\n\t\t\t\t\t\t\t\t\t\t\t\t\t\t\t<img fetchpriority=\"high\" decoding=\"async\" width=\"800\" height=\"155\" src=\"https:\/\/www.uhu.es\/smart-friction\/wp-content\/uploads\/2025\/09\/MICIUCofinanciadoAEI-1024x198.jpg\" class=\"attachment-large size-large wp-image-720\" alt=\"\" srcset=\"https:\/\/www.uhu.es\/smart-friction\/wp-content\/uploads\/2025\/09\/MICIUCofinanciadoAEI-1024x198.jpg 1024w, https:\/\/www.uhu.es\/smart-friction\/wp-content\/uploads\/2025\/09\/MICIUCofinanciadoAEI-300x58.jpg 300w, https:\/\/www.uhu.es\/smart-friction\/wp-content\/uploads\/2025\/09\/MICIUCofinanciadoAEI-768x149.jpg 768w, https:\/\/www.uhu.es\/smart-friction\/wp-content\/uploads\/2025\/09\/MICIUCofinanciadoAEI-1536x298.jpg 1536w, https:\/\/www.uhu.es\/smart-friction\/wp-content\/uploads\/2025\/09\/MICIUCofinanciadoAEI-2048x397.jpg 2048w\" sizes=\"(max-width: 800px) 100vw, 800px\" \/>\t\t\t\t\t\t\t\t\t\t\t\t\t\t\t<\/div>\n\t\t\t\t<\/div>\n\t\t\t\t<div class=\"elementor-element elementor-element-0e116a6 elementor-widget elementor-widget-text-editor\" data-id=\"0e116a6\" data-element_type=\"widget\" data-widget_type=\"text-editor.default\">\n\t\t\t\t<div class=\"elementor-widget-container\">\n\t\t\t\t\t\t\t\t\t<p>Nuestro proyecto \u201cSMART-FRICTION\u00bb (PID2023-151761NB-I00), financiado por MICIU\/AEI\/10.13039\/501100011033 y por FEDER, UE en la convocatoria de proyectos de Generaci\u00f3n de Conocimiento 2023 (subvenci\u00f3n concedida de 125.000 \u20ac), se desarrolla en la Universidad de Huelva. En concreto, dos de los investigadores pertenecen a su Centro de Investigaci\u00f3n en Tecnolog\u00eda de Productos y Procesos Qu\u00edmicos (<a style=\"background-color: #ffffff;\" href=\"https:\/\/pro2tecs.com\/\" target=\"_blank\" rel=\"noopener\"><strong>Pro2TecS<\/strong><\/a>) y el tercero a su Grupo de Electroqu\u00edmica Aplicada (FQM 169). Adem\u00e1s, contamos con la inestimable colaboraci\u00f3n de investigadores\/as de instituciones internacionales de reconocido prestigio, as\u00ed como de personal postdoctoral de la Universidad de Huelva. Cabe destacar tambi\u00e9n que hemos contratado a una Ingeniera Industrial para que realice su Tesis Doctoral, igualmente financiado por la convocatoria durante 4 a\u00f1os.<\/p><p>Nuestras investigaciones se est\u00e1n llevando a cabo en laboratorios equipados con la \u00faltima tecnolog\u00eda en cuanto a la preparaci\u00f3n y caracterizaci\u00f3n de <a href=\"https:\/\/www.uhu.es\/smart-friction\/definicion\/fluidos-electrorreologicos\/\" target=\"_blank\" rel=\"noopener\"><strong>fluidos electrorreol\u00f3gicos<\/strong><\/a>, as\u00ed como para la realizaci\u00f3n de pruebas en contactos tribol\u00f3gicos electrificados y an\u00e1lisis electroqu\u00edmico en la interfase metal-lubricante.<\/p>\t\t\t\t\t\t\t\t<\/div>\n\t\t\t\t<\/div>\n\t\t<div class=\"elementor-element elementor-element-35c72ab e-con-full e-flex e-con e-child\" data-id=\"35c72ab\" data-element_type=\"container\">\n\t\t<div class=\"elementor-element elementor-element-ce47d3e e-con-full e-flex e-con e-child\" data-id=\"ce47d3e\" data-element_type=\"container\">\n\t\t\t\t<div class=\"elementor-element elementor-element-0a2881c elementor-widget elementor-widget-text-editor\" data-id=\"0a2881c\" data-element_type=\"widget\" data-widget_type=\"text-editor.default\">\n\t\t\t\t<div class=\"elementor-widget-container\">\n\t\t\t\t\t\t\t\t\t<p>Estamos realizando estudios experimentales encaminados a formular estos biolubricantes inteligentes y a entender su comportamiento electroactivo, as\u00ed como a crear y optimizar los primeros prototipos de rodamiento de bolas electrificados. Como fluidos de lubricaci\u00f3n utilizamos formulaciones consistentes en la dispersi\u00f3n homog\u00e9nea y estable de <a href=\"https:\/\/www.uhu.es\/smart-friction\/definicion\/nanoparticulas\/\" target=\"_blank\" rel=\"noopener\"><strong>nanopart\u00edculas<\/strong><\/a>, tanto de tipo celul\u00f3sico como arcillas, en aceites vegetales. Se espera que los resultados obtenidos tengan una repercusi\u00f3n muy significativa y una transferencia efectiva de conocimiento hacia el sector de la lubricaci\u00f3n, promoviendo la sostenibilidad y la eficiencia energ\u00e9tica.<\/p>\t\t\t\t\t\t\t\t<\/div>\n\t\t\t\t<\/div>\n\t\t\t\t<div class=\"elementor-element elementor-element-8bdee26 elementor-widget elementor-widget-heading\" data-id=\"8bdee26\" data-element_type=\"widget\" data-widget_type=\"heading.default\">\n\t\t\t\t<div class=\"elementor-widget-container\">\n\t\t\t\t\t<h2 class=\"elementor-heading-title elementor-size-default\">Objetivo Principal<\/h2>\t\t\t\t<\/div>\n\t\t\t\t<\/div>\n\t\t\t\t<div class=\"elementor-element elementor-element-9ddcca4 elementor-widget elementor-widget-text-editor\" data-id=\"9ddcca4\" data-element_type=\"widget\" data-widget_type=\"text-editor.default\">\n\t\t\t\t<div class=\"elementor-widget-container\">\n\t\t\t\t\t\t\t\t\t<p>Nuestro <u>objetivo principal<\/u> es generar conocimientos cient\u00edfico-t\u00e9cnicos que permitan avanzar en el concepto innovador del control inteligente de la lubricaci\u00f3n mediante fluidos electrorreol\u00f3gicos sostenibles. As\u00ed, apostamos por desarrollar una nueva generaci\u00f3n de <a href=\"https:\/\/www.uhu.es\/smart-friction\/definicion\/biolubricantes\/\" target=\"_blank\" rel=\"noopener\"><strong>biolubricantes<\/strong><\/a> electroactivos que permitan un control instant\u00e1neo y a demanda de sus <a href=\"https:\/\/www.uhu.es\/smart-friction\/definicion\/propiedades-reologicas\/\" target=\"_blank\" rel=\"noopener\"><strong>propiedades reol\u00f3gicas<\/strong><\/a> y <a href=\"https:\/\/www.uhu.es\/smart-friction\/definicion\/propiedades-tribologicas\/\" target=\"_blank\" rel=\"noopener\"><strong>tribol\u00f3gicas <\/strong><\/a>mediante la acci\u00f3n de un campo el\u00e9ctrico externo.<\/p><p>Es destacable que el desarrollo de tecnolog\u00edas basadas en fluidos electrorreol\u00f3gicos sostenibles podr\u00eda suponer un cambio revolucionario en la forma actual de llevar a cabo la lubricaci\u00f3n. Nuestra tecnolog\u00eda podr\u00e1 contribuir a reducir el desgaste, aumentando la vida \u00fatil de la maquinaria, as\u00ed como las p\u00e9rdidas de energ\u00eda por fricci\u00f3n, lo que supondr\u00e1 menor consumo de combustible y, por ende, de emisiones de gases de efecto invernadero. Adem\u00e1s, se espera que los resultados del proyecto contribuyan a la generaci\u00f3n de lubricantes m\u00e1s respetuosos con el medio ambiente, alineados con los <a href=\"https:\/\/www.un.org\/sustainabledevelopment\/es\/\" target=\"_blank\" rel=\"noopener\"><strong>Objetivos de Desarrollo Sostenible (ODS)<\/strong><\/a> de la Agenda 2030.<\/p><p>Los <u>objetivos espec\u00edficos y operacionales<\/u> que permitir\u00e1n alcanzar el objetivo principal se recogen en el siguiente cuadro-resumen:<\/p>\t\t\t\t\t\t\t\t<\/div>\n\t\t\t\t<\/div>\n\t\t\t\t<div class=\"elementor-element elementor-element-2e0543d elementor-widget elementor-widget-image\" data-id=\"2e0543d\" data-element_type=\"widget\" data-widget_type=\"image.default\">\n\t\t\t\t<div class=\"elementor-widget-container\">\n\t\t\t\t\t\t\t\t\t\t\t\t\t\t\t\t<a href=\"https:\/\/www.uhu.es\/smart-friction\/wp-content\/uploads\/2025\/06\/Tabla-de-procesos.jpg\" data-elementor-open-lightbox=\"yes\" data-elementor-lightbox-title=\"Tabla de procesos\" data-e-action-hash=\"#elementor-action%3Aaction%3Dlightbox%26settings%3DeyJpZCI6ODIsInVybCI6Imh0dHBzOlwvXC93d3cudWh1LmVzXC9zbWFydC1mcmljdGlvblwvd3AtY29udGVudFwvdXBsb2Fkc1wvMjAyNVwvMDZcL1RhYmxhLWRlLXByb2Nlc29zLmpwZyJ9\">\n\t\t\t\t\t\t\t<img decoding=\"async\" width=\"945\" height=\"596\" src=\"https:\/\/www.uhu.es\/smart-friction\/wp-content\/uploads\/2025\/06\/Tabla-de-procesos.jpg\" class=\"attachment-full size-full wp-image-82\" alt=\"\" srcset=\"https:\/\/www.uhu.es\/smart-friction\/wp-content\/uploads\/2025\/06\/Tabla-de-procesos.jpg 945w, https:\/\/www.uhu.es\/smart-friction\/wp-content\/uploads\/2025\/06\/Tabla-de-procesos-300x189.jpg 300w, https:\/\/www.uhu.es\/smart-friction\/wp-content\/uploads\/2025\/06\/Tabla-de-procesos-768x484.jpg 768w\" sizes=\"(max-width: 945px) 100vw, 945px\" \/>\t\t\t\t\t\t\t\t<\/a>\n\t\t\t\t\t\t\t\t\t\t\t\t\t\t\t<\/div>\n\t\t\t\t<\/div>\n\t\t\t\t<\/div>\n\t\t\t\t<\/div>\n\t\t\t\t\t<\/div>\n\t\t\t\t<\/div>\n\t\t<div class=\"elementor-element elementor-element-6d31319 e-flex e-con-boxed e-con e-parent\" data-id=\"6d31319\" data-element_type=\"container\">\n\t\t\t\t\t<div class=\"e-con-inner\">\n\t\t\t\t\t<\/div>\n\t\t\t\t<\/div>\n\t\t\t\t<\/div>\n\t\t","protected":false},"excerpt":{"rendered":"<p>Sobre el proyecto Nuestro proyecto \u201cSMART-FRICTION\u00bb (PID2023-151761NB-I00), financiado por MICIU\/AEI\/10.13039\/501100011033 y por FEDER, UE en la convocatoria de proyectos de Generaci\u00f3n de Conocimiento 2023 (subvenci\u00f3n concedida de 125.000 \u20ac), se desarrolla en la Universidad de Huelva. En concreto, dos de los investigadores pertenecen a su Centro de Investigaci\u00f3n en Tecnolog\u00eda de Productos y Procesos Qu\u00edmicos [&hellip;]<\/p>\n","protected":false},"author":1,"featured_media":0,"parent":0,"menu_order":0,"comment_status":"closed","ping_status":"closed","template":"","meta":{"_acf_changed":false,"footnotes":""},"class_list":["post-80","page","type-page","status-publish","hentry"],"acf":[],"_links":{"self":[{"href":"https:\/\/www.uhu.es\/smart-friction\/wp-json\/wp\/v2\/pages\/80","targetHints":{"allow":["GET"]}}],"collection":[{"href":"https:\/\/www.uhu.es\/smart-friction\/wp-json\/wp\/v2\/pages"}],"about":[{"href":"https:\/\/www.uhu.es\/smart-friction\/wp-json\/wp\/v2\/types\/page"}],"author":[{"embeddable":true,"href":"https:\/\/www.uhu.es\/smart-friction\/wp-json\/wp\/v2\/users\/1"}],"replies":[{"embeddable":true,"href":"https:\/\/www.uhu.es\/smart-friction\/wp-json\/wp\/v2\/comments?post=80"}],"version-history":[{"count":58,"href":"https:\/\/www.uhu.es\/smart-friction\/wp-json\/wp\/v2\/pages\/80\/revisions"}],"predecessor-version":[{"id":1080,"href":"https:\/\/www.uhu.es\/smart-friction\/wp-json\/wp\/v2\/pages\/80\/revisions\/1080"}],"wp:attachment":[{"href":"https:\/\/www.uhu.es\/smart-friction\/wp-json\/wp\/v2\/media?parent=80"}],"curies":[{"name":"wp","href":"https:\/\/api.w.org\/{rel}","templated":true}]}}