{"id":1045,"date":"2020-02-03T08:00:22","date_gmt":"2020-02-03T07:00:22","guid":{"rendered":"http:\/\/uhu.es\/surbanrace\/?page_id=1045"},"modified":"2026-02-12T10:36:21","modified_gmt":"2026-02-12T09:36:21","slug":"challenge","status":"publish","type":"page","link":"https:\/\/www.uhu.es\/surbanrace\/?page_id=1045","title":{"rendered":"Pruebas"},"content":{"rendered":"<div class=\"fusion-fullwidth fullwidth-box fusion-builder-row-1 fusion-flex-container nonhundred-percent-fullwidth non-hundred-percent-height-scrolling\" style=\"background-color: rgba(255,255,255,0);background-position: center center;background-repeat: no-repeat;border-width: 0px 0px 0px 0px;border-color:#e2e2e2;border-style:solid;\" ><div class=\"fusion-builder-row fusion-row fusion-flex-align-items-flex-start\" style=\"max-width:1248px;margin-left: calc(-4% \/ 2 );margin-right: calc(-4% \/ 2 );\"><div class=\"fusion-layout-column fusion_builder_column fusion-builder-column-0 fusion_builder_column_1_1 1_1 fusion-flex-column\"><div class=\"fusion-column-wrapper fusion-flex-justify-content-flex-start fusion-content-layout-column\" style=\"background-position:left top;background-repeat:no-repeat;-webkit-background-size:cover;-moz-background-size:cover;-o-background-size:cover;background-size:cover;padding: 0px 0px 0px 0px;\"><style type='text\/css'>.reading-box-container-1 .element-bottomshadow:before,.reading-box-container-1 .element-bottomshadow:after{opacity:0.70;}<\/style><div class=\"fusion-reading-box-container reading-box-container-1\" style=\"margin-top:0px;margin-bottom:20px;\"><div class=\"reading-box\" style=\"background-color:rgba(75,170,43,0.55);border-width:1px;border-color:#4baa2b;border-style:solid;\"><h2>SUR26<\/h2><div class=\"reading-box-description fusion-reading-box-additional\">Normativa y Pruebas<\/div><div class=\"reading-box-additional\">\n<div class=\"fusion-button-wrapper\"><style type=\"text\/css\">.fusion-button.button-1 {border-radius:4px;}<\/style><a class=\"fusion-button button-flat fusion-button-default-size button-default button-1 fusion-button-default-span fusion-button-default-type\" target=\"_self\" href=\"https:\/\/www.uhu.es\/etsi\/wp-content\/uploads\/2026\/02\/NormativaSUR26 actualizada.pdf\"><span class=\"fusion-button-text\">Descargar<\/span><\/a><\/div>\n<\/div><div class=\"fusion-clearfix\"><\/div><\/div><\/div>\n<div class=\"fusion-tabs fusion-tabs-1 clean vertical-tabs icon-position-left\"><style type=\"text\/css\">#wrapper .fusion-tabs.fusion-tabs-1.clean .nav-tabs li a.tab-link{border-color:#ffffff;}.fusion-tabs.fusion-tabs-1 .nav-tabs li a.tab-link{background-color:rgba(75,170,43,0.35);}.fusion-tabs.fusion-tabs-1 .nav-tabs li.active a.tab-link,.fusion-tabs.fusion-tabs-1 .nav-tabs li.active a.tab-link:hover,.fusion-tabs.fusion-tabs-1 .nav-tabs li.active a.tab-link:focus{background-color:#ffffff;}.fusion-tabs.fusion-tabs-1 .nav-tabs li a:hover{background-color:#ffffff;border-top-color:#ffffff;}.fusion-tabs.fusion-tabs-1 .tab-pane{background-color:#ffffff;}.fusion-tabs.fusion-tabs-1 .nav,.fusion-tabs.fusion-tabs-1 .nav-tabs,.fusion-tabs.fusion-tabs-1 .tab-content .tab-pane{border-color:#ffffff;}<\/style><div class=\"nav\"><ul class=\"nav-tabs\" role=\"tablist\"><li class=\"active\"><a class=\"tab-link\" data-toggle=\"tab\" role=\"tab\" aria-controls=\"tab-1c71fa2692edc9c31f3\" aria-selected=\"true\" id=\"fusion-tab-(ppa)integraci\u00f3ndelproyectoenelaula(100puntos)\" href=\"#tab-1c71fa2692edc9c31f3\"><h4 class=\"fusion-tab-heading\">(PPA) Integraci\u00f3n del proyecto en el aula (100 puntos)<\/h4><\/a><\/li><li><a class=\"tab-link\" data-toggle=\"tab\" role=\"tab\" aria-controls=\"tab-34323a3b2f02714e4b5\" aria-selected=\"false\" tabindex=\"-1\" id=\"fusion-tab-(ppj)presentaci\u00f3ndeprototiposanteeljurado(200puntos)\" href=\"#tab-34323a3b2f02714e4b5\"><h4 class=\"fusion-tab-heading\">(PPJ) Presentaci\u00f3n de Prototipos ante el Jurado (200 puntos)<\/h4><\/a><\/li><li><a class=\"tab-link\" data-toggle=\"tab\" role=\"tab\" aria-controls=\"tab-ddc7a5e80c584eb0348\" aria-selected=\"false\" tabindex=\"-1\" id=\"fusion-tab-(prs)presentaci\u00f3ndeprototiposenrrss(100puntos)\" href=\"#tab-ddc7a5e80c584eb0348\"><h4 class=\"fusion-tab-heading\">(PRS) Presentaci\u00f3n de Prototipos en RRSS (100 puntos)<\/h4><\/a><\/li><li><a class=\"tab-link\" data-toggle=\"tab\" role=\"tab\" aria-controls=\"tab-e4ef5ef8a77e59f03e5\" aria-selected=\"false\" tabindex=\"-1\" id=\"fusion-tab-(pe)pruebadeeficiencia(100puntos)\" href=\"#tab-e4ef5ef8a77e59f03e5\"><h4 class=\"fusion-tab-heading\">(PE) Prueba de Eficiencia (100 puntos)<\/h4><\/a><\/li><li><a class=\"tab-link\" data-toggle=\"tab\" role=\"tab\" aria-controls=\"tab-922b324590e6e89e9c7\" aria-selected=\"false\" tabindex=\"-1\" id=\"fusion-tab-(pv)pruebadevelocidad(100puntos)\" href=\"#tab-922b324590e6e89e9c7\"><h4 class=\"fusion-tab-heading\">(PV) Prueba de Velocidad (100 puntos)<\/h4><\/a><\/li><li><a class=\"tab-link\" data-toggle=\"tab\" role=\"tab\" aria-controls=\"tab-28ccef4b11012c9fc4a\" aria-selected=\"false\" tabindex=\"-1\" id=\"fusion-tab-(pm)pruebademaniobrabilidad(100puntos)\" href=\"#tab-28ccef4b11012c9fc4a\"><h4 class=\"fusion-tab-heading\">(PM) Prueba de Maniobrabilidad (100 puntos)<\/h4><\/a><\/li><li><a class=\"tab-link\" data-toggle=\"tab\" role=\"tab\" aria-controls=\"tab-cda1970826409719ae4\" aria-selected=\"false\" tabindex=\"-1\" id=\"fusion-tab-(pa)pruebaadicional(50puntos)\" href=\"#tab-cda1970826409719ae4\"><h4 class=\"fusion-tab-heading\">(PA) Prueba Adicional (50 puntos)<\/h4><\/a><\/li><li><a class=\"tab-link\" data-toggle=\"tab\" role=\"tab\" aria-controls=\"tab-bfc5d03ce2f1d1f2c78\" aria-selected=\"false\" tabindex=\"-1\" id=\"fusion-tab-(pn)penalizaciones\" href=\"#tab-bfc5d03ce2f1d1f2c78\"><h4 class=\"fusion-tab-heading\">(PN) Penalizaciones<\/h4><\/a><\/li><li><a class=\"tab-link\" data-toggle=\"tab\" role=\"tab\" aria-controls=\"tab-1009bf1b0ac792af4df\" aria-selected=\"false\" tabindex=\"-1\" id=\"fusion-tab-(pt)puntuaci\u00f3ntotal\" href=\"#tab-1009bf1b0ac792af4df\"><h4 class=\"fusion-tab-heading\">(PT) Puntuaci\u00f3n Total <\/h4><\/a><\/li><\/ul><\/div><div class=\"tab-content\"><div class=\"nav fusion-mobile-tab-nav\"><ul class=\"nav-tabs\"><li class=\"active\"><a class=\"tab-link\" data-toggle=\"tab\" role=\"tab\" aria-controls=\"tab-1c71fa2692edc9c31f3\" aria-selected=\"true\" id=\"mobile-fusion-tab-(ppa)integraci\u00f3ndelproyectoenelaula(100puntos)\" href=\"#tab-1c71fa2692edc9c31f3\"><h4 class=\"fusion-tab-heading\">(PPA) Integraci\u00f3n del proyecto en el aula (100 puntos)<\/h4><\/a><\/li><\/ul><\/div><div class=\"tab-pane fade fusion-clearfix in active\" role=\"tabpanel\" tabindex=\"0\" aria-labelledby=\"fusion-tab-(ppa)integraci\u00f3ndelproyectoenelaula(100puntos)\" id=\"tab-1c71fa2692edc9c31f3\">\n<p>A fin de investigar sobre la integraci\u00f3n real del proyecto en el aula, evaluar su impacto y proponer as\u00ed mejoras a futuro, cada centro debe <strong>subir dos v\u00eddeos de 20 minutos de duraci\u00f3n cada uno<\/strong>. El primero al inicio del proyecto y el segundo pr\u00f3ximo a su finalizaci\u00f3n. Estos v\u00eddeos no requieren edici\u00f3n, consistir\u00e1n en una grabaci\u00f3n a tiempo corrido del trabajo en clase del proyecto SUR. No ser\u00e1n difundidos por la organizaci\u00f3n de SUR bajo ning\u00fan concepto, y tras su an\u00e1lisis ser\u00e1n destruidos en su totalidad. La entrega de estos v\u00eddeos en tiempo y forma implica la puntuaci\u00f3n m\u00e1xima, no existiendo la posibilidad de ponderaci\u00f3n.<\/p>\n<p>\u2013 Entrega 1er v\u00eddeo. Fecha m\u00e1xima 8 de mayo de 2026. Puntuaci\u00f3n 50 puntos.<br \/>\n\u2013 Entrega 2\u00ba v\u00eddeo. Fecha m\u00e1xima 11 de mayo de 2026. Puntuaci\u00f3n 50 puntos.<\/p>\n<p><span dir=\"ltr\" role=\"presentation\">Esta prueba no es computable en la categor\u00eda OPEN.<\/span><\/p>\n<\/div><div class=\"nav fusion-mobile-tab-nav\"><ul class=\"nav-tabs\"><li><a class=\"tab-link\" data-toggle=\"tab\" role=\"tab\" aria-controls=\"tab-34323a3b2f02714e4b5\" aria-selected=\"false\" tabindex=\"-1\" id=\"mobile-fusion-tab-(ppj)presentaci\u00f3ndeprototiposanteeljurado(200puntos)\" href=\"#tab-34323a3b2f02714e4b5\"><h4 class=\"fusion-tab-heading\">(PPJ) Presentaci\u00f3n de Prototipos ante el Jurado (200 puntos)<\/h4><\/a><\/li><\/ul><\/div><div class=\"tab-pane fade fusion-clearfix\" role=\"tabpanel\" tabindex=\"0\" aria-labelledby=\"fusion-tab-(ppj)presentaci\u00f3ndeprototiposanteeljurado(200puntos)\" id=\"tab-34323a3b2f02714e4b5\">\n<p><span class=\"fontstyle0\">Cada equipo enviar\u00e1 con al menos una semana de antelaci\u00f3n a la fecha de la competici\u00f3n (se publicar\u00e1 en la web) un v\u00eddeo explicativo, grabado en horizontal y con la mayor calidad posible, de no m\u00e1s de 2 minutos de duraci\u00f3n, resaltando los aspectos que considere m\u00e1s significativos de su dise\u00f1o (soluciones aportadas tanto a los desaf\u00edos como a los distintos problemas que hayan surgido, coste del prototipo, elementos reciclados utilizados, etc.). El d\u00eda de la competici\u00f3n el jurado podr\u00e1 realizar las preguntas que estime oportunas al portavoz del equipo. El v\u00eddeo tambi\u00e9n debe mostrar las soluciones aportadas a los desaf\u00edos, detallados a continuaci\u00f3n:<\/span><\/p>\n<p><span class=\"fontstyle0\">Desaf\u00edos id\u00e9nticos para todas las categor\u00edas. Todos los equipos deben intentar superar los dos retos propuestos:<\/span><\/p>\n<p><span class=\"fontstyle2\">Desaf\u00edo A: Instalaci\u00f3n de claxon o similar<\/span><\/p>\n<p><span class=\"fontstyle0\">El prototipo debe montar un avisador ac\u00fastico (bocina, claxon o similar) accionado por un pulsador.<\/span><\/p>\n<p><span class=\"fontstyle2\">Desaf\u00edo B: Asistente de \u00e1ngulo muerto.<\/span><\/p>\n<p><span class=\"fontstyle0\">El prototipo debe montar un dispositivo que active un indicador cuando otro veh\u00edculo se le aproxime a menos de 1.5 metros, bien por la parte trasera o por alguno de los laterales. El dispositivo debe adem\u00e1s indicar el lado por el que el otro veh\u00edculo se le aproxima.<\/span><\/p>\n<p><span class=\"fontstyle0\">El desaf\u00edo ser\u00e1 analizado y evaluado por un comit\u00e9 t\u00e9cnico especializado que remitir\u00e1 sus calificaciones al jurado.<\/span><\/p>\n<p><span class=\"fontstyle0\">Los miembros del jurado calificar\u00e1n de forma secreta de 1 a 10 puntos los siguientes apartados:<\/span><\/p>\n<p><span class=\"fontstyle0\">\u2022 V\u00eddeo, (<\/span><span class=\"fontstyle2\">V<\/span><span class=\"fontstyle0\">) 30% de la puntuaci\u00f3n de la prueba.<\/span><\/p>\n<p><span class=\"fontstyle0\">\u2022 Dise\u00f1o, originalidad e innovaci\u00f3n (<\/span><span class=\"fontstyle2\">D<\/span><span class=\"fontstyle0\">), 20% de la puntuaci\u00f3n de la prueba.<\/span><\/p>\n<p><span class=\"fontstyle0\">\u2022 Funcionalidad y robustez (<\/span><span class=\"fontstyle2\">F<\/span><span class=\"fontstyle0\">), 20% de la puntuaci\u00f3n de la prueba.<\/span><\/p>\n<p><span class=\"fontstyle0\">\u2022 Desaf\u00edos (<\/span><span class=\"fontstyle2\">DA y DB<\/span><span class=\"fontstyle0\">) (calificaci\u00f3n aportada por comit\u00e9 t\u00e9cnico), 30% de la puntuaci\u00f3n de la<\/span><\/p>\n<p><span class=\"fontstyle0\">prueba (15% <\/span><span class=\"fontstyle2\">DA <\/span><span class=\"fontstyle0\">y 15% <\/span><span class=\"fontstyle2\">DB<\/span><span class=\"fontstyle0\">).<\/span><\/p>\n<p><span class=\"fontstyle0\">La calificaci\u00f3n de cada apartado ser\u00e1 la media aritm\u00e9tica de las calificaciones individuales aportadas por los miembros del jurado. La puntuaci\u00f3n de la prueba PPJ se determina de la siguiente manera:<\/span><\/p>\n<p><span class=\"fontstyle0\">PPJ=6\u00b7V+4\u00b7D+4\u00b7F+3\u00b7DA+3\u00b7DB<\/span><\/p>\n<\/div><div class=\"nav fusion-mobile-tab-nav\"><ul class=\"nav-tabs\"><li><a class=\"tab-link\" data-toggle=\"tab\" role=\"tab\" aria-controls=\"tab-ddc7a5e80c584eb0348\" aria-selected=\"false\" tabindex=\"-1\" id=\"mobile-fusion-tab-(prs)presentaci\u00f3ndeprototiposenrrss(100puntos)\" href=\"#tab-ddc7a5e80c584eb0348\"><h4 class=\"fusion-tab-heading\">(PRS) Presentaci\u00f3n de Prototipos en RRSS (100 puntos)<\/h4><\/a><\/li><\/ul><\/div><div class=\"tab-pane fade fusion-clearfix\" role=\"tabpanel\" tabindex=\"0\" aria-labelledby=\"fusion-tab-(prs)presentaci\u00f3ndeprototiposenrrss(100puntos)\" id=\"tab-ddc7a5e80c584eb0348\">\n<p><span class=\"fontstyle0\">(PRS) Presentaci\u00f3n de Prototipos en RRSS (calificaci\u00f3n total m\u00e1xima 100 puntos).<\/span><\/p>\n<p><span class=\"fontstyle2\">Con una antelaci\u00f3n m\u00ednima de 10 d\u00edas a la fecha de la competici\u00f3n, la organizaci\u00f3n comunicar\u00e1 a los centros participantes un periodo computable y un grupo de redes sociales permitidas. Los v\u00eddeos de la prueba anterior, PPJ, ser\u00e1n subidos por la organizaci\u00f3n a estas RRSS. La fecha de votaci\u00f3n comenzar\u00e1 unos d\u00edas antes de la competici\u00f3n. Ser\u00e1 fijada y comunicada a los equipos con suficiente antelaci\u00f3n. La organizaci\u00f3n contabilizar\u00e1 el n\u00famero de \u201clikes\u201d o \u201cme gusta\u201d en estas redes en el periodo computable. En cada categor\u00eda, el equipo con m\u00e1s \u201clikes\u201d puntuar\u00e1 con 100 puntos. El segundo con 80. El tercero con 70. A partir de ah\u00ed la puntuaci\u00f3n disminuir\u00e1 a raz\u00f3n de 5 puntos por puesto.<\/span><\/p>\n<p><span class=\"fontstyle3\">Para las pruebas de pista (3, 4 y 5), se bloquear\u00e1n los pedales a aquellos prototipos que los lleven, manteni\u00e9ndose precintados hasta la finalizaci\u00f3n de estas. Si fallase el precinto o sistema de bloqueo, debe avisarse inmediatamente a la organizaci\u00f3n.<\/span><\/p>\n<\/div><div class=\"nav fusion-mobile-tab-nav\"><ul class=\"nav-tabs\"><li><a class=\"tab-link\" data-toggle=\"tab\" role=\"tab\" aria-controls=\"tab-e4ef5ef8a77e59f03e5\" aria-selected=\"false\" tabindex=\"-1\" id=\"mobile-fusion-tab-(pe)pruebadeeficiencia(100puntos)\" href=\"#tab-e4ef5ef8a77e59f03e5\"><h4 class=\"fusion-tab-heading\">(PE) Prueba de Eficiencia (100 puntos)<\/h4><\/a><\/li><\/ul><\/div><div class=\"tab-pane fade fusion-clearfix\" role=\"tabpanel\" tabindex=\"0\" aria-labelledby=\"fusion-tab-(pe)pruebadeeficiencia(100puntos)\" id=\"tab-e4ef5ef8a77e59f03e5\">\n<p><span class=\"fontstyle0\">Con el medidor de consumo a cero, cada equipo debe dar una vuelta completa al circuito (aprox. 1000 m) y realizar un tiempo entre 2,5 y 6 minutos (velocidad media entre 10 y 25 Km\/h). Al concluir, un juez tomar\u00e1 la lectura del consumo.<\/span><\/p>\n<p><span class=\"fontstyle0\">Al equipo que obtenga una menor lectura por cada categor\u00eda se le asignar\u00e1n 100 puntos, al segundo 80 puntos, al tercero 70 puntos, al cuarto 65 puntos, al quinto 60 puntos, al sexto 55 puntos, y as\u00ed sucesivamente. Si alg\u00fan equipo no cumple con los requisitos de tiempo se le asignar\u00e1n 0 puntos. No obstante, este \u00faltimo punto puede ser sometido a criterio de los jueces seg\u00fan se haya desarrollado la prueba.<\/span><\/p>\n<\/div><div class=\"nav fusion-mobile-tab-nav\"><ul class=\"nav-tabs\"><li><a class=\"tab-link\" data-toggle=\"tab\" role=\"tab\" aria-controls=\"tab-922b324590e6e89e9c7\" aria-selected=\"false\" tabindex=\"-1\" id=\"mobile-fusion-tab-(pv)pruebadevelocidad(100puntos)\" href=\"#tab-922b324590e6e89e9c7\"><h4 class=\"fusion-tab-heading\">(PV) Prueba de Velocidad (100 puntos)<\/h4><\/a><\/li><\/ul><\/div><div class=\"tab-pane fade fusion-clearfix\" role=\"tabpanel\" tabindex=\"0\" aria-labelledby=\"fusion-tab-(pv)pruebadevelocidad(100puntos)\" id=\"tab-922b324590e6e89e9c7\">\n<p><span class=\"fontstyle0\">Cada equipo debe dar una vuelta completa al circuito (aprox. 1000 m). Al equipo m\u00e1s r\u00e1pido se le asignar\u00e1n 100 puntos, al segundo 80 puntos, al tercero 70 puntos, al cuarto 65 puntos, al quinto 60 puntos, al sexto 55 puntos, y as\u00ed sucesivamente.<\/span><\/p>\n<\/div><div class=\"nav fusion-mobile-tab-nav\"><ul class=\"nav-tabs\"><li><a class=\"tab-link\" data-toggle=\"tab\" role=\"tab\" aria-controls=\"tab-28ccef4b11012c9fc4a\" aria-selected=\"false\" tabindex=\"-1\" id=\"mobile-fusion-tab-(pm)pruebademaniobrabilidad(100puntos)\" href=\"#tab-28ccef4b11012c9fc4a\"><h4 class=\"fusion-tab-heading\">(PM) Prueba de Maniobrabilidad (100 puntos)<\/h4><\/a><\/li><\/ul><\/div><div class=\"tab-pane fade fusion-clearfix\" role=\"tabpanel\" tabindex=\"0\" aria-labelledby=\"fusion-tab-(pm)pruebademaniobrabilidad(100puntos)\" id=\"tab-28ccef4b11012c9fc4a\">\n<p><span class=\"fontstyle0\">El objeto de esta prueba es evaluar la maniobrabilidad de los prototipos por cada categor\u00eda. Para ello, en un circuito predise\u00f1ado por la organizaci\u00f3n, los equipos deber\u00e1n completar el recorrido en el menor tiempo posible, penaliz\u00e1ndose en tiempo tanto la ca\u00edda de obst\u00e1culos como la no superaci\u00f3n de las pruebas o retos propuestos.<\/span><\/p>\n<p><span class=\"fontstyle0\">Las penalizaciones ser\u00e1n las siguientes:<\/span><\/p>\n<p><span class=\"fontstyle2\">\u2013 <\/span><span class=\"fontstyle0\">Ca\u00edda de obst\u00e1culos: +3 segundos por obst\u00e1culo ca\u00eddo.<\/span><\/p>\n<p><span class=\"fontstyle2\">\u2013 <\/span><span class=\"fontstyle0\">Omisi\u00f3n de una parte del recorrido: +10segundos<\/span><\/p>\n<p><span class=\"fontstyle2\">\u2013 <\/span><span class=\"fontstyle0\">Colocaci\u00f3n de un pie en pista: +3 segundos<\/span><\/p>\n<p><span class=\"fontstyle2\">\u2013 <\/span><span class=\"fontstyle0\">Colocaci\u00f3n de los dos pies en pista: +5segundos<\/span><\/p>\n<p><span class=\"fontstyle2\">\u2013 <\/span><span class=\"fontstyle0\">Superar la l\u00ednea de meta en la frenada final: +10segundos<\/span><\/p>\n<p><span class=\"fontstyle0\">Al equipo que obtenga un menor tiempo por cada categor\u00eda se le asignar\u00e1n 100 puntos, al segundo 80 puntos, al tercero 70 puntos, al cuarto 65 puntos, al quinto 60 puntos, al sexto 55 puntos, y as\u00ed sucesivamente. Si alg\u00fan equipo no cumple con los requisitos de tiempo se le asignar\u00e1n 0 puntos. No obstante, este \u00faltimo punto puede ser sometido a criterio de los jueces seg\u00fan se haya desarrollado la prueba.<\/span><\/p>\n<\/div><div class=\"nav fusion-mobile-tab-nav\"><ul class=\"nav-tabs\"><li><a class=\"tab-link\" data-toggle=\"tab\" role=\"tab\" aria-controls=\"tab-cda1970826409719ae4\" aria-selected=\"false\" tabindex=\"-1\" id=\"mobile-fusion-tab-(pa)pruebaadicional(50puntos)\" href=\"#tab-cda1970826409719ae4\"><h4 class=\"fusion-tab-heading\">(PA) Prueba Adicional (50 puntos)<\/h4><\/a><\/li><\/ul><\/div><div class=\"tab-pane fade fusion-clearfix\" role=\"tabpanel\" tabindex=\"0\" aria-labelledby=\"fusion-tab-(pa)pruebaadicional(50puntos)\" id=\"tab-cda1970826409719ae4\">\n<p><span class=\"fontstyle0\">El comit\u00e9 t\u00e9cnico especializado valorar\u00e1 con hasta 50 puntos los desaf\u00edos mantenidos de las ediciones anteriores (intermitentes delanteros y traseros, bot\u00f3n de aver\u00eda que active los cuatro intermitentes de manera simult\u00e1nea, sistema para la medici\u00f3n por telemetr\u00eda, etc.), as\u00ed como otros desarrollos tecnol\u00f3gicos que consideren oportunos.<\/span><\/p>\n<\/div><div class=\"nav fusion-mobile-tab-nav\"><ul class=\"nav-tabs\"><li><a class=\"tab-link\" data-toggle=\"tab\" role=\"tab\" aria-controls=\"tab-bfc5d03ce2f1d1f2c78\" aria-selected=\"false\" tabindex=\"-1\" id=\"mobile-fusion-tab-(pn)penalizaciones\" href=\"#tab-bfc5d03ce2f1d1f2c78\"><h4 class=\"fusion-tab-heading\">(PN) Penalizaciones<\/h4><\/a><\/li><\/ul><\/div><div class=\"tab-pane fade fusion-clearfix\" role=\"tabpanel\" tabindex=\"0\" aria-labelledby=\"fusion-tab-(pn)penalizaciones\" id=\"tab-bfc5d03ce2f1d1f2c78\">\n<p><span class=\"fontstyle0\">a) <\/span><span class=\"fontstyle2\">La no participaci\u00f3n en las encuestas implicar\u00e1 una penalizaci\u00f3n del 20%.<\/span><\/p>\n<p><span class=\"fontstyle0\">b) <\/span><span class=\"fontstyle2\">El incumplimiento del punto 10 de la normativa de Sustainable Urban Race, implicar\u00e1<\/span><\/p>\n<p><span class=\"fontstyle2\">una penalizaci\u00f3n del 20%<\/span><\/p>\n<p><span class=\"fontstyle0\">c) <\/span><span class=\"fontstyle2\">Para el resto de pruebas las penalizaciones no preestablecidas en este documento quedan<\/span><\/p>\n<p><span class=\"fontstyle2\">sometidas a criterio del jurado previa consulta a la organizaci\u00f3n.<\/span><\/p>\n<\/div><div class=\"nav fusion-mobile-tab-nav\"><ul class=\"nav-tabs\"><li><a class=\"tab-link\" data-toggle=\"tab\" role=\"tab\" aria-controls=\"tab-1009bf1b0ac792af4df\" aria-selected=\"false\" tabindex=\"-1\" id=\"mobile-fusion-tab-(pt)puntuaci\u00f3ntotal\" href=\"#tab-1009bf1b0ac792af4df\"><h4 class=\"fusion-tab-heading\">(PT) Puntuaci\u00f3n Total <\/h4><\/a><\/li><\/ul><\/div><div class=\"tab-pane fade fusion-clearfix\" role=\"tabpanel\" tabindex=\"0\" aria-labelledby=\"fusion-tab-(pt)puntuaci\u00f3ntotal\" id=\"tab-1009bf1b0ac792af4df\">\n<p><span class=\"fontstyle0\">La puntuaci\u00f3n total de cada equipo viene dada por la siguiente expresi\u00f3n:<\/span><\/p>\n<p><span class=\"fontstyle2\">PT <\/span><span class=\"fontstyle3\">= <\/span><span class=\"fontstyle0\">(<\/span><span class=\"fontstyle2\">PE <\/span><span class=\"fontstyle3\">+ <\/span><span class=\"fontstyle2\">PV <\/span><span class=\"fontstyle3\">+ <\/span><span class=\"fontstyle2\">PM <\/span><span class=\"fontstyle3\">+ <\/span><span class=\"fontstyle2\">PA<\/span><span class=\"fontstyle0\">)\u00b7(1-<\/span><span class=\"fontstyle2\">PN\/100)<\/span><\/p>\n<\/div><\/div><\/div>\n<\/div><style type=\"text\/css\">.fusion-body .fusion-builder-column-0{width:100% !important;margin-top : 0px;margin-bottom : 20px;}.fusion-builder-column-0 > .fusion-column-wrapper {padding-top : 0px !important;padding-right : 0px !important;margin-right : 1.92%;padding-bottom : 0px !important;padding-left : 0px !important;margin-left : 1.92%;}@media only screen and (max-width:1024px) {.fusion-body .fusion-builder-column-0{width:100% !important;}.fusion-builder-column-0 > .fusion-column-wrapper {margin-right : 1.92%;margin-left : 1.92%;}}@media only screen and (max-width:640px) {.fusion-body .fusion-builder-column-0{width:100% !important;}.fusion-builder-column-0 > .fusion-column-wrapper {margin-right : 1.92%;margin-left : 1.92%;}}<\/style><\/div><\/div><style type=\"text\/css\">.fusion-body .fusion-flex-container.fusion-builder-row-1{ padding-top : 0px;margin-top : 0px;padding-right : 0px;padding-bottom : 0px;margin-bottom : 0px;padding-left : 0px;}<\/style><\/div>\n","protected":false},"excerpt":{"rendered":"","protected":false},"author":1,"featured_media":0,"parent":0,"menu_order":0,"comment_status":"closed","ping_status":"closed","template":"","meta":[],"_links":{"self":[{"href":"https:\/\/www.uhu.es\/surbanrace\/index.php?rest_route=\/wp\/v2\/pages\/1045"}],"collection":[{"href":"https:\/\/www.uhu.es\/surbanrace\/index.php?rest_route=\/wp\/v2\/pages"}],"about":[{"href":"https:\/\/www.uhu.es\/surbanrace\/index.php?rest_route=\/wp\/v2\/types\/page"}],"author":[{"embeddable":true,"href":"https:\/\/www.uhu.es\/surbanrace\/index.php?rest_route=\/wp\/v2\/users\/1"}],"replies":[{"embeddable":true,"href":"https:\/\/www.uhu.es\/surbanrace\/index.php?rest_route=%2Fwp%2Fv2%2Fcomments&post=1045"}],"version-history":[{"count":19,"href":"https:\/\/www.uhu.es\/surbanrace\/index.php?rest_route=\/wp\/v2\/pages\/1045\/revisions"}],"predecessor-version":[{"id":1418,"href":"https:\/\/www.uhu.es\/surbanrace\/index.php?rest_route=\/wp\/v2\/pages\/1045\/revisions\/1418"}],"wp:attachment":[{"href":"https:\/\/www.uhu.es\/surbanrace\/index.php?rest_route=%2Fwp%2Fv2%2Fmedia&parent=1045"}],"curies":[{"name":"wp","href":"https:\/\/api.w.org\/{rel}","templated":true}]}}